{"id":10495,"date":"2025-11-02T03:43:17","date_gmt":"2025-11-02T03:43:17","guid":{"rendered":"https:\/\/frvape.com\/product\/uzy-crystal-100000-puffs-disposable-vape-quad-flavor-rechargeable-e-cigarette\/"},"modified":"2025-11-04T02:28:46","modified_gmt":"2025-11-04T02:28:46","slug":"uzu-kristalas-100000-puffs-vienkartiniai-vape-quad-skonio-ikraunama-e-cigarete","status":"publish","type":"product","link":"https:\/\/frvape.com\/lt\/product\/uzu-kristalas-100000-puffs-vienkartiniai-vape-quad-skonio-ikraunama-e-cigarete\/","title":{"rendered":"\"Uzy Crystal\" 100000 puffs\u0173 vienkartin\u0117 Vape - Keturi\u0173 skoni\u0173, \u012fkraunama E-Cigaret\u0117"},"content":{"rendered":"<h3>Auk\u0161\u010diausios kokyb\u0117s keturi\u0173 skoni\u0173 patirtis<\/h3>\n<p>Svetain\u0117 <strong>Uzy Crystal 100000<\/strong> i\u0161 esm\u0117s kei\u010dia garinimo b\u016bd\u0105 d\u0117l naujovi\u0161kos keturi\u0173 skoni\u0173 sistemos. Sukurta \u017einovams, trok\u0161tantiems \u012fvairov\u0117s, \u0161i pa\u017eangiausia <strong>vienkartiniai vape<\/strong> viename \u012frenginyje yra keturios skirtingos skonio kameros. Pa\u017eangus <strong>Keturi\u0173 aki\u0173 rit\u0117<\/strong> (1,0\u03a9) kaitinimo sistema u\u017etikrina i\u0161skirtin\u012f gar\u0173 tank\u012f ir i\u0161laiko autenti\u0161k\u0105 skonio pastovum\u0105 per vis\u0105 garinimo kelion\u0119.<\/p>\n<h3>I\u0161manioji in\u017einerija ir ilgaam\u017ei\u0161kumas<\/h3>\n<p>\u012erengtas <strong>650 mAh \u012fkraunama baterija<\/strong>, \u0161\u012f prietais\u0105 galima naudoti ilgai, naudojant patog\u0173 C tipo greit\u0105j\u012f \u012fkrovim\u0105. Integruotas <strong>LED i\u0161manusis ekranas<\/strong> realiuoju laiku stebi akumuliatori\u0173 ir <strong>56ml e-skys\u010dio<\/strong> lygi\u0173, kad niekada neb\u016btum\u0117te u\u017eklupti nepasiruo\u0161\u0119. Didel\u0117 talpa pritaikyta <strong>100 000 \u012fkv\u0117pim\u0173<\/strong>, \"Uzy Crystal\" yra bepreceden\u010dio ilgaam\u017ei\u0161kumo vienkartini\u0173 garintuv\u0173 rinkoje.<\/p>\n<h3>Galimi skoni\u0173 deriniai<\/h3>\n<ul>\n<li>Persik\u0173 Mango Ananas\u0173 ir m\u0117lyni\u0173 Avie\u010di\u0173 ir citrin\u0173 Kalki\u0173 ir arb\u016bz\u0173 BubbleGum<\/li>\n<li>Vy\u0161ni\u0173 ledas ir vynuogi\u0173 ledas ir pasiflor\u0173 vaisiai, mangai ir meil\u0117 66<\/li>\n<li>Bra\u0161ki\u0173 mango ir MR Blue ir vasaros persik\u0173 ledas ir juodasis ledas<\/li>\n<li>Arb\u016bz\u0173 ledas ir m\u0117lynasis Razz Vy\u0161nia ir arb\u016bzas R\u016bg\u0161tus persikas ir pasiflora Kivis<\/li>\n<li>Bra\u0161ki\u0173 ledai ir guminukas ir arb\u016bzas Drakono vaisiai ir m\u0117lyni\u0173 kiviai<\/li>\n<li>Bra\u0161ki\u0173 arb\u016bzas ir \"Blue Razz\" ledai ir m\u0117lyni\u0173 aviet\u0117s Vy\u0161nios ir putojan\u010dios vy\u0161nios Ledai<\/li>\n<li>M\u0117lyni\u0173 ledai ir mangai Persik\u0173 abrikosai ir kiviai Pasiflor\u0173 vaisiai Gvajavos ir baltieji persikai Razz<\/li>\n<li>M\u0117lyni\u0173 ledai ir bra\u0161ki\u0173 bananai, du obuoliai ir \"Skittles<\/li>\n<li>Mi\u0161rios uogos ir pasifloros Kiviai Kalk\u0117s ir spanguol\u0117s Vynuog\u0117s ir bra\u0161k\u0117s Kiviai<\/li>\n<li>Persik\u0173 ledas ir m\u0117lyni\u0173 vy\u0161nios ir energetinis g\u0117rimas ir arb\u016bz\u0173 li\u010diai<\/li>\n<\/ul>\n<h3>Sukurta siekiant meistri\u0161kumo<\/h3>\n<p>I\u0161 auk\u0161\u010diausios kokyb\u0117s med\u017eiag\u0173 pagamintas \"Uzy Crystal\" pasi\u017eymi eleganti\u0161ku <strong>kristal\u0173 dizainas<\/strong> kuri atspindi rafinuot\u0105 stili\u0173, ta\u010diau yra patogaus 160 g svorio. Ergonomi\u0161ki kont\u016brai nat\u016braliai priglunda prie rankos, tod\u0117l <strong>vizualin\u0117 elegancija<\/strong> ir prakti\u0161kas patogumas. Pritaikykite nikotino kiek\u012f pasirinkdami 0%, 2%, 3% arba 5% stiprumo.<\/p>\n<h3>Optimali pakuot\u0117 ir vert\u0117<\/h3>\n<p>Efektyviai supakuotas po 10 vienet\u0173 d\u0117\u017eut\u0117je ir 120 vienet\u0173 kartonin\u0117je d\u0117\u017eut\u0117je (19,21 kg kartonin\u0117s d\u0117\u017eut\u0117s svoris), \"Uzy Crystal\" suderina auk\u0161\u010diausios kokyb\u0117s na\u0161um\u0105 ir logistin\u012f patogum\u0105. Sukurtas tiek asmeniniams <strong>garinimo malonumas<\/strong> ir komercinio platinimo efektyvum\u0105, \u0161i keturguba skonio naujov\u0117 nustato naujus standartus vienkartini\u0173 vape aparat\u0173 kategorijoje.<\/p>","protected":false},"excerpt":{"rendered":"<p>Patirkite 4-in-1 skonio universalum\u0105 su <strong>Uzy Crystal 100000<\/strong> <strong>vienkartiniai vape<\/strong> su <strong>Keturi\u0173 tinkleli\u0173 rit\u0117s<\/strong> ir 56 ml e. skys\u010dio talpa. M\u0117gaukit\u0117s iki <strong>100 000 \u012fkv\u0117pim\u0173<\/strong> su <strong>C tipo \u012fkraunamas<\/strong> akumuliatorius ir i\u0161manusis LED ekranas.<\/p>","protected":false},"featured_media":10489,"comment_status":"open","ping_status":"closed","template":"","meta":[],"product_brand":[237],"product_cat":[1016,1017,846],"product_tag":[],"class_list":{"0":"post-10495","1":"product","2":"type-product","3":"status-publish","4":"has-post-thumbnail","6":"product_brand-uzy","7":"product_cat-big-puffs-vapes","8":"product_cat-crystal-vapes","9":"product_cat-uzy","11":"first","12":"instock","13":"sale","14":"shipping-taxable","15":"purchasable","16":"product-type-variable"},"jetpack_sharing_enabled":true,"tiered_pricing_type":"fixed","tiered_pricing_fixed_rules":[],"tiered_pricing_product_settings":{"layout":"default","base_unit_name":{"singular":null,"plural":null},"default_variation":null},"tiered_pricing_minimum_quantity":null,"tiered_pricing_roles_data":[],"tiered_pricing_percentage_rules":[],"tiered_pricing_maximum_quantity":null,"tiered_pricing_quantity_step":null,"_links":{"self":[{"href":"https:\/\/frvape.com\/lt\/wp-json\/wp\/v2\/product\/10495","targetHints":{"allow":["GET"]}}],"collection":[{"href":"https:\/\/frvape.com\/lt\/wp-json\/wp\/v2\/product"}],"about":[{"href":"https:\/\/frvape.com\/lt\/wp-json\/wp\/v2\/types\/product"}],"replies":[{"embeddable":true,"href":"https:\/\/frvape.com\/lt\/wp-json\/wp\/v2\/comments?post=10495"}],"wp:featuredmedia":[{"embeddable":true,"href":"https:\/\/frvape.com\/lt\/wp-json\/wp\/v2\/media\/10489"}],"wp:attachment":[{"href":"https:\/\/frvape.com\/lt\/wp-json\/wp\/v2\/media?parent=10495"}],"wp:term":[{"taxonomy":"product_brand","embeddable":true,"href":"https:\/\/frvape.com\/lt\/wp-json\/wp\/v2\/product_brand?post=10495"},{"taxonomy":"product_cat","embeddable":true,"href":"https:\/\/frvape.com\/lt\/wp-json\/wp\/v2\/product_cat?post=10495"},{"taxonomy":"product_tag","embeddable":true,"href":"https:\/\/frvape.com\/lt\/wp-json\/wp\/v2\/product_tag?post=10495"}],"curies":[{"name":"wp","href":"https:\/\/api.w.org\/{rel}","templated":true}]}}