{"id":11804,"date":"2025-11-02T09:10:28","date_gmt":"2025-11-02T09:10:28","guid":{"rendered":"https:\/\/frvape.com\/product\/okso-crystal-bar-800-disposable-vape-800-puffs-mesh-coil\/"},"modified":"2025-11-03T05:33:59","modified_gmt":"2025-11-03T05:33:59","slug":"okso-kristalu-baras-800-vienkartinis-vape-800-puffs-tinklelio-rite","status":"publish","type":"product","link":"https:\/\/frvape.com\/lt\/product\/okso-kristalu-baras-800-vienkartinis-vape-800-puffs-tinklelio-rite\/","title":{"rendered":"\"OKSO Crystal Bar 800\" vienkartinis vape - 800 d\u016bm\u0173, tinklelio formos rit\u0117"},"content":{"rendered":"<h3>\u012evadas<\/h3>\n<p>Patirkite did\u017eiausi\u0105 patogum\u0105 su <strong>\"OKSO Crystal Bar 800\" vienkartinis vape<\/strong>, kompakti\u0161kas ir stilingas prietaisas, skirtas skland\u017eiam ir na\u0161iam garinimui keliaujant, tod\u0117l puikiai tinka tiek pradedantiesiems, tiek patyrusiems naudotojams.<\/p>\n<h3>Pagrindin\u0117s funkcijos<\/h3>\n<p>Maitinamas patikimu <strong>400 mAh akumuliatorius<\/strong>, tai <strong>vienkartiniai vape<\/strong> u\u017etikrina pastov\u0173 gar\u0173 sraut\u0105 vis\u0105 naudojimo laik\u0105.<br \/>Su <strong>tinklelio rit\u0117<\/strong> technologija, ji pagerina aromato perteikim\u0105, tod\u0117l su kiekvienu u\u017etraukimu jau\u010diamas \u0161varus ir tvirtas skonis.<br \/>Lengvas, ergonomi\u0161kas dizainas patogiai telpa rankoje arba ki\u0161en\u0117je, tod\u0117l j\u012f galima naudoti diskreti\u0161kai bet kur ir bet kada.<\/p>\n<h3>Specifikacijos<\/h3>\n<p>M\u0117gaukit\u0117s iki <strong>800 \u012fkv\u0117pim\u0173<\/strong> vienam \u012frenginiui d\u0117l auk\u0161\u010diausios kokyb\u0117s <strong>tinklelio rit\u0117<\/strong> ir 2 ml i\u0161 anksto pripildyto elektroninio skys\u010dio.<br \/>Rinkit\u0117s i\u0161 lanks\u010di\u0173 <strong>nikotino kiekis<\/strong> 0%, 2%, 3% arba 5%, kad atitikt\u0173 j\u016bs\u0173 asmeninius pageidavimus.<br \/>I\u0161samios specifikacijos: Akumuliatorius: 400 mAh, gaminio svoris: 36 g, dydis: 19 mm \u00d7 109 mm.<br \/>Jei si\u016blomi dideli kiekiai, kiekvienoje d\u0117\u017eut\u0117je (575 \u00d7 275 \u00d7 290 mm) telpa 400 vienet\u0173 (10 vnt. d\u0117\u017eut\u0117je), kuri\u0173 bendras svoris yra 16,1 kg, idealiai tinka didmeninei ir ma\u017emeninei prekybai.<\/p>\n<h3>Skonio patirtis<\/h3>\n<p>Pasim\u0117gaukite \u012fvairiomis gaiviomis <strong>e-skys\u010dio skoniai<\/strong> kad pagerintum\u0117te savo garinimo kelion\u0119.<br \/>Galimi \u0161ie skoniai: M\u0117t\u0173, rausvosios citrinos, arb\u016bzo, tigro kraujo, vynuogi\u0173, bra\u0161ki\u0173, persik\u0173 ir mang\u0173 arb\u016bz\u0173, vy\u0161ni\u0173, persik\u0173 ir m\u0117lynojo d\u017eiazo.<\/p>\n<h3>Kod\u0117l verta rinktis OKSO?<\/h3>\n<p>\u0160is <strong>vienkartiniai vape<\/strong> suderina ne\u0161iojamum\u0105 ir galing\u0105 veikim\u0105, tod\u0117l u\u017etikrina lengv\u0105 ir aromating\u0105 patirt\u012f.<br \/>Tinkamas kasdieniam naudojimui, tai patikimas <strong>elektronin\u0117 cigaret\u0117<\/strong> kuri patenkina visus pasitenkinimo lygius.<\/p>","protected":false},"excerpt":{"rendered":"<p>Atraskite eleganti\u0161k\u0105 <strong>\"OKSO Crystal Bar 800\" vienkartinis vape<\/strong>, pristatantis iki <strong>800 \u012fkv\u0117pim\u0173<\/strong> kad gal\u0117tum\u0117te m\u0117gautis maloniais poj\u016b\u010diais keliaudami.<br \/>Powered by <strong>tinklelio rit\u0117<\/strong> technologija, m\u0117gautis turtingais skoniais ir daugybe <strong>nikotino kiekis<\/strong> be prie\u017ei\u016bros.<\/p>","protected":false},"featured_media":11798,"comment_status":"open","ping_status":"closed","template":"","meta":[],"product_brand":[755],"product_cat":[1017,915],"product_tag":[929,112,372,930,928,931],"class_list":{"0":"post-11804","1":"product","2":"type-product","3":"status-publish","4":"has-post-thumbnail","6":"product_brand-okso","7":"product_cat-crystal-vapes","8":"product_cat-okso","9":"product_tag-800-puffs-electronic","10":"product_tag-disposable-vape","11":"product_tag-mesh-coil","12":"product_tag-nicotine-strength-options","13":"product_tag-okso-crystal-bar-800","14":"product_tag-portable-vape","16":"first","17":"instock","18":"sale","19":"shipping-taxable","20":"purchasable","21":"product-type-variable"},"jetpack_sharing_enabled":true,"tiered_pricing_type":"fixed","tiered_pricing_fixed_rules":[],"tiered_pricing_product_settings":{"layout":"default","base_unit_name":{"singular":null,"plural":null},"default_variation":null},"tiered_pricing_minimum_quantity":null,"tiered_pricing_roles_data":[],"tiered_pricing_percentage_rules":[],"tiered_pricing_maximum_quantity":null,"tiered_pricing_quantity_step":null,"_links":{"self":[{"href":"https:\/\/frvape.com\/lt\/wp-json\/wp\/v2\/product\/11804","targetHints":{"allow":["GET"]}}],"collection":[{"href":"https:\/\/frvape.com\/lt\/wp-json\/wp\/v2\/product"}],"about":[{"href":"https:\/\/frvape.com\/lt\/wp-json\/wp\/v2\/types\/product"}],"replies":[{"embeddable":true,"href":"https:\/\/frvape.com\/lt\/wp-json\/wp\/v2\/comments?post=11804"}],"wp:featuredmedia":[{"embeddable":true,"href":"https:\/\/frvape.com\/lt\/wp-json\/wp\/v2\/media\/11798"}],"wp:attachment":[{"href":"https:\/\/frvape.com\/lt\/wp-json\/wp\/v2\/media?parent=11804"}],"wp:term":[{"taxonomy":"product_brand","embeddable":true,"href":"https:\/\/frvape.com\/lt\/wp-json\/wp\/v2\/product_brand?post=11804"},{"taxonomy":"product_cat","embeddable":true,"href":"https:\/\/frvape.com\/lt\/wp-json\/wp\/v2\/product_cat?post=11804"},{"taxonomy":"product_tag","embeddable":true,"href":"https:\/\/frvape.com\/lt\/wp-json\/wp\/v2\/product_tag?post=11804"}],"curies":[{"name":"wp","href":"https:\/\/api.w.org\/{rel}","templated":true}]}}