{"id":11902,"date":"2025-11-02T09:17:12","date_gmt":"2025-11-02T09:17:12","guid":{"rendered":"https:\/\/frvape.com\/product\/zooy-twins-35000-disposable-vape-dual-flavor-35k-puffs-rechargeable\/"},"modified":"2025-11-02T09:17:22","modified_gmt":"2025-11-02T09:17:22","slug":"zooy-twins-35000-vienkartiniu-vape-dvigubo-skonio-35k-puffs-ikraunamas","status":"publish","type":"product","link":"https:\/\/frvape.com\/lt\/product\/zooy-twins-35000-vienkartiniu-vape-dvigubo-skonio-35k-puffs-ikraunamas\/","title":{"rendered":"\"Zooy Twins\" 35000 vienkartini\u0173 vap\u0173 - dvigubo skonio, 35 t\u016bkst. \u012fkv\u0117pim\u0173, \u012fkraunamas"},"content":{"rendered":"<h3>Revoliucin\u0117 dvigubo skonio patirtis<\/h3>\n<p>Svetain\u0117 <strong>Zooy Twins 35000<\/strong> i\u0161 naujo apibr\u0117\u017eia vienkartin\u012f garinim\u0105 ir si\u016blo naujovi\u0161kus <strong>\"2-in-1\" skonio technologija<\/strong> viename \u012frenginyje. Vienu metu m\u0117gaukit\u0117s dviem skirtingais skonio profiliais ir m\u0117gaukit\u0117s nereg\u0117tu garinimo universalumu bei skonio tyrin\u0117jimu.<\/p>\n<h3>Didelio na\u0161umo specifikacijos<\/h3>\n<p>Maitinamas <strong>650 mAh \u012fkraunama baterija<\/strong> su greitu <strong>C tipo \u012fkrovimas<\/strong>, \u0161is pa\u017eangiausias aparatas u\u017etikrina nuosekl\u0173 veikim\u0105. . <strong>Dviguba tinklelio rit\u0117<\/strong> u\u017etikrina gaus\u0173 gar\u0173 i\u0161siskyrim\u0105 ir gryno skonio vientisum\u0105 per visus 35 000 \u012fp\u016btim\u0173. Steb\u0117kite naudojim\u0105 naudodami integruot\u0105 <strong>i\u0161manusis ekranas<\/strong> realiuoju laiku rodomas akumuliatoriaus ir elektroninio skys\u010dio lygis.<\/p>\n<h3>Sukurta siekiant tobulumo<\/h3>\n<p>Vos 99,6 \u00d7 25 \u00d7 47 mm dyd\u017eio ir 87 g svorio ergonomi\u0161kas dizainas patogiai telpa rankoje. Auk\u0161\u010diausios kokyb\u0117s konstrukcija u\u017etikrina skland\u0173 gerkl\u0117s paspaudim\u0105 naudojant 2%\/5% nikotino drusk\u0173 formules, tod\u0117l nikotinas tiekiamas be joki\u0173 kompromis\u0173.<\/p>\n<h3>Aromat\u0173 poros<\/h3>\n<p>Atraskite m\u016bs\u0173 meistri\u0161kai sumai\u0161ytus skoni\u0173 derinius:<br \/>Persik\u0173 mang\u0173 arb\u016bz\u0173 ir juodojo drakono ledai<br \/>\"Love 66\" ir \"Red Bull Strawberry<br \/>Bra\u0161ki\u0173 kivi\u0173 ir mi\u0161ri\u0173 uog\u0173<br \/>\"Blue Razz Lemon &amp; Strawberry Banana<br \/>Arb\u016bz\u0173 ledai ir kolos ledai<br \/>Bra\u0161ki\u0173 ledai ir ro\u017einis limonadas<br \/>M\u0117lyni\u0173 ledai ir greipfrutai<br \/>Bra\u0161ki\u0173 arb\u016bz\u0173 ir citrin\u0173 laimo<br \/>\"Mr Blue &amp; Mango Ice<br \/>Persik\u0173 ledai ir avie\u010di\u0173 arb\u016bzai<\/p>\n<h3>Supaprastintas auk\u0161\u010diausios kokyb\u0117s garinimas<\/h3>\n<p>\u0160is novatori\u0161kas <strong>vienkartiniai vape<\/strong> sujungia patogum\u0105 ir rafinuotum\u0105 - nereikia pripildyti ar pri\u017ei\u016br\u0117ti. Kiekvienoje d\u0117\u017eut\u0117je yra 200 vienet\u0173, kuri\u0173 bendras svoris - 17 kg, kad b\u016bt\u0173 galima efektyviai platinti. Pagerinkite savo garinimo kelion\u0119 su geriausiu skonio sintez\u0117s prietaisu, sukurtu ilgalaikiam pasitenkinimui.<\/p>","protected":false},"excerpt":{"rendered":"<p>Patirkite dvigubo skonio garinim\u0105 su <strong>Zooy Twins 35000<\/strong> vienkartinis prietaisas. M\u0117gaukit\u0117s iki <strong>35 000 \u012fpur\u0161kim\u0173<\/strong>, i\u0161manusis ekranas ir <strong>C tipo \u012fkraunamas<\/strong> patogum\u0105 kompakti\u0161koje 87 g konstrukcijoje.<\/p>","protected":false},"featured_media":11896,"comment_status":"open","ping_status":"closed","template":"","meta":[],"product_brand":[97],"product_cat":[860],"product_tag":[936,112,381,115,190,935],"class_list":{"0":"post-11902","1":"product","2":"type-product","3":"status-publish","4":"has-post-thumbnail","6":"product_brand-zooy","7":"product_cat-zooy","8":"product_tag-35k-puffs","9":"product_tag-disposable-vape","10":"product_tag-dual-flavor-vape","11":"product_tag-rechargeable-vape","12":"product_tag-type-c-charging","13":"product_tag-zooy-twins-35000","15":"first","16":"instock","17":"sale","18":"shipping-taxable","19":"purchasable","20":"product-type-variable"},"jetpack_sharing_enabled":true,"tiered_pricing_type":"fixed","tiered_pricing_fixed_rules":[],"tiered_pricing_product_settings":{"layout":"default","base_unit_name":{"singular":null,"plural":null},"default_variation":null},"tiered_pricing_minimum_quantity":null,"tiered_pricing_roles_data":[],"tiered_pricing_percentage_rules":[],"tiered_pricing_maximum_quantity":null,"tiered_pricing_quantity_step":null,"_links":{"self":[{"href":"https:\/\/frvape.com\/lt\/wp-json\/wp\/v2\/product\/11902","targetHints":{"allow":["GET"]}}],"collection":[{"href":"https:\/\/frvape.com\/lt\/wp-json\/wp\/v2\/product"}],"about":[{"href":"https:\/\/frvape.com\/lt\/wp-json\/wp\/v2\/types\/product"}],"replies":[{"embeddable":true,"href":"https:\/\/frvape.com\/lt\/wp-json\/wp\/v2\/comments?post=11902"}],"wp:featuredmedia":[{"embeddable":true,"href":"https:\/\/frvape.com\/lt\/wp-json\/wp\/v2\/media\/11896"}],"wp:attachment":[{"href":"https:\/\/frvape.com\/lt\/wp-json\/wp\/v2\/media?parent=11902"}],"wp:term":[{"taxonomy":"product_brand","embeddable":true,"href":"https:\/\/frvape.com\/lt\/wp-json\/wp\/v2\/product_brand?post=11902"},{"taxonomy":"product_cat","embeddable":true,"href":"https:\/\/frvape.com\/lt\/wp-json\/wp\/v2\/product_cat?post=11902"},{"taxonomy":"product_tag","embeddable":true,"href":"https:\/\/frvape.com\/lt\/wp-json\/wp\/v2\/product_tag?post=11902"}],"curies":[{"name":"wp","href":"https:\/\/api.w.org\/{rel}","templated":true}]}}