{"id":12208,"date":"2025-11-02T11:06:10","date_gmt":"2025-11-02T11:06:10","guid":{"rendered":"https:\/\/frvape.com\/product\/aivono-aim-fatmax-50000-disposable-vape-50k-puffs-rechargeable-mesh-coil\/"},"modified":"2025-11-02T11:06:23","modified_gmt":"2025-11-02T11:06:23","slug":"aivono-aim-fatmax-50000-vienkartinis-vape-50k-puffs-ikraunama-tinkline-rite","status":"publish","type":"product","link":"https:\/\/frvape.com\/lt\/product\/aivono-aim-fatmax-50000-vienkartinis-vape-50k-puffs-ikraunama-tinkline-rite\/","title":{"rendered":"\"Aivono AIM FATMAX 50000 Disposable Vape\" - 50 t\u016bkst. \u012fp\u016btim\u0173, \u012fkraunamas, tinklelio formos rit\u0117"},"content":{"rendered":"<h3>Revoliucin\u0117 garinimo i\u0161tverm\u0117<\/h3>\n<p>Pristatome <strong>Aivono AIM FATMAX 50K<\/strong>sukurtas vartotojams, reikalaujantiems auk\u0161\u010diausios kokyb\u0117s skonio ir i\u0161skirtinio na\u0161umo. \u0160is naujos kartos vienkartinis garintuvas u\u017etikrina iki 50 000 maloni\u0173 \u012fkv\u0117pim\u0173, derindamas didel\u0117s talpos garinim\u0105 ir pa\u017eang\u0173 dizain\u0105 tiek paprastiems naudotojams, tiek entuziastams. Galimyb\u0117 keisti nikotino stiprum\u0105 (0%, 2%, 3% arba 5%) ir did\u017eiul\u0117 talpa. <strong>30 ml e-skys\u010dio talpa<\/strong>, ji suteikia neprilygstam\u0105 personalizavim\u0105.<\/p>\n<h3>Pa\u017eangi\u0173 technologij\u0173 specifikacijos<\/h3>\n<p>Veikiamas naudojant <strong>800 mAh \u012fkraunama baterija<\/strong> su C tipo greitojo \u012fkrovimo platforma, FATMAX 50K i\u0161laiko pastov\u0173 na\u0161um\u0105 vis\u0105 savo tarnavimo laik\u0105. Pa\u017eangi <strong>0,6\u03a9 tinklelio rit\u0117<\/strong> padidina gar\u0173 tank\u012f ir sustiprina aromato ekstrakcij\u0105. Steb\u0117ti realiuoju laiku galima be vargo d\u0117l i\u0161maniojo <strong>LED ekranas<\/strong> rodo akumuliatoriaus veikimo laik\u0105 ir elektroninio skys\u010dio kiek\u012f. Kompakti\u0161kas dydis (38\u00d7127 mm) u\u017etikrina ergonomi\u0161k\u0105 ne\u0161iojim\u0105 neaukojant galios.<\/p>\n<h3>Aromat\u0173 veisli\u0173 pasirinkimas<\/h3>\n<p>\"Blueberry Gum\", \"Peach Ice\", \"Two Apple\", \"Strawberry Punch\", \"Berry Ice\", \"Lush Ice\", \"Cherry Raspberry\", \"Grape Mint\", \"Lucid Dream\", \"Love 66\".<\/p>\n<h3>\"Premium Experience\" funkcijos<\/h3>\n<p>Svetain\u0117 <strong>Aivono FATMAX 50000<\/strong> i\u0161 naujo apibr\u0117\u017eia vienkartini\u0173 gamini\u0173 apibr\u0117\u017eim\u0105 - tinklelio rit\u0117s tikslumas ir neprilygstamas puok\u0161\u010di\u0173 skai\u010dius. M\u0117gaukit\u0117s turtinga ir nuoseklia garinimo patirtimi su <strong>50 000 \u012fkv\u0117pim\u0173<\/strong> palaikomas profesionalios konstrukcijos. Nesvarbu, ar norite m\u0117gautis be nikotino, ar 5% nikotino doze, jos sandari konstrukcija u\u017etikrina maksimal\u0173 kiekvieno la\u0161o panaudojim\u0105. Ma\u017emeninei prekybai pritaikyta pakuot\u0117 (<strong>Ma\u017ea d\u0117\u017eut\u0117<\/strong>:45\u00d745\u00d7140 mm, <strong>Didel\u0117 d\u0117\u017e\u0117<\/strong>:95\u00d7230\u00d7144 mm) padidina patrauklum\u0105 lentynoje ir u\u017etikrina apsaug\u0105 didmeninio transportavimo metu.<\/p>\n<h3>Kod\u0117l \u0161is \u012frenginys i\u0161siskiria<\/h3>\n<p>Pasirinkite <strong>FATMAX 50K<\/strong> d\u0117l neprilygstamo i\u0161tverm\u0117s ir in\u017einerijos derinio. Tinklelio rit\u0117s sistema u\u017etikrina ry\u0161kesn\u012f skon\u012f, palyginti su standartin\u0117mis vienkartin\u0117mis rit\u0117mis, o talpi <strong>30 ml talpa<\/strong> nereikia da\u017enai keisti. D\u0117l C tipo \u012fkrovimo galimyb\u0117s jis yra itin ekonomi\u0161kas, o <strong>LED ekranas<\/strong> pa\u0161alina naudojimo sp\u0117jimus. Sukurtas d\u0117l ilgaam\u017ei\u0161kumo ir stiliaus, jis teikia auk\u0161\u010diausi\u0105 pasitenkinim\u0105 ilgesniems garinimo seansams ir patikimai veikia ma\u017emenin\u0117je prekyboje.<\/p>","protected":false},"excerpt":{"rendered":"<p>Patirkite ypating\u0105 ilgaam\u017ei\u0161kum\u0105 su <strong>Aivono AIM FATMAX 50000<\/strong> vienkartini\u0173 vape pristatymas <strong>50 000 \u012fkv\u0117pim\u0173<\/strong>!<br \/>Funkcijos <strong>0,6\u03a9 tinklelio rit\u0117<\/strong> technologija, u\u017etikrinanti intensyv\u0173 skon\u012f ir skland\u0173 gar\u0173 susidarym\u0105.<br \/>\u012ekraunamas per <strong>C tipo<\/strong>su \u012fvairiomis nikotino parinktimis ir <strong>30 ml<\/strong> i\u0161 anksto u\u017epildyta talpa.<\/p>","protected":false},"featured_media":12204,"comment_status":"open","ping_status":"closed","template":"","meta":[],"product_brand":[165],"product_cat":[951],"product_tag":[954,953,952,955,77,115],"class_list":{"0":"post-12208","1":"product","2":"type-product","3":"status-publish","4":"has-post-thumbnail","6":"product_brand-aivono","7":"product_cat-aivono","8":"product_tag-30ml-vape","9":"product_tag-50000-puffs-disposable-vape-2","10":"product_tag-aivono-aim-fatmax-50000","11":"product_tag-fatmax-50k","12":"product_tag-mesh-coil-vape","13":"product_tag-rechargeable-vape","15":"first","16":"instock","17":"sale","18":"shipping-taxable","19":"purchasable","20":"product-type-variable"},"jetpack_sharing_enabled":true,"tiered_pricing_type":"fixed","tiered_pricing_fixed_rules":[],"tiered_pricing_product_settings":{"layout":"default","base_unit_name":{"singular":null,"plural":null},"default_variation":null},"tiered_pricing_minimum_quantity":null,"tiered_pricing_roles_data":[],"tiered_pricing_percentage_rules":[],"tiered_pricing_maximum_quantity":null,"tiered_pricing_quantity_step":null,"_links":{"self":[{"href":"https:\/\/frvape.com\/lt\/wp-json\/wp\/v2\/product\/12208","targetHints":{"allow":["GET"]}}],"collection":[{"href":"https:\/\/frvape.com\/lt\/wp-json\/wp\/v2\/product"}],"about":[{"href":"https:\/\/frvape.com\/lt\/wp-json\/wp\/v2\/types\/product"}],"replies":[{"embeddable":true,"href":"https:\/\/frvape.com\/lt\/wp-json\/wp\/v2\/comments?post=12208"}],"wp:featuredmedia":[{"embeddable":true,"href":"https:\/\/frvape.com\/lt\/wp-json\/wp\/v2\/media\/12204"}],"wp:attachment":[{"href":"https:\/\/frvape.com\/lt\/wp-json\/wp\/v2\/media?parent=12208"}],"wp:term":[{"taxonomy":"product_brand","embeddable":true,"href":"https:\/\/frvape.com\/lt\/wp-json\/wp\/v2\/product_brand?post=12208"},{"taxonomy":"product_cat","embeddable":true,"href":"https:\/\/frvape.com\/lt\/wp-json\/wp\/v2\/product_cat?post=12208"},{"taxonomy":"product_tag","embeddable":true,"href":"https:\/\/frvape.com\/lt\/wp-json\/wp\/v2\/product_tag?post=12208"}],"curies":[{"name":"wp","href":"https:\/\/api.w.org\/{rel}","templated":true}]}}