{"id":12357,"date":"2025-11-02T11:29:09","date_gmt":"2025-11-02T11:29:09","guid":{"rendered":"https:\/\/frvape.com\/product\/fizzy-50000-puffs-2-in-1-disposable-vape-with-dual-flavors\/"},"modified":"2025-12-16T09:23:40","modified_gmt":"2025-12-16T09:23:40","slug":"fizzy-50000-puffs-2-in-1-vienkartinis-vape-su-dviem-skoniais","status":"publish","type":"product","link":"https:\/\/frvape.com\/lt\/product\/fizzy-50000-puffs-2-in-1-vienkartinis-vape-su-dviem-skoniais\/","title":{"rendered":"Fizzy 50,000 Puffs 2-in-1 vienkartinis Vape su dviem skoniais"},"content":{"rendered":"<p>Svetain\u0117 <strong>Fizzy 50 000 puffs\u0173<\/strong> vienkartinis vape si\u016blo neprilygstam\u0105 ilgaam\u017ei\u0161kum\u0105 ir skonio lankstum\u0105 <strong>vienkartiniai vape<\/strong> entuziastai. Didel\u0117 t\u016brio talpa ir dviguba skonio sistema u\u017etikrina auk\u0161\u010diausios kokyb\u0117s pasitenkinim\u0105 kiekvien\u0105 kart\u0105 traukiant.<\/p>\n<h3>Pagrindin\u0117s funkcijos<\/h3>\n<p>\u012erengtas <strong>tinklelio rit\u0117<\/strong> kad garai b\u016bt\u0173 tolyg\u016bs ir pastov\u016bs, \u0161iame \u012frenginyje yra du reguliuojami re\u017eimai ir oro srauto nustatymai, kad b\u016bt\u0173 galima pritaikyti asmeniniams poreikiams. Jo <strong>\u012fkraunamas akumuliatorius<\/strong> (850 mAh, C tipo), kad b\u016bt\u0173 galima naudoti ilgai, o LED ekrane stebima baterijos veikimo trukm\u0117 ir elektroninio skys\u010dio lygis. 50 ml talpos i\u0161 anksto pripildytas bakas yra itin vertingas, nes jame galima pasirinkti 2% arba 5% nikotino kiek\u012f, idealiai tinkant\u012f visiems vaperiams.<\/p>\n<h3>Skonio \u012fvairov\u0117<\/h3>\n<p>M\u0117gaukit\u0117s \u0161iais \u012fdomiais deriniais <strong>\"2-in-1\" skonis<\/strong> galimyb\u0117s:<br \/>\nBra\u0161ki\u0173 arb\u016bz\u0173 ir m\u0117lyni\u0173 ledai<br \/>\nArb\u016bz\u0173 ledas ir citrin\u0173 laimas<br \/>\nBra\u0161ki\u0173 kivi\u0173 granat\u0173 ir \"Red Bull<br \/>\nBra\u0161ki\u0173 ledai ir gazuotos vy\u0161nios<br \/>\nPersik\u0173 mang\u0173 arb\u016bz\u0173 ir bra\u0161ki\u0173 banan\u0173<br \/>\nArb\u016bz\u0173 ledai ir bra\u0161ki\u0173 kiviai<br \/>\nM\u0117lyni\u0173, kokos\u0173 ir vynuogi\u0173 ledai<br \/>\nAnanas\u0173 persik\u0173 pasiflor\u0173 ir m\u0117lyni\u0173 avie\u010di\u0173<br \/>\nMi\u0161ri\u0173 uog\u0173 ir persik\u0173 ledai<br \/>\n\"Blue Razz\" limonadas ir trigubas melionas<br \/>\nAvie\u010di\u0173 limonadas ir bra\u0161ki\u0173 ledai<br \/>\nAvie\u010di\u0173 arb\u016bzas ir kiviai Pasiflor\u0173 vaisiai Gvajavos<\/p>\n<h3>Specifikacijos<\/h3>\n<p>Pufai: Iki 50 000 \u012fpur\u0161kim\u0173<br \/>\nSkoniai: 2-in-1 dvigubo skonio<br \/>\nrit\u0117: <strong>Tinklelio rit\u0117<\/strong><br \/>\nRe\u017eimai: 2 reguliuojami re\u017eimai<br \/>\nOro srautas: 2 reguliuojami nustatymai<br \/>\nE-skys\u010dio talpa: 50ml<br \/>\nBaterija: 850 mAh <strong>\u012fkraunamas akumuliatorius<\/strong> (C tipo)<br \/>\nNikotino stiprumas: 2%\/5%<br \/>\nEkranas: LED ekranas<br \/>\nGaliojimas: 2 metai<br \/>\nGaminio dydis: 65 x 30 x 135 mm; svoris: 150 g\/vnt.<br \/>\nPakuot\u0117: 10 vnt. d\u0117\u017eut\u0117je, 120 vnt. d\u0117\u017eut\u0117je; d\u0117\u017eut\u0117s svoris: 18 kg d\u0117\u017eut\u0117je<\/p>\n<h3>Kod\u0117l verta rinktis \"Fizzy 50K\"?<\/h3>\n<p>\u0160is aparatas idealiai tinka kelion\u0117ms, vakar\u0117liams ar kasdieniam naudojimui, nes jame suderintas didelis na\u0161umas ir patogumas. Ilgesnis \u012fkv\u0117pimo laikas ir dvigubo skonio galimyb\u0117s u\u017etikrina dinami\u0161k\u0105 patirt\u012f, tod\u0117l puikiai tinka asmeniniam naudojimui ar didmeniniam platinimui. Pasiekite auk\u0161\u010diausios kokyb\u0117s gar\u0173 ir sodraus skonio su <strong>Fizzy 50 000 puffs\u0173<\/strong> 2-in-1 vienkartinis vape.<\/p>","protected":false},"excerpt":{"rendered":"<p>Patirkite ilgalaik\u012f garinim\u0105 su <strong>Fizzy 50 000 puffs\u0173<\/strong> vienkartinis vape.<br \/>\nTuri du skonius, <strong>tinklelio rit\u0117<\/strong> technologija ir <strong>\u012fkraunamas akumuliatorius<\/strong> ilgesniam naudojimui.<br \/>\nPuikus universalumas ir sodrus skonis keliaujant.<\/p>","protected":false},"featured_media":12351,"comment_status":"open","ping_status":"closed","template":"","meta":[],"product_brand":[124],"product_cat":[868],"product_tag":[1019,963,1021,112,962,372,342],"class_list":{"0":"post-12357","1":"product","2":"type-product","3":"status-publish","4":"has-post-thumbnail","6":"product_brand-fizzy","7":"product_cat-fizzy","8":"product_tag-000-puffs","9":"product_tag-2-in-1-flavor","10":"product_tag-1021","11":"product_tag-disposable-vape","12":"product_tag-fizzy-50000","13":"product_tag-mesh-coil","14":"product_tag-rechargeable-battery","16":"first","17":"instock","18":"sale","19":"shipping-taxable","20":"purchasable","21":"product-type-variable"},"jetpack_sharing_enabled":true,"tiered_pricing_type":"fixed","tiered_pricing_fixed_rules":[],"tiered_pricing_product_settings":{"layout":"default","base_unit_name":{"singular":null,"plural":null},"default_variation":null},"tiered_pricing_minimum_quantity":null,"tiered_pricing_roles_data":[],"tiered_pricing_percentage_rules":[],"tiered_pricing_maximum_quantity":null,"tiered_pricing_quantity_step":null,"_links":{"self":[{"href":"https:\/\/frvape.com\/lt\/wp-json\/wp\/v2\/product\/12357","targetHints":{"allow":["GET"]}}],"collection":[{"href":"https:\/\/frvape.com\/lt\/wp-json\/wp\/v2\/product"}],"about":[{"href":"https:\/\/frvape.com\/lt\/wp-json\/wp\/v2\/types\/product"}],"replies":[{"embeddable":true,"href":"https:\/\/frvape.com\/lt\/wp-json\/wp\/v2\/comments?post=12357"}],"wp:featuredmedia":[{"embeddable":true,"href":"https:\/\/frvape.com\/lt\/wp-json\/wp\/v2\/media\/12351"}],"wp:attachment":[{"href":"https:\/\/frvape.com\/lt\/wp-json\/wp\/v2\/media?parent=12357"}],"wp:term":[{"taxonomy":"product_brand","embeddable":true,"href":"https:\/\/frvape.com\/lt\/wp-json\/wp\/v2\/product_brand?post=12357"},{"taxonomy":"product_cat","embeddable":true,"href":"https:\/\/frvape.com\/lt\/wp-json\/wp\/v2\/product_cat?post=12357"},{"taxonomy":"product_tag","embeddable":true,"href":"https:\/\/frvape.com\/lt\/wp-json\/wp\/v2\/product_tag?post=12357"}],"curies":[{"name":"wp","href":"https:\/\/api.w.org\/{rel}","templated":true}]}}