{"id":1241,"date":"2025-10-12T00:44:20","date_gmt":"2025-10-12T00:44:20","guid":{"rendered":"https:\/\/frvape.com\/product\/bang-36000-ice-blending-disposable-vape-adjustable-ice-level-36000-puffs-nicotine-options\/"},"modified":"2025-11-26T09:19:58","modified_gmt":"2025-11-26T09:19:58","slug":"bang-36000-ledo-maisymo-vienkartinis-vape-reguliuojamas-ledo-lygis-36000-ipurskimu-nikotino-parinktys","status":"publish","type":"product","link":"https:\/\/frvape.com\/lt\/product\/bang-36000-ledo-maisymo-vienkartinis-vape-reguliuojamas-ledo-lygis-36000-ipurskimu-nikotino-parinktys\/","title":{"rendered":"\"Bang 36000 Ice Blending Disposable Vape\" - reguliuojamas ledo lygis, 36000 \u012fpur\u0161kim\u0173, nikotino parinktys"},"content":{"rendered":"<p>Atraskite revoliucin\u012f <strong>\"Bang 36000 Ice Blending\" vienkartin\u0117 E-Cigaret\u0117<\/strong>, sukurtas taip, kad i\u0161 naujo apibr\u0117\u017et\u0173 j\u016bs\u0173 garinimo kelion\u0119 ir u\u017etikrint\u0173 neprilygstam\u0105 lankstum\u0105 bei ilgaam\u017ei\u0161kum\u0105. \u0160is pa\u017eangiausias prietaisas sujungia pa\u017eangias technologijas ir patogias naudoti funkcijas, u\u017etikrinan\u010dias asmenin\u0119 patirt\u012f, pritaikyt\u0105 j\u016bs\u0173 pageidavimams. Nesvarbu, ar m\u0117gstate debesis, ar skonio entuziastus, \u0161is aparatas u\u017etikrina visas galimybes, nes si\u016blo reguliuojam\u0105 au\u0161inim\u0105, did\u017eiul\u012f i\u0161pur\u0161kim\u0173 skai\u010di\u0173 ir \u012fvairias nikotino parinktis, u\u017etikrinan\u010dias did\u017eiausi\u0105 pasitenkinim\u0105.<br \/>Suprojektuotas taip, kad b\u016bt\u0173 ne\u0161iojamas ir patikimas. <strong>Bang 36000 Ledo mai\u0161ymas<\/strong> rinkoje i\u0161siskiria eleganti\u0161ku dizainu ir tvirta konstrukcija. Daugiau joki\u0173 papildym\u0173 ar sud\u0117ting\u0173 nustatym\u0173 - tiesiog i\u0161ardykite d\u0117\u017eut\u0119 ir m\u0117gaukit\u0117s nenutr\u016bkstama garinimo palaima.<br \/>Su\u017einokite, kod\u0117l \u0161is prietaisas tapo m\u0117gstamiausiu tarp vaperi\u0173 visame pasaulyje, nes jame suderintas patogumas ir auk\u0161\u010diausio lygio veikimas.<\/p>\n<h3>Kod\u0117l \"Bang 36000\" ledo lygis kei\u010dia \u017eaidimo taisykles<\/h3>\n<p>Svetain\u0117 <strong>Bang 36000 Ledo mai\u0161ymas<\/strong> paver\u010dia garinim\u0105 individualiai pritaikomu nuotykiu. Jo <strong>reguliuojamas ledo lygis<\/strong> Funkcija leid\u017eia reguliuoti v\u0117sinimo intensyvum\u0105 nuo \u0161velnaus v\u0117sinimo iki arktinio dvelksmo, atsi\u017evelgiant \u012f kiekvien\u0105 nuotaik\u0105 ir akimirk\u0105. \u0160i naujov\u0117 u\u017etikrina, kad j\u016bs\u0173 svaiginimasis niekada nenukent\u0117s d\u0117l \u0161vie\u017eumo, o kiekvienas \u012fkv\u0117pimas suteiks \u017evalumo.<br \/>Su savo <strong>galingas 850 mAh akumuliatorius<\/strong>, prietaisas palaiko ilgesnius garinimo seansus be nuolatinio \u012fkrovimo - idealiai tinka keliaujantiems.<br \/>Ir pasigirti <strong>\u012fsp\u016bdinga 36 ml e-skys\u010dio talpa<\/strong>, ji garantuoja, kad <strong>36000 \u012fkv\u0117pim\u0173<\/strong> gryn\u0173, sodri\u0173 gar\u0173. Tai rei\u0161kia, kad m\u0117gausit\u0117s kiekviena akimirka, prie\u0161 net pagalvodami apie pakeitim\u0105.<\/p>\n<h3>I\u0161samios produkto specifikacijos<\/h3>\n<p><strong>PUFFS: 36000<\/strong><br \/><strong>E-skystis: 36ml<\/strong><br \/><strong>Var\u017ea: 1,0 om\u0173<\/strong><br \/><strong>Baterija: 850 mAh<\/strong><br \/><strong>\u012ekrovimas: C tipo USB prievadas<\/strong><br \/><strong>Nikotino parinktys: 0%, 2%, 3% arba 5%<\/strong><br \/>\u0160ios specifikacijos u\u017etikrina i\u0161skirtin\u012f ilgaam\u017ei\u0161kum\u0105 ir na\u0161um\u0105. <strong>1,0 om\u0173 var\u017ea<\/strong> u\u017etikrina tolyg\u0173 ir nuosekl\u0173 gar\u0173 susidarym\u0105, o <strong>C tipo \u012fkrovimas<\/strong> si\u016blo greit\u0105 ir patikim\u0105 energijos papildym\u0105. Pasirinkite nikotino lyg\u012f, kad gal\u0117tum\u0117te m\u0117gautis individualia patirtimi: nuo nulinio nikotino kiekio m\u0117gstantiems gryn\u0105 skon\u012f iki stipresnio nikotino kiekio stipriam sm\u016bgiui \u012f gerkl\u0119.<\/p>\n<h3>Pagrindin\u0117s savyb\u0117s, kurios i\u0161skiria \u0161\u012f \"Vape<\/h3>\n<h3>Reguliuojamas ledo lygis pritaikytam au\u0161inimui<\/h3>\n<p>Su naujovi\u0161ku <strong>ledo reguliavimas<\/strong> funkcija, j\u016bs esate savo garinimo vibracij\u0173 bosas. Nustatykite subtil\u0173 v\u0117sum\u0105 arba pasiekite ledin\u012f sprogim\u0105. \u0160is neprilygstamas valdymas leid\u017eia suderinti intensyvum\u0105 su savo skoniu, kad kiekviena sesija b\u016bt\u0173 unikaliai gaivinanti ir gaivinanti.<\/p>\n<h3>Galingas akumuliatorius vis\u0105 dien\u0105 trunkan\u010diam garinimui<\/h3>\n<p>Atsisveikinkite su sesijos viduryje kylan\u010diomis elektros energijos problemomis. Svetain\u0117 <strong>850 mAh akumuliatorius<\/strong> sukurtas taip, kad b\u016bt\u0173 i\u0161tvermingas ir vienu \u012fkrovimu b\u016bt\u0173 galima nepertraukiamai naudoti kelias valandas. Greitai \u012fkraukite per C tipo jungt\u012f - grei\u010diau nei per valand\u0105 - ir m\u0117gaukit\u0117s be r\u016bpes\u010di\u0173 garinan\u010diu garinimu, kuris neatsilieka nuo j\u016bs\u0173 \u012ftemp\u010diausi\u0173 dien\u0173.<\/p>\n<h3>Didel\u0117 elektroninio skys\u010dio talpa nesibaigiantiems p\u016btimams<\/h3>\n<p>Laikydami dosn\u0173 <strong>36 ml elektroninio skys\u010dio<\/strong>, \u0161is prietaisas \u017eada stulbinam\u0105 <strong>36000 \u012fkv\u0117pim\u0173<\/strong>. Vidutinis naudotojas gali m\u0117gautis i\u0161tisas savaites, o papildym\u0173 poreikis suma\u017e\u0117ja iki minimumo. Kartu su sandariu dizainu u\u017etikrinama, kad kiekvienas auk\u0161\u010diausios kokyb\u0117s elektroninio skys\u010dio la\u0161as b\u016bt\u0173 i\u0161garintas efektyviai, o tai suteikia did\u017eiausi\u0105 vert\u0119 ir malonum\u0105.<\/p>\n<h3>Kiekvienam tinkantis nikotino kiekis<\/h3>\n<p>Lengvai individualizuokite nikotino kiek\u012f: nuo gryno, raminan\u010dio <strong>0% nikotinas<\/strong> nesumenkinto skonio, kad <strong>2%, 3% arba 5%<\/strong> esant skirtingam sm\u016bgio intensyvumui. D\u0117l tokio lankstumo <strong>Bang 36000 Ledo mai\u0161ymas<\/strong> idealiai tinka pradedantiesiems, patyrusiems r\u016bkaliams ir tiems, kurie pereina nuo tradicinio tabako. Pasirinkite tobul\u0105 balans\u0105 ir m\u0117gaukit\u0117s nuoseklumu su kiekvienu \u012fkv\u0117pimu.<\/p>\n<h3>Premium E-skys\u010di\u0173 skonio kolekcija<\/h3>\n<p>Pasinerkite \u012f <strong>jaudinantys skoniai<\/strong> sukurtos \u012fvairioms palet\u0117ms. Kiekviename variante nat\u016bralios esencijos derinamos su k\u016brybi\u0161kais poky\u010diais, u\u017etikrinant ry\u0161kius skonio poj\u016b\u010dius. \u010cia pateikiamas visas e-skys\u010di\u0173 skoni\u0173 s\u0105ra\u0161as <strong>Bang 36000 Ledo mai\u0161ymas<\/strong>:<\/p>\n<ul>\n<li>Bra\u0161ki\u0173 ledai<\/li>\n<li>Bra\u0161ki\u0173 mango<\/li>\n<li>TRIPLE BERRY<\/li>\n<li>Bra\u0161ki\u0173 bananai<\/li>\n<li>Ananas\u0173 kokos\u0173<\/li>\n<li>M\u0117lyni\u0173 ledas<\/li>\n<li>Bra\u0161ki\u0173 arb\u016bzas<\/li>\n<li>M\u0117lyni\u0173 avie\u010di\u0173<\/li>\n<li>\"Red Bull<\/li>\n<li>LOVE66<\/li>\n<li>Bra\u0161ki\u0173 mango<\/li>\n<li>Arb\u016bz\u0173 ledas<\/li>\n<\/ul>\n<p>Su \u012fvairiais skoniais, pradedant vaisiniais klasikiniais skoniais, pvz. <strong>Arb\u016bz\u0173 ledas<\/strong> \u012f dr\u0105sius mi\u0161inius, pvz. <strong>TRIPLE BERRY<\/strong> ir suteikiantis energijos. <strong>\"Red Bull<\/strong>, kiekvienas ras k\u0105 nors sau. Patirkite daugiasluoksnes natas, kurios sustiprina reguliuojam\u0105 ledo lyg\u012f ir sukuria daugiajutimin\u0119 vape kelion\u0119.<\/p>\n<h3>Kuo i\u0161siskiria \"Bang 36000\" ledo mai\u0161ymo \u012frenginys<\/h3>\n<p>Jei trok\u0161tate <strong>valdymas<\/strong>, <strong>patogumas<\/strong>, ir <strong>\u012fvairov\u0117<\/strong>, \u0161is prietaisas yra geriausias j\u016bs\u0173 kompanionas. Jo pritaikomumas i\u0161siskiria ledo reguliavimo funkcija, o <strong>36000 p\u016bkeli\u0173 talpa<\/strong> ir tvirta konstrukcija - tai ilgalaik\u0117 investicija \u012f malonum\u0105. Nesvarbu, ar norite \u0161al\u010dio poj\u016b\u010dio, ar intensyvaus aromato, \u0161is garintuvas patikimai j\u012f u\u017etikrina, tod\u0117l jis yra geriausias pasirinkimas tarp viso pasaulio vaperi\u0173.<\/p>\n<h3>Da\u017enai u\u017eduodami klausimai<\/h3>\n<p><strong>Kiek laiko veikia akumuliatorius?<\/strong><br \/>Svetain\u0117 <strong>850 mAh akumuliatorius<\/strong> daugumai naudotoj\u0173 u\u017etenka galios visai dienai intensyvaus garinimo. Naudojant C tipo jungt\u012f \u012fkrovimo laikas yra greitas - vidutini\u0161kai per ma\u017eiau nei valand\u0105 visi\u0161kai \u012fkraunama baterija.<\/p>\n<p><strong>Ar galiu reguliuoti ledo lyg\u012f naudojimo metu?<\/strong><br \/>Taip! . <strong>ledo reguliavimas<\/strong> funkcija yra intuityvi ir pasiekiama bet kuriuo metu. Tiesiog paspauskite ir palaikykite prietaiso mygtuk\u0105, kad gal\u0117tum\u0117te keisti au\u0161inimo lygius, ir taip gal\u0117site prisitaikyti nenutraukdami garinimo srauto.<\/p>\n<p><strong>Kok\u012f nikotino kiek\u012f tur\u0117\u010diau pasirinkti?<\/strong><br \/><strong>0% nikotinas<\/strong> puikiai tinka, jei norite ry\u0161kaus skonio be jokio priklausomyb\u0119 sukelian\u010dio elemento.<br \/><strong>2% arba 3% nikotino<\/strong> suteikia lengv\u0105, malon\u0173 poveik\u012f, idealiai tinkant\u012f vidutinio sunkumo vartotojams.<br \/><strong>5% nikotinas<\/strong> suteikia stipr\u0173 poveik\u012f gerkl\u0117je tiems, kuriems reikia stipresnio sm\u016bgio, imituojan\u010dio tradicin\u012f r\u016bkym\u0105.<\/p>\n<p><strong>Ar \u0161is prietaisas tinkamas pradedantiesiems?<\/strong><br \/>Absoliu\u010diai. I\u0161 anksto pripildyta vienkartin\u0117 vap\u0117 yra paruo\u0161ta naudoti su <strong>36 ml elektroninio skys\u010dio<\/strong>. Nereikia pildyti, mai\u0161yti ar atlikti sud\u0117ting\u0173 nustatym\u0173 - tiesiog \u012fkv\u0117pkite ir m\u0117gaukit\u0117s. D\u0117l vieno mygtuko valdymo ir ai\u0161kaus \u012fkrovos indikatoriaus naujokams garinti tampa paprasta ir malonu.<\/p>\n<p><strong>Kuris skonis yra geriausias?<\/strong><br \/>Au\u0161inimo ventiliatoriai nebesid\u017eiaugia <strong>Arb\u016bz\u0173 ledas<\/strong> arba <strong>Bra\u0161ki\u0173 ledai<\/strong> d\u0117l j\u0173 gaivi\u0173 profili\u0173. Jei m\u0117gstate dr\u0105sius, turtingus potyrius, <strong>TRIPLE BERRY<\/strong> ir <strong>LOVE66<\/strong> suteikia sud\u0117ting\u0105, gaivinant\u012f skon\u012f. Tur\u0117dami tiek daug galimybi\u0173, keiskite skonius, kad b\u016bt\u0173 \u012fdomu.<\/p>\n<h3>Galutinis verdiktas<\/h3>\n<p>Svetain\u0117 <strong>Bang 36000 Ledo mai\u0161ymas<\/strong> sukurtas taip, kad j\u016bs\u0173 garinimas b\u016bt\u0173 kokybi\u0161kesnis, nes pasi\u017eymi naujovi\u0161komis funkcijomis ir i\u0161liekam\u0105ja kokybe. Tai ne tik prietaisas - tai gyvenimo b\u016bdo atnaujinimas, kuriame dera stilius, turinys ir i\u0161manumas. D\u0117l savo <strong>reguliuojamas ledo lygis<\/strong>, ilgesnis u\u017egniau\u017eimo laikas ir \u012fvairios nikotino pasirinkimo galimyb\u0117s - jis i\u0161siskiria visose srityse. Pasirinkite i\u0161 m\u016bs\u0173 ry\u0161kaus skonio asortimento \u0161iandien ir pasinerkite \u012f \u0161aunesn\u012f, ilgesn\u012f ir asmeni\u0161kesn\u012f garinimo nuotyk\u012f.<\/p>","protected":false},"excerpt":{"rendered":"<p>Patirkite geriausi\u0105 garinim\u0105 su <strong>\"Bang 36000 Ice Blending Disposable Vape<\/strong>. Su <strong>reguliuojamas ledo lygis<\/strong> pritaikytam au\u0161inimui, <strong>36000 \u012fkv\u0117pim\u0173<\/strong> nuo 36 ml e-skys\u010dio ir pasirenkamo nikotino stiprumo <strong>0%<\/strong>, <strong>2%<\/strong>, <strong>3%<\/strong>, arba <strong>5%<\/strong>. Puikiai tinka vis\u0105 dien\u0105 be r\u016bpes\u010di\u0173 m\u0117gautis galingu <strong>850 mAh akumuliatorius<\/strong>.<\/p>","protected":false},"featured_media":1235,"comment_status":"open","ping_status":"closed","template":"","meta":[],"product_brand":[107],"product_cat":[1072,17],"product_tag":[221,220,219,112,222,223],"class_list":{"0":"post-1241","1":"product","2":"type-product","3":"status-publish","4":"has-post-thumbnail","6":"product_brand-bang","7":"product_cat-bang","8":"product_cat-uncategorized","9":"product_tag-36000-puffs","10":"product_tag-adjustable-ice-level","11":"product_tag-bang-36000-ice-blending","12":"product_tag-disposable-vape","13":"product_tag-e-liquid-flavors","14":"product_tag-nicotine-vape","16":"first","17":"instock","18":"sale","19":"shipping-taxable","20":"purchasable","21":"product-type-variable"},"jetpack_sharing_enabled":true,"tiered_pricing_type":"fixed","tiered_pricing_fixed_rules":[],"tiered_pricing_product_settings":{"layout":"default","base_unit_name":{"singular":null,"plural":null},"default_variation":null},"tiered_pricing_minimum_quantity":null,"tiered_pricing_roles_data":[],"tiered_pricing_percentage_rules":[],"tiered_pricing_maximum_quantity":null,"tiered_pricing_quantity_step":null,"_links":{"self":[{"href":"https:\/\/frvape.com\/lt\/wp-json\/wp\/v2\/product\/1241","targetHints":{"allow":["GET"]}}],"collection":[{"href":"https:\/\/frvape.com\/lt\/wp-json\/wp\/v2\/product"}],"about":[{"href":"https:\/\/frvape.com\/lt\/wp-json\/wp\/v2\/types\/product"}],"replies":[{"embeddable":true,"href":"https:\/\/frvape.com\/lt\/wp-json\/wp\/v2\/comments?post=1241"}],"wp:featuredmedia":[{"embeddable":true,"href":"https:\/\/frvape.com\/lt\/wp-json\/wp\/v2\/media\/1235"}],"wp:attachment":[{"href":"https:\/\/frvape.com\/lt\/wp-json\/wp\/v2\/media?parent=1241"}],"wp:term":[{"taxonomy":"product_brand","embeddable":true,"href":"https:\/\/frvape.com\/lt\/wp-json\/wp\/v2\/product_brand?post=1241"},{"taxonomy":"product_cat","embeddable":true,"href":"https:\/\/frvape.com\/lt\/wp-json\/wp\/v2\/product_cat?post=1241"},{"taxonomy":"product_tag","embeddable":true,"href":"https:\/\/frvape.com\/lt\/wp-json\/wp\/v2\/product_tag?post=1241"}],"curies":[{"name":"wp","href":"https:\/\/api.w.org\/{rel}","templated":true}]}}