{"id":12645,"date":"2025-11-02T11:56:41","date_gmt":"2025-11-02T11:56:41","guid":{"rendered":"https:\/\/frvape.com\/product\/fumot-tornado-20000-disposable-vape-kit-with-smart-led-screen\/"},"modified":"2026-03-25T10:50:13","modified_gmt":"2026-03-25T10:50:13","slug":"fumot-tornado-20000-vienkartinis-vape-rinkinys-su-ismaniuoju-led-ekranu","status":"publish","type":"product","link":"https:\/\/frvape.com\/lt\/product\/fumot-tornado-20000-vienkartinis-vape-rinkinys-su-ismaniuoju-led-ekranu\/","title":{"rendered":"\"Fumot Tornado 20000\" vienkartinis Vape rinkinys su i\u0161maniuoju LED ekranu"},"content":{"rendered":"<p>Svetain\u0117 <strong>Fumot Tornado 20000<\/strong> yra pa\u017eangi <strong>vienkartiniai vape<\/strong> i\u0161 anksto pripildyta 20 ml elektroninio skys\u010dio ir palaiko iki 20 000 \u012fpur\u0161kim\u0173. Si\u016blomos 4 nikotino koncentracijos: 0%, 2%, 3% ir 5%. \u012erengta integruota <strong>900 mAh akumuliatorius<\/strong> ir greitas <strong>C tipo prievadas<\/strong>, \u0161is prietaisas u\u017etikrina ilgalaik\u012f naudojim\u0105 ir lengv\u0105 \u012fkrovim\u0105. Patirkite nuosekl\u0173 gar\u0173 gaminim\u0105 naudodami naujovi\u0161k\u0105 <strong>Dviguba tinklelio rit\u0117<\/strong>, kuris tolygiai kaitina e. skyst\u012f, kad b\u016bt\u0173 geresnis skonis. Jo <strong>I\u0161manusis LED ekranas<\/strong> realiuoju laiku rodo akumuliatoriaus veikimo laik\u0105 ir skys\u010dio lyg\u012f, tod\u0117l suteikia futuristin\u0119 ir patogi\u0105 garinimo patirt\u012f.<\/p>\n<h3>I\u0161manusis ekranas<\/h3>\n<p>Svetain\u0117 <strong>LED i\u0161manusis ekranas<\/strong> suteikia tiesiogin\u012f prietaiso b\u016bsenos matomum\u0105 ir leid\u017eia vartotojams sekti <strong>akumuliatoriaus veikimo laikas<\/strong> ir <strong>e. skys\u010dio lygis<\/strong> lengvai. \u0160i funkcija ne tik suteikia \u0161iuolaiki\u0161kumo, bet ir optimizuoja naudotojo valdym\u0105 bei pasitenkinim\u0105.<\/p>\n<h3>Dvigubo tinklelio rit\u0117s technologija<\/h3>\n<p>Su savo <strong>dviguba tinklin\u0117 rit\u0117<\/strong> konstrukcija, \"Fumot Tornado 20000\" u\u017etikrina efektyv\u0173 ir tolyg\u0173 e. skys\u010dio kaitinim\u0105. Taip sukuriami sklandesni ir sodresni garai, o skonis i\u0161lieka pastovus per t\u016bkstan\u010dius \u012fkv\u0117pim\u0173.<\/p>\n<h3>C tipo prievadas ir baterija<\/h3>\n<p>Svetain\u0117 <strong>C tipo prievadas<\/strong> palaiko greit\u0105 \u012fkrovim\u0105, o tvirtas <strong>900 mAh akumuliatorius<\/strong> galima \u012fkrauti kelis kartus. \u0160is derinys garantuoja, kad i\u0161gersite kiekvien\u0105 elektroninio skys\u010dio la\u0161\u0105 be prastov\u0173.<\/p>\n<h3>Galimi Vape skoniai<\/h3>\n<p>M\u0117gaukit\u0117s pla\u010diu 43 <strong>elektroniniai vape skoniai<\/strong>: Arb\u016bz\u0173 ledai, bra\u0161ki\u0173 kiviai, vy\u0161niniai laimai, cukraus vata, Pina Colada, m\u0117lyni\u0173 avie\u010di\u0173 saldainiai, kriau\u0161i\u0173 ledai, persik\u0173 mang\u0173 arb\u016bzai, Skittles, agurk\u0173 limonadas, banan\u0173 tortas, li\u010di\u0173 hami melionas, mi\u0161rios uogos, bra\u0161ki\u0173 arb\u016bzas, Blue Razz, ananas\u0173 citrinos \u017ealias obuolys, persik\u0173 ananas\u0173 apelsinas, bra\u0161ki\u0173 ledai, Huckleberry, \u017eel\u0117 pupel\u0117s, ponas m\u0117lynas, vy\u0161nia, M\u0117lyni\u0173 avie\u010di\u0173, Vy\u0161ni\u0173 kola, Kivi\u0173 pasiflor\u0173 gvajav\u0173, Bra\u0161ki\u0173 ledai, Bra\u0161ki\u0173 avie\u010di\u0173 vy\u0161ni\u0173 ledai, Vy\u0161ni\u0173 uogos, M\u0117lyni\u0173 r\u016bg\u0161\u010di\u0173j\u0173 avie\u010di\u0173, Persik\u0173 uogos, M\u0117lynojo Razz guminukas, Cool Mint, M\u0117lyni\u0173 ant ledo, Kaktus\u0173 ledai, Raudon\u0173j\u0173 vynuogi\u0173 laimas, Kolos citrinos, Juod\u0173j\u0173 serbent\u0173 obuoliai, Kaktus\u0173 kiviai, Kolos ledai, Mango vynuogi\u0173 ledai, M\u0117lyni\u0173 kaktus\u0173 ledai, Vynuogi\u0173 kiviai, Obuoli\u0173 greipfrutai.<\/p>","protected":false},"excerpt":{"rendered":"<p>Svetain\u0117 <strong>Fumot Tornado 20000<\/strong> yra auk\u0161\u010diausios kokyb\u0117s <strong>vienkartiniai vape<\/strong> su <strong>I\u0161manusis LED ekranas<\/strong>, <strong>Dviguba tinklelio rit\u0117<\/strong>ir iki 20 000 \u012fvairi\u0173 skoni\u0173 puoduk\u0173.<\/p>","protected":false},"featured_media":14167,"comment_status":"open","ping_status":"closed","template":"","meta":[],"product_brand":[186],"product_cat":[1016,885],"product_tag":[512,112,244,979,516,980],"class_list":{"0":"post-12645","1":"product","2":"type-product","3":"status-publish","4":"has-post-thumbnail","6":"product_brand-fumot","7":"product_cat-big-puffs-vapes","8":"product_cat-fumot","9":"product_tag-20000-puffs","10":"product_tag-disposable-vape","11":"product_tag-dual-mesh-coil","12":"product_tag-fumot-tornado","13":"product_tag-rechargeable","14":"product_tag-smart-led-screen","16":"first","17":"instock","18":"sale","19":"shipping-taxable","20":"purchasable","21":"product-type-variable"},"jetpack_sharing_enabled":true,"tiered_pricing_type":"fixed","tiered_pricing_fixed_rules":[],"tiered_pricing_product_settings":{"layout":"default","base_unit_name":{"singular":null,"plural":null},"default_variation":null},"tiered_pricing_minimum_quantity":null,"tiered_pricing_roles_data":[],"tiered_pricing_percentage_rules":[],"tiered_pricing_maximum_quantity":null,"tiered_pricing_quantity_step":null,"_links":{"self":[{"href":"https:\/\/frvape.com\/lt\/wp-json\/wp\/v2\/product\/12645","targetHints":{"allow":["GET"]}}],"collection":[{"href":"https:\/\/frvape.com\/lt\/wp-json\/wp\/v2\/product"}],"about":[{"href":"https:\/\/frvape.com\/lt\/wp-json\/wp\/v2\/types\/product"}],"replies":[{"embeddable":true,"href":"https:\/\/frvape.com\/lt\/wp-json\/wp\/v2\/comments?post=12645"}],"wp:featuredmedia":[{"embeddable":true,"href":"https:\/\/frvape.com\/lt\/wp-json\/wp\/v2\/media\/14167"}],"wp:attachment":[{"href":"https:\/\/frvape.com\/lt\/wp-json\/wp\/v2\/media?parent=12645"}],"wp:term":[{"taxonomy":"product_brand","embeddable":true,"href":"https:\/\/frvape.com\/lt\/wp-json\/wp\/v2\/product_brand?post=12645"},{"taxonomy":"product_cat","embeddable":true,"href":"https:\/\/frvape.com\/lt\/wp-json\/wp\/v2\/product_cat?post=12645"},{"taxonomy":"product_tag","embeddable":true,"href":"https:\/\/frvape.com\/lt\/wp-json\/wp\/v2\/product_tag?post=12645"}],"curies":[{"name":"wp","href":"https:\/\/api.w.org\/{rel}","templated":true}]}}