{"id":12694,"date":"2025-11-02T12:03:16","date_gmt":"2025-11-02T12:03:16","guid":{"rendered":"https:\/\/frvape.com\/product\/okso-3in1-70000-puffs-disposable-vape-triple-mesh-coil-48ml-e-liquid\/"},"modified":"2025-11-04T02:50:41","modified_gmt":"2025-11-04T02:50:41","slug":"okso-3in1-70000-puffs-vienkartiniai-vape-triguba-akiu-rite-48ml-e-skystis","status":"publish","type":"product","link":"https:\/\/frvape.com\/lt\/product\/okso-3in1-70000-puffs-vienkartiniai-vape-triguba-akiu-rite-48ml-e-skystis\/","title":{"rendered":"\"OKSO 3in1 70000 Puffs\" vienkartinis vape - triguba tinklelio rit\u0117, 48 ml el. skys\u010dio"},"content":{"rendered":"<p>Revoliucinis <strong>OKSO 3in1 70000 Puffs vienkartinis Vape<\/strong> d\u0117l savo precedento neturin\u010dios talpos ir naujovi\u0161kos trij\u0173 kamer\u0173 konstrukcijos i\u0161 naujo apibr\u0117\u017eia ilgesnes garinimo sesijas. \u0160is auk\u0161\u010diausios klas\u0117s prietaisas sukurtas taip, kad u\u017etikrint\u0173 nuolatin\u012f aromato perteikim\u0105 ir i\u0161skirtin\u012f ilgaam\u017ei\u0161kum\u0105. <strong>70 000 \u012fkv\u0117pim\u0173<\/strong> - tod\u0117l jis kei\u010dia vienkartini\u0173 vape \u012frengini\u0173 technologij\u0105.<\/p>\n<h3>Pa\u017eangi trigubos rit\u0117s sistema<\/h3>\n<p>Patirkite nuosekli\u0105 gar\u0173 gamyb\u0105 su trimis integruotais <strong>tinklin\u0117s rit\u0117s<\/strong> kurie palaiko optimali\u0105 temperat\u016bros kontrol\u0119 ir skonio intensyvum\u0105 vis\u0105 naudojimo laik\u0105. Kiekvienoje kameroje yra <strong>16 ml auk\u0161\u010diausios kokyb\u0117s elektroninio skys\u010dio<\/strong>, i\u0161 viso <strong>48 ml talpa<\/strong> tod\u0117l nereikia da\u017enai keisti.<\/p>\n<h3>I\u0161manusis energijos valdymas<\/h3>\n<p>Maitinamas <strong>650 mAh \u012fkraunama baterija<\/strong> su i\u0161maniuoju <strong>LED ekranas<\/strong> kuri stebi likusi\u0105 gali\u0105 ir naudojimo statistik\u0105. Ergonomi\u0161kas dizainas (45 \u00d7 44 \u00d7 127 mm, 134,5 g) u\u017etikrina patog\u0173 naudojim\u0105, kartu i\u0161laikant puik\u0173 ne\u0161iojamum\u0105.<\/p>\n<h3>Individualizuota nikotino patirtis<\/h3>\n<p>Galimi \u012fvair\u016bs nikotino variantai: <strong>0%<\/strong>, <strong>2%<\/strong>, <strong>3%<\/strong>, ir <strong>5%<\/strong> stiprumo, kad atitikt\u0173 visus pageidavimus - nuo malonumo be nikotino iki stipraus pasitenkinimo.<\/p>\n<h3>I\u0161skirtinis skonio pasirinkimas<\/h3>\n<p>I\u0161tirkite 30 auk\u0161\u010diausios kokyb\u0117s skoni\u0173 patir\u010di\u0173:<br \/>Ananas\u0173 ledas, bra\u0161ki\u0173 arb\u016bzas, bra\u0161ki\u0173 vynuog\u0117<br \/>\"Juicy Peach\", \"Cherry Cola\", \"Cherry Soft Candy<br \/>Bra\u0161ki\u0173 ledai, d\u017eiungli\u0173 sultys, drakono melionas<br \/>Kiviai aistra vaisiai gvajava, kola ledai, aistra vaisiai mangai ledai<br \/>Arb\u016bz\u0173 ledas, \"Mr Blue\", \u017eali\u0173j\u0173 vynuogi\u0173 arb\u016bzas<br \/>M\u0117lyni\u0173 avie\u010di\u0173, mi\u0161ri\u0173 uog\u0173, obuoli\u0173 persik\u0173<br \/>\u0160vie\u017ei\u0173 m\u0117t\u0173, citrin\u0173, citrin\u0173 ir arb\u016bz\u0173 \"Mojito<br \/>Vy\u0161ni\u0173 ledas, du obuoliai, bra\u0161ki\u0173 ir avie\u010di\u0173 vy\u0161ni\u0173 ledas<br \/>Vynuogi\u0173 ledai, juod\u0173j\u0173 serbent\u0173 ledai, uog\u0173 uogien\u0117<br \/>Bra\u0161ki\u0173 kivi, arb\u016bz\u0173 kramtomoji guma, trigubas mang\u0173 ledas<\/p>\n<p>Idealiai tinka ma\u017emeninei prekybai ir didmeniniam platinimui (100 vnt.\/CTN). <strong>OKSO 3in1 70000<\/strong> pasi\u017eymi komerciniu patikimumu d\u0117l patvarios kartonin\u0117s pakuot\u0117s (490\u00d7280\u00d7245 mm, svoris 14,05 kg) ir i\u0161skirtiniu vartotoj\u0173 pasitenkinimu d\u0117l ilgalaikio skonio ir garinimo ilgaam\u017ei\u0161kumo.<\/p>","protected":false},"excerpt":{"rendered":"<p><strong>OKSO 3in1 70000 puffs vienkartinis vape<\/strong> su <strong>trigubo tinklelio rit\u0117s<\/strong> ir <strong>48 ml e-skys\u010dio<\/strong> paj\u0117gumas. Funkcijos <strong>LED ekranas<\/strong> ir <strong>650 mAh \u012fkraunama baterija<\/strong>. Galima rinktis i\u0161 keli\u0173 nikotino stiprum\u0173 (0%\/2%\/3%\/5%).<\/p>","protected":false},"featured_media":12688,"comment_status":"open","ping_status":"closed","template":"","meta":[],"product_brand":[755],"product_cat":[1016,915],"product_tag":[898,599,982,112,981,967],"class_list":{"0":"post-12694","1":"product","2":"type-product","3":"status-publish","4":"has-post-thumbnail","6":"product_brand-okso","7":"product_cat-big-puffs-vapes","8":"product_cat-okso","9":"product_tag-48ml-e-liquid","10":"product_tag-650mah-battery","11":"product_tag-70000-puffs","12":"product_tag-disposable-vape","13":"product_tag-okso-3in1-70000","14":"product_tag-triple-mesh-coil","16":"first","17":"instock","18":"sale","19":"shipping-taxable","20":"purchasable","21":"product-type-variable"},"jetpack_sharing_enabled":true,"tiered_pricing_type":"fixed","tiered_pricing_fixed_rules":[],"tiered_pricing_product_settings":{"layout":"default","base_unit_name":{"singular":null,"plural":null},"default_variation":null},"tiered_pricing_minimum_quantity":null,"tiered_pricing_roles_data":[],"tiered_pricing_percentage_rules":[],"tiered_pricing_maximum_quantity":null,"tiered_pricing_quantity_step":null,"_links":{"self":[{"href":"https:\/\/frvape.com\/lt\/wp-json\/wp\/v2\/product\/12694","targetHints":{"allow":["GET"]}}],"collection":[{"href":"https:\/\/frvape.com\/lt\/wp-json\/wp\/v2\/product"}],"about":[{"href":"https:\/\/frvape.com\/lt\/wp-json\/wp\/v2\/types\/product"}],"replies":[{"embeddable":true,"href":"https:\/\/frvape.com\/lt\/wp-json\/wp\/v2\/comments?post=12694"}],"wp:featuredmedia":[{"embeddable":true,"href":"https:\/\/frvape.com\/lt\/wp-json\/wp\/v2\/media\/12688"}],"wp:attachment":[{"href":"https:\/\/frvape.com\/lt\/wp-json\/wp\/v2\/media?parent=12694"}],"wp:term":[{"taxonomy":"product_brand","embeddable":true,"href":"https:\/\/frvape.com\/lt\/wp-json\/wp\/v2\/product_brand?post=12694"},{"taxonomy":"product_cat","embeddable":true,"href":"https:\/\/frvape.com\/lt\/wp-json\/wp\/v2\/product_cat?post=12694"},{"taxonomy":"product_tag","embeddable":true,"href":"https:\/\/frvape.com\/lt\/wp-json\/wp\/v2\/product_tag?post=12694"}],"curies":[{"name":"wp","href":"https:\/\/api.w.org\/{rel}","templated":true}]}}