{"id":1360,"date":"2025-10-12T01:08:41","date_gmt":"2025-10-12T01:08:41","guid":{"rendered":"https:\/\/frvape.com\/product\/elfbox-pulse-x-25000-disposable-vape-25k-puffs-rechargeable-design\/"},"modified":"2025-11-26T09:17:37","modified_gmt":"2025-11-26T09:17:37","slug":"elfbox-pulse-x-25000-vienkartinis-vape-25k-puffs-ikraunamas-dizainas","status":"publish","type":"product","link":"https:\/\/frvape.com\/lt\/product\/elfbox-pulse-x-25000-vienkartinis-vape-25k-puffs-ikraunamas-dizainas\/","title":{"rendered":"ElfBox Pulse-x 25000 vienkartini\u0173 svaigal\u0173 | 25 t\u016bkst. \u012fkv\u0117pim\u0173 | \u012ekraunamas dizainas"},"content":{"rendered":"<h3>Pristatome \"ElfBox Pulse-x 25000\": revoliucin\u0117 garinimo patirtis<\/h3>\n<p>Svetain\u0117 <strong>\"ElfBox Pulse-x\" 25000<\/strong> \u012fkraunamas vienkartinis vapingo ra\u0161iklis sukurtas taip, kad pakeist\u0173 j\u016bs\u0173 garinimo kelion\u0119 d\u0117l neprilygstamo na\u0161umo, \u012fsp\u016bdingo ilgaam\u017ei\u0161kumo ir naujovi\u0161k\u0173 funkcij\u0173. \u0160is prietaisas, skirtas tiek paprastiems vartotojams, tiek didmeniniams pirk\u0117jams, pasi\u017eymi stulbinan\u010diu <strong>25 000 \u012fpur\u0161kim\u0173<\/strong> paj\u0117gumai ir <strong>\u012fkraunamas<\/strong> C tipo funkcija, tod\u0117l tai ekologi\u0161kas ir ekonomi\u0161kas pasirinkimas garinimo rinkoje. D\u0117l savo <strong>dviguba tinklin\u0117 rit\u0117<\/strong> technologija ir daugyb\u0117 <strong>nikotino kiekis<\/strong>, \u0161is vape ra\u0161iklis nuo pat prad\u017ei\u0173 iki galo suteikia pastov\u0173, sodr\u0173 skon\u012f, puikiai patenkinant\u012f j\u016bs\u0173 potrauk\u012f.<\/p>\n<h3>Kod\u0117l verta rinktis \"ElfBox Pulse-x 25000\"?<\/h3>\n<p>Pasirinkite <strong>\"ElfBox Pulse-x<\/strong> kad b\u016bt\u0173 pritaikytos pa\u017eangiausios technologijos ir patogus naudojimas. Su savo <strong>ilgalaikis<\/strong> dizainas ir universalios specifikacijos, jis yra geriausias pasirinkimas:<\/p>\n<p><strong>Ilgesnis garinimo laikas:<\/strong> Patirtis iki <strong>25 000 \u012fpur\u0161kim\u0173<\/strong> \u012fprastu re\u017eimu, tod\u0117l gal\u0117site m\u0117gautis nepertraukiamu garinimu be da\u017eno keitimo. . <strong>18 ml e-skys\u010dio<\/strong> talpa maksimaliai padidina naudojim\u0105 ir suma\u017eina atliek\u0173 kiek\u012f.<\/p>\n<p><strong>Pa\u017eangi \u0161ildymo sistema:<\/strong> Sukurtas su <strong>dviguba tinklin\u0117 rit\u0117<\/strong> s\u0105ranka (<strong>0,8ohm+0,8ohm<\/strong>), prietaisas u\u017etikrina skland\u0173, tank\u0173 garavim\u0105 ir sustiprina aromato skleidim\u0105 kiekvieno d\u016bmo metu. Sujungtas su <strong>AI galios reguliavimas<\/strong>, \u0161i technologija prisitaiko prie j\u016bs\u0173 garinimo \u012fpro\u010di\u0173 ir u\u017etikrina optimal\u0173 veikim\u0105.<\/p>\n<p><strong>Lanks\u010dios nikotino parinktys:<\/strong> Pritaikykite savo garinim\u0105 naudodami tiksli\u0105 <strong>nikotinas<\/strong> pasirinkimai - pasirinkite i\u0161 <strong>0%, 2%, 3% ir 5%<\/strong>. Nesvarbu, ar m\u0117gstate lengv\u0105 be nikotino, ar stipresn\u012f skon\u012f. <strong>\"ElfBox Pulse-x<\/strong> atitinka visus pageidavimus.<\/p>\n<p><strong>I\u0161maniosios ir ekologi\u0161kos funkcijos:<\/strong> \u012erengtas <strong>3D lenktas ekranas<\/strong> ir <strong>VPU vidus<\/strong> jutikliai, skydelis rodo svarbiausi\u0105 informacij\u0105, o <strong>\u012fkraunamas<\/strong> 750 mAh akumuliatorius u\u017etikrina tvarum\u0105 naudojant C tipo \u012fkrovim\u0105. <strong>Impulsin\u0117 galia<\/strong> ir <strong>\"Super Boost<\/strong> Re\u017eimai leid\u017eia pritaikyti garinim\u0105, pagal poreik\u012f padidinant gar\u0173 kiek\u012f.<\/p>\n<h3>\u012evairi\u0173 skoni\u0173 asortimentas<\/h3>\n<p>Pasim\u0117gaukite m\u016bs\u0173 pla\u010dia e. sul\u010di\u0173 kolekcija, kruop\u0161\u010diai sukurta taip, kad d\u017eiugint\u0173 j\u016bs\u0173 skonio receptorius. Kiekvienas <strong>\"ElfBox Pulse-x<\/strong> skonis yra sodrus, vientisas, j\u012f papildo lediniai atspalviai arba vaisinis gaivumas:<\/p>\n<p><strong>Bra\u0161ki\u0173 ledai<\/strong><br \/><strong>\"Lush Ice<\/strong><br \/><strong>Bra\u0161ki\u0173 arb\u016bzas<\/strong><br \/><strong>Vy\u0161ni\u0173 soda<\/strong><br \/><strong>Bra\u0161ki\u0173 bananai<\/strong><br \/><strong>M\u0117lynasis \"Razz Ice<\/strong><br \/><strong>Kiviai pasiflor\u0173 vaisiai<\/strong><br \/><strong>Vynuogi\u0173 ledas<\/strong><br \/><strong>\"Red Bull<\/strong><br \/><strong>Persik\u0173 ledas<\/strong><\/p>\n<p>Su <strong>10 skirting\u0173 skoni\u0173<\/strong>, galite keisti gaivius \u0161aldytuvus ir egzoti\u0161k\u0173 vaisi\u0173 mi\u0161inius, kad patirtum\u0117te asmenin\u012f nuotyk\u012f.<\/p>\n<h3>I\u0161samios produkto specifikacijos<\/h3>\n<p>Svetain\u0117 <strong>\"ElfBox Pulse-x\" 25000<\/strong> pirmenyb\u0117 teikiama patikimai surinkimo kokybei ir techninei kompetencijai. Su\u017einokite, kod\u0117l jo specifikacijos yra pirmaujan\u010dios pramon\u0117je:<\/p>\n<p><strong>Puff talpa<\/strong>: \u012eprastas re\u017eimas (25 000 \u012fpur\u0161kim\u0173), impulsinis re\u017eimas (15 000 \u012fpur\u0161kim\u0173)<br \/><strong>Rit\u0117s s\u0105ranka<\/strong>: <strong>Dviguba tinklelio rit\u0117<\/strong>, 0,8ohm+0,8ohm konfig\u016bracija<br \/><strong>E-skys\u010dio t\u016bris<\/strong>: Didel\u0117 18 ml talpa<br \/><strong>Stipriosios nikotino savyb\u0117s<\/strong>: Parinktys <strong>0%, 2%, 3%, 5%<\/strong><br \/><strong>Akumuliatorius<\/strong>: Galingas 750 mAh <strong>\u012fkraunamas<\/strong> akumuliatorius (apytikris 13500 mAh ekvivalentas), C tipo \u012fkrovimo s\u0105saja<br \/><strong>Ekranas<\/strong>: Inovatyvus <strong>3D lenktas ekranas<\/strong> steb\u0117ti realiuoju laiku<br \/><strong>Technin\u0117s funkcijos<\/strong>: \u012etraukiama <strong>AI galios reguliavimas<\/strong>, <strong>Impulsin\u0117 galia<\/strong>, <strong>\"Super Boost<\/strong>, ir VPU Inside, skirtas patobulintam valdymui<br \/><strong>Matmenys ir svoris<\/strong>: Kompakti\u0161kas dydis - 91,5 * 56,5 * 28,5 mm ir nedidelis svoris - 100 g vienam vienetui.<br \/><strong>Pakuot\u0117s detal\u0117s<\/strong>: Atskiri prietaisai yra pagrindin\u0117se d\u0117\u017eut\u0117se (po 5 vnt. vienoje d\u0117\u017eut\u0117je); kartonini\u0173 d\u0117\u017eu\u010di\u0173 kiekis - 100 vnt. vienoje d\u0117\u017eut\u0117je, d\u0117\u017eut\u0117s matmenys 375*370*226 mm, bruto svoris 12,55 kg.<\/p>\n<h3>Idealiai tinka vaperiams ir didmeniniams pirk\u0117jams<\/h3>\n<p>Su savo <strong>didelis puok\u0161\u010di\u0173 skai\u010dius<\/strong> ir <strong>\u012fkraunamas<\/strong> funkcionalum\u0105. <strong>\"ElfBox Pulse-x<\/strong> suma\u017eina keitimo i\u0161laidas ir poveik\u012f aplinkai, tod\u0117l puikiai tinka asmeniniam naudojimui ar dideliems u\u017esakymams. Jo <strong>dviguba tinklin\u0117 rit\u0117<\/strong> u\u017etikrina nuosekl\u0173 aromato i\u0161siskyrim\u0105, o <strong>nikotino lankstumas<\/strong> tenkina \u012fvairius naudotoj\u0173 poreikius. Investuokite \u012f \u0161\u012f auk\u0161\u010diausios kokyb\u0117s vape ra\u0161ikl\u012f jau \u0161iandien - nesvarbu, ar tai b\u016bt\u0173 asmeninis malonumas, ar ma\u017emenin\u0117 prekyba, jis \u017eada auk\u0161\u010diausio lygio pasitenkinim\u0105, kur\u012f u\u017etikrina pa\u017eangiausios technologijos.<\/p>","protected":false},"excerpt":{"rendered":"<p>Gaukite <strong>\"ElfBox Pulse-x\" 25000<\/strong> \u012fkraunamas vienkartinis vape ra\u0161iklis, suteikiantis iki <strong>25 000 \u012fpur\u0161kim\u0173<\/strong> vienam \u012frenginiui su <strong>dviguba tinklin\u0117 rit\u0117<\/strong> technologija. Galima \u012fsigyti <strong>0%\/2%\/3%\/5% nicotine<\/strong> stipriosios savyb\u0117s ir \u012fvair\u016bs skoniai.<\/p>","protected":false},"featured_media":1354,"comment_status":"open","ping_status":"closed","template":"","meta":[],"product_brand":[206],"product_cat":[207],"product_tag":[245,246,112,244,243,115],"class_list":{"0":"post-1360","1":"product","2":"type-product","3":"status-publish","4":"has-post-thumbnail","6":"product_brand-elfbox","7":"product_cat-elfbox-vape","8":"product_tag-25k-puffs","9":"product_tag-adjustable-nicotine","10":"product_tag-disposable-vape","11":"product_tag-dual-mesh-coil","12":"product_tag-elfbox-pulse-x-25000","13":"product_tag-rechargeable-vape","15":"first","16":"instock","17":"sale","18":"shipping-taxable","19":"purchasable","20":"product-type-variable"},"jetpack_sharing_enabled":true,"tiered_pricing_type":"fixed","tiered_pricing_fixed_rules":[],"tiered_pricing_product_settings":{"layout":"default","base_unit_name":{"singular":null,"plural":null},"default_variation":null},"tiered_pricing_minimum_quantity":null,"tiered_pricing_roles_data":[],"tiered_pricing_percentage_rules":[],"tiered_pricing_maximum_quantity":null,"tiered_pricing_quantity_step":null,"_links":{"self":[{"href":"https:\/\/frvape.com\/lt\/wp-json\/wp\/v2\/product\/1360","targetHints":{"allow":["GET"]}}],"collection":[{"href":"https:\/\/frvape.com\/lt\/wp-json\/wp\/v2\/product"}],"about":[{"href":"https:\/\/frvape.com\/lt\/wp-json\/wp\/v2\/types\/product"}],"replies":[{"embeddable":true,"href":"https:\/\/frvape.com\/lt\/wp-json\/wp\/v2\/comments?post=1360"}],"wp:featuredmedia":[{"embeddable":true,"href":"https:\/\/frvape.com\/lt\/wp-json\/wp\/v2\/media\/1354"}],"wp:attachment":[{"href":"https:\/\/frvape.com\/lt\/wp-json\/wp\/v2\/media?parent=1360"}],"wp:term":[{"taxonomy":"product_brand","embeddable":true,"href":"https:\/\/frvape.com\/lt\/wp-json\/wp\/v2\/product_brand?post=1360"},{"taxonomy":"product_cat","embeddable":true,"href":"https:\/\/frvape.com\/lt\/wp-json\/wp\/v2\/product_cat?post=1360"},{"taxonomy":"product_tag","embeddable":true,"href":"https:\/\/frvape.com\/lt\/wp-json\/wp\/v2\/product_tag?post=1360"}],"curies":[{"name":"wp","href":"https:\/\/api.w.org\/{rel}","templated":true}]}}