{"id":2697,"date":"2025-10-12T03:54:42","date_gmt":"2025-10-12T03:54:42","guid":{"rendered":"https:\/\/frvape.com\/product\/razz-bar-40000-puff-disposable-vape-rechargeable-dual-flavor-device\/"},"modified":"2025-12-16T08:45:39","modified_gmt":"2025-12-16T08:45:39","slug":"razz-baras-40000-puff-vienkartinis-vape-ikraunamas-dvigubo-skonio-prietaisas","status":"publish","type":"product","link":"https:\/\/frvape.com\/lt\/product\/razz-baras-40000-puff-vienkartinis-vape-ikraunamas-dvigubo-skonio-prietaisas\/","title":{"rendered":"\"Razz Bar 40000 Puff Disposable Vape\" - \u012fkraunamas dvigubo skonio prietaisas"},"content":{"rendered":"<h3>Neprilygstama garinimo i\u0161tverm\u0117<\/h3>\n<p>Perversm\u0105 suk\u0117l\u0119s <strong>\"Razz Bar\" 40000 puff<\/strong> vienkartiniai vape i\u0161 naujo apibr\u0117\u017eia vienkartini\u0173 prietais\u0173 ilgaam\u017ei\u0161kum\u0105. \u0160is revoliucinis gaminys, pasi\u017eymintis did\u017eiule elektronini\u0173 sul\u010di\u0173 talpa, ta\u010diau i\u0161laikantis ki\u0161en\u0117je patog\u0173 ne\u0161iojim\u0105si, u\u017etikrina 40 000 maloni\u0173 \u012fkv\u0117pim\u0173 viename \u012frenginyje - tai net 400% daugiau nei standartiniai vienkartiniai aparatai. Nepaisant nepaprast\u0173 galimybi\u0173, m\u016bs\u0173 ergonomi\u0161kas dizainas u\u017etikrina patog\u0173 kasdien\u012f ne\u0161iojim\u0105 be dideli\u0173 gabarit\u0173.<\/p>\n<h3>Pa\u017eangi dvigubo skonio naujov\u0117<\/h3>\n<p>Patirkite skonio tobulum\u0105 su m\u016bs\u0173 novatori\u0161ku <strong>tinklin\u0117 rit\u0117 su dvigubu rezervuaru<\/strong> sistema. \u0160i pa\u017eangiausia technologija atskiria dvi skirtingas <strong>e. skystis<\/strong> profiliai izoliuotose kamerose, kurie suaktyvinami pakaitomis kiekvieno i\u0161traukimo metu, kad b\u016bt\u0173 sukurti ry\u0161k\u016bs skonio deriniai. Auk\u0161tos kokyb\u0117s tinklin\u0117s rit\u0117s i\u0161pur\u0161kia elektronines sultis optimalioje temperat\u016broje, i\u0161skirdamos precedento neturint\u012f skonio skaidrum\u0105 ir gar\u0173 gaus\u0105, kartu pa\u0161alindamos sausus sm\u016bgius.<\/p>\n<h3>\"Power That Keeps Goes Going<\/h3>\n<p>Daugiau niekada nebesusidurkite su nusivylimu d\u0117l i\u0161sikrovusios baterijos! M\u016bs\u0173 integruotas <strong>650 mAh \u012fkraunamas<\/strong> li\u010dio akumuliatorius u\u017etikrina pastov\u0173 energijos tiekim\u0105 per vis\u0105 40 000 \u012fkv\u0117pim\u0173 kelion\u0119. Patogus <strong>C tipo<\/strong> USB greitojo \u012fkrovimo prievadas leid\u017eia visi\u0161kai \u012fkrauti baterij\u0105 grei\u010diau nei per 60 minu\u010di\u0173, tod\u0117l tai i\u0161ties patogu mobiliam gyvenimo b\u016bdui.<\/p>\n<h3>I\u0161skirtinio skonio kolekcijos<\/h3>\n<p>Pasim\u0117gaukite m\u016bs\u0173 auk\u0161\u010diausios kokyb\u0117s pasirinkimu, kur\u012f sudaro 10 dvigubo skonio derini\u0173, parinkt\u0173 i\u0161lavintam skoniui:<\/p>\n<p>Mi\u0161rios uogos \/ arb\u016bzo ledas<br \/>M\u0117lyni\u0173 ledai \/ Meil\u0117 66<br \/>Blue Razz Ice \/ Bra\u0161ki\u0173 arb\u016bzo kramtomoji guma<br \/>Citrin\u0173 kalk\u0117s \/ \"Lush Ice<br \/>Bra\u0161ki\u0173 ledai \/ mi\u0161rios uogos<br \/>Bra\u0161ki\u0173 arb\u016bzas \/ vynuogi\u0173 ledas<br \/>Persik\u0173 ledas \/ m\u0117lyni\u0173 ledas<br \/>Arb\u016bz\u0173 ledas \/ Kolos ledas<br \/>Bra\u0161ki\u0173 bananai \/ \"Red Bull Ice<br \/>Bra\u0161ki\u0173 kivi \/ M\u0117lyni\u0173 r\u016bg\u0161\u010di\u0173j\u0173 avie\u010di\u0173<\/p>\n<h3>\"Premium\" specifikacijos<\/h3>\n<p>Kiekvienas <strong>\"Razz Bar\" 40000<\/strong> tiksliai suprojektuotas su: 40 000 nuosekli\u0173 \u012fkv\u0117pim\u0173; didelio na\u0161umo 650 mAh <strong>\u012fkraunamas akumuliatorius<\/strong>; Patentuota <strong>tinklelio rit\u0117<\/strong> Dvigubo rezervuaro sistema; Universalus C tipo \u012fkrovimas; Kompakti\u0161ka, ta\u010diau didel\u0117s talpos va\u017eiuokl\u0117; Keli nikotino stiprumai (2% ir 5%) asmeniniam pasitenkinimui; Didmenin\u0117 kartonin\u0117 pakuot\u0117 (200 vnt.\/kartonas) komerciniams klientams.<\/p>\n<h3>\u012esipareigojimas siekti meistri\u0161kumo<\/h3>\n<p>Nuo 2017 m. kaip inovatoriai, <strong>Razz bar vape<\/strong> skiria savo patirt\u012f, kad sukurt\u0173 auk\u0161\u010diausios kokyb\u0117s <strong>elektronin\u0117 cigaret\u0117<\/strong> rafinuot\u0173 suaugusi\u0173j\u0173 vaperi\u0173 patirtis. Mes deriname auk\u0161\u010diausios kokyb\u0117s skonius su neprilygstamu patogumu. <strong>vienkartiniai vape<\/strong> technologija, u\u017etikrinanti ki\u0161enei draugi\u0161kus sprendimus, nesuma\u017einant debes\u0173 tankio ir skonio autenti\u0161kumo. M\u016bs\u0173 kruop\u0161tus gamybos procesas garantuoja, kad kiekvienas prietaisas atitinka grie\u017etus kokyb\u0117s standartus.<\/p>\n<h3>\u012e vartotoj\u0105 orientuoto dizaino filosofija<\/h3>\n<p>Svetain\u0117 <strong>Baras \"Razz\" 40K<\/strong> intuityviai veikiantis traukimo mechanizmas - tiesiog \u012fkv\u0117pkite ir i\u0161 karto m\u0117gaukit\u0117s sodriais garais. Nesandari konstrukcija ir optimizuotas oro srautas u\u017etikrina skland\u0173 veikim\u0105 bet kokiomis s\u0105lygomis. \u0160is \u0161edevras puikiai tinka tiek naujokams, tiek patyrusiems garinimo entuziastams, nes jo d\u0117ka nebereikia keisti rit\u0117s, pildyti talpyklos ir spr\u0119sti technini\u0173 problem\u0173, o tai suteikia auk\u0161\u010diausios kokyb\u0117s pasitenkinim\u0105.<\/p>\n<p>Pagerinkite kiekvien\u0105 garinimo akimirk\u0105 su m\u016bs\u0173 apgalvotai sukurtu gaminiu. Integruodami <strong>\u012fkraunamas<\/strong> vienkartinio formato funkcionalum\u0105, suk\u016br\u0117me ekonomi\u0161kiausi\u0105 ir ekologi\u0161kiausi\u0105 sprendim\u0105 rinkoje. . <strong>40000 puff<\/strong> talpa smarkiai suma\u017eina prietais\u0173 apyvart\u0105, o d\u0117l prieinamos kainos prabangus garinimas tampa i\u0161ties demokrati\u0161kas.<\/p>","protected":false},"excerpt":{"rendered":"<p>Patirkite ilgalaik\u012f garinim\u0105 su <strong>\"Razz Bar 40000 Puff<\/strong> vienkartinis vape. \u012erengtas <strong>\u012fkraunamas<\/strong> 650 mAh akumuliatorius, naujovi\u0161kas <strong>tinklin\u0117 rit\u0117 su dvigubu rezervuaru<\/strong>, ir 10 viliojan\u010di\u0173 dvigubo skonio variant\u0173.<br \/>M\u0117gaukit\u0117s geriausiais pramon\u0117je puodais ne\u0161iojamoje konstrukcijoje su <strong>C tipo<\/strong> \u012fkrovimas.<\/p>","protected":false},"featured_media":2692,"comment_status":"open","ping_status":"closed","template":"","meta":[],"product_brand":[70],"product_cat":[893],"product_tag":[363,365,364,77,362,75],"class_list":{"0":"post-2697","1":"product","2":"type-product","3":"status-publish","4":"has-post-thumbnail","6":"product_brand-razzbar","7":"product_cat-razzbar","8":"product_tag-40000-puff-vape","9":"product_tag-650mah-vape","10":"product_tag-dual-flavor-vape-kit","11":"product_tag-mesh-coil-vape","12":"product_tag-razz-bar-40000-puff","13":"product_tag-rechargeable-disposable-vape","15":"first","16":"instock","17":"sale","18":"shipping-taxable","19":"purchasable","20":"product-type-variable"},"jetpack_sharing_enabled":true,"tiered_pricing_type":"fixed","tiered_pricing_fixed_rules":[],"tiered_pricing_product_settings":{"layout":"default","base_unit_name":{"singular":null,"plural":null},"default_variation":null},"tiered_pricing_minimum_quantity":null,"tiered_pricing_roles_data":[],"tiered_pricing_percentage_rules":[],"tiered_pricing_maximum_quantity":null,"tiered_pricing_quantity_step":null,"_links":{"self":[{"href":"https:\/\/frvape.com\/lt\/wp-json\/wp\/v2\/product\/2697","targetHints":{"allow":["GET"]}}],"collection":[{"href":"https:\/\/frvape.com\/lt\/wp-json\/wp\/v2\/product"}],"about":[{"href":"https:\/\/frvape.com\/lt\/wp-json\/wp\/v2\/types\/product"}],"replies":[{"embeddable":true,"href":"https:\/\/frvape.com\/lt\/wp-json\/wp\/v2\/comments?post=2697"}],"wp:featuredmedia":[{"embeddable":true,"href":"https:\/\/frvape.com\/lt\/wp-json\/wp\/v2\/media\/2692"}],"wp:attachment":[{"href":"https:\/\/frvape.com\/lt\/wp-json\/wp\/v2\/media?parent=2697"}],"wp:term":[{"taxonomy":"product_brand","embeddable":true,"href":"https:\/\/frvape.com\/lt\/wp-json\/wp\/v2\/product_brand?post=2697"},{"taxonomy":"product_cat","embeddable":true,"href":"https:\/\/frvape.com\/lt\/wp-json\/wp\/v2\/product_cat?post=2697"},{"taxonomy":"product_tag","embeddable":true,"href":"https:\/\/frvape.com\/lt\/wp-json\/wp\/v2\/product_tag?post=2697"}],"curies":[{"name":"wp","href":"https:\/\/api.w.org\/{rel}","templated":true}]}}