{"id":2726,"date":"2025-10-12T03:56:51","date_gmt":"2025-10-12T03:56:51","guid":{"rendered":"https:\/\/frvape.com\/product\/elfbox-ls15000-disposable-vape-15000-puffs-mesh-coil-rechargeable-device\/"},"modified":"2025-11-03T05:34:03","modified_gmt":"2025-11-03T05:34:03","slug":"elfbox-ls15000-vienkartinis-vape-15000-puffs-akiu-rite-ikraunamas-prietaisas","status":"publish","type":"product","link":"https:\/\/frvape.com\/lt\/product\/elfbox-ls15000-vienkartinis-vape-15000-puffs-akiu-rite-ikraunamas-prietaisas\/","title":{"rendered":"\"Elfbox LS15000 Disposable Vape\" - 15000 d\u016bm\u0173, tinklelio rit\u0117, \u012fkraunamas prietaisas"},"content":{"rendered":"<h3>\"Premium\" vienkartini\u0173 garinimo priemoni\u0173 apibr\u0117\u017eimas i\u0161 naujo<\/h3>\n<p>Svetain\u0117 <strong>ELF\u0172 D\u0116\u017dUT\u0116 LS15000<\/strong> nustato naujus vienkartini\u0173 vape ra\u0161ikli\u0173 standartus, derindama prabang\u0105 ir pa\u017eangiausias savybes. D\u0117l i\u0161skirtinio kristal\u0173 dizaino ir <strong>15 000 \u012fkv\u0117pim\u0173<\/strong> talpa, \u0161is prietaisas suteikia puiki\u0105 garinimo patirt\u012f tiek paprastiems naudotojams, tiek entuziastams. Jo kruop\u0161\u010diai sukurta i\u0161or\u0117 ne tik traukia ak\u012f - ilgaam\u017e\u0117 konstrukcija atlaiko kasdien\u012f naudojim\u0105 ir i\u0161laiko auk\u0161\u010diausios kokyb\u0117s estetik\u0105, kuri pagerina j\u016bs\u0173 garinimo kelion\u0119.<\/p>\n<h3>Pa\u017eangios technologin\u0117s inovacijos<\/h3>\n<p>\u0160irdis <strong>\"Elfbox LS15000<\/strong> slypi jos revoliucinis <strong>0,6 om\u0173 tinklelio rit\u0117<\/strong>sukurtas taip, kad i\u0161 j\u016bs\u0173 elektroninio skys\u010dio b\u016bt\u0173 i\u0161gautas kiekvienas skonio niuansas. \u0160i sud\u0117tinga kaitinimo sistema sukuria itin sodrius garus, kurie yra neprilygstamai pastov\u016bs nuo pirmo iki paskutinio d\u016b\u017eio. Maitinama dideliu kiekiu <strong>600 mAh akumuliatorius<\/strong> su <strong>C tipo greitasis \u012fkrovimas<\/strong>, m\u0117gautis minimalia prastova ir maksimaliu garinimo sesij\u0173 skai\u010diumi tarp \u012fkrovim\u0173. I\u0161manioji mikroschema stebi i\u0161vest\u012f, kad b\u016bt\u0173 u\u017etikrintas skonio stabilumas per vis\u0105 prietaiso naudojimo laik\u0105.<\/p>\n<h3>\u012evairios nikotino parinktys<\/h3>\n<p>Pritaikykite savo patirt\u012f, naudodami skirtingas nikotino koncentracijas: <strong>0%<\/strong> m\u0117gautis be nikotino, <strong>2%<\/strong> vidutinio pasitenkinimo atveju, arba <strong>5%<\/strong> intensyviam poveikiui gerkl\u0117je. \u0160is asortimentas atitinka visus pageidavimus, nesvarbu, ar norite mesti r\u016bkyti, ar ma\u017einti nikotino kiek\u012f, ar ie\u0161kote stipraus pasitenkinimo be joki\u0173 kompromis\u0173. Kiekviename variante yra <strong>26ml<\/strong> auk\u0161\u010diausios kokyb\u0117s elektroninio skys\u010dio, tiksliai pritaikyto tinklin\u0117s rit\u0117s sistemai.<\/p>\n<h3>Puikus skonio pasirinkimas<\/h3>\n<p>Atraskite savo tobul\u0105 derin\u012f su m\u016bs\u0173 gurmani\u0161kais skonio profiliais:<\/p>\n<ul>\n<li><strong>Mango bananas<\/strong> - Tropinis prinokusi\u0173 mang\u0173 ir kremini\u0173 banan\u0173 derinys<\/li>\n<li><strong>Kiviai pasiflor\u0173 vaisiai<\/strong> - Pikanti\u0161kas egzoti\u0161kas mi\u0161inys<\/li>\n<li><strong>Bra\u0161ki\u0173 arb\u016bzas<\/strong> - Vasaros saldumo sprogimas<\/li>\n<li><strong>Vynuogi\u0173 ledas<\/strong> - Sultingos vynuog\u0117s su at\u0161aldyta pabaiga<\/li>\n<li><strong>Bra\u0161ki\u0173 ledai<\/strong> - Klasikin\u0117s uogos ir \u0161altas mentolis<\/li>\n<li><strong>Gervuogi\u0173 ledas<\/strong> - Dr\u0105sios uogos su lediniais atspalviais<\/li>\n<li><strong>Bra\u0161ki\u0173 kiviai<\/strong> - Gyvybinga dviej\u0173 vaisi\u0173 harmonija<\/li>\n<li><strong>M\u0117lyn\u0117s ant ledo<\/strong> - V\u0117sus m\u0117lyni\u0173 poj\u016btis<\/li>\n<li><strong>Arb\u016bz\u0173 ledas<\/strong> - Dr\u0117kinamasis \u0161al\u010dio malonumas<\/li>\n<li><strong>Blue Razz limonadas<\/strong> - Kartus ir gaivus g\u0117rim\u0173 \u012fkv\u0117ptas<\/li>\n<li><strong>Mi\u0161rios uogos<\/strong> - Sud\u0117tinga uog\u0173 mi\u0161rain\u0117<\/li>\n<li><strong>Persik\u0173 Mango Ananas\u0173<\/strong> - Saul\u0117je prinokusi\u0173 tropini\u0173 augal\u0173 trijul\u0117<\/li>\n<\/ul>\n<h3>Tiksliosios in\u017einerijos specifikacijos<\/h3>\n<p>Kiekvienas matmuo optimizuotas pagal na\u0161um\u0105: <strong>124,5*31,5 mm<\/strong> kompakti\u0161ko dyd\u017eio, sveria vos <strong>91g<\/strong> nepastebimai telpa rankoje. Reik\u0161mingas <strong>26ml e. sul\u010di\u0173<\/strong> rezervuaras suporuotas su <strong>tinklin\u0117s rit\u0117s technologija<\/strong> u\u017etikrina 15 000 nuosekli\u0173 \u012fkv\u0117pim\u0173. Tvirtos, bet eleganti\u0161kos konstrukcijos galingas <strong>600 mAh \u012fkraunamas akumuliatorius<\/strong> su <strong>C tipo<\/strong> patogus universalaus \u012fkrovimo suderinamumas. Apgalvota oro srauto konstrukcija subalansuoja gar\u0173 tank\u012f ir skland\u0173 \u012ftraukim\u0105.<\/p>\n<h3>Didmenin\u0117s pakuot\u0117s detal\u0117s<\/h3>\n<p>Idealiai tinka ma\u017emenininkams ir platintojams: Kompakti\u0161kos gabenimo d\u0117\u017eut\u0117s (<strong>410*405*297 mm<\/strong>, <strong>20,5 kg<\/strong>) yra <strong>200 vienet\u0173<\/strong> viename pagrindiniame d\u0117kle su saugiomis vidin\u0117mis d\u0117\u017eut\u0117mis <strong>10 \u012frengini\u0173<\/strong> kiekvienas. Paruo\u0161tos sud\u0117ti pakuot\u0117s demonstruoja <strong>\"Elfbox LS15000<\/strong> kristalinis dizainas per apsaugin\u012f vitrinin\u012f ekran\u0105. Optimizuoti matmenys padidina sand\u0117liavimo efektyvum\u0105 ir suma\u017eina gabenimo i\u0161laidas.<\/p>\n<h3>Did\u017eiausias garinimo palydovas<\/h3>\n<p>Svetain\u0117 <strong>ELF\u0172 D\u0116\u017dUT\u0116 LS15000<\/strong> yra esminis \u0161uolis <strong>vienkartin\u0117 vape technologija<\/strong>. Derinant stulbinam\u0105 pu\u010diam\u0173j\u0173 paj\u0117gum\u0105 su <strong>C tipo \u012fkrovimas<\/strong> prakti\u0161kumas ir <strong>tinklelio rit\u0117<\/strong> skonio meistri\u0161kumo, jis paver\u010dia tradicinius vienkartinius gaminius pasenusiais. Kiekvienas elementas - nuo kristal\u0173 \u012fkv\u0117ptos estetikos iki kruop\u0161\u010diai suprojektuotos gar\u0173 gamybos - yra skirtas i\u0161rankiems vaperiams. LS15000 u\u017etikrina auk\u0161\u010diausios kokyb\u0117s pasitenkinim\u0105 be pasikartojim\u0173, tod\u0117l tai yra ir i\u0161skirtinis asmeninis prietaisas, ir pelningas didmenin\u0117s prekybos produktas.<\/p>","protected":false},"excerpt":{"rendered":"<p>Patirkite auk\u0161\u010diausios kokyb\u0117s <strong>\"Elfbox LS15000<\/strong> <strong>vienkartiniai vape<\/strong> su <strong>15 000 \u012fkv\u0117pim\u0173<\/strong>, i\u0161pl\u0117stinis <strong>tinklin\u0117s rit\u0117s technologija<\/strong>, C tipo greitasis \u012fkrovimas ir 26 ml e. skys\u010dio talpa. Galima \u012fsigyti 0%\/2%\/5% nikotino stiprumo.<\/p>","protected":false},"featured_media":2720,"comment_status":"open","ping_status":"closed","template":"","meta":[],"product_brand":[206],"product_cat":[1017,207],"product_tag":[367,366,86,103,271,368],"class_list":{"0":"post-2726","1":"product","2":"type-product","3":"status-publish","4":"has-post-thumbnail","6":"product_brand-elfbox","7":"product_cat-crystal-vapes","8":"product_cat-elfbox-vape","9":"product_tag-15000-puff-vape","10":"product_tag-elfbox-ls15000","11":"product_tag-mesh-coil-disposable","12":"product_tag-rechargeable-e-cigarette","13":"product_tag-type-c-vape","14":"product_tag-wholesale-vapes","16":"first","17":"instock","18":"sale","19":"shipping-taxable","20":"purchasable","21":"product-type-variable"},"jetpack_sharing_enabled":true,"tiered_pricing_type":"fixed","tiered_pricing_fixed_rules":[],"tiered_pricing_product_settings":{"layout":"default","base_unit_name":{"singular":null,"plural":null},"default_variation":null},"tiered_pricing_minimum_quantity":null,"tiered_pricing_roles_data":[],"tiered_pricing_percentage_rules":[],"tiered_pricing_maximum_quantity":null,"tiered_pricing_quantity_step":null,"_links":{"self":[{"href":"https:\/\/frvape.com\/lt\/wp-json\/wp\/v2\/product\/2726","targetHints":{"allow":["GET"]}}],"collection":[{"href":"https:\/\/frvape.com\/lt\/wp-json\/wp\/v2\/product"}],"about":[{"href":"https:\/\/frvape.com\/lt\/wp-json\/wp\/v2\/types\/product"}],"replies":[{"embeddable":true,"href":"https:\/\/frvape.com\/lt\/wp-json\/wp\/v2\/comments?post=2726"}],"wp:featuredmedia":[{"embeddable":true,"href":"https:\/\/frvape.com\/lt\/wp-json\/wp\/v2\/media\/2720"}],"wp:attachment":[{"href":"https:\/\/frvape.com\/lt\/wp-json\/wp\/v2\/media?parent=2726"}],"wp:term":[{"taxonomy":"product_brand","embeddable":true,"href":"https:\/\/frvape.com\/lt\/wp-json\/wp\/v2\/product_brand?post=2726"},{"taxonomy":"product_cat","embeddable":true,"href":"https:\/\/frvape.com\/lt\/wp-json\/wp\/v2\/product_cat?post=2726"},{"taxonomy":"product_tag","embeddable":true,"href":"https:\/\/frvape.com\/lt\/wp-json\/wp\/v2\/product_tag?post=2726"}],"curies":[{"name":"wp","href":"https:\/\/api.w.org\/{rel}","templated":true}]}}