{"id":4211,"date":"2025-10-12T05:57:58","date_gmt":"2025-10-12T05:57:58","guid":{"rendered":"https:\/\/frvape.com\/product\/doloda-db-7000-7000-puffs-disposable-vape-with-airflow-control-8-flavors\/"},"modified":"2025-10-12T05:58:06","modified_gmt":"2025-10-12T05:58:06","slug":"doloda-db-7000-7000-puffs-vienkartinis-vape-su-oro-srauto-valdymu-8-skoniai","status":"publish","type":"product","link":"https:\/\/frvape.com\/lt\/product\/doloda-db-7000-7000-puffs-vienkartinis-vape-su-oro-srauto-valdymu-8-skoniai\/","title":{"rendered":"\"Doloda Db 7000\": 7000 puf\u0173 vienkartini\u0173 vape su oro srauto valdymu ir 8 skoniais"},"content":{"rendered":"<h3>Revoliucin\u0117 ilgai trunkanti garinimo patirtis<\/h3>\n<p>Svetain\u0117 <strong>Doloda Db 7000<\/strong> i\u0161 naujo apibr\u0117\u017eia vienkartinio garinimo patogum\u0105 d\u0117l savo ypatingo <strong>7000 p\u016bkeli\u0173 talpa<\/strong>. \u0160is prietaisas sukurtas i\u0161tverm\u0117s m\u0117g\u0117jams, tod\u0117l jo nereikia nuolat keisti, o jo veikimas yra pastovus. Skirtingai nuo \u012fprast\u0173 vienkartini\u0173 priemoni\u0173, m\u016bs\u0173 integruotas <strong>500 mAh \u012fkraunama baterija<\/strong> palaiko i\u0161pl\u0117stin\u012f naudojim\u0105 per <strong>C tipo \u012fkrovimas<\/strong>, kad i\u0161gautum\u0117te kiekvien\u0105 gausiai i\u0161kept\u0105 d\u016bm\u0105. <strong>14ML i\u0161 anksto pripildytas elektroninis skystis<\/strong> rezervuaras.<\/p>\n<h3>Tiksli kontrol\u0117 ir auk\u0161\u010diausios kokyb\u0117s skoniai<\/h3>\n<p>Pritaikykite sesijas naudodami i\u0161pl\u0117stines <strong>oro srauto valdymas<\/strong> technologija, leid\u017eianti be vargo pereiti nuo grie\u017eto cigaret\u0117s u\u017etraukimo iki erdvaus, debesis gaudan\u010dio \u012fkv\u0117pimo. M\u016bs\u0173 <strong>nikotino druskos formul\u0117<\/strong> (0%\/2%\/3%\/5% parinktys) garantuoja greit\u0105 pasitenkinim\u0105 ir sklandesn\u012f gerkl\u0117s u\u017egniau\u017eim\u0105. Pasim\u0117gaukite 8 meistri\u0161kai sukurtais skoniais:<\/p>\n<p><strong>Kramtomasis me\u0161kiukas<\/strong> | <strong>\"Lush Ice<\/strong> | <strong>Pina Colada<\/strong> | <strong>Bra\u0161ki\u0173 bananai<\/strong><br \/><strong>Dvigubi obuoliai<\/strong> | <strong>M\u0117lynasis \"Razz Ice<\/strong> | <strong>Vynuogi\u0173 ledas<\/strong> | <strong>Bra\u0161ki\u0173 arb\u016bzas<\/strong><\/p>\n<h3>Neprilygstamos technin\u0117s specifikacijos<\/h3>\n<p>Kiekvienas <strong>Doloda Db 7000<\/strong> \u012f patog\u0173 naudoti prietais\u0105 sud\u0117ti sud\u0117tingi in\u017eineriniai sprendimai: <strong>7000 \u012fkv\u0117pim\u0173<\/strong> u\u017e vienet\u0105 - <strong>14ML druskos nikotino e-skys\u010dio<\/strong> - <strong>\u012ekraunama 500 mAh baterija<\/strong> - Patentuota <strong>oro srauto valdymas<\/strong> rinkit\u0117s - itin greitas <strong>C tipo \u012fkroviklis<\/strong> prievadas - Kompakti\u0161ka 10 prietais\u0173 ekrano pakuot\u0117. Optimizuota rit\u0117s sistema apsaugo nuo saus\u0173 sm\u016bgi\u0173 ir u\u017etikrina maksimal\u0173 skonio vientisum\u0105 visuose 8 variantuose.<\/p>\n<h3>Kod\u0117l vapers renkasi \"Doloda Db 7000<\/h3>\n<p>\u0160iai vienkartinei elektroninei cigaretei, kuri yra idealus sprendimas \"griebk ir ne\u0161iokis\", nereikalinga NULIN\u0116 prie\u017ei\u016bra - nereikia pildyti, keisti spiral\u0117s ar sud\u0117ting\u0173 nustatym\u0173. I\u0161skirtinis <strong>p\u016bkeli\u0173 skai\u010dius<\/strong> tod\u0117l idealiai tinka keliaujantiems, vis\u0105 dien\u0105 r\u016bkantiems ir norintiems mesti r\u016bkyti. Kiekvienas u\u017etraukimas suteikia sodri\u0173, sodri\u0173 gar\u0173, kurie b\u016bdingi <strong>nikotino druska<\/strong> sklandum\u0105, o ergonomi\u0161kas kandiklis u\u017etikrina patog\u0173 ilgesn\u012f seans\u0105. Pirkite m\u016bs\u0173 kruop\u0161\u010diai i\u0161bandytus skonius jau \u0161iandien.<\/p>\n<h3>Suprojektuota taip, kad b\u016bt\u0173 galima u\u017etikrinti patikimum\u0105<\/h3>\n<p>Sukonstruotas i\u0161 medicinin\u0117s klas\u0117s PCTG med\u017eiag\u0173 ir su daugybe apsaugini\u0173 priemoni\u0173 (per didel\u0117s \u012fkrovos \/ i\u0161krovos prevencija, trumpojo jungimo apsauga). <strong>Doloda Db 7000<\/strong> garantuoja be r\u016bpes\u010di\u0173 veikiant\u012f \u012frengin\u012f. I\u0161manioji akumuliatoriaus valdymo sistema u\u017etikrina pastov\u0173 na\u0161um\u0105 iki paskutinio d\u016b\u017eio. Suderinkite \u0161\u012f patikimum\u0105 su ne\u012ftik\u0117tinu <strong>7000 i\u0161pur\u0161kim\u0173 ilgaam\u017ei\u0161kumas<\/strong>, ir tur\u0117site vienkartin\u012f gamin\u012f, kuris pranoksta konkurentus ir kartu ma\u017eina aplinkos tar\u0161\u0105. Patirkite i\u0161tobulint\u0105 garinimo paprastum\u0105.<\/p>","protected":false},"excerpt":{"rendered":"<p>Svetain\u0117 <strong>Doloda Db 7000<\/strong> vienkartinis vape u\u017etikrina pirmaujan\u010di\u0105 pramon\u0117je <strong>7000 \u012fkv\u0117pim\u0173<\/strong> be jokios prie\u017ei\u016bros. \u012erengta <strong>reguliuojamas oro srauto valdymas<\/strong>, \u012fmontuotas <strong>500 mAh \u012fkraunama baterija<\/strong>, ir <strong>8 auk\u0161\u010diausios kokyb\u0117s skoniai<\/strong> 2%\/3%\/5% nikotino koncentracija. Puikiai tinka ilgesniam garinimui be papildym\u0173 ir r\u016bpes\u010di\u0173.<\/p>","protected":false},"featured_media":4205,"comment_status":"open","ping_status":"closed","template":"","meta":[],"product_brand":[224],"product_cat":[225],"product_tag":[494,495,493,285,103,172],"class_list":{"0":"post-4211","1":"product","2":"type-product","3":"status-publish","4":"has-post-thumbnail","6":"product_brand-doloda","7":"product_cat-doloda-vape","8":"product_tag-7000-puffs-disposable-vape","9":"product_tag-airflow-control-vape","10":"product_tag-doloda-db-7000","11":"product_tag-nicotine-salt-vape","12":"product_tag-rechargeable-e-cigarette","13":"product_tag-type-c-vape-pen","15":"first","16":"instock","17":"sale","18":"shipping-taxable","19":"purchasable","20":"product-type-variable"},"jetpack_sharing_enabled":true,"tiered_pricing_type":"fixed","tiered_pricing_fixed_rules":[],"tiered_pricing_product_settings":{"layout":"default","base_unit_name":{"singular":null,"plural":null},"default_variation":null},"tiered_pricing_minimum_quantity":null,"tiered_pricing_roles_data":[],"tiered_pricing_percentage_rules":[],"tiered_pricing_maximum_quantity":null,"tiered_pricing_quantity_step":null,"_links":{"self":[{"href":"https:\/\/frvape.com\/lt\/wp-json\/wp\/v2\/product\/4211","targetHints":{"allow":["GET"]}}],"collection":[{"href":"https:\/\/frvape.com\/lt\/wp-json\/wp\/v2\/product"}],"about":[{"href":"https:\/\/frvape.com\/lt\/wp-json\/wp\/v2\/types\/product"}],"replies":[{"embeddable":true,"href":"https:\/\/frvape.com\/lt\/wp-json\/wp\/v2\/comments?post=4211"}],"wp:featuredmedia":[{"embeddable":true,"href":"https:\/\/frvape.com\/lt\/wp-json\/wp\/v2\/media\/4205"}],"wp:attachment":[{"href":"https:\/\/frvape.com\/lt\/wp-json\/wp\/v2\/media?parent=4211"}],"wp:term":[{"taxonomy":"product_brand","embeddable":true,"href":"https:\/\/frvape.com\/lt\/wp-json\/wp\/v2\/product_brand?post=4211"},{"taxonomy":"product_cat","embeddable":true,"href":"https:\/\/frvape.com\/lt\/wp-json\/wp\/v2\/product_cat?post=4211"},{"taxonomy":"product_tag","embeddable":true,"href":"https:\/\/frvape.com\/lt\/wp-json\/wp\/v2\/product_tag?post=4211"}],"curies":[{"name":"wp","href":"https:\/\/api.w.org\/{rel}","templated":true}]}}