{"id":4607,"date":"2025-10-12T06:22:39","date_gmt":"2025-10-12T06:22:39","guid":{"rendered":"https:\/\/frvape.com\/product\/razz-bar-10000-puffs-disposable-vape-oil-refillable-with-mesh-coil\/"},"modified":"2025-11-24T09:11:06","modified_gmt":"2025-11-24T09:11:06","slug":"razz-baras-10000-puffs-vienkartiniai-vape-aliejus-pildomas-su-tinklelio-rites","status":"publish","type":"product","link":"https:\/\/frvape.com\/lt\/product\/razz-baras-10000-puffs-vienkartiniai-vape-aliejus-pildomas-su-tinklelio-rites\/","title":{"rendered":"\"Razz Bar 10000 Puffs\" vienkartinis vape - pakartotinai pripildomas aliejumi su tinklelio spirale"},"content":{"rendered":"<h3>\u012evadas<\/h3>\n<p>Svetain\u0117 <strong>\"Razz Bar\" 10000<\/strong> i\u0161 naujo apibr\u0117\u017eia patogum\u0105 vienkartini\u0173 vapingo aparat\u0173 rinkoje ir yra skirtas suaugusiems vartotojams, ie\u0161kantiems auk\u0161\u010diausios kokyb\u0117s technologij\u0173 ir i\u0161skirtinio skonio.<br \/>\u0160i elektronin\u0117 cigaret\u0117, turinti stulbinant\u012f 10 000 \u012fp\u016btim\u0173 skai\u010di\u0173 ir pakartotinai u\u017epildom\u0105 konstrukcij\u0105, u\u017etikrina vientis\u0105, ilgai trunkan\u010di\u0105 patirt\u012f ki\u0161en\u0117je esan\u010diame patogiame \u012frenginyje.<\/p>\n<h3>Produkto specifikacijos<\/h3>\n<p>I\u0161laisvinkite naujovi\u0173 gali\u0105 naudodami \u0161ias svarbiausias funkcijas:<br \/>- <strong>Puffs<\/strong>: Ma\u017edaug 10 000 \u012fkv\u0117pim\u0173 ilgesniems garinimo seansams.<br \/>- <strong>Talpa<\/strong>: 20 ml, panaudojant <strong>pakartotinai pripildoma alyva<\/strong> sistem\u0105, kad b\u016bt\u0173 suma\u017einta atliek\u0173 ir padidinta vert\u0117.<br \/>- <strong>Pakuot\u0117<\/strong>: 200 vienet\u0173 d\u0117\u017eut\u0117je, idealiai tinka perkant dideliais kiekiais.<br \/>- <strong>Aromatai<\/strong>: Rinkit\u0117s i\u0161 16 skirting\u0173 skoni\u0173, kurie tiks j\u016bs\u0173 skoniui.<br \/>- <strong>Akumuliatorius<\/strong>: 650 mAh <strong>\u012fkraunamas<\/strong> akumuliatori\u0173 per C tipo USB jungt\u012f, kad b\u016bt\u0173 u\u017etikrintas greitas ir patikimas maitinimas.<br \/>- <strong>Rit\u0117s technologija<\/strong>: Auk\u0161tos kokyb\u0117s <strong>tinklelio rit\u0117<\/strong> kad garai b\u016bt\u0173 sodresni ir aromatas b\u016bt\u0173 nuoseklus.<br \/>- <strong>Nikotino kiekis<\/strong>: Galima rinktis 2% arba 5% stiprumo, atsi\u017evelgiant \u012f \u012fvairius pageidavimus.<\/p>\n<h3>Skonio kolekcija<\/h3>\n<p>Pasim\u0117gaukite skoni\u0173 simfonija, kuri pagerins j\u016bs\u0173 garinimo kelion\u0119.<br \/>Svetain\u0117 <strong>\"Razz Bar\" 10000<\/strong> i\u0161 anksto pripildyta 16 \u012fvairi\u0173 skoni\u0173, kuri\u0173 kiekvienas sukurtas taip, kad b\u016bt\u0173 ledinis, vaisinis ar klasikinis.<br \/>Visas skoni\u0173 s\u0105ra\u0161as:<br \/>Persik\u0173 ledas<br \/>M\u0117lyni\u0173 ledas<br \/>Bra\u0161ki\u0173 kiviai<br \/>Arb\u016bz\u0173 ledas<br \/>Mamba<br \/>Persik\u0173 Mango Ananas\u0173<br \/>Kiviai Pasifloros vaisiai Gvajavos<br \/>Cola Ice<br \/>\"Red Bull Ice<br \/>Bra\u0161ki\u0173 ledai<br \/>\"Lush Ice<br \/>M\u0117lyni\u0173 vy\u0161ni\u0173 spanguoli\u0173<br \/>Blue Razz limonadas<br \/>Mi\u0161rios uogos<br \/>Kramtomasis me\u0161kiukas<br \/>Vy\u0161ni\u0173 ledas<br \/>Tur\u0117dami tok\u012f plat\u0173 pasirinkim\u0105, kiekvienas r\u016bkalius gali atrasti sau tinkamiausi\u0105 variant\u0105.<\/p>\n<h3>Puikus garinimo na\u0161umas<\/h3>\n<p>Patirkite neprilygstam\u0105 kokyb\u0119 su <strong>tinklelio rit\u0117<\/strong> technologija, sukurta taip, kad kiekvien\u0105 kart\u0105 i\u0161traukus cigaret\u0119 susidaryt\u0173 tir\u0161ti, aromatingi garai.<br \/>Svetain\u0117 <strong>\u012fkraunamas<\/strong> 650 mAh akumuliatorius ir C tipo USB prievadas u\u017etikrina greit\u0105 \u012fkrovim\u0105, tod\u0117l galima nepertraukiamai naudoti be prastov\u0173.<br \/>Be to, <strong>pakartotinai pripildoma alyva<\/strong> talpa rei\u0161kia, kad galite papildyti savo aparat\u0105 keliaudami, tod\u0117l jis yra ekologi\u0161kesnis. <strong>vienkartiniai vape<\/strong> pasirinkimas.<\/p>\n<h3>Apie \"Razz Bar<\/h3>\n<p>Did\u017eiuojam\u0117s, kad 2017 m, <strong>\"Razz Bar<\/strong> yra pirmaujanti j\u0117ga <strong>e. cigaret\u0117<\/strong> pramon\u0117, kurios specializacija - pa\u017eangiausi vienkartiniai sprendimai.<br \/>Tur\u0117dami profesionali\u0105 gamykl\u0105 ir atsidavusias komandas, \u012fskaitant in\u017einierius, rinkodaros specialistus, dizainerius ir pardavim\u0173 ekspertus, suk\u016br\u0117me savo prek\u0117s \u017eenkl\u0105, kad gal\u0117tume tiekti naujovi\u0161kus garinimo gaminius, atitinkan\u010dius pasaulinius vartotoj\u0173 poreikius.<br \/>Kiekvienas <strong>\"Razz Bar<\/strong> prietaisui taikomi grie\u017eti kokyb\u0117s kontrol\u0117s procesai, tokie kaip IQC, IPQC ir FQC, u\u017etikrinantys saugum\u0105 ir patikimum\u0105.<br \/>Sertifikuoti pagal tarptautinius standartus, tokius kaip CE ir RoHS, mes garantuojame meistri\u0161kum\u0105.<br \/>Vykdydami savo \u012fsipareigojimus, si\u016blome patikimas OEM ir ODM paslaugas, kurias remia m\u016bs\u0173 klient\u0173 lojalumo reputacija pasaulin\u0117je rinkoje.<\/p>\n<h3>Kod\u0117l verta rinktis \"Razz Bar 10000\"?<\/h3>\n<p>Su \u0161iuo dideliu oro balionu gal\u0117site gyventi be r\u016bpes\u010di\u0173. <strong>vienkartiniai vape<\/strong> kurie prilygsta daugkartinio naudojimo prietaisams.<br \/>Didel\u0117 20 ml talpa ir <strong>\u012fkraunamas<\/strong> funkcija suma\u017eina da\u017en\u0105 keitim\u0105, o pa\u017eangi <strong>tinklelio rit\u0117<\/strong> sustiprina skonio intensyvum\u0105 ir skland\u017eiai bei maloniai u\u017etraukia.<br \/>\"Razz Bar 10000\" puikiai tinka vis\u0173 lygi\u0173 r\u016bkoriams, nes suderina patogum\u0105, na\u0161um\u0105 ir daugyb\u0119 skoni\u0173, kad pagerint\u0173 j\u016bs\u0173 rutin\u0105.<\/p>","protected":false},"excerpt":{"rendered":"<p>Atraskite <strong>\"Razz Bar\" 10000<\/strong>, priemoka <strong>vienkartiniai vape<\/strong> iki 10 000 \u012fp\u016btim\u0173 su didele 20 ml talpa. <strong>pakartotinai pripildoma alyva<\/strong> paj\u0117gumas.<br \/>Su <strong>\u012fkraunamas<\/strong> 650 mAh akumuliatorius, pa\u017eangus <strong>tinklelio rit\u0117<\/strong>, ir 16 \u012fdomi\u0173 skoni\u0173, kad skonis b\u016bt\u0173 \u0161velnus ir malonus.<\/p>","protected":false},"featured_media":4601,"comment_status":"open","ping_status":"closed","template":"","meta":[],"product_brand":[70],"product_cat":[893],"product_tag":[517,112,372,515,514,516],"class_list":{"0":"post-4607","1":"product","2":"type-product","3":"status-publish","4":"has-post-thumbnail","6":"product_brand-razzbar","7":"product_cat-razzbar","8":"product_tag-10000-puffs","9":"product_tag-disposable-vape","10":"product_tag-mesh-coil","11":"product_tag-oil-refillable","12":"product_tag-razz-bar-10000","13":"product_tag-rechargeable","15":"first","16":"instock","17":"sale","18":"shipping-taxable","19":"purchasable","20":"product-type-variable"},"jetpack_sharing_enabled":true,"tiered_pricing_type":"fixed","tiered_pricing_fixed_rules":[],"tiered_pricing_product_settings":{"layout":"default","base_unit_name":{"singular":null,"plural":null},"default_variation":null},"tiered_pricing_minimum_quantity":null,"tiered_pricing_roles_data":[],"tiered_pricing_percentage_rules":[],"tiered_pricing_maximum_quantity":null,"tiered_pricing_quantity_step":null,"_links":{"self":[{"href":"https:\/\/frvape.com\/lt\/wp-json\/wp\/v2\/product\/4607","targetHints":{"allow":["GET"]}}],"collection":[{"href":"https:\/\/frvape.com\/lt\/wp-json\/wp\/v2\/product"}],"about":[{"href":"https:\/\/frvape.com\/lt\/wp-json\/wp\/v2\/types\/product"}],"replies":[{"embeddable":true,"href":"https:\/\/frvape.com\/lt\/wp-json\/wp\/v2\/comments?post=4607"}],"wp:featuredmedia":[{"embeddable":true,"href":"https:\/\/frvape.com\/lt\/wp-json\/wp\/v2\/media\/4601"}],"wp:attachment":[{"href":"https:\/\/frvape.com\/lt\/wp-json\/wp\/v2\/media?parent=4607"}],"wp:term":[{"taxonomy":"product_brand","embeddable":true,"href":"https:\/\/frvape.com\/lt\/wp-json\/wp\/v2\/product_brand?post=4607"},{"taxonomy":"product_cat","embeddable":true,"href":"https:\/\/frvape.com\/lt\/wp-json\/wp\/v2\/product_cat?post=4607"},{"taxonomy":"product_tag","embeddable":true,"href":"https:\/\/frvape.com\/lt\/wp-json\/wp\/v2\/product_tag?post=4607"}],"curies":[{"name":"wp","href":"https:\/\/api.w.org\/{rel}","templated":true}]}}