{"id":4678,"date":"2025-10-12T06:29:45","date_gmt":"2025-10-12T06:29:45","guid":{"rendered":"https:\/\/frvape.com\/product\/razz-bar-15000-puffs-disposable-vape-high-capacity-rechargeable-e-cig-with-mesh-coil\/"},"modified":"2026-01-26T05:21:45","modified_gmt":"2026-01-26T05:21:45","slug":"razz-baras-15000-puffs-vienkartiniai-vape-dideles-talpos-ikraunama-e-cig-su-akiu-rites","status":"publish","type":"product","link":"https:\/\/frvape.com\/lt\/product\/razz-baras-15000-puffs-vienkartiniai-vape-dideles-talpos-ikraunama-e-cig-su-akiu-rites\/","title":{"rendered":"\"Razz Bar 15000 Puffs Disposable Vape\" - didel\u0117s talpos \u012fkraunama E-Cig su tinklelio spirale"},"content":{"rendered":"<h3>Pristatome \"Razz Bar 15000 Disposable Vape<\/h3>\n<p>I\u0161 esm\u0117s pakeiskite savo garinimo kelion\u0119 su <strong>Razz Bar 15000 Puffs vienkartinis Vape<\/strong>, pa\u017eangiausias <strong>e. cigaret\u0117<\/strong> sukurta taip, kad b\u016bt\u0173 itin patogu ir malonu. \u0160is <strong>vienkartiniai vape<\/strong> suderina auk\u0161t\u0105 na\u0161um\u0105 ir patogias funkcijas, u\u017etikrinan\u010dias vientis\u0105 patirt\u012f. Nuo 2017 m. \"Razz Bar\" yra pramon\u0117s lyderis. <strong>auk\u0161\u010diausios kokyb\u0117s<\/strong> paremtas grie\u017etais bandymais ir sertifikatais. Atraskite skoni\u0173 pasaul\u012f su <strong>razz baras vape<\/strong>. Puikiai tinka suaugusiesiems, ie\u0161kantiems patikimo ir naujovi\u0161ko <strong>vienkartin\u0117s e-cigaret\u0117s<\/strong> sprendimas.<\/p>\n<h3>Produkto specifikacijos<\/h3>\n<p>\"Razz Bar 15000\" pasi\u017eymi \u012fsp\u016bdingomis specifikacijomis, pritaikytomis kasdieniam naudojimui. Pagrindiniai akcentai - tai <strong>prailgintas 15000 \u012fkv\u0117pim\u0173 tarnavimo laikas<\/strong>, tod\u0117l nereikia nuolatos \u012fkrauti baterijos. . <strong>28 ml elektroninio skys\u010dio talpa<\/strong> u\u017etikrina ilgesn\u012f malonum\u0105 tarp pildym\u0173. Supakuotas didmenin\u0117s prekybos patogumui, kiekvienas <strong>d\u0117\u017eut\u0117je yra 200 vienet\u0173<\/strong>tod\u0117l idealiai tinka ma\u017emenininkams ir pirk\u0117jams, perkantiems dideliais kiekiais. Prietaisas maitinamas i\u0161 <strong>650 mAh \u012fkraunama baterija<\/strong>, kuriame yra modernus <strong>C tipo \u012fkrovimo prievadas<\/strong> greitai ir efektyviai papildyti gali\u0105. Geresn\u012f skonio perteikim\u0105 u\u017etikrina pa\u017eangios <strong>tinklin\u0117s rit\u0117s technologija<\/strong>, kuris u\u017etikrina skland\u0173 ir sodr\u0173 gar\u0173 debes\u012f. Galima \u012fsigyti su <strong>2% arba 5% nikotino koncentracija<\/strong>, m\u016bs\u0173 <strong>vienkartiniai vape<\/strong> pritaikytas \u012fvairiems pageidavimams, kad nikotinas b\u016bt\u0173 pritaikytas individualiai.<\/p>\n<h3>Nepaprast\u0173 skoni\u0173 palet\u0117<\/h3>\n<p>Pasinerkite \u012f auk\u0161\u010diausios kokyb\u0117s skoni\u0173 \u012fvairov\u0119 su \"Razz Bar 15000\". Kiekvienas variantas kruop\u0161\u010diai sukurtas taip, kad suteikt\u0173 i\u0161skirtin\u012f skon\u012f ir pasitenkinim\u0105, naudojant <strong>tinklin\u0117s rit\u0117s technologija<\/strong> geresnei gar\u0173 kokybei u\u017etikrinti. Tarp m\u016bs\u0173 skoni\u0173 yra tokie auk\u0161\u010diausios kokyb\u0117s pasirinkimai kaip:<\/p>\n<p>Arb\u016bz\u0173 kramtomoji guma<br \/>Bra\u0161ki\u0173 ledai<br \/>Bra\u0161ki\u0173 kiviai<br \/>\"Red Bull Ice<br \/>M\u0117lyni\u0173 avie\u010di\u0173 citrin\u0173<br \/>M\u0117lyn\u0117s ant ledo<br \/>Avie\u010di\u0173 kremas<br \/>Mi\u0161rios uogos<br \/>Citrin\u0173 kalk\u0117s<br \/>Arb\u016bz\u0173 ledas<br \/>Persik\u0173 ledas<br \/>Persik\u0173 Mango Ananas\u0173<br \/>Mamba<br \/>Cola Ice<br \/>Dvigubas obuolys<br \/>Kiviai Pasifloros vaisiai Gvajavos<\/p>\n<p>Su <strong>16 skirting\u0173 parink\u010di\u0173<\/strong>, m\u016bs\u0173 skoni\u0173 asortimente kiekvienas ras k\u0105 nors sau - nuo sald\u017ei\u0173 vaisi\u0173 mi\u0161ini\u0173 iki ledini\u0173 mentolio poj\u016b\u010di\u0173.<\/p>\n<h3>Kod\u0117l \"Razz Bar\" i\u0161siskiria<\/h3>\n<p>Nuo 2017 m, <strong>\"Razz Bar<\/strong> tapo patikimu vardu <strong>e. cigaret\u0117<\/strong> pramon\u0117. Did\u017eiuojam\u0117s inovacijomis, gaminame savo gamykloje, kad u\u017etikrintume auk\u0161\u010diausio lygio kokyb\u0117s kontrol\u0119. M\u016bs\u0173 patyrusi in\u017einieri\u0173 komanda taiko tokius procesus kaip IQC, IPQC ir FQC i\u0161samiems saugos patikrinimams, u\u017etikrinantiems, kad kiekvienas \u012frenginys atitikt\u0173 tarptautinius standartus. Sertifikatai, pvz. <strong>CE<\/strong> ir <strong>RoHS<\/strong> patvirtina m\u016bs\u0173 \u012fsipareigojim\u0105 laikytis reikalavim\u0173 ir u\u017etikrinti patikimum\u0105. Be savo preki\u0173 \u017eenkl\u0173 pasi\u016blym\u0173, mes teikiame ekspertines paslaugas <strong>OEM ir ODM paslaugos<\/strong>, padedantis klientams pritaikyti <strong>vape produktai<\/strong> j\u0173 unikalius poreikius. Tod\u0117l m\u016bs\u0173 <strong>vienkartiniai vape<\/strong> sulauk\u0117 pasaulinio populiarumo d\u0117l klient\u0173 lojalumo ir puikios reputacijos.<\/p>\n<h3>Vientisa garinimo patirtis<\/h3>\n<p>M\u016bs\u0173 <strong>\"Razz Bar\" 15000<\/strong> pabr\u0117\u017eiamas naudotoj\u0173 patogumas ir prieinamumas. Sukurtas ne\u0161iojimui, jis yra lengvos konstrukcijos, tod\u0117l puikiai telpa ki\u0161en\u0117se ar krep\u0161iuose. . <strong>C tipo \u012fkrovimas<\/strong> u\u017etikrina greit\u0105 \u012fkrovim\u0105, tod\u0117l galite nepertraukiamai vapuoti keliaudami. Be to, paprastas \"plug-and-play\" mechanizmas nereikalauja jokios prie\u017ei\u016bros, tod\u0117l puikiai tinka ir pradedantiesiems, ir patyrusiems vapuotojams. Daugiau nei <strong>15000 \u012fkv\u0117pim\u0173<\/strong>, jis pasi\u017eymi i\u0161skirtine verte, yra ilgaam\u017ei\u0161kesnis u\u017e daugel\u012f konkurent\u0173, o jo skonis i\u0161lieka pastovus. \u0160is patogus <strong>e. cigaret\u0117<\/strong> u\u017etikrina maloni\u0105 alternatyv\u0105 tiems, kurie atsisako tradicinio r\u016bkymo.<\/p>\n<h3>\u012esipareigojimas u\u017etikrinti kokyb\u0119 ir pasitenkinim\u0105<\/h3>\n<p>\"Razz Bar\" pirmenyb\u0119 teikiame klient\u0173 pasitik\u0117jimui, daugiausia d\u0117mesio skirdami tvariai gamybai ir etikai. M\u016bs\u0173 rinkodaros, dizaino ir pardavimo komandos bendradarbiauja, kad neatsilikt\u0173 nuo rinkos tendencij\u0173. Grie\u017etas testavimas kiekviename etape pa\u0161alina defektus ir u\u017etikrina, kad prietaisai veikt\u0173 saugiai ir efektyviai. Si\u016blydami dvigub\u0105 <strong>nikotino parinktys<\/strong> ir plat\u0173 skoni\u0173 asortiment\u0105. <strong>razz baras vape<\/strong> tenkina \u012fvairius suaugusi\u0173j\u0173 pageidavimus visame pasaulyje. Pasitik\u0117kite garinimo ateitimi su m\u016bs\u0173 patikimais ir maloniais <strong>vienkartin\u0117s e-cigaret\u0117s<\/strong>. Asmeniniams u\u017esakymams m\u016bs\u0173 <strong>OEM ir ODM galimyb\u0117s<\/strong> galite rinktis individualiai pritaikytus sprendimus - susisiekite su mumis dar \u0161iandien ir patobulinkite savo garinimo kelion\u0119.<\/p>","protected":false},"excerpt":{"rendered":"<p>Patirkite auk\u0161\u010diausios kokyb\u0117s garinim\u0105 su <strong>Razz Bar 15000 Puffs vienkartinis Vape<\/strong>. Su did\u017eiuliu <strong>28 ml talpa<\/strong>, <strong>\u012fkraunamas 650 mAh akumuliatorius<\/strong>, <strong>tinklin\u0117s rit\u0117s technologija<\/strong>, ir <strong>2% arba 5% nikotino parinktys.<\/strong>. M\u0117gaukit\u0117s ilgai i\u0161liekan\u010diu skonio pasitenkinimu kompakti\u0161kame, lengvai naudojamame \u012frenginyje.<\/p>","protected":false},"featured_media":4672,"comment_status":"open","ping_status":"closed","template":"","meta":[],"product_brand":[70],"product_cat":[893],"product_tag":[280,112,153,223,522,115],"class_list":{"0":"post-4678","1":"product","2":"type-product","3":"status-publish","4":"has-post-thumbnail","6":"product_brand-razzbar","7":"product_cat-razzbar","8":"product_tag-15000-puffs","9":"product_tag-disposable-vape","10":"product_tag-e-cigarette","11":"product_tag-nicotine-vape","12":"product_tag-razz-bar-vape","13":"product_tag-rechargeable-vape","15":"first","16":"instock","17":"sale","18":"shipping-taxable","19":"purchasable","20":"product-type-variable"},"jetpack_sharing_enabled":true,"tiered_pricing_type":"fixed","tiered_pricing_fixed_rules":[],"tiered_pricing_product_settings":{"layout":"default","base_unit_name":{"singular":null,"plural":null},"default_variation":null},"tiered_pricing_minimum_quantity":null,"tiered_pricing_roles_data":[],"tiered_pricing_percentage_rules":[],"tiered_pricing_maximum_quantity":null,"tiered_pricing_quantity_step":null,"_links":{"self":[{"href":"https:\/\/frvape.com\/lt\/wp-json\/wp\/v2\/product\/4678","targetHints":{"allow":["GET"]}}],"collection":[{"href":"https:\/\/frvape.com\/lt\/wp-json\/wp\/v2\/product"}],"about":[{"href":"https:\/\/frvape.com\/lt\/wp-json\/wp\/v2\/types\/product"}],"replies":[{"embeddable":true,"href":"https:\/\/frvape.com\/lt\/wp-json\/wp\/v2\/comments?post=4678"}],"wp:featuredmedia":[{"embeddable":true,"href":"https:\/\/frvape.com\/lt\/wp-json\/wp\/v2\/media\/4672"}],"wp:attachment":[{"href":"https:\/\/frvape.com\/lt\/wp-json\/wp\/v2\/media?parent=4678"}],"wp:term":[{"taxonomy":"product_brand","embeddable":true,"href":"https:\/\/frvape.com\/lt\/wp-json\/wp\/v2\/product_brand?post=4678"},{"taxonomy":"product_cat","embeddable":true,"href":"https:\/\/frvape.com\/lt\/wp-json\/wp\/v2\/product_cat?post=4678"},{"taxonomy":"product_tag","embeddable":true,"href":"https:\/\/frvape.com\/lt\/wp-json\/wp\/v2\/product_tag?post=4678"}],"curies":[{"name":"wp","href":"https:\/\/api.w.org\/{rel}","templated":true}]}}