{"id":4775,"date":"2025-10-12T06:36:10","date_gmt":"2025-10-12T06:36:10","guid":{"rendered":"https:\/\/frvape.com\/product\/waspe-aiviou-25000-puffs-disposable-vape-dual-mesh-coil-0-2-5-nicotine\/"},"modified":"2025-11-26T09:07:25","modified_gmt":"2025-11-26T09:07:25","slug":"waspe-aiviou-25000-puffs-vienkartinis-vape-dvigubo-akiu-rite-0-2-5-nikotino","status":"publish","type":"product","link":"https:\/\/frvape.com\/lt\/product\/waspe-aiviou-25000-puffs-vienkartinis-vape-dvigubo-akiu-rite-0-2-5-nikotino\/","title":{"rendered":"Waspe Aiviou 25000 puffs\u0173 vienkartinis vape | Dual Mesh Coil | 0%\/2%\/5% Nikotinas"},"content":{"rendered":"<h3>Revoliucin\u0117 25K Puffs garinimo sistema<\/h3>\n<p>Pristatome <strong>Aiviou 25000<\/strong>, vienkartini\u0173 garinimo technologij\u0173 vir\u0161\u016bn\u0117, sukurta siekiant u\u017etikrinti dar nereg\u0117t\u0105 na\u0161um\u0105. \u0160is prietaisas generuoja i\u0161skirtin\u0119 gar\u0173 produkcij\u0105 d\u0117l pa\u017eangiausi\u0173 <strong>dvigubos tinklin\u0117s rit\u0117s sistema<\/strong> (1ohm+1ohm), optimizuojamas \u0161ilumos paskirstymas, kad skonis b\u016bt\u0173 nuoseklus nuo pirmo iki paskutinio d\u016bmo. Masyvus <strong>25 ml e-skys\u010dio talpa<\/strong> kartu su <strong>650 mAh \u012fkraunama baterija<\/strong> ir <strong>C tipo \u012fkrovimas<\/strong> u\u017etikrina nenutr\u016bkstam\u0105 naudojim\u0105 per vis\u0105 ilg\u0105 gyvavimo cikl\u0105.<\/p>\n<h3>Pritaikoma nikotino patirtis<\/h3>\n<p>\"Waspe Aiviou\" si\u016blo tris skirtingus gyvenimo b\u016bdo pasirinkimus ir pageidavimus. <strong>nikotino kiekis<\/strong> - <strong>0%<\/strong> m\u0117gautis be nikotino, <strong>2%<\/strong> subalansuot\u0105 pasitenkinim\u0105 ir stipr\u0173 <strong>5%<\/strong> preparatai patyrusiems naudotojams. Kiekviename 5% variante yra didel\u0117 nikotino koncentracija, prilygstanti tradiciniams tabako gaminiams, ta\u010diau d\u0117l auk\u0161\u010diausios kokyb\u0117s skys\u010dio sud\u0117ties i\u0161laikomas \u0161velnumas.<\/p>\n<h3>Neprilygstama technin\u0117 in\u017einerija<\/h3>\n<p>Be \u012fsp\u016bding\u0173 skai\u010di\u0173, \"Waspe Aiviou\" turi pa\u017eangi\u0173 funkcij\u0173, kurios pagerina naudotojo patirt\u012f: . <strong>LED ekranas<\/strong> realiuoju laiku stebi akumuliatoriaus b\u016bsen\u0105 ir d\u016bm\u0173 kiek\u012f, o <strong>vaik\u0173 u\u017erakto mechanizmas<\/strong> apsaugo nuo atsitiktinio \u012fjungimo. Ergonomi\u0161kas dizainas (<strong>55*31*107 mm<\/strong>\/<strong>92g<\/strong>) u\u017etikrina patog\u0173 valdym\u0105 nesuma\u017einant didel\u0117s <strong>25 ml talpa<\/strong> kuris tarnauja gerokai ilgiau nei standartin\u0117s vienkartin\u0117s priemon\u0117s.<\/p>\n<h3>Didmeninei prekybai paruo\u0161tos pakuot\u0117s konfig\u016bracija<\/h3>\n<p>Optimizuotas ma\u017emenininkams ir platintojams, \u0161is produktas tiekiamas didelio tankio d\u0117\u017eut\u0117se (<strong>570*340*245 mm<\/strong>), kuriame yra <strong>200 vienet\u0173<\/strong> (20 d\u0117\u017eu\u010di\u0173 po 10 vienet\u0173). Kiekviena d\u0117\u017eut\u0117 sveria <strong>20,5 kg<\/strong> grubi, sustiprinta konstrukcija, kad b\u016bt\u0173 i\u0161vengta pa\u017eeidim\u0173 ve\u017eant. Parduotuvi\u0173 lentynose galima efektyviai eksponuoti sukomplektuotus vienetus ir kartu padidinti pelno mar\u017e\u0105 d\u0117l didmeninio pirkimo privalum\u0173.<\/p>\n<h3>Pagrindini\u0173 specifikacij\u0173 ap\u017evalga<\/h3>\n<p><strong>Puffs<\/strong>: 25000 puod\u0173<br \/>\n<strong>Dviguba tinklelio rit\u0117<\/strong>: 1ohm+1ohm<br \/>\n<strong>E-skystis<\/strong>:25ml<br \/>\n<strong>Nikotinas<\/strong>:0%\/2%\/5%<br \/>\n<strong>Akumuliatorius<\/strong>:650 mAh<br \/>\n<strong>\u012ekraunamas<\/strong>:Type-C<br \/>\n<strong>Ekranas<\/strong>: LED su naudojimo sekimu<br \/>\n<strong>Sauga<\/strong>: \u012ejungtas vaik\u0173 u\u017eraktas<br \/>\n<strong>Produkto svoris<\/strong>: 92 g\/vnt.<br \/>\n<strong>Matmenys<\/strong>: 55 * 31 * 107 mm<br \/>\n<strong>Logistika<\/strong>: 200 vnt\/ctn (20,5 kg)<\/p>\n<h3>Auk\u0161\u010diausios kokyb\u0117s skonio kolekcija<\/h3>\n<p>Pasim\u0117gaukite m\u016bs\u0173 meistri\u0161kai sukurtais skonio profiliais, optimizuotais dvigubos rit\u0117s sistemai:<br \/>\n<strong>- Bra\u0161ki\u0173 kiviai<\/strong> - Sultinga uog\u0173 sintez\u0117<br \/>\n<strong>- Persik\u0173 Mango Arb\u016bzas<\/strong> - Atogr\u0105\u017e\u0173 trio sprogimas<br \/>\n<strong>- Vynuogi\u0173 ledas<\/strong> - Matinis violetinis sprogimas<br \/>\n<strong>- Bra\u0161ki\u0173 arb\u016bzas<\/strong> - Vasaros vaisi\u0173 mi\u0161rain\u0117<br \/>\n<strong>- Arb\u016bz\u0173 ledas<\/strong> - At\u0161aldytas purpurinis gaivusis g\u0117rimas<br \/>\n<strong>- Persik\u0173 ledas<\/strong> - Pasitenkinimas \u0161altais kaulavaisiais<br \/>\n<strong>- M\u0117lyni\u0173 ir avie\u010di\u0173 limonadas<\/strong> - Pikanti\u0161ka uog\u0173 putojanti puta<br \/>\n<strong>- M\u0117lyn\u0117s ant ledo<\/strong> - U\u017e\u0161aldytas indigo poj\u016btis<br \/>\n<strong>- Mi\u0161rios uogos<\/strong> - Gili\u0173 mi\u0161ko uog\u0173 mi\u0161inys<br \/>\n<strong>- Vy\u0161ni\u0173 ledas<\/strong> - Arktini\u0173 vy\u0161ni\u0173 malonumas<\/p>\n<h3>Kod\u0117l \"Aiviou\" dominuoja rinkoje<\/h3>\n<p>Su <strong>25000 \u012fkv\u0117pim\u0173<\/strong> \u0161is aparatas, pranokstantis konkurentus, pasi\u017eymi auk\u0161\u010diausia ekonomine verte - jo neprilygstamas ilgaam\u017ei\u0161kumas ma\u017eina poveik\u012f aplinkai ir nuolatines i\u0161laidas. . <strong>dviguba tinklin\u0117 rit\u0117<\/strong> technologija regeneruoja 47% aromatus efektyviau nei vienos rit\u0117s alternatyvos, remiantis gar\u0173 tankio bandymais, o <strong>C tipo \u012fkrovimas<\/strong> vis\u0105 gali\u0105 \u012fgauna vos per 23 minutes. Platintojams naudinga m\u016bs\u0173 efektyvi pakavimo matrica: <strong>200 vienet\u0173 d\u0117\u017eut\u0117je<\/strong> u\u017eima 28% ma\u017eiau sand\u0117lio vietos nei pana\u0161\u016bs produktai, o lentynos gali b\u016bti greitai papildytos.<\/p>\n<p>Patirkite garinimo evoliucij\u0105 su kiekvienu u\u017etrauktuku: Aiviou sl\u0117gio kalibruota oro srauto sistema sukuria nepaprastai skland\u017eius debes\u0117lius, nepriklausomai nuo stiprumo, o 92 g <strong>ergonomi\u0161ka va\u017eiuokl\u0117<\/strong> u\u017etikrina auk\u0161\u010diausios kokyb\u0117s taktilin\u012f gr\u012f\u017etam\u0105j\u012f ry\u0161\u012f, kurio tr\u016bksta biud\u017eetiniuose \u012frenginiuose. Nuo pirmojo ry\u0161kaus skonio <strong>Persik\u0173 Mango Arb\u016bzas<\/strong> \u012f gaivi\u0105 apdail\u0105 <strong>M\u0117lyn\u0117s ant ledo<\/strong>, kiekvienas skonis atskleid\u017eia subtilias natas d\u0117l laipsni\u0161ko kaitinimo tinklin\u0117mis spiral\u0117mis etap\u0173.<\/p>\n<p>\u0160i garinimo sistema - tai trij\u0173 prover\u017eio technologij\u0173, sujungt\u0173 \u012f vien\u0105 prietais\u0105, vir\u0161\u016bn\u0117: Auk\u0161to da\u017enio garinimo rit\u0117s, naujos kartos baterijos efektyvumas ir farmacin\u0117s kokyb\u0117s nikotino tiekimas - intuityviai supakuoti didmeniniai sprendimai, skirti perpardav\u0117jams, kurie didina savo vapinimo kategorijos na\u0161um\u0105.<\/p>","protected":false},"excerpt":{"rendered":"<p>Patirtis <strong>25 000 \u012fpur\u0161kim\u0173<\/strong> u\u017e prietais\u0105 su galinguoju Waspe Aiviou.<br \/>\nFunkcijos <strong>dvigubos tinklin\u0117s rit\u0117s<\/strong>, <strong>25 ml e-skys\u010dio<\/strong> paj\u0117gumas ir <strong>0%\/2%\/5% nikotinas<\/strong> galimyb\u0117s.<br \/>\n\u012ekraunamas per <strong>C tipo<\/strong> su intuityvia <strong>LED ekranas<\/strong> steb\u0117ti realiuoju laiku.<\/p>","protected":false},"featured_media":4769,"comment_status":"open","ping_status":"closed","template":"","meta":[],"product_brand":[332],"product_cat":[1068],"product_tag":[471,184,94,84,271,528],"class_list":{"0":"post-4775","1":"product","2":"type-product","3":"status-publish","4":"has-post-thumbnail","6":"product_brand-waspe","7":"product_cat-waspe","8":"product_tag-25000-puffs-disposable-vape","9":"product_tag-5-nicotine-vape","10":"product_tag-dual-mesh-coil-vape","11":"product_tag-rechargeable-vape-pen","12":"product_tag-type-c-vape","13":"product_tag-waspe-aiviou-25000","15":"first","16":"instock","17":"sale","18":"shipping-taxable","19":"purchasable","20":"product-type-variable"},"jetpack_sharing_enabled":true,"tiered_pricing_type":"fixed","tiered_pricing_fixed_rules":[],"tiered_pricing_product_settings":{"layout":"default","base_unit_name":{"singular":null,"plural":null},"default_variation":null},"tiered_pricing_minimum_quantity":null,"tiered_pricing_roles_data":[],"tiered_pricing_percentage_rules":[],"tiered_pricing_maximum_quantity":null,"tiered_pricing_quantity_step":null,"_links":{"self":[{"href":"https:\/\/frvape.com\/lt\/wp-json\/wp\/v2\/product\/4775","targetHints":{"allow":["GET"]}}],"collection":[{"href":"https:\/\/frvape.com\/lt\/wp-json\/wp\/v2\/product"}],"about":[{"href":"https:\/\/frvape.com\/lt\/wp-json\/wp\/v2\/types\/product"}],"replies":[{"embeddable":true,"href":"https:\/\/frvape.com\/lt\/wp-json\/wp\/v2\/comments?post=4775"}],"wp:featuredmedia":[{"embeddable":true,"href":"https:\/\/frvape.com\/lt\/wp-json\/wp\/v2\/media\/4769"}],"wp:attachment":[{"href":"https:\/\/frvape.com\/lt\/wp-json\/wp\/v2\/media?parent=4775"}],"wp:term":[{"taxonomy":"product_brand","embeddable":true,"href":"https:\/\/frvape.com\/lt\/wp-json\/wp\/v2\/product_brand?post=4775"},{"taxonomy":"product_cat","embeddable":true,"href":"https:\/\/frvape.com\/lt\/wp-json\/wp\/v2\/product_cat?post=4775"},{"taxonomy":"product_tag","embeddable":true,"href":"https:\/\/frvape.com\/lt\/wp-json\/wp\/v2\/product_tag?post=4775"}],"curies":[{"name":"wp","href":"https:\/\/api.w.org\/{rel}","templated":true}]}}