{"id":5941,"date":"2025-10-12T08:47:58","date_gmt":"2025-10-12T08:47:58","guid":{"rendered":"https:\/\/frvape.com\/product\/zooy-blaze-25000-disposable-vape-25k-puffs-full-screen-design-adjustable\/"},"modified":"2025-11-04T01:57:07","modified_gmt":"2025-11-04T01:57:07","slug":"zooy-blaze-25000-vienkartinis-vape-25k-puffs-viso-ekrano-dizainas-reguliuojamas","status":"publish","type":"product","link":"https:\/\/frvape.com\/lt\/product\/zooy-blaze-25000-vienkartinis-vape-25k-puffs-viso-ekrano-dizainas-reguliuojamas\/","title":{"rendered":"\"Zooy Blaze 25000 Disposable Vape\" - 25 t\u016bkst. \u012fpur\u0161kim\u0173 Viso ekrano dizainas ir reguliuojamas"},"content":{"rendered":"<h3>Ap\u017evalga<\/h3>\n<p>Svetain\u0117 <strong>Zooy Blaze 25000<\/strong> yra rinkos lyder\u0117, nes joje suderintos pa\u017eangiausios technologijos ir ne\u012ftik\u0117tina vert\u0117. <strong>viso ekrano dizainas<\/strong> ir plat\u0173 funkcij\u0173 rinkin\u012f.<br \/>Sukurtas taip, kad u\u017etikrint\u0173 puik\u0173 veikim\u0105 ir vartotojo pasitenkinim\u0105, jis palaiko \u012fvairius garinimo stilius, tod\u0117l idealiai tinka ir pradedantiesiems, ir entuziastams.<\/p>\n<h3>Inovatyvus dizainas ir funkcijos<\/h3>\n<p>\u017denkite \u012f garinimo ateit\u012f su \u0161iuo i\u0161skirtiniu prietaisu <strong>viso ekrano ekranas<\/strong>, kuris ne tik pagerina estetik\u0105, bet ir suteikia didesn\u0119, intuityvi\u0105 s\u0105saj\u0105, kad valdymas b\u016bt\u0173 lengvas.<br \/>Realiuoju laiku stebimas elektroninio skys\u010dio lygis ir baterijos b\u016bkl\u0117 u\u017etikrina kontroliuojam\u0105 ir saugi\u0105 patirt\u012f, suma\u017eina netikrum\u0105 naudojimo metu.<br \/>Prid\u0117jus <strong>reguliuojamas oro srautas<\/strong> Naudotojai gali pritaikyti traukimo pasiprie\u0161inim\u0105 pagal savo pageidavimus, kad kiekvien\u0105 kart\u0105 \u012fkv\u0117pt\u0173 skland\u017eiai ir maloniai.<br \/>Saugai teikiama pirmenyb\u0117 naudojant integruot\u0105 <strong>vaik\u0173 u\u017eraktas<\/strong> kad b\u016bt\u0173 i\u0161vengta nenumatyto \u012fjungimo, tod\u0117l kartu su naujov\u0117mis u\u017etikrinama ir ramyb\u0117.<\/p>\n<h3>Didelio na\u0161umo specifikacijos<\/h3>\n<p>Pasi\u017eymi \u012fsp\u016bdingu <strong>25000 \u012fkv\u0117pim\u0173<\/strong> vienam \u012frenginiui, Zooy Blaze 25000 pa\u0161alina nuolatinio keitimo r\u016bpes\u010dius, nes yra didelis. <strong>32 ml talpos kapsul\u0117s talpa<\/strong>.<br \/>Maitinamas patikimu <strong>650 mAh \u012fkraunama baterija<\/strong>jis palaiko C tipo USB greit\u0105j\u012f \u012fkrovim\u0105, kad gal\u0117tum\u0117te greitai ir efektyviai \u012fkrauti energij\u0105 keliaudami.<br \/>Kad gar\u0173 gamyba b\u016bt\u0173 pastovi, <strong>dvigubo tinklelio rit\u0117s<\/strong> efektyviai kaitina, kad i\u0161saugot\u0173 turting\u0105 skon\u012f su kiekvienu \u012fkv\u0117pimu.<br \/>Vartotojai gali rinktis i\u0161 keli\u0173 nikotino stiprumo r\u016b\u0161i\u0173.<strong>2% (20 mg), 3% (30 mg) arba 5% (50 mg) nic druskos variantai<\/strong>-pagal skirtingus pageidavimus, kad b\u016bt\u0173 u\u017etikrintas individualus skonis.<br \/>Bendrieji matmenys yra kompakti\u0161ki - 25*48*101 mm, o svoris - tik 120 g, tod\u0117l jis yra ne\u0161iojamas, ta\u010diau galingas, kad gal\u0117tum\u0117te juo m\u0117gautis vis\u0105 dien\u0105.<\/p>\n<h3>Puikus skonio \u012fvairov\u0117<\/h3>\n<p>Pasim\u0117gaukite burnoje tirpstan\u010diais de\u0161imties rafinuot\u0173 <strong>vaisi\u0173 skoniai<\/strong>, kuri\u0173 kiekvienas sukurtas taip, kad suteikt\u0173 intensyvius skonio poj\u016b\u010dius ir leist\u0173 patirti nepakartojam\u0105 garinimo nuotyk\u012f.<br \/>\u012e kruop\u0161\u010diai parengt\u0105 asortiment\u0105 \u012feina:<\/p>\n<p>mi\u0161rios uogos<br \/>bra\u0161ki\u0173 arb\u016bzas<br \/>vynuogi\u0173 citrina<br \/>m\u0117lyni\u0173 ledas<br \/>bra\u0161ki\u0173 kivi\u0173<br \/>obuoli\u0173 persik\u0173<br \/>arb\u016bzo ledas<br \/>blue razz limonadas<br \/>m\u0117lynoji m\u0117ta (m\u0117lyni\u0173 m\u0117ta)<br \/>gervuog\u0117s vy\u0161nios citrina<\/p>\n<p>\u0160is \u012fvairus asortimentas - nuo klasikini\u0173 m\u0117gstam\u0173 iki unikali\u0173 ledini\u0173 pos\u016bki\u0173 - u\u017etikrina, kad kiekvienas vartotojas rast\u0173 savo tobul\u0105 variant\u0105, o kasdien\u0119 rutin\u0105 papildyt\u0173 naujov\u0117mis ir \u012fsp\u016bd\u017eiais.<\/p>\n<h3>I\u0161vada<\/h3>\n<p>I\u0161 esm\u0117s \"Zooy Blaze 25000\" i\u0161 naujo apibr\u0117\u017eia patogum\u0105, nes jo veikimo laikas yra 25 000 p\u016bkeli\u0173, realiuoju laiku rodomas intelektas ir skonio universalumas.<br \/>Nesvarbu, ar siekiate, kad b\u016bt\u0173 naudojami tokie na\u0161umu pagr\u012fsti elementai kaip <strong>dvigubo tinklelio rit\u0117s<\/strong> arba suasmeninimas per <strong>reguliuojami nustatymai<\/strong>, \u0161i elektronin\u0117 cigaret\u0117 suteikia auk\u0161\u010diausios kokyb\u0117s patirt\u012f, kurioje pirmenyb\u0117 teikiama sveikatai, efektyvumui ir malonumui.<br \/>D\u0117l pa\u017eangios \u012fkrovimo technologijos ir prakti\u0161k\u0173 saugos funkcij\u0173 jis nustato nauj\u0105 \u0161iuolaikini\u0173 garinimo sprendim\u0173 standart\u0105.<\/p>","protected":false},"excerpt":{"rendered":"<p>Patirkite <strong>Zooy Blaze 25000<\/strong> vienkartiniai vape, su <strong>25 000 \u012fpur\u0161kim\u0173<\/strong>, a <strong>viso ekrano ekranas<\/strong>ir de\u0161imt egzoti\u0161k\u0173 <strong>vaisi\u0173 skoniai<\/strong>.<br \/>\u012ekraunamas per USB-C su <strong>reguliuojamas oro srautas<\/strong> asmeniniam garinimui.<\/p>","protected":false},"featured_media":5935,"comment_status":"open","ping_status":"closed","template":"","meta":[],"product_brand":[97],"product_cat":[860],"product_tag":[603,163,112,605,604,602],"class_list":{"0":"post-5941","1":"product","2":"type-product","3":"status-publish","4":"has-post-thumbnail","6":"product_brand-zooy","7":"product_cat-zooy","8":"product_tag-25000-puff-e-cig","9":"product_tag-adjustable-airflow","10":"product_tag-disposable-vape","11":"product_tag-fruit-flavors","12":"product_tag-full-screen-display","13":"product_tag-zooy-blaze-25000","15":"first","16":"instock","17":"sale","18":"shipping-taxable","19":"purchasable","20":"product-type-variable"},"jetpack_sharing_enabled":true,"tiered_pricing_type":"fixed","tiered_pricing_fixed_rules":[],"tiered_pricing_product_settings":{"layout":"default","base_unit_name":{"singular":null,"plural":null},"default_variation":null},"tiered_pricing_minimum_quantity":null,"tiered_pricing_roles_data":[],"tiered_pricing_percentage_rules":[],"tiered_pricing_maximum_quantity":null,"tiered_pricing_quantity_step":null,"_links":{"self":[{"href":"https:\/\/frvape.com\/lt\/wp-json\/wp\/v2\/product\/5941","targetHints":{"allow":["GET"]}}],"collection":[{"href":"https:\/\/frvape.com\/lt\/wp-json\/wp\/v2\/product"}],"about":[{"href":"https:\/\/frvape.com\/lt\/wp-json\/wp\/v2\/types\/product"}],"replies":[{"embeddable":true,"href":"https:\/\/frvape.com\/lt\/wp-json\/wp\/v2\/comments?post=5941"}],"wp:featuredmedia":[{"embeddable":true,"href":"https:\/\/frvape.com\/lt\/wp-json\/wp\/v2\/media\/5935"}],"wp:attachment":[{"href":"https:\/\/frvape.com\/lt\/wp-json\/wp\/v2\/media?parent=5941"}],"wp:term":[{"taxonomy":"product_brand","embeddable":true,"href":"https:\/\/frvape.com\/lt\/wp-json\/wp\/v2\/product_brand?post=5941"},{"taxonomy":"product_cat","embeddable":true,"href":"https:\/\/frvape.com\/lt\/wp-json\/wp\/v2\/product_cat?post=5941"},{"taxonomy":"product_tag","embeddable":true,"href":"https:\/\/frvape.com\/lt\/wp-json\/wp\/v2\/product_tag?post=5941"}],"curies":[{"name":"wp","href":"https:\/\/api.w.org\/{rel}","templated":true}]}}