{"id":6288,"date":"2025-10-12T09:22:09","date_gmt":"2025-10-12T09:22:09","guid":{"rendered":"https:\/\/frvape.com\/product\/bang-king-36000-disposable-vape-long-lasting-features-diverse-flavors\/"},"modified":"2025-11-04T01:45:05","modified_gmt":"2025-11-04T01:45:05","slug":"bang-karalius-36000-vienkartinis-vape-ilgalaikis-funkcijos-ivairus-skoniai","status":"publish","type":"product","link":"https:\/\/frvape.com\/lt\/product\/bang-karalius-36000-vienkartinis-vape-ilgalaikis-funkcijos-ivairus-skoniai\/","title":{"rendered":"\"Bang King 36000 Disposable Vape\" | Ilgalaik\u0117s funkcijos ir \u012fvair\u016bs skoniai"},"content":{"rendered":"<h3>\u012evadas<\/h3>\n<p>Sveiki atvyk\u0119 \u012f svarbiausi\u0105 <strong>Bang King 36000<\/strong> <strong>vienkartiniai vape<\/strong>, pa\u017eangiausias prietaisas, sukurtas i\u0161skirtiniam na\u0161umui ir patogumui u\u017etikrinti. \u012esp\u016bdingas 36 000 \u012fpur\u0161kim\u0173 skai\u010dius ir eleganti\u0161kas dizainas i\u0161 naujo apibr\u0117\u017eia j\u016bs\u0173 garinimo kelion\u0119, u\u017etikrindamas neprilygstam\u0105 sklandum\u0105 ir patikimum\u0105.<\/p>\n<h3>Pagrindin\u0117s funkcijos<\/h3>\n<p>Svetain\u0117 <strong>Bang King 36000<\/strong> pasi\u017eymi pa\u017eangiomis naujov\u0117mis, leid\u017eian\u010diomis pritaikyti savo vape. . <strong>Dvigubas ekranas<\/strong> ekrane ai\u0161kiai matoma akumuliatoriaus talpa ir elektroninio skys\u010dio lygis, tod\u0117l niekada netik\u0117tai nei\u0161sikrausite. <strong>Reguliuojama galia<\/strong> Nustatymai leid\u017eia tiksliai sureguliuoti skon\u012f ir rasti tobul\u0105 pusiausvyr\u0105 tarp skonio intensyvumo ir gar\u0173 kiekio. D\u0117l \u0161io lankstumo kiekvienas d\u016bmelis bus pritaikytas pagal j\u016bs\u0173 pageidavimus.<\/p>\n<h3>Patobulinta na\u0161umo technologija<\/h3>\n<p>Patirkite puik\u0173 skon\u012f ir debes\u0173 gamyb\u0105 naudodami integruot\u0105 <strong>dviguba rit\u0117<\/strong> sistema, kurioje yra 0,6ohm <strong>dviguba tinklin\u0117 rit\u0117<\/strong>. \u0160i technologija u\u017etikrina sodr\u0173, nuosekl\u0173 skon\u012f ir maksimaliai padidina gar\u0173 stor\u012f. Kartu su <strong>reguliuojamas oro srautas<\/strong>, tod\u0117l galite lengvai reguliuoti traukimo pasiprie\u0161inim\u0105, kad, priklausomai nuo nuotaikos, sm\u016bgis b\u016bt\u0173 stipresnis arba laisvesnis. . <strong>dvigubas re\u017eimas<\/strong> funkcija suteikia universalumo, nes leid\u017eia lengvai perjungti funkcijas - ekonominiu re\u017eimu galima i\u0161p\u016bsti daugiau d\u016bm\u0173, o galingu re\u017eimu - tankesnius debesis.<\/p>\n<h3>Gaivinantys \u012fvair\u016bs skoniai<\/h3>\n<p>Pasim\u0117gaukite pla\u010diu 12 skani\u0173 <strong>\u012fvair\u016bs skoniai<\/strong>, kuri\u0173 kiekvienas kruop\u0161\u010diai paruo\u0161tas taip, kad patenkint\u0173 j\u016bs\u0173 skon\u012f. M\u016bs\u0173 elektronini\u0173 skys\u010di\u0173 asortiment\u0105 sudaro:<br \/>Sultingas persik\u0173 ledas<br \/>Kiviai Pasifloros vaisiai Gvajavos<br \/>Bra\u0161ki\u0173 bananai<br \/>Ponas M\u0117lynasis<br \/>Trij\u0173 uog\u0173 ledas<br \/>Vynuogi\u0173 obuoliai<br \/>Bra\u0161ki\u0173 kiviai<br \/>Atogr\u0105\u017e\u0173 vaisiai<br \/>Blue Razz ledas<br \/>Bra\u0161ki\u0173 arb\u016bzas<br \/>Arb\u016bz\u0173 ledas<br \/>Persik\u0173 Mango Arb\u016bzas<\/p>\n<p>Nesvarbu, ar trok\u0161tate vaisi\u0173 nat\u0173, ar ledinio gaivumo, \u0161ie skoniai u\u017etikrina, kad kiekvienas \u012fkv\u0117ptas d\u016bmas b\u016bt\u0173 malonus ir \u012fsimintinas.<\/p>\n<h3>I\u0161samios specifikacijos<\/h3>\n<p>Sukurtas, kad b\u016bt\u0173 patvarus ir patogus naudoti. <strong>Bang King 36000<\/strong> yra tvirtas 650 mAh akumuliatorius ilgesn\u0117ms sesijoms. M\u0117gaukit\u0117s 30 ml e. skys\u010dio talpa kompakti\u0161kame r\u0117melyje, ir visa tai supakuota \u012f <strong>vienkartiniai vape<\/strong> kad gal\u0117tum\u0117te be vargo naudoti. Kitos pagrindin\u0117s specifikacijos:<br \/>Nikotinas: 0%\/2%\/3%\/5% parinktys, atitinkan\u010dios j\u016bs\u0173 pageidavimus.<br \/>Pufai: Iki 36000 u\u017e vienet\u0105<br \/>rit\u0117: Dviguba tinklelio rit\u0117 0,6ohm, u\u017etikrinanti optimal\u0173 veikim\u0105<br \/>Jutikliniai valdikliai: Patogi vartotojo s\u0105saja su reguliuojamais nustatymais ir u\u017erakintas ekranas saugumui u\u017etikrinti<br \/>Ry\u0161iai: C tipo \u012fkrovimas, kad b\u016bt\u0173 galima greitai pakartotinai naudoti<br \/>Pakuot\u0117: Patogus 10 vnt. d\u0117\u017eut\u0117je, galima \u012fsigyti didmenini\u0173 d\u0117\u017eu\u010di\u0173 po 200 vnt. d\u0117\u017eut\u0117je<\/p>\n<h3>Kod\u0117l verta rinktis \"Bang King 36000<\/h3>\n<p>\u0160is prietaisas idealiai tinka ir pradedantiesiems, ir entuziastams, nes jame inovacijos dera su patikimumu. Ergonomi\u0161kas oro srauto reguliavimas ir <strong>dvigubas re\u017eimas<\/strong> galimyb\u0117s leid\u017eia j\u012f pritaikyti bet kurioje aplinkoje. Patirkite ilgalaik\u012f pasitenkinim\u0105 ir pa\u017einkite skoni\u0173 pasaul\u012f - u\u017esisakykite <strong>Bang King 36000<\/strong> \u0161iandien, kad gautum\u0117te l\u016bkes\u010dius pranokstant\u012f aparat\u0105.<\/p>","protected":false},"excerpt":{"rendered":"<p>Atraskite <strong>Bang King 36000<\/strong> vienkartinis vape su <strong>36000 \u012fkv\u0117pim\u0173<\/strong> ir pritaikomos funkcijos, pvz. <strong>Dvigubas ekranas<\/strong> ir <strong>reguliuojamas oro srautas<\/strong>.<br \/>M\u0117gaukit\u0117s 12 gaivi\u0173 skoni\u0173 ir m\u0117gaukit\u0117s auk\u0161\u010diausios kokyb\u0117s garinimo patirtimi.<\/p>","protected":false},"featured_media":6282,"comment_status":"open","ping_status":"closed","template":"","meta":[],"product_brand":[133],"product_cat":[856],"product_tag":[221,624,488,112,622,623],"class_list":{"0":"post-6288","1":"product","2":"type-product","3":"status-publish","4":"has-post-thumbnail","6":"product_brand-bangking","7":"product_cat-bangking","8":"product_tag-36000-puffs","9":"product_tag-adjustable-power","10":"product_tag-bang-king-36000","11":"product_tag-disposable-vape","12":"product_tag-dual-coil","13":"product_tag-multiple-flavors","15":"first","16":"instock","17":"sale","18":"shipping-taxable","19":"purchasable","20":"product-type-variable"},"jetpack_sharing_enabled":true,"tiered_pricing_type":"fixed","tiered_pricing_fixed_rules":[],"tiered_pricing_product_settings":{"layout":"default","base_unit_name":{"singular":null,"plural":null},"default_variation":null},"tiered_pricing_minimum_quantity":null,"tiered_pricing_roles_data":[],"tiered_pricing_percentage_rules":[],"tiered_pricing_maximum_quantity":null,"tiered_pricing_quantity_step":null,"_links":{"self":[{"href":"https:\/\/frvape.com\/lt\/wp-json\/wp\/v2\/product\/6288","targetHints":{"allow":["GET"]}}],"collection":[{"href":"https:\/\/frvape.com\/lt\/wp-json\/wp\/v2\/product"}],"about":[{"href":"https:\/\/frvape.com\/lt\/wp-json\/wp\/v2\/types\/product"}],"replies":[{"embeddable":true,"href":"https:\/\/frvape.com\/lt\/wp-json\/wp\/v2\/comments?post=6288"}],"wp:featuredmedia":[{"embeddable":true,"href":"https:\/\/frvape.com\/lt\/wp-json\/wp\/v2\/media\/6282"}],"wp:attachment":[{"href":"https:\/\/frvape.com\/lt\/wp-json\/wp\/v2\/media?parent=6288"}],"wp:term":[{"taxonomy":"product_brand","embeddable":true,"href":"https:\/\/frvape.com\/lt\/wp-json\/wp\/v2\/product_brand?post=6288"},{"taxonomy":"product_cat","embeddable":true,"href":"https:\/\/frvape.com\/lt\/wp-json\/wp\/v2\/product_cat?post=6288"},{"taxonomy":"product_tag","embeddable":true,"href":"https:\/\/frvape.com\/lt\/wp-json\/wp\/v2\/product_tag?post=6288"}],"curies":[{"name":"wp","href":"https:\/\/api.w.org\/{rel}","templated":true}]}}