{"id":6361,"date":"2025-10-12T12:13:51","date_gmt":"2025-10-12T12:13:51","guid":{"rendered":"https:\/\/frvape.com\/product\/mrvi-puffing-15000-disposable-vape-15000-puffs-with-lanyard-screen-display\/"},"modified":"2026-02-06T03:27:03","modified_gmt":"2026-02-06T03:27:03","slug":"mrvi-puffing-15000-vienkartiniu-vape-15000-puffs-su-dirzeliu-ekrano-ekranas","status":"publish","type":"product","link":"https:\/\/frvape.com\/lt\/product\/mrvi-puffing-15000-vienkartiniu-vape-15000-puffs-su-dirzeliu-ekrano-ekranas\/","title":{"rendered":"Mrvi Puffing 15000 vienkartini\u0173 Vape | 15000 Puffs su dir\u017eeliu ir ekran\u0117liu"},"content":{"rendered":"<h3>Did\u017eiausia galia ir i\u0161skirtinis skonis<\/h3>\n<p>Susipa\u017einkite su atnaujintu <strong>Mrvi Puffing 15000<\/strong> vienkartinis vape - gerb\u0117j\u0173 pam\u0117gtos serijos MRVI COMING evoliucija. Mes patobulinome kiekvien\u0105 detal\u0119, i\u0161laikydami kultin\u012f dizain\u0105 ir prid\u0117dami prakti\u0161k\u0105 <strong>Lengvai ne\u0161iojamas dir\u017eelis<\/strong>. \u0160i j\u0117gain\u0117 u\u017etikrina geriausi\u0105 pramon\u0117je <strong>15 000 \u012fkv\u0117pim\u0173<\/strong> ir rafinuotas skonio profilis, kruop\u0161\u010diai i\u0161bandytas iki tobulumo. Klient\u0173 atsiliepimai patvirtina, kad skonis tikrai i\u0161skirtinis.<\/p>\n<h3>\"Breakthrough\" technin\u0117s specifikacijos<\/h3>\n<p>Sukurtas i\u0161tvermei: did\u017eiulis <strong>25 ml e-skys\u010dio talpa<\/strong> kartu su patikimu <strong>750 mAh kobalto baterija<\/strong>. . <strong>C tipo greitasis \u012fkrovimas<\/strong> prievadas u\u017etikrina minimal\u0173 prastovos laik\u0105, o naujovi\u0161kas apatinis ekranas informuoja apie <strong>alyvos lygis realiuoju laiku<\/strong> ir <strong>akumuliatoriaus b\u016bkl\u0117<\/strong>. Pasirinkite pageidaujam\u0105 <strong>nikotino stiprumas<\/strong> (2%, 3% arba 5%), kad atitikt\u0173 j\u016bs\u0173 individualius reikalavimus, ir visa tai patobulinta m\u016bs\u0173 revoliuciniu <strong>dvigubos tinklin\u0117s rit\u0117s technologija<\/strong> sustiprina skon\u012f ir gar\u0173 gamyb\u0105.<\/p>\n<h3>Nepakartojama skonio patirtis<\/h3>\n<p>Pasim\u0117gaukite m\u016bs\u0173 auk\u0161\u010diausios kokyb\u0117s skoni\u0173 asortimentu, kruop\u0161\u010diai sukurtu atlikus daugyb\u0119 patobulinim\u0173:<br \/><strong>Banan\u0173 pieno kokteilis<\/strong><br \/><strong>Bra\u0161ki\u0173 arb\u016bzas<\/strong><br \/><strong>Pink Burst<\/strong><br \/><strong>Medaus ledai<\/strong><br \/><strong>M\u0117lyn\u0117s ant ledo<\/strong><br \/><strong>M\u0117lyni\u0173 kramtomoji guma<\/strong><br \/><strong>Raudon\u0173j\u0173 obuoli\u0173 ledas<\/strong><br \/><strong>\"Lush Ice<\/strong><br \/><strong>Ananas\u0173 ledas<\/strong><br \/><strong>Persik\u0173 mango<\/strong><\/p>\n<h3>I\u0161maniosios funkcijos geresniam valdymui<\/h3>\n<p>\"Puffing 15000\" pasi\u017eymi ne tik nepaprastu pu\u010diam\u0173j\u0173 paj\u0117gumu, bet ir naujausiomis funkcijomis. Steb\u0117kite savo naudojim\u0105 naudodami integruot\u0105 <strong>e. skys\u010dio ir maitinimo ekranas<\/strong>, reguliuokite gar\u0173 intensyvum\u0105 naudodami <strong>galios reguliavimo funkcija<\/strong>ir m\u0117gaukit\u0117s nuolatiniu na\u0161umu, kur\u012f u\u017etikrina m\u016bs\u0173 pa\u017eangi rit\u0117s sistema. Kiekvienoje pakuot\u0117je yra nemokama <strong>dir\u017eelio aksesuaras<\/strong> - puikiai tinka aktyviam gyvenimo b\u016bdui.<\/p>\n<h3>Auk\u0161\u010diausios kokyb\u0117s konstrukcija ir pakuot\u0117<\/h3>\n<p>M\u016bs\u0173 technologijos korpusas - tai ergonomi\u0161kas dizainas, optimizuotas ilgam naudojimui. \u012erenginiai tiekiami po 10 vienet\u0173 d\u0117\u017eut\u0117je, efektyviai supakuoti \u012f biri\u0105 pakuot\u0119 <strong>160 prietais\u0173 d\u0117\u017eut\u0117je<\/strong> (60x32x23 cm, 19 kg). \u012ekraunama platforma suma\u017eina atliek\u0173 kiek\u012f ir padidina vert\u0119, nustatydama nauj\u0105 ekologi\u0161ko garinimo standart\u0105, neaukojant did\u017eiulio na\u0161umo. Pagerinkite savo kelion\u0119 - patirkite neprilygstam\u0105 ilgaam\u017ei\u0161kum\u0105 ir skonio meistri\u0161kum\u0105.<\/p>","protected":false},"excerpt":{"rendered":"<p><strong>Mrvi Puffing 15000<\/strong> vienkartinis vape suteikia stulbinam\u0105 <strong>15 000 \u012fkv\u0117pim\u0173<\/strong> su auk\u0161\u010diausios kokyb\u0117s skoniais. Turi <strong>750 mAh \u012fkraunamas akumuliatorius<\/strong>, <strong>C tipo greitasis \u012fkrovimas<\/strong>, ir \u012fmontuota <strong>alyvos \/ galios ekranas<\/strong>. Komplekte yra patogus ne\u0161iojimo <strong>dir\u017eelis<\/strong> ir dvigubos tinklin\u0117s rit\u0117s technologija.<\/p>","protected":false},"featured_media":6355,"comment_status":"open","ping_status":"closed","template":"","meta":[],"product_brand":[174],"product_cat":[175],"product_tag":[429,94,626,115,271,627],"class_list":{"0":"post-6361","1":"product","2":"type-product","3":"status-publish","4":"has-post-thumbnail","6":"product_brand-mrvi","7":"product_cat-mrvi-vape","8":"product_tag-15000-puffs-disposable-vape","9":"product_tag-dual-mesh-coil-vape","10":"product_tag-mrvi-puffing-15000","11":"product_tag-rechargeable-vape","12":"product_tag-type-c-vape","13":"product_tag-vape-with-lanyard","15":"first","16":"outofstock","17":"sale","18":"shipping-taxable","19":"purchasable","20":"product-type-variable"},"jetpack_sharing_enabled":true,"tiered_pricing_type":"fixed","tiered_pricing_fixed_rules":[],"tiered_pricing_product_settings":{"layout":"default","base_unit_name":{"singular":null,"plural":null},"default_variation":null},"tiered_pricing_minimum_quantity":null,"tiered_pricing_roles_data":[],"tiered_pricing_percentage_rules":[],"tiered_pricing_maximum_quantity":null,"tiered_pricing_quantity_step":null,"_links":{"self":[{"href":"https:\/\/frvape.com\/lt\/wp-json\/wp\/v2\/product\/6361","targetHints":{"allow":["GET"]}}],"collection":[{"href":"https:\/\/frvape.com\/lt\/wp-json\/wp\/v2\/product"}],"about":[{"href":"https:\/\/frvape.com\/lt\/wp-json\/wp\/v2\/types\/product"}],"replies":[{"embeddable":true,"href":"https:\/\/frvape.com\/lt\/wp-json\/wp\/v2\/comments?post=6361"}],"wp:featuredmedia":[{"embeddable":true,"href":"https:\/\/frvape.com\/lt\/wp-json\/wp\/v2\/media\/6355"}],"wp:attachment":[{"href":"https:\/\/frvape.com\/lt\/wp-json\/wp\/v2\/media?parent=6361"}],"wp:term":[{"taxonomy":"product_brand","embeddable":true,"href":"https:\/\/frvape.com\/lt\/wp-json\/wp\/v2\/product_brand?post=6361"},{"taxonomy":"product_cat","embeddable":true,"href":"https:\/\/frvape.com\/lt\/wp-json\/wp\/v2\/product_cat?post=6361"},{"taxonomy":"product_tag","embeddable":true,"href":"https:\/\/frvape.com\/lt\/wp-json\/wp\/v2\/product_tag?post=6361"}],"curies":[{"name":"wp","href":"https:\/\/api.w.org\/{rel}","templated":true}]}}