{"id":6482,"date":"2025-10-12T12:50:40","date_gmt":"2025-10-12T12:50:40","guid":{"rendered":"https:\/\/frvape.com\/product\/jnr-shisha-12000-disposable-vape-12000-puffs-rechargeable-multiple-flavors\/"},"modified":"2025-11-24T09:17:38","modified_gmt":"2025-11-24T09:17:38","slug":"jnr-shisha-12000-vienkartinis-vape-12000-puffs-ikraunamas-keliu-skoniu","status":"publish","type":"product","link":"https:\/\/frvape.com\/lt\/product\/jnr-shisha-12000-vienkartinis-vape-12000-puffs-ikraunamas-keliu-skoniu\/","title":{"rendered":"\"Jnr Shisha 12000\" vienkartin\u0117 vap\u0117 - 12 000 d\u016bm\u0173, \u012fkraunama, keli\u0173 skoni\u0173"},"content":{"rendered":"<p>Svetain\u0117 <strong>Jnr Shisha 12000<\/strong> tai revoliucin\u0117 elektronin\u0117 cigaret\u0117, sukurta siekiant suteikti autenti\u0161k\u0105 kaljano poj\u016bt\u012f ne\u0161iojamame, moderniame formate. \u0160is prietaisas pasi\u017eymi i\u0161skirtin\u0117mis savyb\u0117mis ir didelio na\u0161umo galimyb\u0117mis, tod\u0117l i\u0161 naujo apibr\u0117\u017eia patogumo ir pasitenkinimo garinimu s\u0105vok\u0105. Idealiai tinka ir pradedantiesiems, ir entuziastams, jame tradicijos derinamos su pa\u017eangiausiomis technologijomis, kad patirt\u0173 nepamir\u0161tam\u0173 \u012fsp\u016bd\u017ei\u0173.<\/p>\n<h3>Pagrindiniai pardavimo aspektai<\/h3>\n<p><strong>Autenti\u0161ka \u0161i\u0161os patirtis:<\/strong> Pasinerkite \u012f klasikinius \u0161i\u0161os skonius, kruop\u0161\u010diai sukurtus tradiciniam vape poj\u016b\u010diui suteikti. Kiekvienas u\u017etraukimas imituoja kaljano seanso \u0161ilum\u0105 ir sodrum\u0105, tod\u0117l puikiai tinka ie\u0161kantiems nostalgijos su kiekvienu u\u017etrauktuku.<\/p>\n<p><strong>\"On-the-Go Shisha Bliss\":<\/strong> \u0160is kompakti\u0161kas ir ki\u0161eninis prietaisas leid\u017eia m\u0117gautis bet kada ir bet kur. Eleganti\u0161kas ki\u0161en\u0117s dizainas leid\u017eia j\u012f \u012fsid\u0117ti \u012f b\u016btiniausius daiktus ir kasdien\u0119 rutin\u0105 paversti atsipalaidavimo akimirkomis nesuma\u017einant na\u0161umo.<\/p>\n<p><strong>Intensyvus pasitenkinimas tiesiogiai \u012f plau\u010dius:<\/strong> Sukurtas giliam pataikymui \u012f plau\u010dius. <strong>Jnr Shisha 12000<\/strong> suteikia stipr\u0173, dr\u0105s\u0173 skon\u012f ir sukuria did\u017eiulius gar\u0173 debesis. \u0160i\u0105 sistem\u0105 papildo tinklin\u0117 rit\u0117 ir reguliuojamas oro srautas, tod\u0117l galite visi\u0161kai kontroliuoti tir\u0161tum\u0105 ir sklandum\u0105.<\/p>\n<p><strong>Pastovus ir malonus skonis:<\/strong> Kiekvienas d\u016bmas i\u0161lieka tolygaus \u0161velnaus skonio ir aromato, tod\u0117l n\u0117ra jokio a\u0161trumo. Tinklelio rit\u0117s technologija i\u0161saugo elektroninio skys\u010dio vientisum\u0105, tod\u0117l skonis nekinta nuo pirmo iki paskutinio \u012fkv\u0117pimo. \u0160is patikimumas i\u0161skiria j\u0105 kaip geriausi\u0105 pasirinkim\u0105 rinkoje.<\/p>\n<h3>Produkto specifikacijos<\/h3>\n<p>\u0160io prietaiso specifikacijos pabr\u0117\u017eia jo tvirt\u0105 konstrukcij\u0105: nikotino kiekis yra 0% arba 2%, apytiksliai 12 000 \u012fpur\u0161kim\u0173, didel\u0117 24 ml elektroninio skys\u010dio talpa ir patikima 0,6 \u03a9 tinklelio rit\u0117, u\u017etikrinanti efektyv\u0173 garinim\u0105. Be to, ji pasi\u017eymi ilgai veikian\u010dia 750 mAh \u012fkraunama baterija, greito C tipo \u012fkrovimo galimybe ir reguliuojamu oro srautu, leid\u017eian\u010diu pritaikyti garinimo stili\u0173.<\/p>\n<h3>Galimi skoniai<\/h3>\n<p>Svetain\u0117 <strong>Jnr Shisha 12000<\/strong> u\u017etikrina skonio \u012fvairov\u0119, nes turi 22 \u012fdomius pasirinkimus: Arb\u016bz\u0173 ledas, bra\u0161ki\u0173 ledas, baltoji mamba, dvigubas obuolys, mango bananas, dviguba melion\u0173 m\u0117ta, vy\u0161ni\u0173 arb\u016bzo \u0161altis, bra\u0161ki\u0173 avie\u010di\u0173 saldainiai, m\u0117lyni\u0173 ledas, mi\u0161ri\u0173 uog\u0173 ledas, m\u0117lyni\u0173 granatas, sultingi persikai, Lady Killa, Love 66, \u0161aldytas obuolys, raudon\u0173j\u0173 uog\u0173 kokteilis, arb\u016bz\u0173 ir bra\u0161ki\u0173 burbulas, kivi\u0173 m\u0117ta, bra\u0161ki\u0173 kivis, arb\u016bz\u0173 bulius, bra\u0161ki\u0173 vynuog\u0117, m\u0117lyni\u0173 m\u0117ta.<\/p>\n<h3>I\u0161samus apra\u0161ymas<\/h3>\n<p>Patirkite puik\u0173 kaljano poj\u016bt\u012f su \"Jnr Shisha\" kaljanu, kuris u\u017e neprilygstam\u0105 kain\u0105 si\u016blo \u012fsp\u016bding\u0105 apytiksl\u012f iki 12 000 \u012fp\u016btim\u0173 skai\u010di\u0173 ir 24 ml druskos nikotino talpykl\u0105. Prietaisas puikiai gamina garus, tod\u0117l galite giliai \u012fkv\u0117pti \u012f plau\u010dius ir likti visi\u0161kai patenkinti. D\u0117l puo\u0161naus dizaino ir modernaus C tipo \u012fkrovimo b\u016bdo jame estetika ir funkcionalumas skland\u017eiai dera. \u012ekraunamas akumuliatorius yra i\u0161skirtinis bruo\u017eas - tvirtas 750 mAh galios \u0161altinis, tinkantis bet kokiai progai, nesvarbu, ar namuose, ar kelyje. D\u0117l didel\u0117s talpos konstrukcijos, panaikinan\u010dios nuolatinio \u012fkrovimo r\u016bpes\u010dius, elektronin\u012f skyst\u012f nuolat ir veiksmingai paverskite \u012fkvepiamais garais. Apskritai \u0161i elektronin\u0117 cigaret\u0117 ne tik suteikia intensyvius skonio sm\u016bgius ir didelius debesis, bet ir u\u017etikrina ilgaam\u017ei\u0161kum\u0105 bei paprast\u0105 naudojim\u0105, tod\u0117l j\u0105 renkasi kokyb\u0117s reikalaujantys vaperiai. Reguliuojamo oro srauto ratukas pagerina personalizavim\u0105, nes leid\u017eia tiksliai nustatyti gar\u0173 tank\u012f ir gerkl\u0117s poj\u016bt\u012f, o tinklin\u0117 rit\u0117s sistema u\u017etikrina tolyg\u0173 kaitinim\u0105 ir optimal\u0173 aromato i\u0161traukim\u0105.<\/p>","protected":false},"excerpt":{"rendered":"<p>Patirkite <strong>Jnr Shisha 12000<\/strong>, priemoka <strong>\u012fkraunamas<\/strong> vienkartinis vape prietaisas, kuris suteikia ma\u017edaug <strong>12 000 \u012fpur\u0161kim\u0173<\/strong> su reguliuojamu oro srautu dideliam gar\u0173 kiekiui.<br \/>Si\u016blo skani\u0173 <strong>skoniai<\/strong> pavyzd\u017eiui, \"Watermelon Ice\", ir patogi\u0105 C tipo \u012fkrovimo s\u0105saj\u0105, kad b\u016bt\u0173 malonu keliauti.<\/p>","protected":false},"featured_media":6479,"comment_status":"open","ping_status":"closed","template":"","meta":[],"product_brand":[88],"product_cat":[1089],"product_tag":[371,163,639,638,115],"class_list":{"0":"post-6482","1":"product","2":"type-product","3":"status-publish","4":"has-post-thumbnail","6":"product_brand-jnr","7":"product_cat-jnr","8":"product_tag-12000-puffs","9":"product_tag-adjustable-airflow","10":"product_tag-flavored-shisha-pen","11":"product_tag-jnr-shisha-12000","12":"product_tag-rechargeable-vape","14":"first","15":"instock","16":"sale","17":"shipping-taxable","18":"purchasable","19":"product-type-variable"},"jetpack_sharing_enabled":true,"tiered_pricing_type":"fixed","tiered_pricing_fixed_rules":[],"tiered_pricing_product_settings":{"layout":"default","base_unit_name":{"singular":null,"plural":null},"default_variation":null},"tiered_pricing_minimum_quantity":null,"tiered_pricing_roles_data":[],"tiered_pricing_percentage_rules":[],"tiered_pricing_maximum_quantity":null,"tiered_pricing_quantity_step":null,"_links":{"self":[{"href":"https:\/\/frvape.com\/lt\/wp-json\/wp\/v2\/product\/6482","targetHints":{"allow":["GET"]}}],"collection":[{"href":"https:\/\/frvape.com\/lt\/wp-json\/wp\/v2\/product"}],"about":[{"href":"https:\/\/frvape.com\/lt\/wp-json\/wp\/v2\/types\/product"}],"replies":[{"embeddable":true,"href":"https:\/\/frvape.com\/lt\/wp-json\/wp\/v2\/comments?post=6482"}],"wp:featuredmedia":[{"embeddable":true,"href":"https:\/\/frvape.com\/lt\/wp-json\/wp\/v2\/media\/6479"}],"wp:attachment":[{"href":"https:\/\/frvape.com\/lt\/wp-json\/wp\/v2\/media?parent=6482"}],"wp:term":[{"taxonomy":"product_brand","embeddable":true,"href":"https:\/\/frvape.com\/lt\/wp-json\/wp\/v2\/product_brand?post=6482"},{"taxonomy":"product_cat","embeddable":true,"href":"https:\/\/frvape.com\/lt\/wp-json\/wp\/v2\/product_cat?post=6482"},{"taxonomy":"product_tag","embeddable":true,"href":"https:\/\/frvape.com\/lt\/wp-json\/wp\/v2\/product_tag?post=6482"}],"curies":[{"name":"wp","href":"https:\/\/api.w.org\/{rel}","templated":true}]}}