{"id":6767,"date":"2025-10-13T01:51:54","date_gmt":"2025-10-13T01:51:54","guid":{"rendered":"https:\/\/frvape.com\/product\/waspe-15000-disposable-vape-15000-puffs-22ml-e-liquid-nicotine-options\/"},"modified":"2025-11-26T08:44:59","modified_gmt":"2025-11-26T08:44:59","slug":"waspe-15000-vienkartiniu-vape-15000-puffs-22ml-e-skyscio-nikotino-parinktys","status":"publish","type":"product","link":"https:\/\/frvape.com\/lt\/product\/waspe-15000-vienkartiniu-vape-15000-puffs-22ml-e-skyscio-nikotino-parinktys\/","title":{"rendered":"\"Waspe 15000\" vienkartinis Vape | 15000 Puffs | 22ml E-skys\u010dio | Nikotino parinktys"},"content":{"rendered":"<p>Patirkite garinimo meistri\u0161kumo \u012fk\u016bnijim\u0105 su <strong>Waspe 15000 PUFFS<\/strong> vienkartinis garinimo prietaisas, kruop\u0161\u010diai sukurtas tam, kad pagerint\u0173 j\u016bs\u0173 garinimo kelion\u0119. \u0160is auk\u0161\u010diausios kokyb\u0117s pasi\u016blymas, pasi\u017eymintis pa\u017eangiomis funkcijomis ir rafinuotu blizgan\u010diu banguojan\u010diu dizainu, i\u0161siskiria vienkartini\u0173 garintuv\u0173 pasaulyje. Pasinerkite \u012f intensyvaus skonio ir pasitenkinimo poj\u016bt\u012f su m\u016bs\u0173 garinimo inovacij\u0173 vir\u0161\u016bne.<\/p>\n<p>\u012erengta <strong>I\u0161manioji sauso sm\u016bgio prevencija<\/strong> technologija ir patobulinta tinklelio spiral\u0117, u\u017etikrinanti geresn\u012f aromato perteikim\u0105. <strong>Waspe 15000 PUFFS<\/strong> u\u017etikrina nuolat skland\u0173 garinim\u0105. Didel\u0117 <strong>22 ml elektroninio skys\u010dio rezervuaras<\/strong> leid\u017eia ilgai garinti be da\u017eno papildymo, o galingas <strong>850 mAh \u012fkraunamas akumuliatorius<\/strong> u\u017etikrina ilgalaik\u012f veikim\u0105. \u0160is prietaisas turi eleganti\u0161k\u0105 LED ekran\u0105 ir moderni\u0105 estetik\u0105, tod\u0117l jame be vargo suderinamas puikus veikimas ir stilius.<\/p>\n<h3>Pagrindin\u0117s funkcijos<\/h3>\n<p><strong>Nikotino parinktys:<\/strong> Pritaikykite savo patirt\u012f su 0%, 2%, 3% arba 5% nikotino koncentracija, kad ja m\u0117gautum\u0117t\u0117s pagal poreikius.<br \/>\n<strong>Puff talpa:<\/strong> M\u0117gaukit\u0117s i\u0161skirtiniu <strong>15 000 \u012fkv\u0117pim\u0173<\/strong> vienam \u012frenginiui, kad ilg\u0105 laik\u0105 gal\u0117tum\u0117te m\u0117gautis garinimu.<br \/>\n<strong>Didel\u0117 elektroninio skys\u010dio talpa:<\/strong> <strong>22 ml<\/strong> rezervuaras gerokai suma\u017eina papildymo da\u017enum\u0105.<br \/>\n<strong>LCD ekranas:<\/strong> Akumuliatoriaus ir naudojimo rodikli\u0173 steb\u0117jimas realiuoju laiku per ai\u0161k\u0173 LED ekran\u0105.<br \/>\n<strong>\u012ekraunama baterija:<\/strong> Funkcijos <strong>850 mAh<\/strong> baterija su <strong>C tipo \u012fkrovimas<\/strong> patogi\u0173 papildym\u0173.<br \/>\n<strong>Pa\u017eangi rit\u0117s technologija:<\/strong> <strong>1ohm tinklelio rit\u0117<\/strong> maksimaliai padidina gar\u0173 tank\u012f ir skonio intensyvum\u0105.<br \/>\n<strong>Nefasuota pakuot\u0117:<\/strong> Idealiai tinka didmeninei prekybai - kiekvienoje d\u0117\u017eut\u0117je yra 200 prietais\u0173.<\/p>\n<h3>Technin\u0117s specifikacijos<\/h3>\n<ul>\n<li>Pufai: <strong>15000 puodeli\u0173<\/strong><\/li>\n<li>rit\u0117: <strong>Dviguba tinklelio rit\u0117 (1ohm)<\/strong><\/li>\n<li>E-skys\u010dio talpa: <strong>22 ml<\/strong><\/li>\n<li>Nikotino parinktys: <strong>0% \/ 2% \/ 3% \/ 5%<\/strong><\/li>\n<li>Akumuliatorius: <strong>850 mAh \u012fkraunamas<\/strong><\/li>\n<li>\u012ekrovimo prievadas: <strong>C tipo<\/strong><\/li>\n<li>Ekranas: <strong>LED ekranas<\/strong><\/li>\n<li>Matmenys: <strong>35 x 34 x 149 mm<\/strong><\/li>\n<li>Svoris: <strong>103g<\/strong><\/li>\n<\/ul>\n<h3>D\u017eiuginantis skonio asortimentas<\/h3>\n<p>Atraskite savo tobul\u0105 skon\u012f tarp m\u016bs\u0173 auk\u0161\u010diausios kokyb\u0117s skoni\u0173:<\/p>\n<ul>\n<li><strong>M\u0117lyni\u0173 ledas<\/strong><\/li>\n<li><strong>Vy\u0161ni\u0173 ledas<\/strong><\/li>\n<li><strong>M\u0117lyna Razz Lemon<\/strong><\/li>\n<li><strong>Bra\u0161ki\u0173 mango<\/strong><\/li>\n<li><strong>Apelsin\u0173 soda<\/strong><\/li>\n<li><strong>Persik\u0173 ledas<\/strong><\/li>\n<li><strong>Alavijo vynuog\u0117s<\/strong><\/li>\n<li><strong>Dvigubas obuolys<\/strong><\/li>\n<li><strong>Arb\u016bz\u0173 ledas<\/strong><\/li>\n<li><strong>Mi\u0161rios uogos<\/strong><\/li>\n<li><strong>Bra\u0161ki\u0173 kiviai<\/strong><\/li>\n<li><strong>Bra\u0161ki\u0173 arb\u016bzas<\/strong><\/li>\n<\/ul>\n<p>&nbsp;<\/p>\n<p>Nesvarbu, ar esate naujokas, ar \u017einovas. <strong>Waspe 15000<\/strong> u\u017etikrina neprilygstam\u0105 patogum\u0105 ir patikimum\u0105. Kiekviename prietaise suderinta pa\u017eangiausia garinimo technologija ir eleganti\u0161kas ne\u0161iojamumas, puikiai tinkantis naudoti vis\u0105 dien\u0105. D\u0117l dideli\u0173 pakuo\u010di\u0173 galimybi\u0173 tai yra i\u0161skirtinis pasirinkimas platintojams ir ma\u017emenininkams.<\/p>\n<p>Pagerinkite savo garinimo kelion\u0119 su \u0161iuo pirmaujan\u010diu vienkartiniu garintuvu. Ypatingas ilgaam\u017ei\u0161kumas, pritaikomas nikotino kiekis ir \u012fsp\u016bdingas <strong>15 000 pufeli\u0173<\/strong> gyvenimo trukm\u0117 - <strong>Waspe 15000<\/strong> i\u0161 naujo apibr\u0117\u017eia vienkartinio garinimo meistri\u0161kum\u0105, pasi\u017eymint\u012f auk\u0161\u010diausio lygio in\u017einerija ir sensacingu skonio perteikimu.<\/p>","protected":false},"excerpt":{"rendered":"<p>Patirkite auk\u0161\u010diausios kokyb\u0117s garinim\u0105 su <strong>Waspe 15000<\/strong> vienkartini\u0173 vape si\u016blymas <strong>15 000 \u012fkv\u0117pim\u0173<\/strong>, <strong>22 ml e-skys\u010dio<\/strong> paj\u0117gumas ir <strong>0%\/2%\/3%\/5% nicotine<\/strong> galimyb\u0117s. Turi \u012fkraunam\u0105 <strong>850 mAh akumuliatorius<\/strong> ir pa\u017eengusiems <strong>tinklin\u0117s rit\u0117s technologija<\/strong> kad b\u016bt\u0173 intensyvaus skonio.<\/p>","protected":false},"featured_media":6762,"comment_status":"open","ping_status":"closed","template":"","meta":[],"product_brand":[332],"product_cat":[1068],"product_tag":[280,112,77,115,657,658],"class_list":{"0":"post-6767","1":"product","2":"type-product","3":"status-publish","4":"has-post-thumbnail","6":"product_brand-waspe","7":"product_cat-waspe","8":"product_tag-15000-puffs","9":"product_tag-disposable-vape","10":"product_tag-mesh-coil-vape","11":"product_tag-rechargeable-vape","12":"product_tag-waspe-15000","13":"product_tag-wholesale-vape","15":"first","16":"instock","17":"sale","18":"shipping-taxable","19":"purchasable","20":"product-type-variable"},"jetpack_sharing_enabled":true,"tiered_pricing_type":"fixed","tiered_pricing_fixed_rules":[],"tiered_pricing_product_settings":{"layout":"default","base_unit_name":{"singular":null,"plural":null},"default_variation":null},"tiered_pricing_minimum_quantity":null,"tiered_pricing_roles_data":[],"tiered_pricing_percentage_rules":[],"tiered_pricing_maximum_quantity":null,"tiered_pricing_quantity_step":null,"_links":{"self":[{"href":"https:\/\/frvape.com\/lt\/wp-json\/wp\/v2\/product\/6767","targetHints":{"allow":["GET"]}}],"collection":[{"href":"https:\/\/frvape.com\/lt\/wp-json\/wp\/v2\/product"}],"about":[{"href":"https:\/\/frvape.com\/lt\/wp-json\/wp\/v2\/types\/product"}],"replies":[{"embeddable":true,"href":"https:\/\/frvape.com\/lt\/wp-json\/wp\/v2\/comments?post=6767"}],"wp:featuredmedia":[{"embeddable":true,"href":"https:\/\/frvape.com\/lt\/wp-json\/wp\/v2\/media\/6762"}],"wp:attachment":[{"href":"https:\/\/frvape.com\/lt\/wp-json\/wp\/v2\/media?parent=6767"}],"wp:term":[{"taxonomy":"product_brand","embeddable":true,"href":"https:\/\/frvape.com\/lt\/wp-json\/wp\/v2\/product_brand?post=6767"},{"taxonomy":"product_cat","embeddable":true,"href":"https:\/\/frvape.com\/lt\/wp-json\/wp\/v2\/product_cat?post=6767"},{"taxonomy":"product_tag","embeddable":true,"href":"https:\/\/frvape.com\/lt\/wp-json\/wp\/v2\/product_tag?post=6767"}],"curies":[{"name":"wp","href":"https:\/\/api.w.org\/{rel}","templated":true}]}}