{"id":8612,"date":"2025-10-14T07:56:16","date_gmt":"2025-10-14T07:56:16","guid":{"rendered":"https:\/\/frvape.com\/product\/vapsolo-feed-bar-shisha-15000-rechargeable-disposable-vape-with-15000-puffs\/"},"modified":"2025-12-16T09:50:45","modified_gmt":"2025-12-16T09:50:45","slug":"vapsolo-maitinimo-baras-shisha-15000-ikraunamas-vienkartinis-vape-su-15000-puffu","status":"publish","type":"product","link":"https:\/\/frvape.com\/lt\/product\/vapsolo-maitinimo-baras-shisha-15000-ikraunamas-vienkartinis-vape-su-15000-puffu\/","title":{"rendered":"Vapsolo Feed Bar Shisha 15000 | \u012ekraunama vienkartin\u0117 vap\u0117 su 15 000 d\u016bm\u0173"},"content":{"rendered":"<h3>Atraskite geriausi\u0105 garinimo patirt\u012f<\/h3>\n<p>Pristatome <strong>\"Vapsolo Feed Bar Shisha\" 15000<\/strong>, moderniausias \u0161i\u0161os stiliaus vienkartinis garintuvas, kuriame dera elegancija ir inovacijos. \u012ed\u0117ta \u012f auk\u0161\u010diausios kokyb\u0117s <strong>odos aptraukimas<\/strong>, \u0161iame \u012frenginyje yra didel\u0117s skiriamosios gebos <strong>skaitmeninis ekranas<\/strong> kuris tiksliai rodo dabartin\u0119 akumuliatoriaus veikimo trukm\u0119 ir <strong>e-skys\u010dio procentin\u0117 dalis<\/strong>taip u\u017etikrinant, kad visada visk\u0105 kontroliuosite. Sukurtas ilgesniam naudojimuisi, jis u\u017etikrina iki <strong>15 000 \u012fkv\u0117pim\u0173<\/strong> viename \u012frenginyje, tod\u0117l puikiai tinka garinti keliaujant ir u\u017etikrina pastov\u0173 skon\u012f bei gar\u0173 gamyb\u0105.<\/p>\n<h3>Galingos funkcijos, u\u017etikrinan\u010dios didesn\u012f na\u0161um\u0105<\/h3>\n<p>\u0160is aparatas yra <strong>650 mAh \u012fkraunama baterija<\/strong> su <strong>C tipo prievadas<\/strong> \u012fkrovimo, tod\u0117l greitai ir patikimai \u012fkraunamas nepertraukiamoms sesijoms.<br \/>Integruotas <strong>tinklin\u0117s rit\u0117s technologija<\/strong> veikia <strong>0,6\u03a9 var\u017ea<\/strong>, u\u017etikrinantis optimal\u0173 \u0161ilumos paskirstym\u0105 ir intensyv\u0173 kiekvieno d\u016bmo skon\u012f bei maksimaliai padidinantis <strong>e. skys\u010dio talpa<\/strong> 25 ml. Kartu su <strong>Dviej\u0173 kapsuli\u0173 funkcionalumas<\/strong>, jame yra integruotos apsaugos priemon\u0117s, apsaugan\u010dios nuo <strong>perkaitimas<\/strong> ir <strong>trumpasis jungimas<\/strong>. Kartu su naujovi\u0161ka oro srauto sistema ji u\u017etikrina skland\u0173 u\u017etraukim\u0105 ir tir\u0161tus debesis, kad garinimas b\u016bt\u0173 nepakartojamas.<\/p>\n<h3>I\u0161samios specifikacijos<\/h3>\n<p>Pasinerkite \u012f detales: Vapsolo Feed Bar 15000 pasi\u017eymi tvirtu korpusu, kurio vienos dalies svoris yra 95 g, tod\u0117l j\u012f patogu valdyti.<br \/>Pagrindin\u0117s specifikacijos: E-skys\u010dio talpa: <strong>25 ML<\/strong>, Akumuliatoriaus talpa: <strong>650 mAh<\/strong>, rit\u0117s tipas: <strong>Tinklelio rit\u0117<\/strong>ir rit\u0117s atsparumas: <strong>0.6\u03a9<\/strong>. Jos <strong>\u012fkraunamas<\/strong> dizainas per <strong>C tipo prievadas<\/strong> u\u017etikrinamas efektyvumas, o didmenin\u0117s pakuot\u0117s detal\u0117s optimizuotos ma\u017emenininkams - kiekvienoje d\u0117\u017eut\u0117je telpa 200 vienet\u0173 (bendras svoris 19 kg) su atskiromis d\u0117\u017eut\u0117mis (1 vienetas d\u0117\u017eut\u0117je) ir vidurin\u0117mis d\u0117\u017eut\u0117mis (10 vienet\u0173 d\u0117\u017eut\u0117je). Vienos d\u0117\u017e\u0117s matmenys yra 44*43*26,5 cm.<\/p>\n<h3>I\u0161skirtin\u0117s skonio parinktys<\/h3>\n<p>Rinkit\u0117s i\u0161 15 kruop\u0161\u010diai sukurt\u0173 <strong>vape skoniai<\/strong> j\u016bs\u0173 garinimo malonumui, patenkinantis kiekvieno skonio pageidavimus. M\u016bs\u0173 viliojan\u010di\u0173 skoni\u0173 s\u0105ra\u0161e yra:<br \/><strong>\"Lush Ice<br \/>Mango ledas<br \/>Uog\u0173 ledas<br \/>M\u0117lyni\u0173 guma<br \/>Juod\u0173j\u0173 serbent\u0173 ledas<br \/>Blue Razz limonadas<br \/>Vy\u0161ni\u0173 fiesta<br \/>Bra\u0161ki\u0173 pun\u0161as<br \/>Vynuogi\u0173 m\u0117tos<br \/>Persik\u0173 ledas<br \/>Sweetpassion Vaisiai<br \/>Bra\u0161ki\u0173 kiviai<br \/>Citrin\u0173 m\u0117tos<br \/>Magi\u0161ka meil\u0117<br \/>Du obuoliai<\/strong><\/p>\n<h3>Masiniai u\u017esakymai ir kokyb\u0117s u\u017etikrinimas<\/h3>\n<p>Optimizuokite savo atsargas, naudodami m\u016bs\u0173 didmenin\u0117s prekybos pasi\u016blymus - perkant dideliais kiekiais d\u0117\u017eut\u0117je yra 10 skoni\u0173, tarp kuri\u0173 <strong>daug nikotino turin\u010dios galimyb\u0117s<\/strong> 2% arba 5% lygio, kad b\u016bt\u0173 patenkinti \u012fvair\u016bs naudotoj\u0173 poreikiai. U\u017etikriname geriausi\u0105 kain\u0105 ir greit\u0105 pristatym\u0105 visame pasaulyje, remdamiesi \"Vapsolo\" \u012fsipareigojimu u\u017etikrinti kokyb\u0119. Kiekvienas prietaisas yra sukurtas <strong>efektyvus ir nuoseklus energijos tiekimas<\/strong>, su ilgaam\u017ei\u0161komis sudedamosiomis dalimis, pvz., tinklelio spirale, kuri padidina ilgaam\u017ei\u0161kum\u0105. Perpardav\u0117jams m\u016bs\u0173 kartonin\u0117 pakuot\u0117 (200 vnt.\/ctn) palengvina logistik\u0105 ir u\u017etikrina \u0161vie\u017eumo i\u0161saugojim\u0105. Patirkite ateit\u012f <strong>vienkartinis garinimas<\/strong> su <strong>\"Vapsolo Feed Bar Shisha\" 15000<\/strong>-galima u\u017esisakyti nepamir\u0161tamus seansus.<\/p>","protected":false},"excerpt":{"rendered":"<p>Patirkite auk\u0161\u010diausios kokyb\u0117s garinim\u0105 su <strong>\"Vapsolo Feed Bar Shisha\" 15000<\/strong>, sud\u0117tingas vienkartinis aparatas su <strong>oda apvyniotas dizainas<\/strong>, <strong>skaitmeninis ekranas<\/strong> galios ir elektroninio skys\u010dio lygio, ir <strong>\u012fkraunamas akumuliatorius<\/strong> i\u0161skirtin\u012f na\u0161um\u0105.<br \/>Si\u016bloma iki <strong>15 000 \u012fkv\u0117pim\u0173<\/strong>, jis gali pasigirti <strong>25 ml e-skys\u010dio talpa<\/strong> ir <strong>tinklelio rit\u0117<\/strong> turtingo skonio - yra 15 \u012fvairi\u0173 variant\u0173.<\/p>","protected":false},"featured_media":8606,"comment_status":"open","ping_status":"closed","template":"","meta":[],"product_brand":[408],"product_cat":[863],"product_tag":[255,709,77,115,707,706],"class_list":{"0":"post-8612","1":"product","2":"type-product","3":"status-publish","4":"has-post-thumbnail","6":"product_brand-vapsolo","7":"product_cat-vapsolo","8":"product_tag-15000-puffs-vape","9":"product_tag-25ml-liquid-capacity","10":"product_tag-mesh-coil-vape","11":"product_tag-rechargeable-vape","12":"product_tag-shisha-disposable-vape","13":"product_tag-vapsolo-feed-bar-15000","15":"first","16":"instock","17":"sale","18":"shipping-taxable","19":"purchasable","20":"product-type-variable"},"jetpack_sharing_enabled":true,"tiered_pricing_type":"fixed","tiered_pricing_fixed_rules":[],"tiered_pricing_product_settings":{"layout":"default","base_unit_name":{"singular":null,"plural":null},"default_variation":null},"tiered_pricing_minimum_quantity":null,"tiered_pricing_roles_data":[],"tiered_pricing_percentage_rules":[],"tiered_pricing_maximum_quantity":null,"tiered_pricing_quantity_step":null,"_links":{"self":[{"href":"https:\/\/frvape.com\/lt\/wp-json\/wp\/v2\/product\/8612","targetHints":{"allow":["GET"]}}],"collection":[{"href":"https:\/\/frvape.com\/lt\/wp-json\/wp\/v2\/product"}],"about":[{"href":"https:\/\/frvape.com\/lt\/wp-json\/wp\/v2\/types\/product"}],"replies":[{"embeddable":true,"href":"https:\/\/frvape.com\/lt\/wp-json\/wp\/v2\/comments?post=8612"}],"wp:featuredmedia":[{"embeddable":true,"href":"https:\/\/frvape.com\/lt\/wp-json\/wp\/v2\/media\/8606"}],"wp:attachment":[{"href":"https:\/\/frvape.com\/lt\/wp-json\/wp\/v2\/media?parent=8612"}],"wp:term":[{"taxonomy":"product_brand","embeddable":true,"href":"https:\/\/frvape.com\/lt\/wp-json\/wp\/v2\/product_brand?post=8612"},{"taxonomy":"product_cat","embeddable":true,"href":"https:\/\/frvape.com\/lt\/wp-json\/wp\/v2\/product_cat?post=8612"},{"taxonomy":"product_tag","embeddable":true,"href":"https:\/\/frvape.com\/lt\/wp-json\/wp\/v2\/product_tag?post=8612"}],"curies":[{"name":"wp","href":"https:\/\/api.w.org\/{rel}","templated":true}]}}