{"id":8775,"date":"2025-10-14T08:22:28","date_gmt":"2025-10-14T08:22:28","guid":{"rendered":"https:\/\/frvape.com\/product\/iget-bar-pro-10000-disposable-vape-10000-puffs-flavor-variety\/"},"modified":"2025-12-16T09:51:36","modified_gmt":"2025-12-16T09:51:36","slug":"iget-baras-pro-10000-vienkartiniu-vape-10000-puffs-skonio-ivairove","status":"publish","type":"product","link":"https:\/\/frvape.com\/lt\/product\/iget-baras-pro-10000-vienkartiniu-vape-10000-puffs-skonio-ivairove\/","title":{"rendered":"\"IGET Bar Pro 10000 Disposable Vape\": 10 000 \u012fkv\u0117pim\u0173, skoni\u0173 \u012fvairov\u0117"},"content":{"rendered":"<h3>Neprilygstama vienkartin\u0117 \"Vape\" patirtis<\/h3>\n<p>Svetain\u0117 <strong>IGET Baras Pro 10000<\/strong> i\u0161 naujo apibr\u0117\u017eia ne\u0161iojam\u0105j\u012f garinim\u0105 su savo <strong>i\u0161skirtinis na\u0161umas<\/strong> ir aptakus aliuminio dizainas. Suk\u016br\u0117 <strong>IGET Vape<\/strong>, patikimas pramon\u0117s lyderis, \u0161is prietaisas u\u017etikrina, kad <strong>10 000 sotinan\u010di\u0173 \u012fkv\u0117pim\u0173<\/strong> maitinamas i\u0161 <strong>2000 mAh akumuliatorius<\/strong> ir i\u0161 anksto pripildytas <strong>20 ml auk\u0161tos kokyb\u0117s elektroninio skys\u010dio<\/strong>. Jos <strong>5% nikotino koncentracija (50mg\/ml)<\/strong> u\u017etikrina nuosekl\u0173 gerkl\u0117s paspaudim\u0105, o <strong>Lengva 93 g konstrukcija<\/strong> ir <strong>traukimo mechanizmas<\/strong> garantuoja, kad gal\u0117site be vargo naudotis bet kada ir bet kur. Puikiai tinka ir <strong>nauji vapers<\/strong> ir <strong>ekspertai<\/strong>, jis sujungia patogum\u0105 ir auk\u0161\u010diausios kokyb\u0117s skon\u012f, kad b\u016bt\u0173 galima m\u0117gautis neprilygstamu <strong>kelion\u0117 garinant<\/strong>.<\/p>\n<h3>Pagrindin\u0117s specifikacijos ir funkcijos<\/h3>\n<p>- <strong>Prek\u0117s \u017eenklas<\/strong>: IGET<br \/>\n- <strong>Puff skai\u010dius<\/strong>: 10 000 \u012fkv\u0117pim\u0173<br \/>\n- <strong>Nikotino kiekis<\/strong>: 5% (50 mg\/ml)<br \/>\n- <strong>E-skys\u010dio talpa<\/strong>: 20 ml<br \/>\n- <strong>Akumuliatoriaus maitinimas<\/strong>: 2000 mAh<br \/>\n- <strong>Rit\u0117s atsparumas<\/strong>: 1.2\u03a9<br \/>\n- <strong>Med\u017eiaga<\/strong>: Aliuminis<br \/>\n- <strong>Svoris<\/strong>: 93g<\/p>\n<p>\u0160io prietaiso nereikia papildyti ar \u012fkrauti, nes <strong>ilgai veikiantis akumuliatorius<\/strong> ir <strong>dosnios e. skys\u010dio atsargos<\/strong>tod\u0117l jis idealiai tinka keliaujantiems \u017emon\u0117ms. . <strong>kompakti\u0161kas dizainas<\/strong> pagerina ne\u0161iojamum\u0105 neprarandant patvarumo, o <strong>sklandus rit\u0117s veikimas<\/strong> u\u017etikrina pastov\u0173 gar\u0173 susidarym\u0105 per vis\u0105 naudojimo laik\u0105.<\/p>\n<h3>I\u0161skirtinis skonio pasirinkimas<\/h3>\n<p>Pasinerkite \u012f \u012fvairias <strong>turtingi skonio potyriai<\/strong> pritaikytas kiekvienam skoniui. Svetain\u0117 <strong>IGET Baras Pro 10000<\/strong> si\u016bloma rinktin\u0117 auk\u0161\u010diausios kokyb\u0117s skoni\u0173 kolekcija:<\/p>\n<p>Avie\u010di\u0173 vynuog\u0117s<br \/>\nGervuog\u0117s avie\u010di\u0173<br \/>\nKiviai Ananasai<br \/>\nGreipfrut\u0173 gvajavos citrin\u0173 ledai<br \/>\nBra\u0161ki\u0173 avie\u010di\u0173<br \/>\nM\u0117lyni\u0173 ledas<br \/>\nVynuogi\u0173 ledas<br \/>\nBra\u0161ki\u0173 ir kivi\u0173 ledai<br \/>\nGervuog\u0117s Granatai Vy\u0161nia<br \/>\nVy\u0161ni\u0173 ir granat\u0173<br \/>\nM\u0117lyni\u0173 avie\u010di\u0173<br \/>\nBra\u0161ki\u0173 arb\u016bzo ledai<\/p>\n<p>Kiekvienas skonis, pvz., \u0161altas <strong>Ledo variantai<\/strong> arba a\u0161traus skonio <strong>vaisi\u0173 sintez\u0117s<\/strong>subalansuoja gilius, niuansuotus profilius ir gaivi\u0105 pabaig\u0105. Pajuskite ry\u0161kias natas, pavyzd\u017eiui, raugint\u0173 avie\u010di\u0173 ar egzoti\u0161k\u0173 gvajav\u0173, kurias sustiprina <strong>sklandus nikotino tiekimas<\/strong> maksimaliam pasitenkinimui.<\/p>\n<h3>Privalumai ir kod\u0117l verta rinktis \"IGET Bar Pro<\/h3>\n<p>Pasirinkimas <strong>IGET Baras Pro 10000<\/strong> rei\u0161kia investicijas \u012f patikimum\u0105 ir inovacijas. Jos <strong>i\u0161skirtinis ilgaam\u017ei\u0161kumas<\/strong> suma\u017eina atliek\u0173 kiek\u012f ir i\u0161laidas, o <strong>auk\u0161\u010diausios kokyb\u0117s surinkimas<\/strong> u\u017etikrina saugum\u0105 ir na\u0161um\u0105. . <strong>patogi traukimo sistema<\/strong> Garinimas tampa intuityvus - tiesiog \u012fkv\u0117pkite, kad gal\u0117tum\u0117te m\u0117gautis, be joki\u0173 mygtuk\u0173 ar komplikacij\u0173. Idealiai tinka kasdieniam naudojimui, nes u\u017etikrina <strong>nepertraukiamas malonumas<\/strong> ir <strong>malonus gerkl\u0117s poveikis<\/strong> kuri atitinka visus pageidavimus.<\/p>\n<p>Su \"IGET Bar Pro\" m\u0117gaukit\u0117s patogumu ir skonio \u012fvairove. Atnaujinkite \u0161\u012f i\u0161skirtin\u012f <strong>vienkartiniai vape<\/strong> ir m\u0117gaukit\u0117s l\u016bkes\u010dius pranokstan\u010diu skoniu be streso.<\/p>","protected":false},"excerpt":{"rendered":"<h3>\"Premium\" vienkartinis garinimo sprendimas<\/h3>\n<p>Svetain\u0117 <strong>IGET Baras Pro 10000<\/strong> teikia <strong>10 000 \u012fkv\u0117pim\u0173<\/strong> su <strong>2000 mAh akumuliatorius<\/strong> ir <strong>20ml auk\u0161\u010diausios kokyb\u0117s e-skys\u010dio<\/strong>. M\u0117gaukit\u0117s <strong>turtingi skoniai<\/strong> ir <strong>\u0161velnus nikotino poveikis<\/strong> lengvos konstrukcijos.<\/p>","protected":false},"featured_media":8769,"comment_status":"open","ping_status":"closed","template":"","meta":[],"product_brand":[719],"product_cat":[720],"product_tag":[517,446,112,412,722,155],"class_list":{"0":"post-8775","1":"product","2":"type-product","3":"status-publish","4":"has-post-thumbnail","6":"product_brand-iget","7":"product_cat-iget-vape","8":"product_tag-10000-puffs","9":"product_tag-5-nicotine","10":"product_tag-disposable-vape","11":"product_tag-e-liquid","12":"product_tag-iget-bar-pro","13":"product_tag-vape-flavors","15":"first","16":"instock","17":"sale","18":"shipping-taxable","19":"purchasable","20":"product-type-variable"},"jetpack_sharing_enabled":true,"tiered_pricing_type":"fixed","tiered_pricing_fixed_rules":[],"tiered_pricing_product_settings":{"layout":"default","base_unit_name":{"singular":null,"plural":null},"default_variation":null},"tiered_pricing_minimum_quantity":null,"tiered_pricing_roles_data":[],"tiered_pricing_percentage_rules":[],"tiered_pricing_maximum_quantity":null,"tiered_pricing_quantity_step":null,"_links":{"self":[{"href":"https:\/\/frvape.com\/lt\/wp-json\/wp\/v2\/product\/8775","targetHints":{"allow":["GET"]}}],"collection":[{"href":"https:\/\/frvape.com\/lt\/wp-json\/wp\/v2\/product"}],"about":[{"href":"https:\/\/frvape.com\/lt\/wp-json\/wp\/v2\/types\/product"}],"replies":[{"embeddable":true,"href":"https:\/\/frvape.com\/lt\/wp-json\/wp\/v2\/comments?post=8775"}],"wp:featuredmedia":[{"embeddable":true,"href":"https:\/\/frvape.com\/lt\/wp-json\/wp\/v2\/media\/8769"}],"wp:attachment":[{"href":"https:\/\/frvape.com\/lt\/wp-json\/wp\/v2\/media?parent=8775"}],"wp:term":[{"taxonomy":"product_brand","embeddable":true,"href":"https:\/\/frvape.com\/lt\/wp-json\/wp\/v2\/product_brand?post=8775"},{"taxonomy":"product_cat","embeddable":true,"href":"https:\/\/frvape.com\/lt\/wp-json\/wp\/v2\/product_cat?post=8775"},{"taxonomy":"product_tag","embeddable":true,"href":"https:\/\/frvape.com\/lt\/wp-json\/wp\/v2\/product_tag?post=8775"}],"curies":[{"name":"wp","href":"https:\/\/api.w.org\/{rel}","templated":true}]}}