{"id":9150,"date":"2025-10-31T14:54:58","date_gmt":"2025-10-31T14:54:58","guid":{"rendered":"https:\/\/frvape.com\/product\/aivono-aim-150k-puffs-disposable-vape-rechargeable-58ml-mesh-coil-device\/"},"modified":"2025-12-16T09:09:50","modified_gmt":"2025-12-16T09:09:50","slug":"aivono-aim-150k-puffs-vienkartinis-vape-ikraunamas-58ml-akiu-rites-prietaisas","status":"publish","type":"product","link":"https:\/\/frvape.com\/lt\/product\/aivono-aim-150k-puffs-vienkartinis-vape-ikraunamas-58ml-akiu-rites-prietaisas\/","title":{"rendered":"\"Aivono Aim 150K Puffs Disposable Vape\" - \u012fkraunamas 58ml tinklelio rit\u0117s \u012frenginys"},"content":{"rendered":"<h3>Ilgalaik\u0117 garinimo patirtis<\/h3>\n<p>Atraskite novatori\u0161k\u0105 <strong>\"Aivono Aim 150K Puffs<\/strong> vienkartinis garintuvas, skirtas i\u0161skirtin\u0117s i\u0161tverm\u0117s ir auk\u0161\u010diausios kokyb\u0117s skonio siekiantiems vartotojams. \u0160is pa\u017eangiausias prietaisas nustato naujus standartus vienkartini\u0173 vap\u0173 rinkoje, nes jo talpa siekia 150 000 \u012fkv\u0117pim\u0173 - puikiai tinka intensyviems vartotojams ir skonio entuziastams, kuriems reikia nepertraukiamo pasitenkinimo.<\/p>\n<h3>Pa\u017eangi tinklelio rit\u0117s technologija<\/h3>\n<p>Patirkite neprilygstam\u0105 gar\u0173 nuoseklum\u0105 su m\u016bs\u0173 naujovi\u0161ka keturi\u0173 branduoli\u0173 sistema, kurioje yra keturios 1,2 \u03a9 tinklin\u0117s rit\u0117s. \u0160i pa\u017eangi konfig\u016bracija u\u017etikrina, kad kiekvienas \u012fkv\u0117pimas <strong>tankus<\/strong>, aromatingus debes\u0117lius, i\u0161laikant temperat\u016bros stabilum\u0105 nuo pirmo iki paskutinio naudojimo. . <strong>tinklelio rit\u0117<\/strong> dizainas maksimaliai padidina el. skys\u010dio panaudojim\u0105 ir u\u017etikrina greit\u0105 kaitinim\u0105, kad b\u016bt\u0173 galima akimirksniu patenkinti poreikius.<\/p>\n<h3>Pritaikoma nikotino patirtis<\/h3>\n<p>Pritaikykite savo garinimo kelion\u0119 su keliais <strong>nikotino stiprumas<\/strong> parink\u010di\u0173 (0%, 2%, 3%, 5%), kad atitikt\u0173 j\u016bs\u0173 asmeninius pageidavimus. Nesvarbu, ar pereinate nuo tradicini\u0173 cigare\u010di\u0173, ar tiesiog m\u0117gaujat\u0117s nikotinu, m\u016bs\u0173 kruop\u0161\u010diai sukalibruoti lygiai u\u017etikrina \u0161veln\u0173 gerkl\u0117s sm\u016bg\u012f nesuma\u017einant skonio vientisumo, tod\u0117l idealiai tinka visiems garinimo stiliams.<\/p>\n<h3>Did\u017eiul\u0117 elektroninio skys\u010dio talpa ir i\u0161maniosios funkcijos<\/h3>\n<p>\u0160io \u012fsp\u016bdingo \u012frenginio pagrindas - didel\u0117 <strong>58 ml i\u0161 anksto pripildyto e. skys\u010dio<\/strong> rezervuaras. Tokia didel\u0117 talpa u\u017etikrina ilgalaik\u012f naudojim\u0105 be da\u017eno keitimo, tod\u0117l tai yra ekonomi\u0161ka ir patogu. B\u016bkite nuolat informuoti, naudodami integruot\u0105 LED ekran\u0105, kuris nuolat stebi <strong>akumuliatorius<\/strong> b\u016bsen\u0105 ir likus\u012f sul\u010di\u0173 kiek\u012f.<\/p>\n<h3>Auk\u0161\u010diausios kokyb\u0117s \u012fkraunamas na\u0161umas<\/h3>\n<p>Didel\u0117s talpos 850 mAh akumuliatorius u\u017etikrina ilgalaik\u012f energijos kiek\u012f, kuris atitinka i\u0161skirtin\u012f d\u016bm\u0173 kiek\u012f. \u012ekraukite greitai naudodami USB-C technologij\u0105, kad i\u0161vengtum\u0117te prastov\u0173 ir u\u017etikrintum\u0117te greit\u0105 \u012fkrovimo efektyvum\u0105. \u0160i patogi funkcija prat\u0119sia garinimo seansus, tod\u0117l nereikia naudoti vienkartini\u0173 alternatyv\u0173.<\/p>\n<h3>Skanus skoni\u0173 asortimentas<\/h3>\n<p>Pasim\u0117gaukite \u012fvairiais rafinuotais skoniais:<\/p>\n<p><strong>Arb\u016bzas + avie\u010di\u0173 + vy\u0161ni\u0173 + kola<br \/>Bra\u0161ki\u0173 ledai + arb\u016bz\u0173 ledai + persik\u0173 ledai + pasiflor\u0173 ledai<br \/>Bra\u0161ki\u0173 ledai + mango + ananasai + ledai<br \/>Ananas\u0173 kokosas + citrin\u0173 ledas + m\u0117lyni\u0173 ledas + energetinis g\u0117rimas<br \/>Bra\u0161ki\u0173 ledai + m\u0117lyni\u0173 ledai + vynuogi\u0173 ledai + \u017eali\u0173j\u0173 obuoli\u0173 ledai<br \/>Banan\u0173 ledai + bra\u0161ki\u0173 ledai + arb\u016bz\u0173 ledai + citrin\u0173 ledai<br \/>bra\u0161ki\u0173 kivi\u0173 + m\u0117lyni\u0173 kokos\u0173 + mi\u0161ri\u0173j\u0173 slyv\u0173 + mang\u0173<br \/>Bra\u0161ki\u0173 ledai + ananas\u0173 ir kokos\u0173 ledai + mang\u0173 ledai + pasiflor\u0173 ledai<br \/>M\u0117lyni\u0173 ledai + avie\u010di\u0173 citrin\u0173 ledai + arb\u016bz\u0173 kramtomoji guma + m\u0117tos<br \/>Vynuogi\u0173 ledas + Mango persik\u0173 ledas + Arb\u016bz\u0173 ledas + M\u0117lyni\u0173 ledas<\/strong><\/p>\n<h3>Technin\u0117s specifikacijos<\/h3>\n<p>Pufai: 150 000<br \/>Rit\u0117s tipas: Keturi\u0173 1,2 \u03a9 tinklelio rit\u0117s sistema<br \/>E-skys\u010dio talpa: 58ml<br \/>Nikotino stiprumas: 0%\/2%\/3%\/5%<br \/>Baterija: 850 mAh \u012fkraunama<br \/>\u012ekrovimas: C tipo USB s\u0105saja<br \/>Ekranas: LED akumuliatoriaus \/ skys\u010dio indikatoriai<br \/>Matmenys: 39 x 39 x 118 mm<br \/>Pakuot\u0117s matmenys (ma\u017ea): 47x47x135 mm<br \/>Pristatymo d\u0117klo matmenys (didel\u0117 d\u0117\u017e\u0117): 97x243x138 mm<br \/>Pagrindin\u0117s d\u0117\u017e\u0117s matmenys: 685x380x240 mm<br \/>D\u0117\u017eut\u0117s svoris: 23 kg (150 vienet\u0173)<\/p>\n<h3>Did\u017eiausias pasirinkimas na\u0161iems r\u016bkalams<\/h3>\n<p>Svetain\u0117 <strong>\"Aivono Aim 150K Puffs<\/strong> i\u0161 naujo apibr\u0117\u017eia vienkartini\u0173 garinimo priemoni\u0173 standartus, derindamas rekordin\u0119 talp\u0105 ir auk\u0161\u010diausios kokyb\u0117s konstrukcij\u0105. Kiekvienas kruop\u0161\u010diai suprojektuotas komponentas - nuo efektyvi\u0173 tinklini\u0173 ri\u010di\u0173 iki puikiai suderintos oro srauto sistemos - u\u017etikrina nepertraukiam\u0105 pastovum\u0105 per vis\u0105 i\u0161skirtin\u012f tarnavimo laik\u0105. \u0160i autonomin\u0117 garinimo sistema nereikalauja prie\u017ei\u016bros ir kartu u\u017etikrina profesionalaus lygio na\u0161um\u0105, tod\u0117l tinka tiek asmeniniam naudojimui, tiek komerciniam platinimui. Pakeiskite savo garinimo patirt\u012f naudodami \u0161\u012f naujovi\u0161k\u0105 ilgaam\u017ei\u0161kumo, skonio turtingumo ir prakti\u0161kos in\u017einerijos derin\u012f.<\/p>","protected":false},"excerpt":{"rendered":"<p>Patirkite did\u017eiausi\u0105 ilgaam\u017ei\u0161kum\u0105 su <strong>\"Aivono Aim 150K Puffs<\/strong> vienkartiniai vape featuring <strong>58 ml talpa<\/strong> ir <strong>150 000 \u012fpur\u0161kim\u0173<\/strong>.<br \/>M\u0117gaukit\u0117s <strong>keturios tinklin\u0117s rit\u0117s<\/strong> sodraus skonio, reguliuojamas <strong>nikotino stiprumas<\/strong> (0%\/2%\/3%\/5%) ir USB-C \u012fkrovimo funkcija.<\/p>","protected":false},"featured_media":9144,"comment_status":"open","ping_status":"closed","template":"","meta":[],"product_brand":[165],"product_cat":[951,1016],"product_tag":[734,735,733,112,77,115],"class_list":{"0":"post-9150","1":"product","2":"type-product","3":"status-publish","4":"has-post-thumbnail","6":"product_brand-aivono","7":"product_cat-aivono","8":"product_cat-big-puffs-vapes","9":"product_tag-150000-puffs-vape","10":"product_tag-58ml-e-liquid","11":"product_tag-aivono-aim-150000-puffs","12":"product_tag-disposable-vape","13":"product_tag-mesh-coil-vape","14":"product_tag-rechargeable-vape","16":"first","17":"instock","18":"sale","19":"shipping-taxable","20":"purchasable","21":"product-type-variable"},"jetpack_sharing_enabled":true,"tiered_pricing_type":"fixed","tiered_pricing_fixed_rules":[],"tiered_pricing_product_settings":{"layout":"default","base_unit_name":{"singular":null,"plural":null},"default_variation":null},"tiered_pricing_minimum_quantity":null,"tiered_pricing_roles_data":[],"tiered_pricing_percentage_rules":[],"tiered_pricing_maximum_quantity":null,"tiered_pricing_quantity_step":null,"_links":{"self":[{"href":"https:\/\/frvape.com\/lt\/wp-json\/wp\/v2\/product\/9150","targetHints":{"allow":["GET"]}}],"collection":[{"href":"https:\/\/frvape.com\/lt\/wp-json\/wp\/v2\/product"}],"about":[{"href":"https:\/\/frvape.com\/lt\/wp-json\/wp\/v2\/types\/product"}],"replies":[{"embeddable":true,"href":"https:\/\/frvape.com\/lt\/wp-json\/wp\/v2\/comments?post=9150"}],"wp:featuredmedia":[{"embeddable":true,"href":"https:\/\/frvape.com\/lt\/wp-json\/wp\/v2\/media\/9144"}],"wp:attachment":[{"href":"https:\/\/frvape.com\/lt\/wp-json\/wp\/v2\/media?parent=9150"}],"wp:term":[{"taxonomy":"product_brand","embeddable":true,"href":"https:\/\/frvape.com\/lt\/wp-json\/wp\/v2\/product_brand?post=9150"},{"taxonomy":"product_cat","embeddable":true,"href":"https:\/\/frvape.com\/lt\/wp-json\/wp\/v2\/product_cat?post=9150"},{"taxonomy":"product_tag","embeddable":true,"href":"https:\/\/frvape.com\/lt\/wp-json\/wp\/v2\/product_tag?post=9150"}],"curies":[{"name":"wp","href":"https:\/\/api.w.org\/{rel}","templated":true}]}}