{"id":950,"date":"2025-10-11T15:55:38","date_gmt":"2025-10-11T15:55:38","guid":{"rendered":"https:\/\/frvape.com\/product\/mrvi-moving-25000-puffs-vape-mtl-dtl-dual-mode-with-child-lock-30ml-capacity\/"},"modified":"2026-02-06T03:27:04","modified_gmt":"2026-02-06T03:27:04","slug":"mrvi-juda-25000-puffs-vape-mtl-dtl-dvigubas-rezimas-su-vaiku-uzraktas-30ml-talpa","status":"publish","type":"product","link":"https:\/\/frvape.com\/lt\/product\/mrvi-juda-25000-puffs-vape-mtl-dtl-dvigubas-rezimas-su-vaiku-uzraktas-30ml-talpa\/","title":{"rendered":"MRVI Moving 25000 Puffs Vape: Dvigubas MTL\/DTL re\u017eimas su vaik\u0173 u\u017eraktu | 30ML talpa"},"content":{"rendered":"<h3>Revoliucin\u0117 garinimo patirtis<\/h3>\n<p>Svetain\u0117 <strong>MRVI Perk\u0117limas 25000<\/strong> i\u0161 naujo apibr\u0117\u017eia ne\u0161iojam\u0105j\u012f garinim\u0105, pasi\u017eymint\u012f nereg\u0117ta talpa ir i\u0161maniosiomis funkcijomis. \u0160is patentuotas dizainas sujungia gali\u0105 ir universalum\u0105 kompakti\u0161kame 52,2x22x99 mm dyd\u017eio \u012frenginyje, kuris pritaikytas tiek pradedantiesiems, tiek patyrusiems garintojams. Jo <strong>Dviguba rit\u0117 MTL Mini<\/strong> (15-20 W) ir <strong>Viena rit\u0117 DTL Max<\/strong> (25-40 W) technologijos u\u017etikrina individualiai pritaikomus gerkl\u0117s sm\u016bgius arba didelius debesis.<\/p>\n<h3>Neprilygstamos technin\u0117s specifikacijos<\/h3>\n<p>- Rekordinis <strong>25 000 \u012fpur\u0161kim\u0173<\/strong> vienam \u012frenginiui<br \/>- Masyvus <strong>30 ml e-skys\u010dio talpa<\/strong><br \/>- Ilgalaikis <strong>1000 mAh \u012fkraunama baterija<\/strong><br \/>- Dvigubos \u012ftampos suderinamumas: Pasirinkite 2% arba 5% <strong>nikotino stiprumas<\/strong><br \/>- Greitas <strong>C tipo \u012fkrovimas<\/strong> uostas<br \/>- Tikslumas <strong>Dviguba tinklelio rit\u0117<\/strong> (0,4\u03a9\/0,80\u03a9)<br \/>- Intuityvus OLED ekranas, skirtas steb\u0117ti realiuoju laiku<\/p>\n<h3>I\u0161skirtinis skonio pasirinkimas<\/h3>\n<p>Patirkite auk\u0161\u010diausios kokyb\u0117s skon\u012f su m\u016bs\u0173 meistri\u0161kai sukurtais e. skys\u010dio skoniais:<\/p>\n<ul>\n<li><strong>Bra\u0161ki\u0173 pieno kokteilis<\/strong> - Kremin\u0117 uog\u0173 palaima<\/li>\n<li><strong>Spanguoli\u0173 obuoliai<\/strong> - Kartumo ir saldumo sintez\u0117<\/li>\n<li><strong>Ananas\u0173 ledas<\/strong> - Atogr\u0105\u017e\u0173 \u0161al\u010dio protr\u016bkis<\/li>\n<li><strong>Bra\u0161ki\u0173 vy\u0161nios<\/strong> - Dvigub\u0173 uog\u0173 poj\u016btis<\/li>\n<li><strong>Banan\u0173 ledai<\/strong> - Aksominis \u0161aldytas malonumas<\/li>\n<li><strong>M\u0117lynasis \"Razz Ice<\/strong> - Elektrinis uog\u0173 \u0161aldiklis<\/li>\n<li><strong>Mi\u0161rios uogos<\/strong> - Sud\u0117tinga vaisi\u0173 mi\u0161rain\u0117<\/li>\n<li><strong>Persik\u0173 ledas<\/strong> - Sultingas kaulavaisi\u0173 gaivusis g\u0117rimas<\/li>\n<li><strong>Pasiflor\u0173 vaisi\u0173 ir apelsin\u0173 sultys<\/strong> - Citrusini\u0173 ir tropini\u0173 vaisi\u0173 pos\u016bkis<\/li>\n<li><strong>Arb\u016bz\u0173 ledas<\/strong> - Vasaros gaiva sustiprinta<\/li>\n<\/ul>\n<h3>I\u0161manioji sauga ir pritaikymas<\/h3>\n<p>Pirmenyb\u0119 teikiant saugai, novatori\u0161kam <strong>vaik\u0173 u\u017erakto funkcija<\/strong> penkiais mygtuko paspaudimais akimirksniu \u012fjungiamas\/i\u0161jungiamas ir taip u\u017ekertamas kelias neteis\u0117tam naudojimui. Ergonomi\u0161kas dugnas <strong>reguliuojamas oro srautas<\/strong> \u017eiedas leid\u017eia tiksliai kontroliuoti garus, o <strong>\u017evaig\u017edyn\u0173 \u012fkv\u0117ptas dizainas<\/strong> u\u017etikrina patog\u0173 laikym\u0105 ir i\u0161skirtin\u0119 estetik\u0105. Optimizuokite kiekvien\u0105 seans\u0105, lengvai perjungdami grie\u017et\u0105 MTL u\u017etraukim\u0105 ir erdv\u0173 DTL \u012fkv\u0117pim\u0105.<\/p>\n<h3>I\u0161pl\u0117stin\u0117 in\u017einerin\u0117 informacija<\/h3>\n<p>MRVI Moving ne tik pasi\u017eymi ypatingu puok\u0161\u010di\u0173 skai\u010diumi, bet ir naudoja <strong>dvigubos rit\u0117s optimizavimas<\/strong> nuosekliam aromato perdavimui ir gar\u0173 gamybai. . <strong>OLED ekranas<\/strong> skaidriai stebi akumuliatoriaus veikimo laik\u0105, puff skaitikl\u012f ir galios nustatymus. Patvarumas ir elegancija dera cinko lydinio \u0161asi, kurios dydis pritaikytas ne\u0161iotis ki\u0161en\u0117je, ta\u010diau joje sumontuoti profesionalaus lygio komponentai. I\u0161 anksto pripildytos kapsul\u0117s i\u0161vengiama nuot\u0117kio, o C tipo \u012fkrovimo funkcija per 18 minu\u010di\u0173 \u012fkrauna 80% baterij\u0105.<\/p>\n<h3>Pramon\u0117je pirmaujantis na\u0161umas<\/h3>\n<p>Svetain\u0117 <strong>MTL ir DTL re\u017eimai<\/strong> per\u017eengti tipini\u0173 vienkartini\u0173 gamini\u0173 ribas - patirti tikr\u0105 konfig\u016bruojam\u0105 garinim\u0105. Naudodami 15-20 W MTL, m\u0117gaukit\u0117s koncentruotu tradicines cigaretes imituojan\u010diu skoniu. <strong>25-40W DTL<\/strong>, i\u0161laisvinkite debes\u0173 persekiojimo potencial\u0105. Kiekvienas prietaisas yra grie\u017etai kontroliuojamas, jam suteikiami akumuliatoriaus saugumo ir elektroninio skys\u010dio grynumo sertifikatai. Pakuot\u0117je yra 1 \u012frenginys d\u0117\u017eut\u0117je (ekspozicin\u0117 d\u0117\u017eut\u0117: 10 vnt: <strong>160 vnt.<\/strong>), optimizuotas ma\u017emeniniam ir didmeniniam platinimui.<\/p>\n<p>Pagerinkite savo garinimo kelion\u0119 su \"MRVI Moving 25000\", kur novatori\u0161kas paj\u0117gumas, <strong>naujovi\u0161kos saugos sistemos<\/strong>, ir meistri\u0161ki skoniai susilieja \u017eanr\u0105 apibr\u0117\u017eian\u010diame \u012frenginyje, sukurtame taip, kad sulig kiekvienu u\u017etrauktuku pranokt\u0173 l\u016bkes\u010dius.<\/p>","protected":false},"excerpt":{"rendered":"<p><strong>MRVI Perk\u0117limas 25000<\/strong> \"vape\" pristato revoliucin\u012f <strong>25 000 \u012fpur\u0161kim\u0173<\/strong> su dviej\u0173 re\u017eim\u0173 lankstumu. Funkcijos <strong>MTL ir DTL garinimas<\/strong> technologija, <strong>30 ml e-skys\u010dio talpa<\/strong>, ir labai svarb\u016bs <strong>vaik\u0173 u\u017erakto sauga<\/strong>. M\u0117gaukit\u0117s 10 ry\u0161ki\u0173 skoni\u0173 eleganti\u0161kame, \u017evaig\u017edyno dizaino \u012frenginyje su C tipo greituoju \u012fkrovimu.<\/p>","protected":false},"featured_media":944,"comment_status":"open","ping_status":"closed","template":"","meta":[],"product_brand":[174],"product_cat":[175],"product_tag":[74,180,179,177,178,103],"class_list":{"0":"post-950","1":"product","2":"type-product","3":"status-publish","4":"has-post-thumbnail","6":"product_brand-mrvi","7":"product_cat-mrvi-vape","8":"product_tag-25000-puff-vape","9":"product_tag-30ml-e-liquid-vape","10":"product_tag-child-lock-vape","11":"product_tag-mrvi-moving-25000","12":"product_tag-mtl-dtl-vape","13":"product_tag-rechargeable-e-cigarette","15":"first","16":"outofstock","17":"sale","18":"shipping-taxable","19":"purchasable","20":"product-type-variable"},"jetpack_sharing_enabled":true,"tiered_pricing_type":"fixed","tiered_pricing_fixed_rules":[],"tiered_pricing_product_settings":{"layout":"default","base_unit_name":{"singular":null,"plural":null},"default_variation":null},"tiered_pricing_minimum_quantity":null,"tiered_pricing_roles_data":[],"tiered_pricing_percentage_rules":[],"tiered_pricing_maximum_quantity":null,"tiered_pricing_quantity_step":null,"_links":{"self":[{"href":"https:\/\/frvape.com\/lt\/wp-json\/wp\/v2\/product\/950","targetHints":{"allow":["GET"]}}],"collection":[{"href":"https:\/\/frvape.com\/lt\/wp-json\/wp\/v2\/product"}],"about":[{"href":"https:\/\/frvape.com\/lt\/wp-json\/wp\/v2\/types\/product"}],"replies":[{"embeddable":true,"href":"https:\/\/frvape.com\/lt\/wp-json\/wp\/v2\/comments?post=950"}],"wp:featuredmedia":[{"embeddable":true,"href":"https:\/\/frvape.com\/lt\/wp-json\/wp\/v2\/media\/944"}],"wp:attachment":[{"href":"https:\/\/frvape.com\/lt\/wp-json\/wp\/v2\/media?parent=950"}],"wp:term":[{"taxonomy":"product_brand","embeddable":true,"href":"https:\/\/frvape.com\/lt\/wp-json\/wp\/v2\/product_brand?post=950"},{"taxonomy":"product_cat","embeddable":true,"href":"https:\/\/frvape.com\/lt\/wp-json\/wp\/v2\/product_cat?post=950"},{"taxonomy":"product_tag","embeddable":true,"href":"https:\/\/frvape.com\/lt\/wp-json\/wp\/v2\/product_tag?post=950"}],"curies":[{"name":"wp","href":"https:\/\/api.w.org\/{rel}","templated":true}]}}