{"id":9617,"date":"2025-10-31T15:49:14","date_gmt":"2025-10-31T15:49:14","guid":{"rendered":"https:\/\/frvape.com\/product\/vopk-tornado-9000-disposable-vape-9000-puffs-20ml-e-liquid\/"},"modified":"2025-11-04T01:55:39","modified_gmt":"2025-11-04T01:55:39","slug":"vopk-tornado-9000-vienkartinis-vape-9000-puffs-20ml-e-skystis","status":"publish","type":"product","link":"https:\/\/frvape.com\/lt\/product\/vopk-tornado-9000-vienkartinis-vape-9000-puffs-20ml-e-skystis\/","title":{"rendered":"VOPK TORNADO 9000 Vienkartinis Vape | 9000 Puffs | 20ML E-skys\u010dio"},"content":{"rendered":"<p>Svetain\u0117 <strong>VOPK Tornado 9000 Puffs vienkartinis Vape Pen<\/strong> tai pa\u017eangiausias prietaisas, skirtas tiek pradedantiesiems, tiek patyrusiems r\u016bkaliams, u\u017etikrinantis ilgalaik\u012f malonum\u0105 d\u0117l did\u017eiul\u0117s talpos. \u0160is ra\u0161iklis nereikalauja da\u017eno keitimo ir u\u017etikrina vientis\u0105 ir maloni\u0105 garinimo patirt\u012f.<\/p>\n<h3>I\u0161pl\u0117stin\u0117s funkcijos<\/h3>\n<p>Pritaikykite savo seans\u0105 naudodami <strong>nikotino kiekis<\/strong> 0%, 2%, 3% arba 5%, naudojant <strong>nikotino druskos technologija<\/strong>, kartu su gausiu <strong>20 ml e-skys\u010dio talpa<\/strong>. \u012erengtas <strong>1,2 om\u0173 tinklelio rit\u0117<\/strong>, jis u\u017etikrina optimal\u0173 aromato i\u0161traukim\u0105 ir skland\u0173 gar\u0173 susidarym\u0105. . <strong>\u012fkraunamas 500 mAh integruotas akumuliatorius<\/strong> leid\u017eia greitai \u012fkrauti, tod\u0117l galite m\u0117gautis ilgesniu garinimo laiku ir minimaliomis prastovomis.<\/p>\n<h3>\u012evairi\u0173 skoni\u0173 asortimentas<\/h3>\n<p>Rinkit\u0117s i\u0161 \u012fvairi\u0173 <strong>10 nuostabi\u0173 skoni\u0173<\/strong> kad tikt\u0173 bet kokiam skoniui. Galim\u0173 skoni\u0173 s\u0105ra\u0161e yra:<\/p>\n<p>Citrin\u0173 linija<br \/>Bra\u0161ki\u0173 ir avie\u010di\u0173 ledai<br \/>Cool Mint<br \/>Bra\u0161ki\u0173 arb\u016bzas<br \/>Trigubas mango<br \/>M\u0117lyni\u0173 avie\u010di\u0173<br \/>Arb\u016bz\u0173 \"Brazz Ice\" ledai<br \/>M\u0117lyni\u0173 vy\u0161ni\u0173 spanguoli\u0173<br \/>M\u0117lyni\u0173 ledas<br \/>Persik\u0173 Mango Ananas\u0173<\/p>\n<h3>Patogi pakuot\u0117<\/h3>\n<p>Efektyviai supakuota su <strong>10 vienet\u0173 vienoje d\u0117\u017eut\u0117je<\/strong>, \u0161is vape ra\u0161iklis idealiai tinka ma\u017emenininkams arba asmeniniam naudojimui, nes yra labai vertingas ir lengvai prieinamas. Patirkite neprilygstam\u0105 na\u0161um\u0105, modern\u0173 stili\u0173 ir patogum\u0105 be r\u016bpes\u010di\u0173 su VOPK Tornado 9000.<\/p>","protected":false},"excerpt":{"rendered":"<p>Atraskite <strong>VOPK TORNADO 9000<\/strong> vienkartin\u012f vape ra\u0161ikl\u012f, u\u017etikrinant\u012f \u012fsp\u016bding\u0105 <strong>9000 \u012fkv\u0117pim\u0173<\/strong> su <strong>0%\/2%\/3%\/5% nikotino druska<\/strong> galimyb\u0117s. M\u0117gaukit\u0117s <strong>10 i\u0161skirtini\u0173 skoni\u0173<\/strong> ir <strong>\u012fkraunamas 500 mAh akumuliatorius<\/strong> nesibaigian\u010diam garinimo malonumui.<\/p>","protected":false},"featured_media":9611,"comment_status":"open","ping_status":"closed","template":"","meta":[],"product_brand":[787],"product_cat":[890],"product_tag":[791,325,793,792,115,790],"class_list":{"0":"post-9617","1":"product","2":"type-product","3":"status-publish","4":"has-post-thumbnail","6":"product_brand-vopk","7":"product_cat-vopk","8":"product_tag-9000-puffs-vape","9":"product_tag-disposable-vape-pen","10":"product_tag-flavors-disposable","11":"product_tag-nicotine-salt-e-cig","12":"product_tag-rechargeable-vape","13":"product_tag-vopk-tornado-9000","15":"first","16":"instock","17":"sale","18":"shipping-taxable","19":"purchasable","20":"product-type-variable"},"jetpack_sharing_enabled":true,"tiered_pricing_type":"fixed","tiered_pricing_fixed_rules":[],"tiered_pricing_product_settings":{"layout":"default","base_unit_name":{"singular":null,"plural":null},"default_variation":null},"tiered_pricing_minimum_quantity":null,"tiered_pricing_roles_data":[],"tiered_pricing_percentage_rules":[],"tiered_pricing_maximum_quantity":null,"tiered_pricing_quantity_step":null,"_links":{"self":[{"href":"https:\/\/frvape.com\/lt\/wp-json\/wp\/v2\/product\/9617","targetHints":{"allow":["GET"]}}],"collection":[{"href":"https:\/\/frvape.com\/lt\/wp-json\/wp\/v2\/product"}],"about":[{"href":"https:\/\/frvape.com\/lt\/wp-json\/wp\/v2\/types\/product"}],"replies":[{"embeddable":true,"href":"https:\/\/frvape.com\/lt\/wp-json\/wp\/v2\/comments?post=9617"}],"wp:featuredmedia":[{"embeddable":true,"href":"https:\/\/frvape.com\/lt\/wp-json\/wp\/v2\/media\/9611"}],"wp:attachment":[{"href":"https:\/\/frvape.com\/lt\/wp-json\/wp\/v2\/media?parent=9617"}],"wp:term":[{"taxonomy":"product_brand","embeddable":true,"href":"https:\/\/frvape.com\/lt\/wp-json\/wp\/v2\/product_brand?post=9617"},{"taxonomy":"product_cat","embeddable":true,"href":"https:\/\/frvape.com\/lt\/wp-json\/wp\/v2\/product_cat?post=9617"},{"taxonomy":"product_tag","embeddable":true,"href":"https:\/\/frvape.com\/lt\/wp-json\/wp\/v2\/product_tag?post=9617"}],"curies":[{"name":"wp","href":"https:\/\/api.w.org\/{rel}","templated":true}]}}