{"id":6833,"date":"2025-10-13T02:15:51","date_gmt":"2025-10-13T02:15:51","guid":{"rendered":"https:\/\/frvape.com\/?page_id=6833"},"modified":"2025-10-13T06:28:40","modified_gmt":"2025-10-13T06:28:40","slug":"o-nas","status":"publish","type":"page","link":"https:\/\/frvape.com\/pl\/o-nas\/","title":{"rendered":"O nas"},"content":{"rendered":"<div data-elementor-type=\"wp-page\" data-elementor-id=\"6833\" class=\"elementor elementor-6833\">\n\t\t\t\t<div class=\"elementor-element elementor-element-572db281 e-flex e-con-boxed e-con e-parent\" data-id=\"572db281\" data-element_type=\"container\">\n\t\t\t\t\t<div class=\"e-con-inner\">\n\t\t\t\t<div class=\"elementor-element elementor-element-21637a1a elementor-widget elementor-widget-text-editor\" data-id=\"21637a1a\" data-element_type=\"widget\" data-widget_type=\"text-editor.default\">\n\t\t\t\t\t\t\t\t\t<div style=\"width: 755px; max-width: 1570px; color: #232323; font-family: Lato, sans-serif;\">\n<h3 style=\"color: #0a0a0a; width: 755px;\">Kupuj jednorazowe waporyzatory online od FR VAPE<\/h3>\n<\/div>\n<p dir=\"auto\" style=\"color: #232323; font-family: Lato, sans-serif;\">Witamy w<a href=\"https:\/\/frvape.com\/pl\/\"><span style=\"color: #00aae7;\"> FR vape<\/span><\/a>, najwa\u017cniejsze miejsce online dla <span style=\"color: #00ccff;\">FR<a style=\"background-color: rgba(255, 255, 255, 0); color: #00ccff;\" href=\"https:\/\/frvape.com\/pl\/\">\u00a0vape<\/a><\/span>. Dzi\u0119ki bogatej historii obejmuj\u0105cej ponad 5 lat w bran\u017cy, jeste\u015bmy dumni z oferowania r\u00f3\u017cnorodnej gamy najlepszych marek, takich jak Bang King, Al Fakher Vape, Vapeme, Waspe, RandM Tornado, Bang Box i nie tylko.<\/p>\n<p dir=\"auto\" style=\"color: #232323; font-family: Lato, sans-serif;\">W FR vapes jeste\u015bmy synonimem doskona\u0142o\u015bci w \u015bwiecie waporyzacji elektronicznej. Nasze produkty dotar\u0142y do wielu kraj\u00f3w na ca\u0142ym \u015bwiecie, co jest \u015bwiadectwem naszego zaanga\u017cowania w jako\u015b\u0107 i zadowolenie klient\u00f3w. Jako do\u015bwiadczeni profesjonali\u015bci w dziedzinie dystrybucji e-papieros\u00f3w, zaspokajamy zar\u00f3wno potrzeby detaliczne, jak i hurtowe, zapewniaj\u0105c naszym klientom najlepsze produkty i us\u0142ugi na rynku.<\/p>\n<p dir=\"auto\" style=\"color: #232323; font-family: Lato, sans-serif;\">Nasza strona internetowa,<a href=\"https:\/\/frvape.com\/pl\/\"> FR vape.com,<\/a> S\u0142u\u017cy jako centrum zar\u00f3wno dla entuzjast\u00f3w, jak i nowicjuszy, zapewniaj\u0105c p\u0142ynne zakupy i szeroki wyb\u00f3r\u00a0<a style=\"background-color: rgba(255, 255, 255, 0); color: #1e73be;\" href=\"https:\/\/frvape.com\/pl\/\">jednorazowy e-papieros<\/a>\u00a0opcje. Niezale\u017cnie od tego, czy szukasz najnowszych innowacji, czy ponadczasowych klasyk\u00f3w, FR vape jest Twoim zaufanym partnerem w \u015bwiecie waporyzacji.<\/p>\n<p dir=\"auto\" style=\"color: #232323; font-family: Lato, sans-serif;\">Do\u0142\u0105cz do nas w tej podr\u00f3\u017cy, poniewa\u017c nadal na nowo definiujemy standardy doskona\u0142o\u015bci w\u00a0<a style=\"background-color: rgba(255, 255, 255, 0); color: #1e73be;\" href=\"https:\/\/frvape.com\/pl\/\">jednorazowe vape<\/a>\u00a0przemys\u0142. Poczuj r\u00f3\u017cnic\u0119 dzi\u0119ki Aiviouvapes - gdzie jako\u015b\u0107, r\u00f3\u017cnorodno\u015b\u0107 i zadowolenie klienta zbiegaj\u0105 si\u0119 p\u0142ynnie.<\/p>\n<p>\u00a0<\/p>\n<p style=\"color: #232323; font-family: Lato, sans-serif;\"><span style=\"font-weight: bolder;\">WhatsApp:<\/span> +86 133 6063 1532<\/p>\t\t\t\t\t\t\t\t<\/div>\n\t\t\t\t\t<\/div>\n\t\t\t\t<\/div>\n\t\t\t\t<\/div>","protected":false},"excerpt":{"rendered":"<p>Bulk Buy Disposable Vapes Online from FR VAPE Welcome to FR vape, your premier online destination for FR\u00a0vapes. With a rich history spanning over 5 years in the industry, we take pride in offering a diverse range of top-tier brands such as Bang King, Al Fakher Vape, Vapeme, Waspe, RandM Tornado, Bang Box, and more. [&#8230;]","protected":false},"author":1,"featured_media":0,"parent":0,"menu_order":0,"comment_status":"closed","ping_status":"closed","template":"","meta":{"footnotes":""},"class_list":["post-6833","page","type-page","status-publish","hentry"],"jetpack_sharing_enabled":true,"_links":{"self":[{"href":"https:\/\/frvape.com\/pl\/wp-json\/wp\/v2\/pages\/6833","targetHints":{"allow":["GET"]}}],"collection":[{"href":"https:\/\/frvape.com\/pl\/wp-json\/wp\/v2\/pages"}],"about":[{"href":"https:\/\/frvape.com\/pl\/wp-json\/wp\/v2\/types\/page"}],"author":[{"embeddable":true,"href":"https:\/\/frvape.com\/pl\/wp-json\/wp\/v2\/users\/1"}],"replies":[{"embeddable":true,"href":"https:\/\/frvape.com\/pl\/wp-json\/wp\/v2\/comments?post=6833"}],"version-history":[{"count":12,"href":"https:\/\/frvape.com\/pl\/wp-json\/wp\/v2\/pages\/6833\/revisions"}],"predecessor-version":[{"id":7106,"href":"https:\/\/frvape.com\/pl\/wp-json\/wp\/v2\/pages\/6833\/revisions\/7106"}],"wp:attachment":[{"href":"https:\/\/frvape.com\/pl\/wp-json\/wp\/v2\/media?parent=6833"}],"curies":[{"name":"wp","href":"https:\/\/api.w.org\/{rel}","templated":true}]}}