{"id":7192,"date":"2025-10-13T07:24:22","date_gmt":"2025-10-13T07:24:22","guid":{"rendered":"https:\/\/frvape.com\/?page_id=7192"},"modified":"2025-10-13T07:26:23","modified_gmt":"2025-10-13T07:26:23","slug":"polityka-prywatnosci","status":"publish","type":"page","link":"https:\/\/frvape.com\/pl\/polityka-prywatnosci\/","title":{"rendered":"Polityka prywatno\u015bci"},"content":{"rendered":"<div data-elementor-type=\"wp-page\" data-elementor-id=\"7192\" class=\"elementor elementor-7192\">\n\t\t\t\t<div class=\"elementor-element elementor-element-67c4d8f e-flex e-con-boxed e-con e-parent\" data-id=\"67c4d8f\" data-element_type=\"container\">\n\t\t\t\t\t<div class=\"e-con-inner\">\n\t\t\t\t<div class=\"elementor-element elementor-element-3f772469 elementor-widget elementor-widget-text-editor\" data-id=\"3f772469\" data-element_type=\"widget\" data-widget_type=\"text-editor.default\">\n\t\t\t\t\t\t\t\t\t\t\t\t\t\t\t\t\t<\/div>\n\t\t\t\t\t<\/div>\n\t\t\t\t<\/div>\n\t\t<div class=\"elementor-element elementor-element-0da027a e-flex e-con-boxed e-con e-parent\" data-id=\"0da027a\" data-element_type=\"container\">\n\t\t\t\t\t<div class=\"e-con-inner\">\n\t\t\t\t<div class=\"elementor-element elementor-element-db2b48d elementor-widget elementor-widget-text-editor\" data-id=\"db2b48d\" data-element_type=\"widget\" data-widget_type=\"text-editor.default\">\n\t\t\t\t\t\t\t\t\t<h3 data-start=\"76\" data-end=\"98\"><strong data-start=\"80\" data-end=\"98\">Polityka prywatno\u015bci<\/strong><\/h3>\n<p data-start=\"100\" data-end=\"328\">Przy <strong data-start=\"103\" data-end=\"114\">FR Vape<\/strong>Prywatno\u015b\u0107 u\u017cytkownik\u00f3w jest dla nas wa\u017cna. Niniejsza Polityka prywatno\u015bci okre\u015bla, jakie informacje gromadzimy, w jaki spos\u00f3b je wykorzystujemy i jak chronimy dane osobowe u\u017cytkownik\u00f3w. Korzystaj\u0105c z naszej strony internetowej, u\u017cytkownik wyra\u017ca zgod\u0119 na warunki niniejszej Polityki prywatno\u015bci.<\/p>\n<hr data-start=\"330\" data-end=\"333\" \/>\n<h4 data-start=\"335\" data-end=\"369\"><strong data-start=\"340\" data-end=\"369\">1. Informacje, kt\u00f3re zbieramy<\/strong><\/h4>\n<p data-start=\"371\" data-end=\"447\">Gromadzimy kilka rodzaj\u00f3w informacji w celu \u015bwiadczenia i ulepszania naszych us\u0142ug:<\/p>\n<ul data-start=\"449\" data-end=\"1127\">\n<li data-start=\"449\" data-end=\"642\">\n<p data-start=\"451\" data-end=\"642\"><strong data-start=\"451\" data-end=\"476\">Dane osobowe:<\/strong> Podczas dokonywania zakupu lub tworzenia konta gromadzimy dane osobowe, takie jak imi\u0119 i nazwisko, adres e-mail, adres wysy\u0142ki, numer telefonu i informacje dotycz\u0105ce p\u0142atno\u015bci.<\/p>\n<\/li>\n<li data-start=\"646\" data-end=\"882\">\n<p data-start=\"648\" data-end=\"882\"><strong data-start=\"648\" data-end=\"677\">Informacje nieosobowe:<\/strong> Mo\u017cemy gromadzi\u0107 informacje nieosobowe, takie jak adres IP, typ przegl\u0105darki, system operacyjny, odwiedzane strony i czas sp\u0119dzony w naszej witrynie. Pomaga nam to analizowa\u0107 trendy i poprawia\u0107 komfort u\u017cytkowania.<\/p>\n<\/li>\n<li data-start=\"884\" data-end=\"1127\">\n<p data-start=\"886\" data-end=\"1127\"><strong data-start=\"886\" data-end=\"898\">Pliki cookie:<\/strong> U\u017cywamy plik\u00f3w cookie, aby poprawi\u0107 komfort zakup\u00f3w i zbiera\u0107 anonimowe dane o tym, jak odwiedzaj\u0105cy korzystaj\u0105 z naszej witryny. Mo\u017cesz kontrolowa\u0107 ustawienia plik\u00f3w cookie za pomoc\u0105 przegl\u0105darki, ale niekt\u00f3re funkcje witryny mog\u0105 nie dzia\u0142a\u0107, je\u015bli pliki cookie s\u0105 wy\u0142\u0105czone.<\/p>\n<\/li>\n<\/ul>\n<hr data-start=\"1129\" data-end=\"1132\" \/>\n<h4 data-start=\"1134\" data-end=\"1173\"><strong data-start=\"1139\" data-end=\"1173\">2. Jak wykorzystujemy informacje o u\u017cytkowniku<\/strong><\/h4>\n<p data-start=\"1175\" data-end=\"1231\">Gromadzone przez nas informacje wykorzystujemy w nast\u0119puj\u0105cy spos\u00f3b:<\/p>\n<ul data-start=\"1233\" data-end=\"1879\">\n<li data-start=\"1233\" data-end=\"1378\">\n<p data-start=\"1235\" data-end=\"1378\"><strong data-start=\"1235\" data-end=\"1257\">Przetwarzanie zam\u00f3wie\u0144:<\/strong> Dane osobowe u\u017cytkownika s\u0105 wykorzystywane do przetwarzania i realizacji zam\u00f3wie\u0144, w tym fakturowania, wysy\u0142ki i obs\u0142ugi klienta.<\/p>\n<\/li>\n<li data-start=\"1380\" data-end=\"1515\">\n<p data-start=\"1382\" data-end=\"1515\"><strong data-start=\"1382\" data-end=\"1410\">Aby ulepszy\u0107 nasze us\u0142ugi:<\/strong> Analizujemy spos\u00f3b korzystania z naszej strony internetowej przez u\u017cytkownika, aby zrozumie\u0107 jego preferencje i ulepsza\u0107 nasze produkty i us\u0142ugi.<\/p>\n<\/li>\n<li data-start=\"1517\" data-end=\"1740\">\n<p data-start=\"1519\" data-end=\"1740\"><strong data-start=\"1519\" data-end=\"1547\">Komunikacja z u\u017cytkownikiem:<\/strong> Mo\u017cemy wysy\u0142a\u0107 u\u017cytkownikowi aktualizacje dotycz\u0105ce jego zam\u00f3wie\u0144, ofert promocyjnych i inne wa\u017cne informacje. U\u017cytkownik mo\u017ce zrezygnowa\u0107 z otrzymywania marketingowych wiadomo\u015bci e-mail w dowolnym momencie, klikaj\u0105c \u0142\u0105cze \"anuluj subskrypcj\u0119\" w wiadomo\u015bci e-mail.<\/p>\n<\/li>\n<li data-start=\"1742\" data-end=\"1879\">\n<p data-start=\"1744\" data-end=\"1879\"><strong data-start=\"1744\" data-end=\"1765\">Zapobieganie oszustwom:<\/strong> Mo\u017cemy wykorzystywa\u0107 informacje o u\u017cytkowniku w celu wykrywania i zapobiegania nieuczciwym transakcjom oraz zapewnienia bezpiecze\u0144stwa naszej strony internetowej.<\/p>\n<\/li>\n<\/ul>\n<hr data-start=\"1881\" data-end=\"1884\" \/>\n<h4 data-start=\"1886\" data-end=\"1913\"><strong data-start=\"1891\" data-end=\"1913\">3. Ochrona danych<\/strong><\/h4>\n<p data-start=\"1915\" data-end=\"2269\">Powa\u017cnie traktujemy bezpiecze\u0144stwo danych osobowych u\u017cytkownik\u00f3w. Wdra\u017camy odpowiednie \u015brodki techniczne i organizacyjne w celu ochrony danych przed nieautoryzowanym dost\u0119pem, zmian\u0105 lub ujawnieniem. Nale\u017cy jednak pami\u0119ta\u0107, \u017ce \u017cadna metoda transmisji przez Internet lub elektronicznego przechowywania danych nie jest ca\u0142kowicie bezpieczna i nie mo\u017cemy zagwarantowa\u0107 ca\u0142kowitego bezpiecze\u0144stwa.<\/p>\n<hr data-start=\"2271\" data-end=\"2274\" \/>\n<h4 data-start=\"2276\" data-end=\"2312\"><strong data-start=\"2281\" data-end=\"2312\">4. Udost\u0119pnianie informacji<\/strong><\/h4>\n<p data-start=\"2314\" data-end=\"2452\">Nie sprzedajemy, nie wypo\u017cyczamy ani nie wymieniamy danych osobowych u\u017cytkownik\u00f3w z osobami trzecimi. Mo\u017cemy jednak udost\u0119pnia\u0107 dane u\u017cytkownika w nast\u0119puj\u0105cych okoliczno\u015bciach:<\/p>\n<ul data-start=\"2454\" data-end=\"3176\">\n<li data-start=\"2454\" data-end=\"2783\">\n<p data-start=\"2456\" data-end=\"2783\"><strong data-start=\"2456\" data-end=\"2478\">Dostawcy us\u0142ug:<\/strong> Mo\u017cemy udost\u0119pnia\u0107 dane u\u017cytkownika zaufanym zewn\u0119trznym dostawcom us\u0142ug, kt\u00f3rzy pomagaj\u0105 nam w przetwarzaniu p\u0142atno\u015bci, realizacji zam\u00f3wie\u0144, dostarczaniu produkt\u00f3w i analizowaniu korzystania z witryny. Us\u0142ugodawcy ci s\u0105 zobowi\u0105zani do zachowania poufno\u015bci danych u\u017cytkownika i wykorzystywania ich wy\u0142\u0105cznie do cel\u00f3w, na kt\u00f3re wyrazili\u015bmy zgod\u0119.<\/p>\n<\/li>\n<li data-start=\"2787\" data-end=\"2958\">\n<p data-start=\"2789\" data-end=\"2958\"><strong data-start=\"2789\" data-end=\"2812\">Wymagania prawne:<\/strong> Mo\u017cemy ujawni\u0107 dane osobowe u\u017cytkownika, je\u015bli jest to wymagane przez prawo lub w odpowiedzi na wa\u017cne wnioski prawne (takie jak wezwanie do s\u0105du lub nakaz s\u0105dowy).<\/p>\n<\/li>\n<li data-start=\"2960\" data-end=\"3176\">\n<p data-start=\"2962\" data-end=\"3176\"><strong data-start=\"2962\" data-end=\"2985\">Transfery biznesowe:<\/strong> W przypadku fuzji, przej\u0119cia lub sprzeda\u017cy aktyw\u00f3w dane osobowe u\u017cytkownika mog\u0105 zosta\u0107 przekazane w ramach transakcji. W takim przypadku powiadomimy u\u017cytkownika i przedstawimy dost\u0119pne opcje.<\/p>\n<\/li>\n<\/ul>\n<hr data-start=\"3178\" data-end=\"3181\" \/>\n<h4 data-start=\"3183\" data-end=\"3218\"><strong data-start=\"3188\" data-end=\"3218\">5. Prawa i mo\u017cliwo\u015bci wyboru<\/strong><\/h4>\n<p data-start=\"3220\" data-end=\"3286\">U\u017cytkownikowi przys\u0142uguj\u0105 nast\u0119puj\u0105ce prawa dotycz\u0105ce jego danych osobowych:<\/p>\n<ul data-start=\"3288\" data-end=\"3988\">\n<li data-start=\"3288\" data-end=\"3371\">\n<p data-start=\"3290\" data-end=\"3371\"><strong data-start=\"3290\" data-end=\"3301\">Dost\u0119p:<\/strong> U\u017cytkownik mo\u017ce za\u017c\u0105da\u0107 dost\u0119pu do przechowywanych przez nas jego danych osobowych.<\/p>\n<\/li>\n<li data-start=\"3375\" data-end=\"3484\">\n<p data-start=\"3377\" data-end=\"3484\"><strong data-start=\"3377\" data-end=\"3392\">Korekta:<\/strong> Je\u015bli informacje u\u017cytkownika s\u0105 nieprawid\u0142owe lub nieaktualne, u\u017cytkownik mo\u017ce za\u017c\u0105da\u0107 ich aktualizacji lub poprawienia.<\/p>\n<\/li>\n<li data-start=\"3486\" data-end=\"3665\">\n<p data-start=\"3488\" data-end=\"3665\"><strong data-start=\"3488\" data-end=\"3501\">Usuni\u0119cie:<\/strong> U\u017cytkownik mo\u017ce za\u017c\u0105da\u0107 od nas usuni\u0119cia jego danych osobowych, z zastrze\u017ceniem pewnych wyj\u0105tk\u00f3w (takich jak sytuacje, w kt\u00f3rych jeste\u015bmy zobowi\u0105zani do ich przechowywania do cel\u00f3w prawnych lub ksi\u0119gowych).<\/p>\n<\/li>\n<li data-start=\"3667\" data-end=\"3808\">\n<p data-start=\"3669\" data-end=\"3808\"><strong data-start=\"3669\" data-end=\"3681\">Opt-Out:<\/strong> U\u017cytkownik mo\u017ce zrezygnowa\u0107 z otrzymywania promocyjnych wiadomo\u015bci e-mail, klikaj\u0105c \u0142\u0105cze \"anuluj subskrypcj\u0119\" w ka\u017cdej otrzymanej od nas marketingowej wiadomo\u015bci e-mail.<\/p>\n<\/li>\n<li data-start=\"3810\" data-end=\"3988\">\n<p data-start=\"3812\" data-end=\"3988\"><strong data-start=\"3812\" data-end=\"3829\">Nie \u015bled\u017a:<\/strong> Niekt\u00f3re przegl\u0105darki internetowe maj\u0105 funkcj\u0119 \"Nie \u015bled\u017a\", kt\u00f3ra umo\u017cliwia rezygnacj\u0119 ze \u015bledzenia przez strony internetowe. Obecnie nie reagujemy na sygna\u0142y \"Do Not Track\".<\/p>\n<\/li>\n<\/ul>\n<p data-start=\"3990\" data-end=\"4067\">Aby skorzysta\u0107 z kt\u00f3regokolwiek z tych praw, prosimy o kontakt pod adresem <strong data-start=\"4044\" data-end=\"4066\"><a class=\"decorated-link cursor-pointer\" rel=\"noopener\" data-start=\"4046\" data-end=\"4064\">support@frvape.com<\/a><\/strong>.<\/p>\n<hr data-start=\"4069\" data-end=\"4072\" \/>\n<h4 data-start=\"4074\" data-end=\"4104\"><strong data-start=\"4079\" data-end=\"4104\">6. Prywatno\u015b\u0107 dzieci<\/strong><\/h4>\n<p data-start=\"4106\" data-end=\"4353\">Nasza strona internetowa nie jest przeznaczona dla dzieci poni\u017cej 21 roku \u017cycia i nie zbieramy \u015bwiadomie danych osobowych od dzieci. Je\u015bli dowiemy si\u0119, \u017ce zebrali\u015bmy dane osobowe od dziecka poni\u017cej 21 roku \u017cycia, usuniemy je tak szybko, jak to mo\u017cliwe.<\/p>\n<hr data-start=\"4355\" data-end=\"4358\" \/>\n<h4 data-start=\"4360\" data-end=\"4389\"><strong data-start=\"4365\" data-end=\"4389\">7. Linki stron trzecich<\/strong><\/h4>\n<p data-start=\"4391\" data-end=\"4636\">Nasza witryna internetowa mo\u017ce zawiera\u0107 \u0142\u0105cza do witryn, us\u0142ug lub produkt\u00f3w stron trzecich. Nie ponosimy odpowiedzialno\u015bci za praktyki dotycz\u0105ce prywatno\u015bci tych stron trzecich i zach\u0119camy do zapoznania si\u0119 z ich polityk\u0105 prywatno\u015bci przed podaniem jakichkolwiek danych osobowych.<\/p>\n<hr data-start=\"4638\" data-end=\"4641\" \/>\n<h4 data-start=\"4643\" data-end=\"4685\"><strong data-start=\"4648\" data-end=\"4685\">8. Zmiany niniejszej Polityki prywatno\u015bci<\/strong><\/h4>\n<p data-start=\"4687\" data-end=\"4933\">Od czasu do czasu mo\u017cemy aktualizowa\u0107 niniejsz\u0105 Polityk\u0119 prywatno\u015bci. Gdy wprowadzimy zmiany, zaktualizujemy dat\u0119 \"Ostatnia aktualizacja\" u g\u00f3ry tej strony. Zach\u0119camy do okresowego zapoznawania si\u0119 z niniejszymi zasadami, aby by\u0107 na bie\u017c\u0105co z informacjami o tym, jak chronimy dane u\u017cytkownika.<\/p>\n<hr data-start=\"4935\" data-end=\"4938\" \/>\n<h4 data-start=\"4940\" data-end=\"4962\"><strong data-start=\"4945\" data-end=\"4962\">9. Kontakt<\/strong><\/h4>\n<p data-start=\"4964\" data-end=\"5047\">W przypadku jakichkolwiek pyta\u0144 lub w\u0105tpliwo\u015bci dotycz\u0105cych niniejszej Polityki prywatno\u015bci prosimy o kontakt:<\/p>\n<ul data-start=\"5049\" data-end=\"5153\">\n<li data-start=\"5083\" data-end=\"5112\">\n<p data-start=\"5085\" data-end=\"5112\"><strong data-start=\"5085\" data-end=\"5095\">Telefon:<\/strong> +86 133 6063 1532<\/p>\n<\/li>\n<li data-start=\"5113\" data-end=\"5153\">\n<p data-start=\"5115\" data-end=\"5153\"><strong data-start=\"5115\" data-end=\"5127\">Adres:<\/strong><span style=\"color: #333333; font-size: 14.4px;\">Pok\u00f3j 312, nr 23, Wusha Xinle Road, Chang'an Town, Dongguan<\/span><\/p>\n<\/li>\n<\/ul>\t\t\t\t\t\t\t\t<\/div>\n\t\t\t\t\t<\/div>\n\t\t\t\t<\/div>\n\t\t\t\t<\/div>","protected":false},"excerpt":{"rendered":"<p>Privacy Policy At FR Vape, your privacy is important to us. This Privacy Policy outlines the information we collect, how we use it, and how we protect your personal data. By using our website, you agree to the terms of this Privacy Policy. 1. Information We Collect We collect several types of information to provide [&#8230;]","protected":false},"author":1,"featured_media":0,"parent":0,"menu_order":0,"comment_status":"closed","ping_status":"closed","template":"","meta":{"footnotes":""},"class_list":["post-7192","page","type-page","status-publish","hentry"],"jetpack_sharing_enabled":true,"_links":{"self":[{"href":"https:\/\/frvape.com\/pl\/wp-json\/wp\/v2\/pages\/7192","targetHints":{"allow":["GET"]}}],"collection":[{"href":"https:\/\/frvape.com\/pl\/wp-json\/wp\/v2\/pages"}],"about":[{"href":"https:\/\/frvape.com\/pl\/wp-json\/wp\/v2\/types\/page"}],"author":[{"embeddable":true,"href":"https:\/\/frvape.com\/pl\/wp-json\/wp\/v2\/users\/1"}],"replies":[{"embeddable":true,"href":"https:\/\/frvape.com\/pl\/wp-json\/wp\/v2\/comments?post=7192"}],"version-history":[{"count":4,"href":"https:\/\/frvape.com\/pl\/wp-json\/wp\/v2\/pages\/7192\/revisions"}],"predecessor-version":[{"id":7203,"href":"https:\/\/frvape.com\/pl\/wp-json\/wp\/v2\/pages\/7192\/revisions\/7203"}],"wp:attachment":[{"href":"https:\/\/frvape.com\/pl\/wp-json\/wp\/v2\/media?parent=7192"}],"curies":[{"name":"wp","href":"https:\/\/api.w.org\/{rel}","templated":true}]}}