{"id":7241,"date":"2025-10-13T07:43:59","date_gmt":"2025-10-13T07:43:59","guid":{"rendered":"https:\/\/frvape.com\/?page_id=7241"},"modified":"2025-10-13T07:46:25","modified_gmt":"2025-10-13T07:46:25","slug":"kup-vape-za-pomoca-karty-kredytowej","status":"publish","type":"page","link":"https:\/\/frvape.com\/pl\/kup-vape-za-pomoca-karty-kredytowej\/","title":{"rendered":"Kup Vapes za pomoc\u0105 karty kredytowej"},"content":{"rendered":"<div data-elementor-type=\"wp-page\" data-elementor-id=\"7241\" class=\"elementor elementor-7241\">\n\t\t\t\t<div class=\"elementor-element elementor-element-47de13bb e-flex e-con-boxed e-con e-parent\" data-id=\"47de13bb\" data-element_type=\"container\">\n\t\t\t\t\t<div class=\"e-con-inner\">\n\t\t\t\t<div class=\"elementor-element elementor-element-74ffe578 elementor-widget elementor-widget-text-editor\" data-id=\"74ffe578\" data-element_type=\"widget\" data-widget_type=\"text-editor.default\">\n\t\t\t\t\t\t\t\t\t\t\t\t\t\t\t\t\t<\/div>\n\t\t\t\t\t<\/div>\n\t\t\t\t<\/div>\n\t\t<div class=\"elementor-element elementor-element-16b46b0 e-flex e-con-boxed e-con e-parent\" data-id=\"16b46b0\" data-element_type=\"container\">\n\t\t\t\t\t<div class=\"e-con-inner\">\n\t\t\t\t<div class=\"elementor-element elementor-element-92ee1b7 elementor-widget elementor-widget-text-editor\" data-id=\"92ee1b7\" data-element_type=\"widget\" data-widget_type=\"text-editor.default\">\n\t\t\t\t\t\t\t\t\t<h3 data-start=\"87\" data-end=\"132\"><strong data-start=\"91\" data-end=\"132\">Kup vape z kart\u0105 kredytow\u0105 w FR Vape<\/strong><\/h3>\n<p data-start=\"134\" data-end=\"381\">Przy <strong data-start=\"137\" data-end=\"148\">FR Vape<\/strong>oferujemy bezpieczny i \u0142atwy spos\u00f3b na zakup ulubionych produkt\u00f3w do waporyzacji przy u\u017cyciu telefonu kom\u00f3rkowego. <strong data-start=\"234\" data-end=\"249\">karta kredytowa<\/strong>. Niezale\u017cnie od tego, czy kupujesz e-liquidy, modemy czy akcesoria, p\u0142atno\u015bci kart\u0105 kredytow\u0105 zapewniaj\u0105 p\u0142ynn\u0105 i szybk\u0105 transakcj\u0119.<\/p>\n<hr data-start=\"383\" data-end=\"386\" \/>\n<h4 data-start=\"388\" data-end=\"433\"><strong data-start=\"393\" data-end=\"433\">Jak kupowa\u0107 waporyzatory za pomoc\u0105 karty kredytowej:<\/strong><\/h4>\n<ol data-start=\"435\" data-end=\"1591\">\n<li data-start=\"435\" data-end=\"580\">\n<p data-start=\"438\" data-end=\"580\"><strong data-start=\"438\" data-end=\"462\">Przegl\u0105daj nasze produkty:<\/strong><br data-start=\"462\" data-end=\"465\" \/>Zacznij od zapoznania si\u0119 z nasz\u0105 szerok\u0105 ofert\u0105 waporyzator\u00f3w, e-liquid\u00f3w i akcesori\u00f3w. Dodaj wybrane produkty do koszyka.<\/p>\n<\/li>\n<li data-start=\"582\" data-end=\"762\">\n<p data-start=\"585\" data-end=\"762\"><strong data-start=\"585\" data-end=\"606\">Sprawd\u017a sw\u00f3j koszyk:<\/strong><br data-start=\"606\" data-end=\"609\" \/>Gdy b\u0119dziesz gotowy, kliknij przycisk <strong data-start=\"644\" data-end=\"652\">W\u00f3zek<\/strong> w g\u00f3rnej cz\u0119\u015bci strony, aby przejrze\u0107 dodane elementy. Przed kontynuowaniem upewnij si\u0119, \u017ce wszystko si\u0119 zgadza.<\/p>\n<\/li>\n<li data-start=\"764\" data-end=\"876\">\n<p data-start=\"767\" data-end=\"876\"><strong data-start=\"767\" data-end=\"791\">Przejd\u017a do kasy:<\/strong><br data-start=\"791\" data-end=\"794\" \/>Po potwierdzeniu koszyka kliknij przycisk <strong data-start=\"834\" data-end=\"846\">Kasa<\/strong> aby rozpocz\u0105\u0107 proces p\u0142atno\u015bci.<\/p>\n<\/li>\n<li data-start=\"878\" data-end=\"1036\">\n<p data-start=\"881\" data-end=\"1036\"><strong data-start=\"881\" data-end=\"919\">Wybierz opcj\u0119 p\u0142atno\u015bci kart\u0105 kredytow\u0105:<\/strong><br data-start=\"919\" data-end=\"922\" \/>Przy kasie zostaniesz poproszony o wybranie metody p\u0142atno\u015bci. Wybierz <strong data-start=\"997\" data-end=\"1012\">Karta kredytowa<\/strong> jako opcja p\u0142atno\u015bci.<\/p>\n<\/li>\n<li data-start=\"1038\" data-end=\"1246\">\n<p data-start=\"1041\" data-end=\"1143\"><strong data-start=\"1041\" data-end=\"1076\">Wprowad\u017a dane swojej karty kredytowej:<\/strong><br data-start=\"1076\" data-end=\"1079\" \/>Zostaniesz poproszony o podanie danych karty kredytowej, w tym:<\/p>\n<ul data-start=\"1147\" data-end=\"1246\">\n<li data-start=\"1147\" data-end=\"1164\">\n<p data-start=\"1149\" data-end=\"1164\"><strong data-start=\"1149\" data-end=\"1164\">Numer karty<\/strong><\/p>\n<\/li>\n<li data-start=\"1168\" data-end=\"1189\">\n<p data-start=\"1170\" data-end=\"1189\"><strong data-start=\"1170\" data-end=\"1189\">Data wyga\u015bni\u0119cia<\/strong><\/p>\n<\/li>\n<li data-start=\"1193\" data-end=\"1246\">\n<p data-start=\"1195\" data-end=\"1246\"><strong data-start=\"1195\" data-end=\"1246\">CVV\/CVC (3-cyfrowy kod na odwrocie karty)<\/strong><\/p>\n<\/li>\n<\/ul>\n<\/li>\n<li data-start=\"1248\" data-end=\"1365\">\n<p data-start=\"1251\" data-end=\"1365\"><strong data-start=\"1251\" data-end=\"1277\">Doko\u0144cz p\u0142atno\u015b\u0107:<\/strong><br data-start=\"1277\" data-end=\"1280\" \/>Po wprowadzeniu danych kliknij przycisk <strong data-start=\"1320\" data-end=\"1331\">Zap\u0142a\u0107 teraz<\/strong> do bezpiecznego przetwarzania p\u0142atno\u015bci.<\/p>\n<\/li>\n<li data-start=\"1367\" data-end=\"1591\">\n<p data-start=\"1370\" data-end=\"1591\"><strong data-start=\"1370\" data-end=\"1393\">Potwierdzenie zam\u00f3wienia:<\/strong><br data-start=\"1393\" data-end=\"1396\" \/>Po dokonaniu p\u0142atno\u015bci otrzymasz wiadomo\u015b\u0107 <strong data-start=\"1450\" data-end=\"1472\">Potwierdzenie zam\u00f3wienia<\/strong> e-mail. Rozpoczniemy przetwarzanie zam\u00f3wienia, a gdy produkty b\u0119d\u0105 ju\u017c w drodze, otrzymasz powiadomienie o wysy\u0142ce.<\/p>\n<\/li>\n<\/ol>\n<hr data-start=\"1593\" data-end=\"1596\" \/>\n<h4 data-start=\"1598\" data-end=\"1640\"><strong data-start=\"1603\" data-end=\"1640\">Dlaczego warto korzysta\u0107 z karty kredytowej w FR Vape?<\/strong><\/h4>\n<ul data-start=\"1642\" data-end=\"2063\">\n<li data-start=\"1642\" data-end=\"1785\">\n<p data-start=\"1644\" data-end=\"1785\"><strong data-start=\"1644\" data-end=\"1664\">Bezpieczne p\u0142atno\u015bci:<\/strong> U\u017cywamy szyfrowanych po\u0142\u0105cze\u0144, aby zapewni\u0107 bezpiecze\u0144stwo i prywatno\u015b\u0107 informacji o karcie kredytowej podczas procesu p\u0142atno\u015bci.<\/p>\n<\/li>\n<li data-start=\"1786\" data-end=\"1910\">\n<p data-start=\"1788\" data-end=\"1910\"><strong data-start=\"1788\" data-end=\"1810\">Szybkie transakcje:<\/strong> P\u0142atno\u015bci kart\u0105 kredytow\u0105 s\u0105 przetwarzane szybko, co oznacza, \u017ce zam\u00f3wienie mo\u017ce zosta\u0107 zrealizowane i wys\u0142ane szybciej.<\/p>\n<\/li>\n<li data-start=\"1911\" data-end=\"2063\">\n<p data-start=\"1913\" data-end=\"2063\"><strong data-start=\"1913\" data-end=\"1933\">Powszechnie akceptowane:<\/strong> Wi\u0119kszo\u015b\u0107 klient\u00f3w posiada ju\u017c kart\u0119 kredytow\u0105, co czyni j\u0105 jednym z naj\u0142atwiejszych i najbardziej dost\u0119pnych sposob\u00f3w p\u0142acenia za produkty do waporyzacji.<\/p>\n<\/li>\n<\/ul>\n<hr data-start=\"2065\" data-end=\"2068\" \/>\n<h4 data-start=\"2070\" data-end=\"2101\"><strong data-start=\"2075\" data-end=\"2101\">Akceptowane karty kredytowe:<\/strong><\/h4>\n<p data-start=\"2103\" data-end=\"2146\">Akceptujemy nast\u0119puj\u0105ce g\u0142\u00f3wne karty kredytowe:<\/p>\n<ul data-start=\"2148\" data-end=\"2213\">\n<li data-start=\"2148\" data-end=\"2158\">\n<p data-start=\"2150\" data-end=\"2158\"><strong data-start=\"2150\" data-end=\"2158\">Wiza<\/strong><\/p>\n<\/li>\n<li data-start=\"2159\" data-end=\"2175\">\n<p data-start=\"2161\" data-end=\"2175\"><strong data-start=\"2161\" data-end=\"2175\">MasterCard<\/strong><\/p>\n<\/li>\n<li data-start=\"2176\" data-end=\"2198\">\n<p data-start=\"2178\" data-end=\"2198\"><strong data-start=\"2178\" data-end=\"2198\">American Express<\/strong><\/p>\n<\/li>\n<li data-start=\"2199\" data-end=\"2213\">\n<p data-start=\"2201\" data-end=\"2213\"><strong data-start=\"2201\" data-end=\"2213\">Odkryj<\/strong><\/p>\n<\/li>\n<\/ul>\n<hr data-start=\"2215\" data-end=\"2218\" \/>\n<h4 data-start=\"2220\" data-end=\"2245\"><strong data-start=\"2225\" data-end=\"2245\">Wa\u017cne uwagi:<\/strong><\/h4>\n<ul data-start=\"2247\" data-end=\"2768\">\n<li data-start=\"2247\" data-end=\"2422\">\n<p data-start=\"2249\" data-end=\"2422\"><strong data-start=\"2249\" data-end=\"2273\">Informacje rozliczeniowe:<\/strong> Upewnij si\u0119, \u017ce podane przez Ciebie informacje rozliczeniowe s\u0105 zgodne z danymi powi\u0105zanymi z Twoj\u0105 kart\u0105 kredytow\u0105, aby unikn\u0105\u0107 jakichkolwiek problem\u00f3w z przetwarzaniem p\u0142atno\u015bci.<\/p>\n<\/li>\n<li data-start=\"2423\" data-end=\"2590\">\n<p data-start=\"2425\" data-end=\"2590\"><strong data-start=\"2425\" data-end=\"2445\">Kontrole bezpiecze\u0144stwa:<\/strong> Aby zapobiec oszustwom, mo\u017cemy przeprowadza\u0107 dodatkowe kontrole bezpiecze\u0144stwa podczas procesu p\u0142atno\u015bci. Nale\u017cy post\u0119powa\u0107 zgodnie z instrukcjami banku lub wystawcy karty.<\/p>\n<\/li>\n<li data-start=\"2591\" data-end=\"2768\">\n<p data-start=\"2593\" data-end=\"2768\"><strong data-start=\"2593\" data-end=\"2606\">Waluta:<\/strong> Wszystkie p\u0142atno\u015bci s\u0105 przetwarzane w <strong data-start=\"2637\" data-end=\"2644\">USD<\/strong> (dolary ameryka\u0144skie). Je\u015bli dokonujesz zakupu spoza USA, wystawca karty mo\u017ce przeliczy\u0107 kwot\u0119 na lokaln\u0105 walut\u0119.<\/p>\n<\/li>\n<\/ul>\n<hr data-start=\"2770\" data-end=\"2773\" \/>\n<h4 data-start=\"2775\" data-end=\"2800\"><strong data-start=\"2780\" data-end=\"2800\">Potrzebujesz pomocy?<\/strong><\/h4>\n<p data-start=\"2802\" data-end=\"2960\">Je\u015bli napotkasz jakiekolwiek problemy podczas p\u0142atno\u015bci kart\u0105 kredytow\u0105 lub potrzebujesz pomocy w jakimkolwiek aspekcie zakupu, nasz zesp\u00f3\u0142 obs\u0142ugi klienta jest tutaj, aby Ci pom\u00f3c:<\/p>\n<ul data-start=\"2962\" data-end=\"3090\">\n<li data-start=\"2996\" data-end=\"3025\">\n<p data-start=\"2998\" data-end=\"3025\"><strong data-start=\"2998\" data-end=\"3008\">Telefon:<\/strong> +86 133 6063 1532<\/p>\n<\/li>\n<\/ul>\t\t\t\t\t\t\t\t<\/div>\n\t\t\t\t\t<\/div>\n\t\t\t\t<\/div>\n\t\t\t\t<\/div>","protected":false},"excerpt":{"rendered":"<p>Buy Vapes with Credit Card at FR Vape At FR Vape, we offer a secure and easy way to purchase your favorite vaping products using your credit card. Whether you&#8217;re shopping for e-liquids, mods, or accessories, credit card payments ensure a smooth and fast transaction experience. How to Buy Vapes with a Credit Card: Browse [&#8230;]","protected":false},"author":1,"featured_media":0,"parent":0,"menu_order":0,"comment_status":"closed","ping_status":"closed","template":"","meta":{"footnotes":""},"class_list":["post-7241","page","type-page","status-publish","hentry"],"jetpack_sharing_enabled":true,"_links":{"self":[{"href":"https:\/\/frvape.com\/pl\/wp-json\/wp\/v2\/pages\/7241","targetHints":{"allow":["GET"]}}],"collection":[{"href":"https:\/\/frvape.com\/pl\/wp-json\/wp\/v2\/pages"}],"about":[{"href":"https:\/\/frvape.com\/pl\/wp-json\/wp\/v2\/types\/page"}],"author":[{"embeddable":true,"href":"https:\/\/frvape.com\/pl\/wp-json\/wp\/v2\/users\/1"}],"replies":[{"embeddable":true,"href":"https:\/\/frvape.com\/pl\/wp-json\/wp\/v2\/comments?post=7241"}],"version-history":[{"count":4,"href":"https:\/\/frvape.com\/pl\/wp-json\/wp\/v2\/pages\/7241\/revisions"}],"predecessor-version":[{"id":7253,"href":"https:\/\/frvape.com\/pl\/wp-json\/wp\/v2\/pages\/7241\/revisions\/7253"}],"wp:attachment":[{"href":"https:\/\/frvape.com\/pl\/wp-json\/wp\/v2\/media?parent=7241"}],"curies":[{"name":"wp","href":"https:\/\/api.w.org\/{rel}","templated":true}]}}