{"id":1042,"date":"2025-10-11T16:09:05","date_gmt":"2025-10-11T16:09:05","guid":{"rendered":"https:\/\/frvape.com\/product\/razz-bar-25000-puff-disposable-vape-25k-rechargeable-device-with-16-flavors\/"},"modified":"2025-11-25T03:00:30","modified_gmt":"2025-11-25T03:00:30","slug":"razz-bar-25000-puff-jednorazowe-urzadzenie-vape-25k-do-wielokrotnego-ladowania-z-16-smakami","status":"publish","type":"product","link":"https:\/\/frvape.com\/pl\/product\/razz-bar-25000-puff-jednorazowe-urzadzenie-vape-25k-do-wielokrotnego-ladowania-z-16-smakami\/","title":{"rendered":"Razz Bar 25000 Puff Jednorazowe Vape - urz\u0105dzenie z akumulatorem 25K i 16 smakami"},"content":{"rendered":"<h3>Bezprecedensowa trwa\u0142o\u015b\u0107 waporyzacji<\/h3>\n<p>The <strong>Razz Bar 25000 Puff 25K Vape<\/strong> rewolucjonizuje jednorazow\u0105 waporyzacj\u0119 dzi\u0119ki wiod\u0105cemu w bran\u017cy <strong>Pojemno\u015b\u0107 25 000 puff\u00f3w<\/strong>. Mierz\u0105ce 30x30x107,5 mm urz\u0105dzenie \u0142\u0105czy w sobie ogromn\u0105 wydajno\u015b\u0107 z wygod\u0105 przenoszenia. W przeciwie\u0144stwie do standardowych urz\u0105dze\u0144 jednorazowych, posiada <strong>Technologia wielokrotnego nape\u0142niania olejem<\/strong> oraz <strong>wymienny wk\u0142ad<\/strong> System, kt\u00f3ry wyd\u0142u\u017ca czas u\u017cytkowania przy jednoczesnym zmniejszeniu ilo\u015bci odpad\u00f3w. 200 sztuk w kartonie to idealne rozwi\u0105zanie zar\u00f3wno dla u\u017cytkownik\u00f3w indywidualnych, jak i sprzedawc\u00f3w detalicznych.<\/p>\n<h3>Zaawansowane specyfikacje techniczne<\/h3>\n<p>Wyposa\u017cony w <strong>Akumulator o pojemno\u015bci 650 mAh<\/strong> oraz <strong>\u0141adowanie przez USB-C<\/strong>Urz\u0105dzenie utrzymuje sta\u0142\u0105 moc przez ca\u0142y okres eksploatacji. W zestawie <strong>Cewka siatkowa 0,8ohm<\/strong> zapewnia optymaln\u0105 waporyzacj\u0119 e-liquidu przy napi\u0119ciu wyj\u015bciowym 16 W, zapewniaj\u0105c bogatszy smak i g\u0119stsze chmury. Wentylator <strong>Materia\u0142 zbiornika PCTG<\/strong> Gwarantuje trwa\u0142o\u015b\u0107 i czysto\u015b\u0107 smaku, a innowacyjna struktura wspiera niezwyk\u0142\u0105 pojemno\u015b\u0107 e-liquidu wymagan\u0105 do 25 tysi\u0119cy zaci\u0105gni\u0119\u0107.<\/p>\n<h3>Technologia utrwalania smaku<\/h3>\n<p>Do\u015bwiadczenie <strong>konsystencja smakowa<\/strong> od pierwszego do ostatniego zaci\u0105gni\u0119cia z naszym <strong>System cewek z podw\u00f3jn\u0105 siatk\u0105<\/strong>. Zaawansowana technologia podgrzewania zapobiega degradacji smaku i suchym uderzeniom, utrzymuj\u0105c intensywny smak przez ca\u0142y czas. <strong>25 000 zaci\u0105gni\u0119\u0107<\/strong>. Nasza opatentowana konstrukcja cewki maksymalizuje kontakt z e-ciecz\u0105, zapewniaj\u0105c jednocze\u015bnie p\u0142ynn\u0105, sta\u0142\u0105 produkcj\u0119 pary bez posmaku spalenizny.<\/p>\n<h3>16 wy\u015bmienitych opcji smakowych<\/h3>\n<p>Poznaj nasze zr\u00f3\u017cnicowane portfolio smak\u00f3w stworzone z my\u015bl\u0105 o wyrafinowanych podniebieniach:<br \/>\n&#8211; <strong>Banan truskawkowy<\/strong> &#8211; <strong>Kwa\u015bna malina z jagodami<\/strong><br \/>\n&#8211; <strong>Truskawka Kiwi<\/strong> &#8211; <strong>Guma balonowa truskawkowo-arbuzowa<\/strong><br \/>\n&#8211; <strong>Soczysty brzoskwiniowy l\u00f3d<\/strong> &#8211; <strong>Love 66<\/strong><br \/>\n&#8211; <strong>Arbuzowy l\u00f3d<\/strong> &#8211; <strong>Red Bull Grape<\/strong><br \/>\n&#8211; <strong>Kiwi Passion Fruit Guava<\/strong> &#8211; <strong>L\u00f3d jagodowy<\/strong><br \/>\n&#8211; <strong>L\u00f3d truskawkowy<\/strong> &#8211; <strong>Owoce tropikalne<\/strong><br \/>\n&#8211; <strong>Jagody mieszane<\/strong> &#8211; <strong>Black Dragon Ice<\/strong><br \/>\n&#8211; <strong>L\u00f3d brzoskwiniowy<\/strong> &#8211; <strong>Lush Ice<\/strong><br \/>\n&#8211; <strong>Lemon Lime<\/strong> &#8211; <strong>L\u00f3d truskawkowo-malinowo-wi\u015bniowy<\/strong><\/p>\n<h3>Zr\u00f3wnowa\u017cone innowacje w dziedzinie waporyzacji<\/h3>\n<p>Jako \u015bwiadomi ekologicznie pionierzy od 2017 roku, Razz Bar projektuje rozwi\u0105zania minimalizuj\u0105ce wp\u0142yw na \u015brodowisko. Nasze <strong>Konstrukcja wielokrotnego \u0142adowania<\/strong> umo\u017cliwia wiele cykli \u0142adowania przed utylizacj\u0105, podczas gdy <strong>system wk\u0142ad\u00f3w wielokrotnego nape\u0142niania<\/strong> znacznie zmniejsza ilo\u015b\u0107 odpad\u00f3w z tworzyw sztucznych w por\u00f3wnaniu z tradycyjnymi jednoraz\u00f3wkami. Wyd\u0142u\u017cona \u017cywotno\u015b\u0107 urz\u0105dzenia sprawia, \u017ce jest ono <strong>op\u0142acalny<\/strong> wyb\u00f3r, kt\u00f3rego priorytetem jest zar\u00f3wno zadowolenie u\u017cytkownika, jak i odpowiedzialno\u015b\u0107 za \u015brodowisko.<\/p>\n<h3>Ulepszone do\u015bwiadczenie u\u017cytkownika<\/h3>\n<p>The <strong>Razz Bar 25000<\/strong> cechy <strong>regulowany przep\u0142yw powietrza<\/strong> umo\u017cliwia dostosowanie g\u0119sto\u015bci pary i oporu zaci\u0105gania. Dzi\u0119ki prostej regulacji mo\u017cna prze\u0142\u0105cza\u0107 si\u0119 mi\u0119dzy ciasnymi zaci\u0105gni\u0119ciami z ust do p\u0142uc i przewiewnymi wdechami bezpo\u015brednio z p\u0142uc. St\u0119\u017cenie nikotyny 5% zapewnia satysfakcjonuj\u0105ce uderzenie w gard\u0142o, a masywny zbiornik e-liquidu eliminuje cz\u0119ste wymiany - idealny dla intensywnych vaper\u00f3w.<\/p>\n<h3>Wydajno\u015b\u0107 klasy komercyjnej<\/h3>\n<p>W standardowym opakowaniu detalicznym zawieraj\u0105cym <strong>200 jednostek<\/strong>Razz Bar 25000 \u0142\u0105czy w sobie hurtow\u0105 wydajno\u015b\u0107 z najwy\u017csz\u0105 jako\u015bci\u0105. Ka\u017cde urz\u0105dzenie przechodzi rygorystyczn\u0105 kontrol\u0119 jako\u015bci, aby zapewni\u0107 idealn\u0105 instalacj\u0119 cewki, bezpiecze\u0144stwo baterii i szczelno\u015b\u0107 konstrukcji. Uderzaj\u0105ca kompaktowa konstrukcja z widocznym okienkiem na e-liquid przemawia do konsument\u00f3w, jednocze\u015bnie u\u0142atwiaj\u0105c sprzedawcom detalicznym zarz\u0105dzanie zapasami.<\/p>\n<h3>Przewaga Razz Bar<\/h3>\n<p>Za\u0142o\u017cona w 2017 roku firma Razz Bar jest liderem na rynku jednorazowych urz\u0105dze\u0144 vape dzi\u0119ki ci\u0105g\u0142ym innowacjom. Nasze zaanga\u017cowanie w badania i rozw\u00f3j zapewnia urz\u0105dzenia, kt\u00f3re przewy\u017cszaj\u0105 konkurencj\u0119 w <strong>konsystencja puffa, intensywno\u015b\u0107 smaku<\/strong> oraz <strong>zr\u00f3wnowa\u017cony rozw\u00f3j \u015brodowiska<\/strong>. \u0141\u0105cz\u0105c najnowocze\u015bniejsz\u0105 technologi\u0119 z przyjaznym dla u\u017cytkownika wzornictwem, tworzymy produkty oferuj\u0105ce autentyczn\u0105 satysfakcj\u0119 wykraczaj\u0105c\u0105 poza oczekiwania.<\/p>\n<p>Prze\u017cyj rewolucj\u0119: The <strong>Razz Bar 25000 Puff 25K Vape<\/strong> na nowo definiuje jednorazowe standardy dzi\u0119ki bezprecedensowej pojemno\u015bci, mo\u017cliwo\u015bci \u0142adowania i doskona\u0142emu smakowi - wszystko to w jednym kieszonkowym urz\u0105dzeniu zaprojektowanym dla nowoczesnego wapera.<\/p>","protected":false},"excerpt":{"rendered":"<p>Do\u015bwiadcz najwy\u017cszej trwa\u0142o\u015bci waporyzacji dzi\u0119ki <strong>Razz Bar 25000 Puff<\/strong> jednorazowy vape wyposa\u017cony w <strong>Akumulator 650 mAh<\/strong> oraz <strong>wymienny wk\u0142ad<\/strong> system. Ciesz si\u0119 <strong>25 000 zaci\u0105gni\u0119\u0107<\/strong> bogatego smaku z zaawansowanymi <strong>Technologia cewek siatkowych<\/strong> i wybieraj spo\u015br\u00f3d 16 orze\u017awiaj\u0105cych smak\u00f3w. Mo\u017cliwo\u015b\u0107 \u0142adowania przez USB-C i ekologiczna konstrukcja.<\/p>","protected":false},"featured_media":1036,"comment_status":"open","ping_status":"closed","template":"","meta":[],"product_brand":[70],"product_cat":[893],"product_tag":[74,198,197,73,75,76],"class_list":{"0":"post-1042","1":"product","2":"type-product","3":"status-publish","4":"has-post-thumbnail","6":"product_brand-razzbar","7":"product_cat-razzbar","8":"product_tag-25000-puff-vape","9":"product_tag-25k-vape-flavors","10":"product_tag-mesh-coil-e-cigarette","11":"product_tag-razz-bar-25000","12":"product_tag-rechargeable-disposable-vape","13":"product_tag-refillable-vape","15":"first","16":"instock","17":"sale","18":"shipping-taxable","19":"purchasable","20":"product-type-variable"},"jetpack_sharing_enabled":true,"tiered_pricing_type":"fixed","tiered_pricing_fixed_rules":[],"tiered_pricing_product_settings":{"layout":"default","base_unit_name":{"singular":null,"plural":null},"default_variation":null},"tiered_pricing_minimum_quantity":null,"tiered_pricing_roles_data":[],"tiered_pricing_percentage_rules":[],"tiered_pricing_maximum_quantity":null,"tiered_pricing_quantity_step":null,"_links":{"self":[{"href":"https:\/\/frvape.com\/pl\/wp-json\/wp\/v2\/product\/1042","targetHints":{"allow":["GET"]}}],"collection":[{"href":"https:\/\/frvape.com\/pl\/wp-json\/wp\/v2\/product"}],"about":[{"href":"https:\/\/frvape.com\/pl\/wp-json\/wp\/v2\/types\/product"}],"replies":[{"embeddable":true,"href":"https:\/\/frvape.com\/pl\/wp-json\/wp\/v2\/comments?post=1042"}],"wp:featuredmedia":[{"embeddable":true,"href":"https:\/\/frvape.com\/pl\/wp-json\/wp\/v2\/media\/1036"}],"wp:attachment":[{"href":"https:\/\/frvape.com\/pl\/wp-json\/wp\/v2\/media?parent=1042"}],"wp:term":[{"taxonomy":"product_brand","embeddable":true,"href":"https:\/\/frvape.com\/pl\/wp-json\/wp\/v2\/product_brand?post=1042"},{"taxonomy":"product_cat","embeddable":true,"href":"https:\/\/frvape.com\/pl\/wp-json\/wp\/v2\/product_cat?post=1042"},{"taxonomy":"product_tag","embeddable":true,"href":"https:\/\/frvape.com\/pl\/wp-json\/wp\/v2\/product_tag?post=1042"}],"curies":[{"name":"wp","href":"https:\/\/api.w.org\/{rel}","templated":true}]}}