{"id":10495,"date":"2025-11-02T03:43:17","date_gmt":"2025-11-02T03:43:17","guid":{"rendered":"https:\/\/frvape.com\/product\/uzy-crystal-100000-puffs-disposable-vape-quad-flavor-rechargeable-e-cigarette\/"},"modified":"2025-11-04T02:28:46","modified_gmt":"2025-11-04T02:28:46","slug":"uzy-crystal-100000-zaciagniec-jednorazowy-vape-quad-smakowy-e-papieros-do-wielokrotnego-ladowania","status":"publish","type":"product","link":"https:\/\/frvape.com\/pl\/product\/uzy-crystal-100000-zaciagniec-jednorazowy-vape-quad-smakowy-e-papieros-do-wielokrotnego-ladowania\/","title":{"rendered":"Jednorazowy Vape Uzy Crystal 100000 Puffs - poczw\u00f3rny smak, e-papieros wielokrotnego \u0142adowania"},"content":{"rendered":"<h3>Poczw\u00f3rne doznania smakowe klasy premium<\/h3>\n<p>The <strong>Uzy Crystal 100000<\/strong> rewolucjonizuje wapowanie dzi\u0119ki innowacyjnemu systemowi czterech smak\u00f3w. Zaprojektowany dla koneser\u00f3w, kt\u00f3rzy pragn\u0105 r\u00f3\u017cnorodno\u015bci, ten najnowocze\u015bniejszy <strong>jednorazowe vape<\/strong> posiada cztery r\u00f3\u017cne komory smakowe w jednym urz\u0105dzeniu. Zaawansowany <strong>poczw\u00f3rna cewka siatkowa<\/strong> System grzewczy (1,0\u03a9) zapewnia wyj\u0105tkow\u0105 g\u0119sto\u015b\u0107 pary i utrzymuje autentyczn\u0105 konsystencj\u0119 smaku podczas ca\u0142ej podr\u00f3\u017cy waporyzacyjnej.<\/p>\n<h3>Inteligentna in\u017cynieria i d\u0142ugowieczno\u015b\u0107<\/h3>\n<p>Wyposa\u017cony w <strong>Akumulator o pojemno\u015bci 650 mAh<\/strong>To urz\u0105dzenie obs\u0142uguje d\u0142ugotrwa\u0142e u\u017cytkowanie dzi\u0119ki wygodnemu szybkiemu \u0142adowaniu typu C. Zintegrowany <strong>Inteligentny ekran LED<\/strong> zapewnia monitorowanie w czasie rzeczywistym zar\u00f3wno baterii, jak i <strong>56 ml e-liquidu<\/strong> poziom\u00f3w, dzi\u0119ki czemu nigdy nie b\u0119dziesz nieprzygotowany. Dzi\u0119ki du\u017cej pojemno\u015bci zaprojektowanej dla <strong>100 000 zaci\u0105gni\u0119\u0107<\/strong>Uzy Crystal oferuje bezprecedensow\u0105 trwa\u0142o\u015b\u0107 na rynku jednorazowych urz\u0105dze\u0144 vape.<\/p>\n<h3>Dost\u0119pne kombinacje smak\u00f3w<\/h3>\n<ul>\n<li>Brzoskwinia Mango Ananas &amp; Jagoda Malina &amp; Cytryna Limonka &amp; Arbuz BubbleGum<\/li>\n<li>Cherry Ice &amp; Grape Ice &amp; Passion Fruit Mango &amp; Love 66<\/li>\n<li>Strawberry Mango &amp; MR Blue &amp; Summer Peach Ice &amp; Black Ice<\/li>\n<li>Watermelon Ice &amp; Blue Razz Cherry &amp; Watermelon Sour Peach &amp; Passion Fruit Kiwi<\/li>\n<li>L\u00f3d truskawkowy &amp; Gumny Mi\u015b &amp; Arbuz Dragon Fruit &amp; Jagoda Kiwi<\/li>\n<li>Truskawka, arbuz i l\u00f3d Blue Razz oraz jagoda, malina, wi\u015bnia i gazowany l\u00f3d wi\u015bniowy<\/li>\n<li>Blueberry Ice &amp; Mango Peach Apricot &amp; Kiwi Passion Fruit Guava &amp; White Peach Razz<\/li>\n<li>L\u00f3d jagodowy i banan truskawkowy oraz dwa jab\u0142ka i cukierki Skittles<\/li>\n<li>Mixed Berry &amp; Passion Fruit Kiwi Lime &amp; Cranberry Grape &amp; Strawberry Kiwi<\/li>\n<li>Peach Ice &amp; Blueberry Cherry &amp; Energy Drink &amp; Watermelon Lychee<\/li>\n<\/ul>\n<h3>Zaprojektowany dla doskona\u0142o\u015bci<\/h3>\n<p>Wykonany z najwy\u017cszej jako\u015bci materia\u0142\u00f3w, model Uzy Crystal prezentuje elegancki wygl\u0105d. <strong>kryszta\u0142owy design<\/strong> kt\u00f3ra odzwierciedla wyrafinowany styl, zachowuj\u0105c jednocze\u015bnie komfortow\u0105 wag\u0119 160 g. Jego ergonomiczne kontury naturalnie dopasowuj\u0105 si\u0119 do d\u0142oni, zapewniaj\u0105c zar\u00f3wno <strong>wizualna elegancja<\/strong> i praktyczny komfort. Dostosuj spo\u017cycie nikotyny dzi\u0119ki opcjom mocy 0%, 2%, 3% lub 5%.<\/p>\n<h3>Optymalne opakowanie i warto\u015b\u0107<\/h3>\n<p>Efektywne pakowanie po 10 sztuk w pude\u0142ku i 120 sztuk w kartonie (waga kartonu 19,21 kg) sprawia, \u017ce Uzy Crystal \u0142\u0105czy w sobie najwy\u017csz\u0105 wydajno\u015b\u0107 z wygod\u0105 logistyczn\u0105. Zaprojektowany zar\u00f3wno dla <strong>przyjemno\u015b\u0107 z wapowania<\/strong> i wydajno\u015b\u0107 dystrybucji komercyjnej, ta poczw\u00f3rna innowacja smakowa wyznacza nowe standardy w kategorii jednorazowych vape.<\/p>","protected":false},"excerpt":{"rendered":"<p>Do\u015bwiadcz wszechstronno\u015bci smaku 4 w 1 dzi\u0119ki <strong>Uzy Crystal 100000<\/strong> <strong>jednorazowe vape<\/strong> zawieraj\u0105cy <strong>poczw\u00f3rne cewki siatkowe<\/strong> i pojemno\u015bci 56 ml e-liquidu. Ciesz si\u0119 nawet <strong>100 000 zaci\u0105gni\u0119\u0107<\/strong> z <strong>Akumulator typu C<\/strong> bateria i inteligentny wy\u015bwietlacz LED.<\/p>","protected":false},"featured_media":10489,"comment_status":"open","ping_status":"closed","template":"","meta":[],"product_brand":[237],"product_cat":[1016,1017,846],"product_tag":[],"class_list":{"0":"post-10495","1":"product","2":"type-product","3":"status-publish","4":"has-post-thumbnail","6":"product_brand-uzy","7":"product_cat-big-puffs-vapes","8":"product_cat-crystal-vapes","9":"product_cat-uzy","11":"first","12":"instock","13":"sale","14":"shipping-taxable","15":"purchasable","16":"product-type-variable"},"jetpack_sharing_enabled":true,"tiered_pricing_type":"fixed","tiered_pricing_fixed_rules":[],"tiered_pricing_product_settings":{"layout":"default","base_unit_name":{"singular":null,"plural":null},"default_variation":null},"tiered_pricing_minimum_quantity":null,"tiered_pricing_roles_data":[],"tiered_pricing_percentage_rules":[],"tiered_pricing_maximum_quantity":null,"tiered_pricing_quantity_step":null,"_links":{"self":[{"href":"https:\/\/frvape.com\/pl\/wp-json\/wp\/v2\/product\/10495","targetHints":{"allow":["GET"]}}],"collection":[{"href":"https:\/\/frvape.com\/pl\/wp-json\/wp\/v2\/product"}],"about":[{"href":"https:\/\/frvape.com\/pl\/wp-json\/wp\/v2\/types\/product"}],"replies":[{"embeddable":true,"href":"https:\/\/frvape.com\/pl\/wp-json\/wp\/v2\/comments?post=10495"}],"wp:featuredmedia":[{"embeddable":true,"href":"https:\/\/frvape.com\/pl\/wp-json\/wp\/v2\/media\/10489"}],"wp:attachment":[{"href":"https:\/\/frvape.com\/pl\/wp-json\/wp\/v2\/media?parent=10495"}],"wp:term":[{"taxonomy":"product_brand","embeddable":true,"href":"https:\/\/frvape.com\/pl\/wp-json\/wp\/v2\/product_brand?post=10495"},{"taxonomy":"product_cat","embeddable":true,"href":"https:\/\/frvape.com\/pl\/wp-json\/wp\/v2\/product_cat?post=10495"},{"taxonomy":"product_tag","embeddable":true,"href":"https:\/\/frvape.com\/pl\/wp-json\/wp\/v2\/product_tag?post=10495"}],"curies":[{"name":"wp","href":"https:\/\/api.w.org\/{rel}","templated":true}]}}