{"id":11129,"date":"2025-11-02T04:33:56","date_gmt":"2025-11-02T04:33:56","guid":{"rendered":"https:\/\/frvape.com\/product\/vopk-tornado-15000-puffs-disposable-vape-pen-10-flavors-rechargeable\/"},"modified":"2025-11-02T04:34:10","modified_gmt":"2025-11-02T04:34:10","slug":"vopk-tornado-15000-puffow-jednorazowe-pioro-vape-10-smakow-akumulatorowe","status":"publish","type":"product","link":"https:\/\/frvape.com\/pl\/product\/vopk-tornado-15000-puffow-jednorazowe-pioro-vape-10-smakow-akumulatorowe\/","title":{"rendered":"VOPK TORNADO 15000 Puffs Jednorazowy Vape Pen - 10 smak\u00f3w i mo\u017cliwo\u015b\u0107 \u0142adowania"},"content":{"rendered":"<h3>Najlepsze, d\u0142ugotrwa\u0142e doznania podczas waporyzacji<\/h3>\n<p>Przedstawiamy <strong>VOPK TORNADO 15000<\/strong> - rewolucja w technologii jednorazowych urz\u0105dze\u0144 vape. Wyposa\u017cony w <strong>zaawansowana cewka siatkowa<\/strong> i masywny <strong>Pojemno\u015b\u0107 25 ml e-liquidu<\/strong>To urz\u0105dzenie zapewnia bezprecedensowe 15 000 bogatych, aromatycznych zaci\u0105gni\u0119\u0107. Wykonane z najwy\u017cszej jako\u015bci <strong>PC + matowa naklejka<\/strong> Konstrukcja \u0142\u0105czy eleganck\u0105 estetyk\u0119 z trwa\u0142o\u015bci\u0105.<\/p>\n<h3>Specyfikacja wydajno\u015bci Premium<\/h3>\n<p>Zasilany przez <strong>Akumulator o pojemno\u015bci 850 mAh<\/strong> (model 17350) z szybkim <strong>\u0141adowanie typu C<\/strong>zapewnia nieprzerwane sesje. The <strong>1,00 mesh coil<\/strong> gwarantuje sta\u0142\u0105 produkcj\u0119 pary podczas <strong>regulowany przep\u0142yw powietrza<\/strong> umo\u017cliwia dostosowanie losowania. Monitoruj zu\u017cycie bez wysi\u0142ku za pomoc\u0105 <strong>podw\u00f3jny wy\u015bwietlacz<\/strong> pokazuj\u0105cy w czasie rzeczywistym poziom oleju i akumulatora.<\/p>\n<h3>Mo\u017cliwo\u015b\u0107 dostosowania nikotyny i smak\u00f3w<\/h3>\n<p>Wybierz sw\u00f3j idea\u0142 <strong>moc nikotyny<\/strong>: 0% (beznikotynowy), 2%, 3% lub 5%. Poznaj 10 wy\u015bmienitych smak\u00f3w dzi\u0119ki naszej charakterystycznej technologii cewki siatkowej, kt\u00f3ra intensyfikuje ka\u017cd\u0105 nut\u0119:<\/p>\n<p><strong>Bor\u00f3wka Malina<br \/>R\u00f3\u017cowa Lemoniada<br \/>Brzoskwinia Mango<br \/>Kwa\u015bne jab\u0142ko<br \/>Mixd Berry<br \/>Lemoniada Blue Razz<br \/>Truskawka Malina<br \/>Arbuzowy l\u00f3d<br \/>Kiwi Passion Fruit Guava<br \/>Arbuz truskawkowy<\/strong><\/p>\n<h3>Zaprojektowany z my\u015bl\u0105 o doskona\u0142o\u015bci waporyzacji<\/h3>\n<p>TORNADO 15000 na nowo definiuje wygod\u0119 dzi\u0119ki szczelnej konstrukcji i przeno\u015bno\u015bci wielko\u015bci d\u0142oni. Idealny do ca\u0142odziennego wapowania, jego zoptymalizowany <strong>siatkowy rdze\u0144 cewki<\/strong> zapobiega suchym uderzeniom, jednocze\u015bnie maksymalizuj\u0105c ekstrakcj\u0119 smaku. Do\u015bwiadcz szczytu jednorazowych waporyzator\u00f3w - gdzie prze\u0142omowa pojemno\u015b\u0107 \u0142\u0105czy si\u0119 z wyrafinowaniem <strong>funkcjonalno\u015b\u0107 dw\u00f3ch wy\u015bwietlaczy<\/strong> i niezr\u00f3wnan\u0105 r\u00f3\u017cnorodno\u015b\u0107 smak\u00f3w.<\/p>","protected":false},"excerpt":{"rendered":"<p>Poznaj <strong>VOPK TORNADO 15000<\/strong> jednorazowe vape z <strong>15 000 zaci\u0105gni\u0119\u0107<\/strong>, <strong>Pojemno\u015b\u0107 25 ml<\/strong>oraz <strong>10 smak\u00f3w<\/strong>. Cechy <strong>regulowany przep\u0142yw powietrza<\/strong>, <strong>\u0141adowanie typu C<\/strong>oraz <strong>podw\u00f3jny wy\u015bwietlacz<\/strong> do waporyzacji premium.<\/p>","protected":false},"featured_media":11123,"comment_status":"open","ping_status":"closed","template":"","meta":[],"product_brand":[787],"product_cat":[890],"product_tag":[429,892,102,77,84,891],"class_list":{"0":"post-11129","1":"product","2":"type-product","3":"status-publish","4":"has-post-thumbnail","6":"product_brand-vopk","7":"product_cat-vopk","8":"product_tag-15000-puffs-disposable-vape","9":"product_tag-25ml-e-liquid-capacity","10":"product_tag-adjustable-airflow-vape","11":"product_tag-mesh-coil-vape","12":"product_tag-rechargeable-vape-pen","13":"product_tag-vopk-tornado-15000","15":"first","16":"instock","17":"sale","18":"shipping-taxable","19":"purchasable","20":"product-type-variable"},"jetpack_sharing_enabled":true,"tiered_pricing_type":"fixed","tiered_pricing_fixed_rules":[],"tiered_pricing_product_settings":{"layout":"default","base_unit_name":{"singular":null,"plural":null},"default_variation":null},"tiered_pricing_minimum_quantity":null,"tiered_pricing_roles_data":[],"tiered_pricing_percentage_rules":[],"tiered_pricing_maximum_quantity":null,"tiered_pricing_quantity_step":null,"_links":{"self":[{"href":"https:\/\/frvape.com\/pl\/wp-json\/wp\/v2\/product\/11129","targetHints":{"allow":["GET"]}}],"collection":[{"href":"https:\/\/frvape.com\/pl\/wp-json\/wp\/v2\/product"}],"about":[{"href":"https:\/\/frvape.com\/pl\/wp-json\/wp\/v2\/types\/product"}],"replies":[{"embeddable":true,"href":"https:\/\/frvape.com\/pl\/wp-json\/wp\/v2\/comments?post=11129"}],"wp:featuredmedia":[{"embeddable":true,"href":"https:\/\/frvape.com\/pl\/wp-json\/wp\/v2\/media\/11123"}],"wp:attachment":[{"href":"https:\/\/frvape.com\/pl\/wp-json\/wp\/v2\/media?parent=11129"}],"wp:term":[{"taxonomy":"product_brand","embeddable":true,"href":"https:\/\/frvape.com\/pl\/wp-json\/wp\/v2\/product_brand?post=11129"},{"taxonomy":"product_cat","embeddable":true,"href":"https:\/\/frvape.com\/pl\/wp-json\/wp\/v2\/product_cat?post=11129"},{"taxonomy":"product_tag","embeddable":true,"href":"https:\/\/frvape.com\/pl\/wp-json\/wp\/v2\/product_tag?post=11129"}],"curies":[{"name":"wp","href":"https:\/\/api.w.org\/{rel}","templated":true}]}}