{"id":11223,"date":"2025-11-02T04:37:59","date_gmt":"2025-11-02T04:37:59","guid":{"rendered":"https:\/\/frvape.com\/product\/irex-astral-80000-disposable-vape-with-80k-puffs-adjustable-nicotine\/"},"modified":"2025-11-04T02:51:25","modified_gmt":"2025-11-04T02:51:25","slug":"irex-astral-80000-jednorazowy-vape-z-80-tys-zaciagniec-z-regulowana-zawartoscia-nikotyny","status":"publish","type":"product","link":"https:\/\/frvape.com\/pl\/product\/irex-astral-80000-jednorazowy-vape-z-80-tys-zaciagniec-z-regulowana-zawartoscia-nikotyny\/","title":{"rendered":"IREX Astral 80000 Jednorazowy Vape z 80 tysi\u0105cami zaci\u0105gni\u0119\u0107 i regulowan\u0105 zawarto\u015bci\u0105 nikotyny"},"content":{"rendered":"<h3>D\u0142ugotrwa\u0142e doznania z waporyzacji klasy premium<\/h3>\n<p>The <strong>IREX Astral 80000<\/strong> na nowo definiuje waporyzacj\u0119 jednorazow\u0105 z niezwyk\u0142\u0105 wytrzyma\u0142o\u015bci\u0105 i wydajno\u015bci\u0105. Zaprojektowane z my\u015bl\u0105 o powa\u017cnych vaperach, urz\u0105dzenie to zapewnia niezwyk\u0142\u0105 <strong>80 000 zaci\u0105gni\u0119\u0107<\/strong> z jego masywnego <strong>48 ml wst\u0119pnie nape\u0142nionego e-liquidu<\/strong> zbiornik. Z <strong>regulowana nikotyna<\/strong> Poziomy (20 mg lub 50 mg soli nikotyny) i wybierana intensywno\u015b\u0107 lodu zapewniaj\u0105 spersonalizowan\u0105 satysfakcj\u0119 w eleganckim opakowaniu.<\/p>\n<h3>Zaawansowane specyfikacje techniczne<\/h3>\n<p>Zbudowany z najwy\u017cszej jako\u015bci <strong>poliw\u0119glan<\/strong> wa\u017c\u0105cy zaledwie 98 g, Astral r\u00f3wnowa\u017cy wytrzyma\u0142o\u015b\u0107 z przeno\u015bno\u015bci\u0105 (97x59x25 mm). Jego inteligentne <strong>inteligentny wy\u015bwietlacz<\/strong> stale monitoruje poziom e-liquidu i baterii. Zintegrowany <strong>Akumulator o pojemno\u015bci 1000 mAh<\/strong> obs\u0142uguje rozszerzone sesje, podczas gdy <strong>USB typu C<\/strong> (0,5 A) umo\u017cliwia wygodne \u0142adowanie.<br \/>The <strong>aktywacja losowania<\/strong> Mechanizm zapewnia \u0142atw\u0105 obs\u0142ug\u0119 bez skomplikowanych przycisk\u00f3w, dzi\u0119ki czemu jest idealny zar\u00f3wno dla pocz\u0105tkuj\u0105cych, jak i do\u015bwiadczonych u\u017cytkownik\u00f3w.<\/p>\n<h3>Zr\u00f3\u017cnicowany wyb\u00f3r smak\u00f3w<\/h3>\n<p>Odkryj 15 profesjonalnie wykonanych <strong>jednorazowe vape<\/strong> smak\u00f3w na ka\u017cd\u0105 kiesze\u0144:<br \/>Watermelon Ice, Sour Cranapple, Juicy Peach, Double Apple, Strawberry Kiwi,<br \/>Peach Berry, Cherry Bomb, Sour Strawberry, Pineapple Mango, Orange Berry,<br \/>Miami Mint, Blueberry Watermelon, Berry Bliss, Blue Razz Ice, Grape Lemon.<\/p>\n<h3>Pakowanie i dystrybucja<\/h3>\n<p>Zoptymalizowany do sprzeda\u017cy detalicznej i hurtowej, ka\u017cdy karton zawiera 200 sztuk o wadze brutto 24,96 kg. Wymiary: 665x330x260mm karton zewn\u0119trzny.<\/p>\n<h3>Dlaczego warto wybra\u0107 Astral 80K?<\/h3>\n<p>Do\u015bwiadcz nieprzerwanej waporyzacji z bezprecedensow\u0105 pojemno\u015bci\u0105 zaci\u0105gni\u0119\u0107 w po\u0142\u0105czeniu z regulowanymi funkcjami. Ten wysokiej jako\u015bci <strong>akumulator vape<\/strong> zapewnia sta\u0142\u0105 jako\u015b\u0107 smaku przez wszystkie 80 000 zaci\u0105gni\u0119\u0107. Uzyskaj wydajno\u015b\u0107 klasy komercyjnej w przeno\u015bnym urz\u0105dzeniu idealnym zar\u00f3wno do u\u017cytku osobistego, jak i na prezent - szczyt <strong>jednorazowe vape<\/strong> technologia.<\/p>","protected":false},"excerpt":{"rendered":"<p>Do\u015bwiadcz najwy\u017cszej wygody waporyzacji dzi\u0119ki <strong>IREX Astral 80000<\/strong> jednorazowe vape. Oferta <strong>80 000 zaci\u0105gni\u0119\u0107<\/strong> oraz <strong>48 ml wst\u0119pnie nape\u0142niony<\/strong> pojemno\u015b\u0107 plus <strong>regulowana nikotyna<\/strong> i poziom lodu. Ciesz si\u0119 <strong>15 smak\u00f3w premium<\/strong> z \u0142adowaniem typu C.<\/p>","protected":false},"featured_media":11217,"comment_status":"open","ping_status":"closed","template":"","meta":[],"product_brand":[736],"product_cat":[1016,896],"product_tag":[899,898,897,246,112,115],"class_list":{"0":"post-11223","1":"product","2":"type-product","3":"status-publish","4":"has-post-thumbnail","6":"product_brand-irex","7":"product_cat-big-puffs-vapes","8":"product_cat-irex","9":"product_tag-15-flavors","10":"product_tag-48ml-e-liquid","11":"product_tag-80k-puffs","12":"product_tag-adjustable-nicotine","13":"product_tag-disposable-vape","14":"product_tag-rechargeable-vape","16":"first","17":"instock","18":"sale","19":"shipping-taxable","20":"purchasable","21":"product-type-variable"},"jetpack_sharing_enabled":true,"tiered_pricing_type":"fixed","tiered_pricing_fixed_rules":[],"tiered_pricing_product_settings":{"layout":"default","base_unit_name":{"singular":null,"plural":null},"default_variation":null},"tiered_pricing_minimum_quantity":null,"tiered_pricing_roles_data":[],"tiered_pricing_percentage_rules":[],"tiered_pricing_maximum_quantity":null,"tiered_pricing_quantity_step":null,"_links":{"self":[{"href":"https:\/\/frvape.com\/pl\/wp-json\/wp\/v2\/product\/11223","targetHints":{"allow":["GET"]}}],"collection":[{"href":"https:\/\/frvape.com\/pl\/wp-json\/wp\/v2\/product"}],"about":[{"href":"https:\/\/frvape.com\/pl\/wp-json\/wp\/v2\/types\/product"}],"replies":[{"embeddable":true,"href":"https:\/\/frvape.com\/pl\/wp-json\/wp\/v2\/comments?post=11223"}],"wp:featuredmedia":[{"embeddable":true,"href":"https:\/\/frvape.com\/pl\/wp-json\/wp\/v2\/media\/11217"}],"wp:attachment":[{"href":"https:\/\/frvape.com\/pl\/wp-json\/wp\/v2\/media?parent=11223"}],"wp:term":[{"taxonomy":"product_brand","embeddable":true,"href":"https:\/\/frvape.com\/pl\/wp-json\/wp\/v2\/product_brand?post=11223"},{"taxonomy":"product_cat","embeddable":true,"href":"https:\/\/frvape.com\/pl\/wp-json\/wp\/v2\/product_cat?post=11223"},{"taxonomy":"product_tag","embeddable":true,"href":"https:\/\/frvape.com\/pl\/wp-json\/wp\/v2\/product_tag?post=11223"}],"curies":[{"name":"wp","href":"https:\/\/api.w.org\/{rel}","templated":true}]}}