{"id":11360,"date":"2025-11-02T04:47:24","date_gmt":"2025-11-02T04:47:24","guid":{"rendered":"https:\/\/frvape.com\/product\/mr-goodie-dual-mode-king-eco-50000-puffs-disposable-vape-with-boost-mode\/"},"modified":"2025-12-16T09:03:28","modified_gmt":"2025-12-16T09:03:28","slug":"mr-goodie-dual-mode-king-eco-50000-puff-jednorazowy-vape-z-trybem-boost","status":"publish","type":"product","link":"https:\/\/frvape.com\/pl\/product\/mr-goodie-dual-mode-king-eco-50000-puff-jednorazowy-vape-z-trybem-boost\/","title":{"rendered":"Mr.Goodie Dual Mode King | ECO 50,000 Puffs Jednorazowy Vape z trybem BOOST"},"content":{"rendered":"<p>Do\u015bwiadcz najwy\u017cszej elastyczno\u015bci waporyzacji dzi\u0119ki <strong>Mr. Goodie Dual Mode King<\/strong>to wysokowydajny jednorazowy waporyzator przeznaczony zar\u00f3wno dla zwyk\u0142ych u\u017cytkownik\u00f3w, jak i zaawansowanych waper\u00f3w. Dzi\u0119ki unikalnemu <strong>Podw\u00f3jne tryby<\/strong>To urz\u0105dzenie zapewnia d\u0142ugotrwa\u0142\u0105 i konfigurowaln\u0105 par\u0119 dopasowan\u0105 do Twojego stylu.<\/p>\n<h3>Opcje smakowe<\/h3>\n<p>Wybieraj spo\u015br\u00f3d szerokiej gamy kusz\u0105cych smak\u00f3w: <strong>Soczysty brzoskwiniowy l\u00f3d<\/strong>, <strong>Love 66<\/strong>, <strong>Zielony l\u00f3d cytrynowy<\/strong>, <strong>Mango Pineapple Ice<\/strong>, <strong>Vanilla Passion Fruit<\/strong>, <strong>Truskawkowy koktajl mleczny<\/strong>, <strong>Arbuzowy l\u00f3d<\/strong>, <strong>Jab\u0142ko z cynamonem<\/strong>, <strong>Blue Razz<\/strong>oraz <strong>L\u00f3d z krwistej pomara\u0144czy<\/strong>. Ka\u017cdy e-liquid jest nasycony najwy\u017cszej jako\u015bci sol\u0105 nikotynow\u0105, zapewniaj\u0105c g\u0142adkie, satysfakcjonuj\u0105ce uderzenie.<\/p>\n<h3>Kluczowe specyfikacje<\/h3>\n<p>The <strong>Mr.Goodie Dual Mode King<\/strong> cechy <strong>Tryb ECO<\/strong> do 50 000 zaci\u0105gni\u0119\u0107 lub <strong>Tryb BOOST<\/strong> dla pot\u0119\u017cnego do\u015bwiadczenia 25 000 zaci\u0105gni\u0119\u0107. Prze\u0142\u0105czaj si\u0119 mi\u0119dzy trybami, aby cieszy\u0107 si\u0119 p\u0142ynn\u0105, wyd\u0142u\u017con\u0105 sesj\u0105 lub intensywn\u0105 chmur\u0105 pary.<br \/>\nU\u017cywa <strong>Podw\u00f3jna cewka siatkowa<\/strong> system zapewniaj\u0105cy sp\u00f3jny smak i produkcj\u0119 pary, a tak\u017ce <strong>sterowanie dotykowe<\/strong> dla \u0142atwej obs\u0142ugi.<br \/>\nDostosuj losowanie za pomoc\u0105 <strong>regulowany przep\u0142yw powietrza<\/strong>i monitorowa\u0107 ka\u017cdy szczeg\u00f3\u0142 za po\u015brednictwem <strong>Pe\u0142ny ekran LED<\/strong>kt\u00f3ry wy\u015bwietla liczb\u0119 zaci\u0105gni\u0119\u0107, \u017cywotno\u015b\u0107 baterii i poziom e-cieczy w czasie rzeczywistym.<br \/>\nDzi\u0119ki wst\u0119pnie nape\u0142nionemu zbiornikowi o pojemno\u015bci 40 ml, akumulatorowi o pojemno\u015bci 1000 mAh i szybkiemu \u0142adowaniu typu C, urz\u0105dzenie to zapewnia nieprzerwan\u0105 satysfakcj\u0119. Dost\u0119pny w wersjach o mocy 20 mg i 50 mg soli nikotyny, aby zaspokoi\u0107 ka\u017cde preferencje.<\/p>\n<h3>Dlaczego warto wybra\u0107 Dual Mode King?<\/h3>\n<p>The <strong>Mr.Goodie Dual Mode King<\/strong> wyr\u00f3\u017cnia si\u0119 wszechstronno\u015bci\u0105 i wysokiej jako\u015bci wzornictwem. Idealny do u\u017cytku osobistego lub dystrybucji hurtowej, oferuje <strong>pe\u0142na kontrola<\/strong> o kompaktowych wymiarach 55\u00d728\u00d799 mm. Ciesz si\u0119 bogatymi, aromatycznymi sesjami dzi\u0119ki zaawansowanemu <strong>Podw\u00f3jne cewki siatkowe<\/strong> i dostosowane <strong>regulowany przep\u0142yw powietrza<\/strong>Dzi\u0119ki temu ka\u017cdy puff jest perfekcyjny.<\/p>","protected":false},"excerpt":{"rendered":"<p>Do\u015bwiadcz najwy\u017cszej jako\u015bci waporyzacji dzi\u0119ki <strong>Mr.Goodie Dual Mode King<\/strong>oferuj\u0105c do 50 000 zaci\u0105gni\u0119\u0107 w <strong>Tryb ECO<\/strong> lub 25 000 w <strong>Tryb BOOST<\/strong>. Ciesz si\u0119 <strong>Podw\u00f3jne cewki siatkowe<\/strong> oraz <strong>regulowany przep\u0142yw powietrza<\/strong> dla bogatego smaku.<br \/>\nZasilany bateri\u0105 o pojemno\u015bci 1000 mAh z \u0142adowaniem typu C.<\/p>","protected":false},"featured_media":11354,"comment_status":"open","ping_status":"closed","template":"","meta":[],"product_brand":[769],"product_cat":[873],"product_tag":[907,163,112,906,908,909],"class_list":{"0":"post-11360","1":"product","2":"type-product","3":"status-publish","4":"has-post-thumbnail","6":"product_brand-mr-goodie","7":"product_cat-mr-goodie","8":"product_tag-50-000-puffs","9":"product_tag-adjustable-airflow","10":"product_tag-disposable-vape","11":"product_tag-dual-mode","12":"product_tag-led-touchscreen","13":"product_tag-salt-nicotine","15":"first","16":"instock","17":"sale","18":"shipping-taxable","19":"purchasable","20":"product-type-variable"},"jetpack_sharing_enabled":true,"tiered_pricing_type":"fixed","tiered_pricing_fixed_rules":[],"tiered_pricing_product_settings":{"layout":"default","base_unit_name":{"singular":null,"plural":null},"default_variation":null},"tiered_pricing_minimum_quantity":null,"tiered_pricing_roles_data":[],"tiered_pricing_percentage_rules":[],"tiered_pricing_maximum_quantity":null,"tiered_pricing_quantity_step":null,"_links":{"self":[{"href":"https:\/\/frvape.com\/pl\/wp-json\/wp\/v2\/product\/11360","targetHints":{"allow":["GET"]}}],"collection":[{"href":"https:\/\/frvape.com\/pl\/wp-json\/wp\/v2\/product"}],"about":[{"href":"https:\/\/frvape.com\/pl\/wp-json\/wp\/v2\/types\/product"}],"replies":[{"embeddable":true,"href":"https:\/\/frvape.com\/pl\/wp-json\/wp\/v2\/comments?post=11360"}],"wp:featuredmedia":[{"embeddable":true,"href":"https:\/\/frvape.com\/pl\/wp-json\/wp\/v2\/media\/11354"}],"wp:attachment":[{"href":"https:\/\/frvape.com\/pl\/wp-json\/wp\/v2\/media?parent=11360"}],"wp:term":[{"taxonomy":"product_brand","embeddable":true,"href":"https:\/\/frvape.com\/pl\/wp-json\/wp\/v2\/product_brand?post=11360"},{"taxonomy":"product_cat","embeddable":true,"href":"https:\/\/frvape.com\/pl\/wp-json\/wp\/v2\/product_cat?post=11360"},{"taxonomy":"product_tag","embeddable":true,"href":"https:\/\/frvape.com\/pl\/wp-json\/wp\/v2\/product_tag?post=11360"}],"curies":[{"name":"wp","href":"https:\/\/api.w.org\/{rel}","templated":true}]}}