{"id":11539,"date":"2025-11-02T08:53:29","date_gmt":"2025-11-02T08:53:29","guid":{"rendered":"https:\/\/frvape.com\/product\/okso-shisha-hookah-mega-50000-disposable-vape-40ml-e-liquid-50k-puffs\/"},"modified":"2025-11-02T08:53:40","modified_gmt":"2025-11-02T08:53:40","slug":"okso-shisha-hookah-mega-50000-jednorazowy-vape-40ml-e-liquid-50k-puffow","status":"publish","type":"product","link":"https:\/\/frvape.com\/pl\/product\/okso-shisha-hookah-mega-50000-jednorazowy-vape-40ml-e-liquid-50k-puffow\/","title":{"rendered":"OKSO Shisha Hookah Mega 50000 jednorazowe Vape - 40 ml E-liquidu, 50 tys. zaci\u0105gni\u0119\u0107"},"content":{"rendered":"<h3>Najwy\u017csza d\u0142ugowieczno\u015b\u0107 w wapowaniu<\/h3>\n<p>The <strong>OKSO Shisha Hookah Mega 50000<\/strong> na nowo definiuje waporyzacj\u0119 premium dzi\u0119ki niezwyk\u0142ej pojemno\u015bci 50 000 zaci\u0105gni\u0119\u0107. Zaprojektowane z my\u015bl\u0105 o intensywnych u\u017cytkownikach i koneserach smak\u00f3w, urz\u0105dzenie to zapewnia d\u0142ugotrwa\u0142\u0105 satysfakcj\u0119 dzi\u0119ki ogromnemu zbiornikowi e-liquidu o pojemno\u015bci 40 ml i du\u017cej mocy. <strong>Bateria 1100 mAh<\/strong> z <strong>Szybkie \u0142adowanie typu C<\/strong> wsparcie.<\/p>\n<h3>Zaawansowana technologia opar\u00f3w<\/h3>\n<p>Wyposa\u017cony w najnowocze\u015bniejsze <strong>Cewka z potr\u00f3jn\u0105 siatk\u0105<\/strong> Urz\u0105dzenie to wytwarza wyj\u0105tkowo g\u0119ste chmury i wzmacnia intensywno\u015b\u0107 smaku. Do\u015bwiadcz tradycyjnej g\u0142adko\u015bci przypominaj\u0105cej shish\u0119 przy ka\u017cdym zaci\u0105gni\u0119ciu, poniewa\u017c zaawansowany system cewek zapewnia sta\u0142\u0105 produkcj\u0119 pary przez wszystkie 50 000 zaci\u0105gni\u0119\u0107.<\/p>\n<h3>Spersonalizowana kontrola nikotyny<\/h3>\n<p>Dostosuj si\u0119 do swoich preferencji dzi\u0119ki wszechstronnym mocom nikotyny: 0%, 2%, 3% i 5%. Niezale\u017cnie od tego, czy szukasz przyjemno\u015bci bez nikotyny, czy te\u017c mocnego uderzenia w gard\u0142o, model <strong>OKSO Mega 50000<\/strong> dostosowuje si\u0119 do Twoich potrzeb, zachowuj\u0105c czysto\u015b\u0107 smaku.<\/p>\n<h3>Wy\u015bmienity wyb\u00f3r smak\u00f3w<\/h3>\n<p>Poznaj nasz\u0105 autentyczn\u0105 ofert\u0119 inspirowan\u0105 shish\u0105:<br \/><strong>Guma balonowa Strawberry Watermelon<\/strong><br \/><strong>Lush Ice<\/strong><br \/><strong>L\u00f3d brzoskwiniowy<\/strong><br \/><strong>Mango Ice<\/strong><br \/><strong>Jagoda Malina Wi\u015bnia<\/strong><br \/><strong>Love66<\/strong><br \/><strong>Lady Killa<\/strong><br \/><strong>Dwa jab\u0142ka<\/strong><br \/><strong>L\u00f3d winogronowy<\/strong><br \/><strong>Truskawka Kiwi<\/strong><\/p>\n<h3>Zaprojektowany z my\u015bl\u0105 o komforcie<\/h3>\n<p>Dzi\u0119ki ergonomicznym wymiarom 43\u00d743\u00d7135 mm i lekkiemu korpusowi o wadze 141 g, waporyzator ten \u0142\u0105czy w sobie przeno\u015bno\u015b\u0107 z najwy\u017csz\u0105 trwa\u0142o\u015bci\u0105. Elegancka konstrukcja charakteryzuje si\u0119 intuicyjn\u0105 obs\u0142ug\u0105, dzi\u0119ki czemu idealnie nadaje si\u0119 do d\u0142u\u017cszych sesji i u\u017cytkowania w podr\u00f3\u017cy.<\/p>\n<h3>Opakowania gotowe do sprzeda\u017cy hurtowej<\/h3>\n<p>Wysy\u0142ane w wygodnych kartonach (465\u00d7290\u00d7235 mm, 15,8 kg wagi brutto) zawieraj\u0105cych 100 sztuk (10 pude\u0142ek po 10 sztuk). Zoptymalizowane pod k\u0105tem wydajno\u015bci dystrybucji przy jednoczesnym zapewnieniu ochrony produktu podczas transportu.<\/p>","protected":false},"excerpt":{"rendered":"<p>Prze\u017cyj 50 000 zaci\u0105gni\u0119\u0107 si\u0119 papierosem premium <strong>OKSO Shisha Hookah Mega 50000<\/strong> jednorazowe vape. Cechy <strong>Cewka z potr\u00f3jn\u0105 siatk\u0105<\/strong> technologia, pojemno\u015b\u0107 40 ml e-liquidu i mo\u017cliwo\u015b\u0107 \u0142adowania <strong>Typ-C<\/strong> Bateria 1100 mAh. Do wyboru 10 egzotycznych smak\u00f3w z opcjami nikotynowymi: 0%\/2%\/3%\/5%.<\/p>","protected":false},"featured_media":11533,"comment_status":"open","ping_status":"closed","template":"","meta":[],"product_brand":[755],"product_cat":[915],"product_tag":[917,473,916,75,919,918],"class_list":{"0":"post-11539","1":"product","2":"type-product","3":"status-publish","4":"has-post-thumbnail","6":"product_brand-okso","7":"product_cat-okso","8":"product_tag-50k-puffs-disposable-vape","9":"product_tag-high-nicotine-vape","10":"product_tag-okso-shisha-hookah-mega-50000","11":"product_tag-rechargeable-disposable-vape","12":"product_tag-shisha-e-liquid-flavors","13":"product_tag-triple-mesh-coil-vape","15":"first","16":"instock","17":"sale","18":"shipping-taxable","19":"purchasable","20":"product-type-variable"},"jetpack_sharing_enabled":true,"tiered_pricing_type":"fixed","tiered_pricing_fixed_rules":[],"tiered_pricing_product_settings":{"layout":"default","base_unit_name":{"singular":null,"plural":null},"default_variation":null},"tiered_pricing_minimum_quantity":null,"tiered_pricing_roles_data":[],"tiered_pricing_percentage_rules":[],"tiered_pricing_maximum_quantity":null,"tiered_pricing_quantity_step":null,"_links":{"self":[{"href":"https:\/\/frvape.com\/pl\/wp-json\/wp\/v2\/product\/11539","targetHints":{"allow":["GET"]}}],"collection":[{"href":"https:\/\/frvape.com\/pl\/wp-json\/wp\/v2\/product"}],"about":[{"href":"https:\/\/frvape.com\/pl\/wp-json\/wp\/v2\/types\/product"}],"replies":[{"embeddable":true,"href":"https:\/\/frvape.com\/pl\/wp-json\/wp\/v2\/comments?post=11539"}],"wp:featuredmedia":[{"embeddable":true,"href":"https:\/\/frvape.com\/pl\/wp-json\/wp\/v2\/media\/11533"}],"wp:attachment":[{"href":"https:\/\/frvape.com\/pl\/wp-json\/wp\/v2\/media?parent=11539"}],"wp:term":[{"taxonomy":"product_brand","embeddable":true,"href":"https:\/\/frvape.com\/pl\/wp-json\/wp\/v2\/product_brand?post=11539"},{"taxonomy":"product_cat","embeddable":true,"href":"https:\/\/frvape.com\/pl\/wp-json\/wp\/v2\/product_cat?post=11539"},{"taxonomy":"product_tag","embeddable":true,"href":"https:\/\/frvape.com\/pl\/wp-json\/wp\/v2\/product_tag?post=11539"}],"curies":[{"name":"wp","href":"https:\/\/api.w.org\/{rel}","templated":true}]}}