{"id":11902,"date":"2025-11-02T09:17:12","date_gmt":"2025-11-02T09:17:12","guid":{"rendered":"https:\/\/frvape.com\/product\/zooy-twins-35000-disposable-vape-dual-flavor-35k-puffs-rechargeable\/"},"modified":"2025-11-02T09:17:22","modified_gmt":"2025-11-02T09:17:22","slug":"zooy-twins-35000-jednorazowe-vape-dual-flavor-35k-zaciagniec-wielokrotnego-ladowania","status":"publish","type":"product","link":"https:\/\/frvape.com\/pl\/product\/zooy-twins-35000-jednorazowe-vape-dual-flavor-35k-zaciagniec-wielokrotnego-ladowania\/","title":{"rendered":"Zooy Twins 35000 jednorazowy Vape - podw\u00f3jny smak, 35 tys. zaci\u0105gni\u0119\u0107, \u0142adowalny"},"content":{"rendered":"<h3>Rewolucyjne do\u015bwiadczenie podw\u00f3jnego smaku<\/h3>\n<p>The <strong>Zooy Twins 35000<\/strong> na nowo definiuje waporyzacj\u0119 jednorazow\u0105, oferuj\u0105c innowacyjne <strong>Technologia smaku 2 w 1<\/strong> w jednym urz\u0105dzeniu. Ciesz si\u0119 dwoma r\u00f3\u017cnymi profilami smakowymi jednocze\u015bnie, aby uzyska\u0107 bezprecedensow\u0105 wszechstronno\u015b\u0107 waporyzacji i odkrywania smaku.<\/p>\n<h3>Specyfikacja wysokiej wydajno\u015bci<\/h3>\n<p>Zasilany przez <strong>Akumulator o pojemno\u015bci 650 mAh<\/strong> z szybkim <strong>\u0141adowanie typu C<\/strong>Ten najnowocze\u015bniejszy waporyzator zapewnia sta\u0142\u0105 wydajno\u015b\u0107. The <strong>Cewka z podw\u00f3jn\u0105 siatk\u0105<\/strong> zapewnia intensywn\u0105 produkcj\u0119 pary i czysty smak przez wszystkie 35 000 zaci\u0105gni\u0119\u0107. Monitoruj zu\u017cycie za pomoc\u0105 zintegrowanego <strong>inteligentny ekran<\/strong> wy\u015bwietlanie w czasie rzeczywistym poziomu baterii i e-cieczy.<\/p>\n<h3>Zaprojektowany dla doskona\u0142o\u015bci<\/h3>\n<p>Mierz\u0105cy zaledwie 99,6 \u00d7 25 \u00d7 47 mm i wa\u017c\u0105cy 87 g, jego ergonomiczna konstrukcja wygodnie le\u017cy w d\u0142oni. Wysokiej jako\u015bci konstrukcja gwarantuje p\u0142ynne uderzenia w gard\u0142o dzi\u0119ki formu\u0142om soli nikotyny 2%\/5%, zapewniaj\u0105c satysfakcjonuj\u0105ce dostarczanie nikotyny bez kompromis\u00f3w.<\/p>\n<h3>Charakterystyczne po\u0142\u0105czenia smak\u00f3w<\/h3>\n<p>Odkryj nasze profesjonalnie dobrane kombinacje smakowe:<br \/>Brzoskwinia, mango, arbuz i l\u00f3d Black Dragon<br \/>Love 66 &amp; Red Bull Strawberry<br \/>Truskawka, kiwi i mieszanka jag\u00f3d<br \/>Blue Razz Lemon &amp; Strawberry Banana<br \/>Watermelon Ice &amp; Cola Ice<br \/>L\u00f3d truskawkowy i r\u00f3\u017cowa lemoniada<br \/>L\u00f3d jagodowy i grejpfrut<br \/>Truskawka, arbuz i cytryna z limonk\u0105<br \/>Mr Blue &amp; Mango Ice<br \/>L\u00f3d brzoskwiniowy i arbuz malinowy<\/p>\n<h3>Vaping premium w uproszczony spos\u00f3b<\/h3>\n<p>Ten prze\u0142omowy <strong>jednorazowe vape<\/strong> \u0142\u0105czy wygod\u0119 z wyrafinowaniem - nie wymaga uzupe\u0142niania ani konserwacji. Ka\u017cdy karton zawiera 200 sztuk o \u0142\u0105cznej wadze 17 kg, co zapewnia wydajn\u0105 dystrybucj\u0119. Podnie\u015b poziom swojej waporyzacji dzi\u0119ki najlepszemu urz\u0105dzeniu do fuzji smak\u00f3w, stworzonemu z my\u015bl\u0105 o d\u0142ugotrwa\u0142ej satysfakcji.<\/p>","protected":false},"excerpt":{"rendered":"<p>Do\u015bwiadcz waporyzacji o dw\u00f3ch smakach dzi\u0119ki <strong>Zooy Twins 35000<\/strong> urz\u0105dzenie jednorazowe. Ciesz si\u0119 nawet <strong>35 000 zaci\u0105gni\u0119\u0107<\/strong>inteligentny wy\u015bwietlacz i <strong>Akumulator typu C<\/strong> wygoda w kompaktowej obudowie o wadze 87 g.<\/p>","protected":false},"featured_media":11896,"comment_status":"open","ping_status":"closed","template":"","meta":[],"product_brand":[97],"product_cat":[860],"product_tag":[936,112,381,115,190,935],"class_list":{"0":"post-11902","1":"product","2":"type-product","3":"status-publish","4":"has-post-thumbnail","6":"product_brand-zooy","7":"product_cat-zooy","8":"product_tag-35k-puffs","9":"product_tag-disposable-vape","10":"product_tag-dual-flavor-vape","11":"product_tag-rechargeable-vape","12":"product_tag-type-c-charging","13":"product_tag-zooy-twins-35000","15":"first","16":"instock","17":"sale","18":"shipping-taxable","19":"purchasable","20":"product-type-variable"},"jetpack_sharing_enabled":true,"tiered_pricing_type":"fixed","tiered_pricing_fixed_rules":[],"tiered_pricing_product_settings":{"layout":"default","base_unit_name":{"singular":null,"plural":null},"default_variation":null},"tiered_pricing_minimum_quantity":null,"tiered_pricing_roles_data":[],"tiered_pricing_percentage_rules":[],"tiered_pricing_maximum_quantity":null,"tiered_pricing_quantity_step":null,"_links":{"self":[{"href":"https:\/\/frvape.com\/pl\/wp-json\/wp\/v2\/product\/11902","targetHints":{"allow":["GET"]}}],"collection":[{"href":"https:\/\/frvape.com\/pl\/wp-json\/wp\/v2\/product"}],"about":[{"href":"https:\/\/frvape.com\/pl\/wp-json\/wp\/v2\/types\/product"}],"replies":[{"embeddable":true,"href":"https:\/\/frvape.com\/pl\/wp-json\/wp\/v2\/comments?post=11902"}],"wp:featuredmedia":[{"embeddable":true,"href":"https:\/\/frvape.com\/pl\/wp-json\/wp\/v2\/media\/11896"}],"wp:attachment":[{"href":"https:\/\/frvape.com\/pl\/wp-json\/wp\/v2\/media?parent=11902"}],"wp:term":[{"taxonomy":"product_brand","embeddable":true,"href":"https:\/\/frvape.com\/pl\/wp-json\/wp\/v2\/product_brand?post=11902"},{"taxonomy":"product_cat","embeddable":true,"href":"https:\/\/frvape.com\/pl\/wp-json\/wp\/v2\/product_cat?post=11902"},{"taxonomy":"product_tag","embeddable":true,"href":"https:\/\/frvape.com\/pl\/wp-json\/wp\/v2\/product_tag?post=11902"}],"curies":[{"name":"wp","href":"https:\/\/api.w.org\/{rel}","templated":true}]}}