{"id":12021,"date":"2025-11-02T09:27:36","date_gmt":"2025-11-02T09:27:36","guid":{"rendered":"https:\/\/frvape.com\/product\/vopk-cool-bar-9000-disposable-vape-high-puff-device\/"},"modified":"2025-11-02T09:27:48","modified_gmt":"2025-11-02T09:27:48","slug":"vopk-cool-bar-9000-jednorazowe-urzadzenie-vape-high-puff","status":"publish","type":"product","link":"https:\/\/frvape.com\/pl\/product\/vopk-cool-bar-9000-jednorazowe-urzadzenie-vape-high-puff\/","title":{"rendered":"VOPK Cool Bar 9000 Jednorazowy Vape - Urz\u0105dzenie o wysokim zaci\u0105gni\u0119ciu"},"content":{"rendered":"<p>Przedstawiamy <strong>VOPK Cool Bar 9000 Puffs jednorazowe pi\u00f3ro Vape Pen<\/strong>to szczyt innowacji w dziedzinie przeno\u015bnej waporyzacji. Zaprojektowane z my\u015bl\u0105 o niezr\u00f3wnanej trwa\u0142o\u015bci i przyjemno\u015bci, urz\u0105dzenie to oferuje a\u017c 9000 zaci\u0105gni\u0119\u0107, dzi\u0119ki czemu jest idealne zar\u00f3wno dla pocz\u0105tkuj\u0105cych, jak i do\u015bwiadczonych u\u017cytkownik\u00f3w.<\/p>\n<h3>Kluczowe cechy i specyfikacja<\/h3>\n<p>VOPK Cool Bar wyr\u00f3\u017cnia si\u0119 solidn\u0105 konstrukcj\u0105 <strong>9000 zaci\u0105gni\u0119\u0107<\/strong> wydajno\u015b\u0107, zasilany przez 15 ml e-liquidu, aby zapewni\u0107 d\u0142u\u017csze u\u017cytkowanie. Dostosuj spo\u017cycie nikotyny dzi\u0119ki opcjom <strong>0%, 2%, 3% i 5% moc nikotyny<\/strong>, zaspokajaj\u0105c r\u00f3\u017cnorodne preferencje. Wewn\u0105trz znajduje si\u0119 <strong>Cewka siatkowa 1,0ohm<\/strong> optymalizuje dostarczanie smaku i wytwarzanie pary, zapewniaj\u0105c p\u0142ynne, satysfakcjonuj\u0105ce zaci\u0105gni\u0119cie si\u0119 za ka\u017cdym razem.<\/p>\n<p>Wspieraj\u0105c Tw\u00f3j styl \u017cycia zwi\u0105zany z waporyzacj\u0105, jego <strong>Bateria 600 mAh<\/strong> oferuje niezawodn\u0105 moc z szybkim <strong>\u0141adowanie typu C<\/strong> minimalizuj\u0105c czas przestoju. W tym <strong>regulowany przep\u0142yw powietrza<\/strong> Funkcja ta umo\u017cliwia precyzyjne dostosowanie intensywno\u015bci naci\u0105gu, zwi\u0119kszaj\u0105c komfort u\u017cytkowania. Zamkni\u0119ty w <strong>Fajny design butelki e-soku<\/strong>\u0141\u0105czy ergonomiczny styl z praktyczno\u015bci\u0105.<\/p>\n<h3>Wy\u015bmienity zakres smak\u00f3w<\/h3>\n<p>Wybieraj spo\u015br\u00f3d zachwycaj\u0105cej gamy 10 wyselekcjonowanych smak\u00f3w, aby podnie\u015b\u0107 swoje doznania. Dostosuj sw\u00f3j wyb\u00f3r w zale\u017cno\u015bci od nastroju i preferencji:<\/p>\n<p><strong>Arbuzowy l\u00f3d<\/strong><br \/><strong>Mixberry<\/strong><br \/><strong>Cola Ice<\/strong><br \/><strong>L\u00f3d brzoskwiniowy<\/strong><br \/><strong>Orange Sour<\/strong><br \/><strong>Aloes winogronowy<\/strong><br \/><strong>Musuj\u0105ca cytryna<\/strong><br \/><strong>Podw\u00f3jna mi\u0119ta<\/strong><br \/><strong>Grape Lychee<\/strong><br \/><strong>Red Bull Ice<\/strong><\/p>\n<p>Najlepsze po\u0142\u0105czenie <strong>wydajno\u015b\u0107 i elegancja<\/strong> z VOPK Cool Bar. Niezale\u017cnie od tego, czy przechodzisz od palenia, czy ulepszasz sw\u00f3j zestaw vape, to urz\u0105dzenie gwarantuje doskona\u0142\u0105, bezproblemow\u0105 podr\u00f3\u017c przy ka\u017cdym wdechu. Podnie\u015b swoje chwile dzi\u0119ki <strong>VOPK Cool Bar 9000 Puffs Vape jednorazowego u\u017cytku<\/strong> dzisiaj.<\/p>","protected":false},"excerpt":{"rendered":"<p>Odkryj <strong>VOPK Cool Bar 9000 Vape jednorazowego u\u017cytku<\/strong>dostarczaj\u0105c 9000 puff\u00f3w o smakach premium, takich jak <strong>Podw\u00f3jna mi\u0119ta<\/strong>.<br \/>Posiada regulowany przep\u0142yw powietrza i \u0142adowanie typu C dla spersonalizowanej przyjemno\u015bci z waporyzacji.<br \/>Idealny dla wszystkich vaper\u00f3w poszukuj\u0105cych wygody i wydajno\u015bci.<\/p>","protected":false},"featured_media":12015,"comment_status":"open","ping_status":"closed","template":"","meta":[],"product_brand":[787],"product_cat":[890],"product_tag":[942,102,943,400,103,941],"class_list":{"0":"post-12021","1":"product","2":"type-product","3":"status-publish","4":"has-post-thumbnail","6":"product_brand-vopk","7":"product_cat-vopk","8":"product_tag-9000-puffs-disposable-vape","9":"product_tag-adjustable-airflow-vape","10":"product_tag-flavored-vape-devices","11":"product_tag-long-lasting-vape","12":"product_tag-rechargeable-e-cigarette","13":"product_tag-vopk-cool-bar-9000","15":"first","16":"instock","17":"sale","18":"shipping-taxable","19":"purchasable","20":"product-type-variable"},"jetpack_sharing_enabled":true,"tiered_pricing_type":"fixed","tiered_pricing_fixed_rules":[],"tiered_pricing_product_settings":{"layout":"default","base_unit_name":{"singular":null,"plural":null},"default_variation":null},"tiered_pricing_minimum_quantity":null,"tiered_pricing_roles_data":[],"tiered_pricing_percentage_rules":[],"tiered_pricing_maximum_quantity":null,"tiered_pricing_quantity_step":null,"_links":{"self":[{"href":"https:\/\/frvape.com\/pl\/wp-json\/wp\/v2\/product\/12021","targetHints":{"allow":["GET"]}}],"collection":[{"href":"https:\/\/frvape.com\/pl\/wp-json\/wp\/v2\/product"}],"about":[{"href":"https:\/\/frvape.com\/pl\/wp-json\/wp\/v2\/types\/product"}],"replies":[{"embeddable":true,"href":"https:\/\/frvape.com\/pl\/wp-json\/wp\/v2\/comments?post=12021"}],"wp:featuredmedia":[{"embeddable":true,"href":"https:\/\/frvape.com\/pl\/wp-json\/wp\/v2\/media\/12015"}],"wp:attachment":[{"href":"https:\/\/frvape.com\/pl\/wp-json\/wp\/v2\/media?parent=12021"}],"wp:term":[{"taxonomy":"product_brand","embeddable":true,"href":"https:\/\/frvape.com\/pl\/wp-json\/wp\/v2\/product_brand?post=12021"},{"taxonomy":"product_cat","embeddable":true,"href":"https:\/\/frvape.com\/pl\/wp-json\/wp\/v2\/product_cat?post=12021"},{"taxonomy":"product_tag","embeddable":true,"href":"https:\/\/frvape.com\/pl\/wp-json\/wp\/v2\/product_tag?post=12021"}],"curies":[{"name":"wp","href":"https:\/\/api.w.org\/{rel}","templated":true}]}}