{"id":12105,"date":"2025-11-02T10:55:17","date_gmt":"2025-11-02T10:55:17","guid":{"rendered":"https:\/\/frvape.com\/product\/bang-king-85000-puff-triple-pod-disposable-vape-0-2-3-5-nicotine\/"},"modified":"2025-11-04T02:52:05","modified_gmt":"2025-11-04T02:52:05","slug":"bang-king-85000-puff-triple-pod-jednorazowy-vape-0-2-3-5-nikotyna","status":"publish","type":"product","link":"https:\/\/frvape.com\/pl\/product\/bang-king-85000-puff-triple-pod-jednorazowy-vape-0-2-3-5-nikotyna\/","title":{"rendered":"Bang King 85000 Puff Triple Pod Jednorazowy Vape - 0%\/2%\/3%\/5% Nikotyna"},"content":{"rendered":"<p>The <strong>Bang King 85,000 Puff<\/strong> na nowo definiuje jednorazow\u0105 waporyzacj\u0119 dzi\u0119ki bezprecedensowej pojemno\u015bci i wszechstronno\u015bci smaku. Zaprojektowane z my\u015bl\u0105 o wymagaj\u0105cych vaperach, to innowacyjne urz\u0105dzenie zawiera trzy oddzielne kapsu\u0142ki zapewniaj\u0105ce do 85 000 satysfakcjonuj\u0105cych zaci\u0105gni\u0119\u0107 - co odpowiada 28 000 zaci\u0105gni\u0119\u0107 na kapsu\u0142k\u0119 - dzi\u0119ki czemu idealnie nadaje si\u0119 do d\u0142ugotrwa\u0142ego u\u017cytkowania bez konieczno\u015bci cz\u0119stej wymiany.<\/p>\n<h3>Rewolucyjny system potr\u00f3jnych kapsu\u0142ek<\/h3>\n<p>Ka\u017cda kapsu\u0142ka o pojemno\u015bci 21 ml zapewnia intensywny smak dzi\u0119ki naszej najnowocze\u015bniejszej technologii. <strong>Technologia cewki z potr\u00f3jn\u0105 siatk\u0105<\/strong> (1.0\u03a9). Akumulator o pojemno\u015bci 600 mAh (850 mAh w wybranych modelach) obs\u0142uguje <strong>Szybkie \u0142adowanie przez USB-C<\/strong>podczas gdy inteligentny <strong>Wy\u015bwietlacz LED<\/strong> monitoruje poziom e-cieczy, aby zapobiec suchym uderzeniom. \u0141atwe prze\u0142\u0105czanie mi\u0119dzy trzema ulubionymi smakami za pomoc\u0105 interfejsu z jednym przyciskiem.<\/p>\n<h3>Specyfikacja techniczna<\/h3>\n<p><strong>Puffy<\/strong>: \u0141\u0105cznie do 85 000<br \/><strong>Pojemno\u015b\u0107 e-liquidu<\/strong>63 ml (3x21 ml)<br \/><strong>Bateria<\/strong>: Akumulator 600 mAh (do 850 mAh)<br \/><strong>Moc nikotyny<\/strong>: 0%\/2%\/3%\/5%<br \/><strong>\u0141adowanie<\/strong>: Szybkie \u0142adowanie typu C<br \/><strong>Technologia podstawowa<\/strong>: Cewki Triple Mesh (1,0\u03a9)<\/p>\n<h3>Ekskluzywne kombinacje smak\u00f3w<\/h3>\n<p>1. Truskawkowo-waniliowa cola \/ brzoskwiniowy l\u00f3d \/ czarny smok lodowy<br \/>2. Lush Ice \/ Kiwi Passion Fruit Guava \/ Straw Mango<br \/>3. Truskawkowy arbuz \/ potr\u00f3jny melon \/ truskawkowy l\u00f3d<br \/>4. Arbuz \/ Red Bull \/ Truskawka Kiwi<br \/>5. Owoce tropikalne \/ truskawka arbuz \/ cytryna brzoskwinia<br \/>6. Jagodowa Lemoniada \/ Truskawkowy Red Bull \/ Truskawkowy Pomp<br \/>7. Arbuz truskawkowy \/ Arbuz \/ Blue Razz Ice<br \/>8. Blue Razz Cherry \/ Cool Mint \/ Peach Mango<br \/>9. Ananasowo-kokosowy \/ Truskawkowo-bananowy \/ Blue Razz<br \/>10. Mieszane jagody \/ brzoskwinia z mango \/ l\u00f3d winogronowy<br \/>11. Cola Ice \/ Mr Blue \/ Cherry Cola<br \/>12. Ice Tea Lemon Ice \/ Mango On Ice \/ Lychee Ice<br \/>13. P\u0105czek truskawkowy \/ l\u00f3d bananowy \/ Love66<br \/>14. Truskawkowy banan \/ Malinowy arbuz \/ R\u00f3\u017cowa lemoniada<br \/>15. Limonka cytrynowa \/ Arbuz truskawkowy \/ L\u00f3d jagodowy<br \/>16. Podw\u00f3jne jab\u0142ko \/ Fruity Fusion \/ Pineapple Ice<\/p>\n<h3>Dlaczego warto wybra\u0107 Bang King 85K?<\/h3>\n<p>Dzi\u0119ki wyj\u0105tkowej <strong>Pojemno\u015b\u0107 85 000 puff\u00f3w<\/strong> oraz <strong>Potr\u00f3jna innowacja smakowa<\/strong>Bang King przewy\u017csza standardowe jednoraz\u00f3wki. Ka\u017cda hermetycznie zamkni\u0119ta kapsu\u0142a zachowuje <strong>autentyczna czysto\u015b\u0107 smaku<\/strong>podczas gdy zaawansowane cewki siatkowe generuj\u0105 niezr\u00f3wnan\u0105 g\u0119sto\u015b\u0107 pary. Niezale\u017cnie od tego, czy jeste\u015b poszukiwaczem chmur, czy koneserem smaku, 85K zapewnia najwy\u017csz\u0105 wydajno\u015b\u0107 dostosowan\u0105 do Twoich preferencji nikotynowych.<\/p>","protected":false},"excerpt":{"rendered":"<p>Do\u015bwiadcz ultra d\u0142ugiego waporyzowania dzi\u0119ki <strong>Bang King 85K<\/strong> Jednorazowe vape wyposa\u017cone <strong>trzy str\u0105ki smakowe<\/strong> oraz <strong>85 000 zaci\u0105gni\u0119\u0107<\/strong>. Wybieraj spo\u015br\u00f3d 16 egzotycznych kombinacji smakowych i <strong>0%-5% nikotyna<\/strong> poziomy. Mo\u017cliwo\u015b\u0107 \u0142adowania przez <strong>USB-C<\/strong> z inteligentnym <strong>Wy\u015bwietlacz LED<\/strong>.<\/p>","protected":false},"featured_media":12099,"comment_status":"open","ping_status":"closed","template":"","meta":[],"product_brand":[133],"product_cat":[856,1016],"product_tag":[946,945,112,156,810,947],"class_list":{"0":"post-12105","1":"product","2":"type-product","3":"status-publish","4":"has-post-thumbnail","6":"product_brand-bangking","7":"product_cat-bangking","8":"product_cat-big-puffs-vapes","9":"product_tag-85000-puff-vape","10":"product_tag-bang-king-85000","11":"product_tag-disposable-vape","12":"product_tag-rechargeable-e-cig","13":"product_tag-triple-flavor-vape","14":"product_tag-vape-pod","16":"first","17":"instock","18":"sale","19":"shipping-taxable","20":"purchasable","21":"product-type-variable"},"jetpack_sharing_enabled":true,"tiered_pricing_type":"fixed","tiered_pricing_fixed_rules":[],"tiered_pricing_product_settings":{"layout":"default","base_unit_name":{"singular":null,"plural":null},"default_variation":null},"tiered_pricing_minimum_quantity":null,"tiered_pricing_roles_data":[],"tiered_pricing_percentage_rules":[],"tiered_pricing_maximum_quantity":null,"tiered_pricing_quantity_step":null,"_links":{"self":[{"href":"https:\/\/frvape.com\/pl\/wp-json\/wp\/v2\/product\/12105","targetHints":{"allow":["GET"]}}],"collection":[{"href":"https:\/\/frvape.com\/pl\/wp-json\/wp\/v2\/product"}],"about":[{"href":"https:\/\/frvape.com\/pl\/wp-json\/wp\/v2\/types\/product"}],"replies":[{"embeddable":true,"href":"https:\/\/frvape.com\/pl\/wp-json\/wp\/v2\/comments?post=12105"}],"wp:featuredmedia":[{"embeddable":true,"href":"https:\/\/frvape.com\/pl\/wp-json\/wp\/v2\/media\/12099"}],"wp:attachment":[{"href":"https:\/\/frvape.com\/pl\/wp-json\/wp\/v2\/media?parent=12105"}],"wp:term":[{"taxonomy":"product_brand","embeddable":true,"href":"https:\/\/frvape.com\/pl\/wp-json\/wp\/v2\/product_brand?post=12105"},{"taxonomy":"product_cat","embeddable":true,"href":"https:\/\/frvape.com\/pl\/wp-json\/wp\/v2\/product_cat?post=12105"},{"taxonomy":"product_tag","embeddable":true,"href":"https:\/\/frvape.com\/pl\/wp-json\/wp\/v2\/product_tag?post=12105"}],"curies":[{"name":"wp","href":"https:\/\/api.w.org\/{rel}","templated":true}]}}