{"id":13216,"date":"2025-11-02T12:30:49","date_gmt":"2025-11-02T12:30:49","guid":{"rendered":"https:\/\/frvape.com\/product\/aivono-aim-fatbear-80k-disposable-vape-80000-puffs-58ml-capacity-dual-mesh-coil\/"},"modified":"2025-11-04T02:51:24","modified_gmt":"2025-11-04T02:51:24","slug":"aivono-aim-fatbear-80k-jednorazowy-vape-80000-zaciagniec-58ml-pojemnosc-podwojna-cewka-siatkowa","status":"publish","type":"product","link":"https:\/\/frvape.com\/pl\/product\/aivono-aim-fatbear-80k-jednorazowy-vape-80000-zaciagniec-58ml-pojemnosc-podwojna-cewka-siatkowa\/","title":{"rendered":"Vape jednorazowe Aivono AIM FATBEAR 80K: 80 000 zaci\u0105gni\u0119\u0107, pojemno\u015b\u0107 58 ml, podw\u00f3jna cewka siatkowa"},"content":{"rendered":"<h3>Rewolucyjne urz\u0105dzenie do waporyzacji<\/h3>\n<p>Poznaj <strong>Aivono AIM FATBEAR 80K<\/strong> - prze\u0142omowy jednorazowy waporyzator \u0142\u0105cz\u0105cy kolosaln\u0105 pojemno\u015b\u0107 z najwy\u017csz\u0105 wydajno\u015bci\u0105. Zaprojektowany dla os\u00f3b poszukuj\u0105cych wytrzyma\u0142o\u015bci, zapewnia do <strong>80 000 zaci\u0105gni\u0119\u0107<\/strong> poprzez zaawansowany <strong>Cewka Dual Mesh 0,8\u03a9<\/strong> kt\u00f3ry gwarantuje bogat\u0105 intensywno\u015b\u0107 smaku i du\u017ce chmury pary od pierwszego do ostatniego zaci\u0105gni\u0119cia. Inteligentny <strong>Wy\u015bwietlacz LED<\/strong> stale informuje o stanie e-liquidu i baterii, zapewniaj\u0105c nieprzerwane sesje.<\/p>\n<h3>Niezr\u00f3wnane specyfikacje<\/h3>\n<p>Wyposa\u017cony w masywny <strong>58 ml e-liquidu<\/strong> zbiornik i <strong>Akumulator o pojemno\u015bci 650 mAh<\/strong> zawieraj\u0105cy <strong>Szybkie \u0142adowanie typu C<\/strong>FATBEAR 80K minimalizuje przestoje. Dostosuj swoje doznania dzi\u0119ki elastycznym mocom nikotyny: 0%, 2%, 3% lub 5%. Kompaktowa obudowa o wymiarach 40 x 40 x 115 mm mie\u015bci profesjonaln\u0105 technologi\u0119 w przeno\u015bnej konstrukcji, redefiniuj\u0105c oczekiwania w segmencie jednorazowych waporyzator\u00f3w.<\/p>\n<h3>Spektrum smak\u00f3w<\/h3>\n<p>Red Bull + arbuz truskawkowy + cukierki malinowe<br \/>Lody winogronowe + mi\u0119towe + truskawkowe<br \/>Mango Ice + Ananas Coconut + Peach Ice<br \/>L\u00f3d truskawkowy + l\u00f3d arbuzowy + guma balonowa<br \/>Bor\u00f3wka Malina + L\u00f3d Cytrynowy + L\u00f3d Ananasowy<br \/>Kiwi Passion fruit + Love 66 + Mango Ice<br \/>Jagody mieszane + Kiwi truskawkowe + Arbuz truskawkowy<br \/>Watermelon Ice + Peach Berry + Cherry Cola<br \/>Wi\u015bniowy l\u00f3d sodowy + l\u00f3d cola + melon spadziowy<br \/>Kwa\u015bne jab\u0142ko + truskawka + banan + kwa\u015bne mango + ananas<\/p>\n<h3>Dlaczego warto wybra\u0107 FATBEAR 80K?<\/h3>\n<p>Urz\u0105dzenie to wyznacza nowe standardy w produkcji pary i d\u0142ugowieczno\u015bci dzi\u0119ki du\u017cej pojemno\u015bci. <strong>Zbiornik o pojemno\u015bci 58 ml<\/strong> i precyzyjnie zaprojektowane <strong>Podw\u00f3jna cewka siatkowa<\/strong>. Idealny dla sprzedawc\u00f3w detalicznych i hurtowych, ka\u017cdy karton zawiera 150 sztuk (20 kg) o zoptymalizowanych wymiarach opakowania (685x380x240 mm). Dla entuzjast\u00f3w, dla kt\u00f3rych priorytetem s\u0105 wyd\u0142u\u017cone sesje, sp\u00f3jny smak i inteligentne monitorowanie, FATBEAR 80K zapewnia <strong>Niezr\u00f3wnana niezawodno\u015b\u0107<\/strong> i do\u015bwiadczenie premium.<\/p>","protected":false},"excerpt":{"rendered":"<p>Do\u015bwiadczenie <strong>Aivono AIM FATBEAR 80K<\/strong> jednorazowy vape zapewniaj\u0105cy masywny <strong>80 000 zaci\u0105gni\u0119\u0107<\/strong> za po\u015brednictwem najnowocze\u015bniejszego <strong>Cewka Dual Mesh 0,8\u03a9<\/strong>. Cechy <strong>Wst\u0119pnie nape\u0142niony e-liquid o pojemno\u015bci 58 ml<\/strong>, regulowane poziomy nikotyny (0%\/2%\/3%\/5%), <strong>Szybkie \u0142adowanie typu C<\/strong>i w czasie rzeczywistym <strong>Wy\u015bwietlacz LED<\/strong> monitorowanie.<\/p>","protected":false},"featured_media":13210,"comment_status":"open","ping_status":"closed","template":"","meta":[],"product_brand":[165],"product_cat":[951,1016],"product_tag":[735,992,991,112,244,115],"class_list":{"0":"post-13216","1":"product","2":"type-product","3":"status-publish","4":"has-post-thumbnail","6":"product_brand-aivono","7":"product_cat-aivono","8":"product_cat-big-puffs-vapes","9":"product_tag-58ml-e-liquid","10":"product_tag-80000-puffs","11":"product_tag-aivono-fatbear-80k","12":"product_tag-disposable-vape","13":"product_tag-dual-mesh-coil","14":"product_tag-rechargeable-vape","16":"first","17":"instock","18":"sale","19":"shipping-taxable","20":"purchasable","21":"product-type-variable"},"jetpack_sharing_enabled":true,"tiered_pricing_type":"fixed","tiered_pricing_fixed_rules":[],"tiered_pricing_product_settings":{"layout":"default","base_unit_name":{"singular":null,"plural":null},"default_variation":null},"tiered_pricing_minimum_quantity":null,"tiered_pricing_roles_data":[],"tiered_pricing_percentage_rules":[],"tiered_pricing_maximum_quantity":null,"tiered_pricing_quantity_step":null,"_links":{"self":[{"href":"https:\/\/frvape.com\/pl\/wp-json\/wp\/v2\/product\/13216","targetHints":{"allow":["GET"]}}],"collection":[{"href":"https:\/\/frvape.com\/pl\/wp-json\/wp\/v2\/product"}],"about":[{"href":"https:\/\/frvape.com\/pl\/wp-json\/wp\/v2\/types\/product"}],"replies":[{"embeddable":true,"href":"https:\/\/frvape.com\/pl\/wp-json\/wp\/v2\/comments?post=13216"}],"wp:featuredmedia":[{"embeddable":true,"href":"https:\/\/frvape.com\/pl\/wp-json\/wp\/v2\/media\/13210"}],"wp:attachment":[{"href":"https:\/\/frvape.com\/pl\/wp-json\/wp\/v2\/media?parent=13216"}],"wp:term":[{"taxonomy":"product_brand","embeddable":true,"href":"https:\/\/frvape.com\/pl\/wp-json\/wp\/v2\/product_brand?post=13216"},{"taxonomy":"product_cat","embeddable":true,"href":"https:\/\/frvape.com\/pl\/wp-json\/wp\/v2\/product_cat?post=13216"},{"taxonomy":"product_tag","embeddable":true,"href":"https:\/\/frvape.com\/pl\/wp-json\/wp\/v2\/product_tag?post=13216"}],"curies":[{"name":"wp","href":"https:\/\/api.w.org\/{rel}","templated":true}]}}