{"id":23191,"date":"2026-01-16T05:53:59","date_gmt":"2026-01-16T05:53:59","guid":{"rendered":"https:\/\/frvape.com\/product\/aivono-aim-freak-13000-disposable-vape-with-13000-puffs\/"},"modified":"2026-01-16T05:54:11","modified_gmt":"2026-01-16T05:54:11","slug":"aivono-aim-freak-13000-disposable-vape-with-13000-puffs","status":"publish","type":"product","link":"https:\/\/frvape.com\/pl\/product\/aivono-aim-freak-13000-disposable-vape-with-13000-puffs\/","title":{"rendered":"Aivono AIM FREAK 13000 | Disposable Vape with 13,000 Puffs"},"content":{"rendered":"<h3>Specyfikacja produktu<\/h3>\n<table border='1'>\n<tr>\n<th>Specification<\/th>\n<th>Value<\/th>\n<\/tr>\n<tr>\n<td>Puffy<\/td>\n<td>13 000 zaci\u0105gni\u0119\u0107<\/td>\n<\/tr>\n<tr>\n<td>Rdze\u0144<\/td>\n<td>1.00 Mesh Coil<\/td>\n<\/tr>\n<tr>\n<td>Pojemno\u015b\u0107 e-liquidu<\/td>\n<td>20 ml<\/td>\n<\/tr>\n<tr>\n<td>Si\u0142a nikotyny<\/td>\n<td>0%\/2%\/3%\/5%<\/td>\n<\/tr>\n<tr>\n<td>Pojemno\u015b\u0107 akumulatora<\/td>\n<td>600mAh<\/td>\n<\/tr>\n<tr>\n<td>Akumulator<\/td>\n<td>Typ-C<\/td>\n<\/tr>\n<tr>\n<td>Wy\u015bwietlacz<\/td>\n<td>Wy\u015bwietlacz LED<\/td>\n<\/tr>\n<tr>\n<td>Rozmiar produktu<\/td>\n<td>43 x 110 mm<\/td>\n<\/tr>\n<tr>\n<td>Small Box Size<\/td>\n<td>55 x 30 x 100 mm<\/td>\n<\/tr>\n<tr>\n<td>Big Box Size<\/td>\n<td>159 x 109 x 102 mm<\/td>\n<\/tr>\n<tr>\n<td>Carton Size<\/td>\n<td>590 x 330 x 230 mm<\/td>\n<\/tr>\n<tr>\n<td>Carton Weight<\/td>\n<td>18kg (200pcs)<\/td>\n<\/tr>\n<\/table>\n<h3>Dost\u0119pne smaki<\/h3>\n<p>Dive into a burst of taste with our diverse flavor lineup:<br \/>Sok brzoskwiniowy<br \/>R\u00f3\u017cowa Lemoniada<br \/>Ananas Mango Brzoskwinia<br \/>Truskawka Kiwi<br \/>Porzeczka winogronowa<br \/>L\u00f3d ananasowo-kokosowy<br \/>L\u00f3d truskawkowy<br \/>Guma balonowa Lush<br \/>Blue Razz Ice<br \/>Arbuzowy l\u00f3d<\/p>\n<h3>Why This Vape Stands Out<\/h3>\n<p>Poznaj <strong>Aivono AIM FREAK 13000<\/strong>\u2014where power meets portability! \ud83c\udf1f This beast delivers an insane 13,000 puffs without skimping on flavor quality. With its mesh coil, every draw is a taste adventure, rich, dense, and oh-so-satisfying. \ud83d\udca8 Whether you&#8217;re quitting cigs or chasing clouds, it&#8217;s tailor-made for reliability and smarts.<\/p>\n<p>Flexible nicotine levels (0% to a hearty 5%) mean you control the buzz, while fast Type-C recharging keeps it juiced up \u26a1 and ready for any moment. That handy LED display? Genius! You&#8217;ll always know your battery and juice stats at a glance. Compact size is key here\u2014slip it in your pocket and vape hassle-free anywhere. Plus, it&#8217;s built to last with quality materials, making it a top pick for vapers who crave convenience without compromises. \ud83d\ude0e Ready for a true all-rounder? This one&#8217;s it!<\/p>","protected":false},"excerpt":{"rendered":"<p>Odkryj <strong>Aivono AIM FREAK 13000<\/strong>, a compact and powerful disposable vape delivering up to 13,000 puffs.<br \/>Cechy <strong>1,00 mesh coil<\/strong> for rich flavor and <strong>akumulator<\/strong> z \u0142adowaniem typu C.<\/p>","protected":false},"featured_media":23185,"comment_status":"open","ping_status":"closed","template":"","meta":[],"product_brand":[165],"product_cat":[951],"product_tag":[1368,1381,112,346,372,115],"class_list":{"0":"post-23191","1":"product","2":"type-product","3":"status-publish","4":"has-post-thumbnail","6":"product_brand-aivono","7":"product_cat-aivono","8":"product_tag-13000-puffs","9":"product_tag-aivono-aim-freak","10":"product_tag-disposable-vape","11":"product_tag-high-capacity-vape","12":"product_tag-mesh-coil","13":"product_tag-rechargeable-vape","15":"first","16":"instock","17":"sale","18":"shipping-taxable","19":"purchasable","20":"product-type-variable"},"jetpack_sharing_enabled":true,"tiered_pricing_type":"fixed","tiered_pricing_fixed_rules":[],"tiered_pricing_product_settings":{"layout":"default","base_unit_name":{"singular":null,"plural":null},"default_variation":null},"tiered_pricing_minimum_quantity":null,"tiered_pricing_roles_data":[],"tiered_pricing_percentage_rules":[],"tiered_pricing_maximum_quantity":null,"tiered_pricing_quantity_step":null,"_links":{"self":[{"href":"https:\/\/frvape.com\/pl\/wp-json\/wp\/v2\/product\/23191","targetHints":{"allow":["GET"]}}],"collection":[{"href":"https:\/\/frvape.com\/pl\/wp-json\/wp\/v2\/product"}],"about":[{"href":"https:\/\/frvape.com\/pl\/wp-json\/wp\/v2\/types\/product"}],"replies":[{"embeddable":true,"href":"https:\/\/frvape.com\/pl\/wp-json\/wp\/v2\/comments?post=23191"}],"wp:featuredmedia":[{"embeddable":true,"href":"https:\/\/frvape.com\/pl\/wp-json\/wp\/v2\/media\/23185"}],"wp:attachment":[{"href":"https:\/\/frvape.com\/pl\/wp-json\/wp\/v2\/media?parent=23191"}],"wp:term":[{"taxonomy":"product_brand","embeddable":true,"href":"https:\/\/frvape.com\/pl\/wp-json\/wp\/v2\/product_brand?post=23191"},{"taxonomy":"product_cat","embeddable":true,"href":"https:\/\/frvape.com\/pl\/wp-json\/wp\/v2\/product_cat?post=23191"},{"taxonomy":"product_tag","embeddable":true,"href":"https:\/\/frvape.com\/pl\/wp-json\/wp\/v2\/product_tag?post=23191"}],"curies":[{"name":"wp","href":"https:\/\/api.w.org\/{rel}","templated":true}]}}