{"id":2544,"date":"2025-10-12T03:43:58","date_gmt":"2025-10-12T03:43:58","guid":{"rendered":"https:\/\/frvape.com\/product\/bang-40000-refillable-vape-40000-puffs-dual-power-modes-type-c-charging\/"},"modified":"2025-12-16T09:18:19","modified_gmt":"2025-12-16T09:18:19","slug":"bang-40000-vape-wielokrotnego-napelniania-40000-zaciagniec-dwa-tryby-zasilania-ladowanie-typu-c","status":"publish","type":"product","link":"https:\/\/frvape.com\/pl\/product\/bang-40000-vape-wielokrotnego-napelniania-40000-zaciagniec-dwa-tryby-zasilania-ladowanie-typu-c\/","title":{"rendered":"Bang 40000 Vape do wielokrotnego nape\u0142niania - 40 000 zaci\u0105gni\u0119\u0107, dwa tryby zasilania i \u0142adowanie przez Type-C"},"content":{"rendered":"<h3>Przedstawiamy Bang 40000 Vape do wielokrotnego nape\u0142niania: Najwy\u017csza wolno\u015b\u0107 wapowania<\/h3>\n<p>Poznaj rewolucyjn\u0105 technologi\u0119 waporyzacji dzi\u0119ki <strong>Bang 40000<\/strong>to prze\u0142omowe, otwarte urz\u0105dzenie wielokrotnego nape\u0142niania zaprojektowane z my\u015bl\u0105 o niezr\u00f3wnanej wydajno\u015bci i mo\u017cliwo\u015bci dostosowania. To prze\u0142omowe urz\u0105dzenie \u0142\u0105czy w sobie ogromn\u0105 pojemno\u015b\u0107 z najnowocze\u015bniejszymi funkcjami, aby zapewni\u0107 sp\u00f3jne, aromatyczne chmury, kt\u00f3re trwaj\u0105.<\/p>\n<h3>Niezr\u00f3wnane specyfikacje techniczne<\/h3>\n<p>Zaprojektowany z my\u015bl\u0105 o wytrzyma\u0142o\u015bci i wydajno\u015bci:<br \/>\n<strong>Puffy<\/strong>: 40 000 ogromnych losowa\u0144<br \/>\n<strong>Pojemno\u015b\u0107 e-liquidu<\/strong>: 10ml (zawiera jedn\u0105 butelk\u0119 startow\u0105)<br \/>\n<strong>Bateria<\/strong>650 mAh z mo\u017cliwo\u015bci\u0105 \u0142adowania (\u0142adowanie typu C)<br \/>\n<strong>Odporno\u015b\u0107<\/strong>: Siatka 1,0\u03a9<br \/>\n<strong>Nikotyna<\/strong>Wytrzyma\u0142o\u015b\u0107 2%<br \/>\n<strong>Funkcje bezpiecze\u0144stwa<\/strong>: Zabezpieczenie przed dzie\u0107mi<\/p>\n<h3>Rewolucyjna konstrukcja z mo\u017cliwo\u015bci\u0105 wielokrotnego nape\u0142niania<\/h3>\n<p>The <strong>Bang 40000<\/strong>System uzupe\u0142niania o otwartym kodzie \u017ar\u00f3d\u0142owym zmienia wra\u017cenia z waporyzacji:<br \/>\n- Wybierz DOWOLN\u0104 mark\u0119 lub smak e-liquidu<br \/>\n- Znaczne obni\u017cenie koszt\u00f3w d\u0142ugoterminowych<br \/>\n- Minimalizacja odpad\u00f3w \u015brodowiskowych<br \/>\n- Personalizacja mocy nikotyny<br \/>\nThe <strong>Vape do wielokrotnego nape\u0142niania<\/strong> System zawiera jedn\u0105 butelk\u0119 10 ml, aby rozpocz\u0105\u0107 swoj\u0105 podr\u00f3\u017c!<\/p>\n<h3>Pot\u0119\u017cne funkcje wydajno\u015bci<\/h3>\n<p><strong>Technologia podw\u00f3jnej cewki siatkowej<\/strong>: Nasza zaawansowana konstrukcja z podw\u00f3jn\u0105 cewk\u0105 zapewnia maksymaln\u0105 ekstrakcj\u0119 smaku i niezmiennie p\u0142ynn\u0105 produkcj\u0119 pary. Innowacyjna konstrukcja siatkowa zapewnia szybkie nagrzewanie i natychmiastow\u0105 satysfakcj\u0119.<\/p>\n<p>Dwa tryby zasilania:<br \/>\n&#8211; <strong>Tryb standardowy (12 W)<\/strong>: Zr\u00f3wnowa\u017cona wydajno\u015b\u0107 przez ca\u0142y dzie\u0144<br \/>\n&#8211; <strong>Tryb Turbo (24 W)<\/strong>: Intensywna produkcja chmur<\/p>\n<p><strong>\u0141adowanie typu C<\/strong>: Pe\u0142ne na\u0142adowanie w mniej ni\u017c 60 minut przez najnowocze\u015bniejszy port USB-C. Bateria o pojemno\u015bci 650 mAh zapewnia wyj\u0105tkow\u0105 \u017cywotno\u015b\u0107 mi\u0119dzy \u0142adowaniami.<\/p>\n<p><strong>Regulowany przep\u0142yw powietrza<\/strong>: Intuicyjny pier\u015bcie\u0144 regulacji przep\u0142ywu powietrza pozwala dostosowa\u0107 op\u00f3r zaci\u0105gania - od ciasnego, przypominaj\u0105cego zaci\u0105ganie si\u0119 papierosem, po przewiewne, bezpo\u015brednie uderzenia w p\u0142uca.<\/p>\n<h3>Eksplozja opcji smakowych<\/h3>\n<p>Spersonalizuj swoje doznania dzi\u0119ki tym niezwyk\u0142ym odmianom e-liquid\u00f3w:<br \/>\nL\u00f3d jagodowy<br \/>\nBrzoskwinia Mango Arbuz<br \/>\nOwoce mieszane<br \/>\nArbuz truskawkowy<br \/>\nBor\u00f3wka Malina<br \/>\nBanan truskawkowy<br \/>\nMango truskawkowe<br \/>\nL\u00f3d winogronowy<br \/>\nArbuzowy l\u00f3d<br \/>\nArbuz jagodowy<br \/>\nTruskawka Kiwi<br \/>\nRed Bull<\/p>\n<h3>Intuicyjne do\u015bwiadczenie u\u017cytkownika<\/h3>\n<p>Zaprojektowany zar\u00f3wno dla pocz\u0105tkuj\u0105cych, jak i do\u015bwiadczonych waper\u00f3w:<br \/>\n- Magnetyczny korek do \u0142atwego nape\u0142niania<br \/>\n- Technologia szczelnych kapsu\u0142ek<br \/>\n- Przezroczyste okienko podgl\u0105du e-cieczy<br \/>\n- Ergonomiczna konstrukcja ustnika<br \/>\n- Obs\u0142uga jednym przyciskiem z wysokiej jako\u015bci dotykowym sprz\u0119\u017ceniem zwrotnym<\/p>\n<h3>Kompleksowe FAQ<\/h3>\n<p><strong>Jak cz\u0119sto nale\u017cy \u0142adowa\u0107 akumulator?<\/strong><br \/>\nDzi\u0119ki baterii o pojemno\u015bci 650 mAh, umiarkowani u\u017cytkownicy mog\u0105 cieszy\u0107 si\u0119 wieloma dniami pomi\u0119dzy \u0142adowaniami. Bateria <strong>\u0141adowanie typu C<\/strong> Ca\u0142kowicie uzupe\u0142nia si\u0119 w oko\u0142o 55 minut.<\/p>\n<p><strong>Czy mog\u0119 \u0142atwo zmienia\u0107 smaki?<\/strong><br \/>\nAbsolutnie! The <strong>Vape do wielokrotnego nape\u0142niania<\/strong> pozwala na przechodzenie mi\u0119dzy smakami w dowolnym momencie. Wystarczy przep\u0142uka\u0107 zbiornik podczas zmiany mi\u0119dzy niekompatybilnymi profilami.<\/p>\n<p><strong>Ilu do\u0142adowa\u0144 mog\u0119 si\u0119 spodziewa\u0107?<\/strong><br \/>\nKa\u017cdy wk\u0142ad o pojemno\u015bci 10 ml zapewnia oko\u0142o 3000-3500 zaci\u0105gni\u0119\u0107, w zale\u017cno\u015bci od sposobu u\u017cytkowania. Wk\u0142ad <strong>40,000 Puffs<\/strong> przek\u0142ada si\u0119 na 10-12 pe\u0142nych nape\u0142nie\u0144.<\/p>\n<p><strong>Czy urz\u0105dzenie jest przyjazne w podr\u00f3\u017cy?<\/strong><br \/>\nTak! Kompaktowa cylindryczna konstrukcja (115 mm x 30 mm) dyskretnie mie\u015bci si\u0119 w kieszeniach. Blokada przed dzie\u0107mi zapobiega przypadkowemu uruchomieniu podczas transportu.<\/p>\n<h3>Dlaczego Vaperzy wybieraj\u0105 Bang 40000<\/h3>\n<p>The <strong>Bang 40000<\/strong> eliminuje odpady jednorazowego u\u017cytku, jednocze\u015bnie oferuj\u0105c:<br \/>\n- Niespotykana \u017cywotno\u015b\u0107 pufy<br \/>\n- Znaczne oszcz\u0119dno\u015bci koszt\u00f3w (do 70% w por\u00f3wnaniu z materia\u0142ami jednorazowymi)<br \/>\n- Zmniejszony wp\u0142yw na \u015brodowisko<br \/>\n- Indywidualne zarz\u0105dzanie nikotyn\u0105<br \/>\n- Najwy\u017csza jako\u015b\u0107 smaku z <strong>Cewka z podw\u00f3jn\u0105 siatk\u0105<\/strong><\/p>\n<p>Do\u0142\u0105cz do tysi\u0119cy zadowolonych vaper\u00f3w, kt\u00f3rzy odkryli prawdziw\u0105 wolno\u015b\u0107 dzi\u0119ki naszemu rewolucyjnemu podej\u015bciu opartemu na otwartym systemie. The <strong>Bang 40000<\/strong> zapewnia to, co konkurenci obiecuj\u0105, ale nie s\u0105 w stanie zapewni\u0107 - prawdziw\u0105 warto\u015b\u0107, wyj\u0105tkow\u0105 wydajno\u015b\u0107 i bezkompromisow\u0105 wierno\u015b\u0107 smaku, kt\u00f3ra trwa.<\/p>","protected":false},"excerpt":{"rendered":"<p>Odkryj rewolucyjny <strong>Bang 40000<\/strong> vape do wielokrotnego nape\u0142niania z <strong>40,000 Puffs<\/strong> oraz <strong>\u0141adowanie typu C<\/strong>. Cechy <strong>Regulowany przep\u0142yw powietrza<\/strong>, <strong>Cewka z podw\u00f3jn\u0105 siatk\u0105<\/strong> i pojemno\u015b\u0107 10 ml e-liquidu. Do\u015bwiadcz wolno\u015bci dzi\u0119ki <strong>Vape do wielokrotnego nape\u0142niania<\/strong> personalizacja!<\/p>","protected":false},"featured_media":2538,"comment_status":"open","ping_status":"closed","template":"","meta":[],"product_brand":[107],"product_cat":[1072],"product_tag":[349,163,355,244,76,190],"class_list":{"0":"post-2544","1":"product","2":"type-product","3":"status-publish","4":"has-post-thumbnail","6":"product_brand-bang","7":"product_cat-bang","8":"product_tag-40000-puffs","9":"product_tag-adjustable-airflow","10":"product_tag-bang-40000","11":"product_tag-dual-mesh-coil","12":"product_tag-refillable-vape","13":"product_tag-type-c-charging","15":"first","16":"instock","17":"sale","18":"shipping-taxable","19":"purchasable","20":"product-type-variable"},"jetpack_sharing_enabled":true,"tiered_pricing_type":"fixed","tiered_pricing_fixed_rules":[],"tiered_pricing_product_settings":{"layout":"default","base_unit_name":{"singular":null,"plural":null},"default_variation":null},"tiered_pricing_minimum_quantity":null,"tiered_pricing_roles_data":[],"tiered_pricing_percentage_rules":[],"tiered_pricing_maximum_quantity":null,"tiered_pricing_quantity_step":null,"_links":{"self":[{"href":"https:\/\/frvape.com\/pl\/wp-json\/wp\/v2\/product\/2544","targetHints":{"allow":["GET"]}}],"collection":[{"href":"https:\/\/frvape.com\/pl\/wp-json\/wp\/v2\/product"}],"about":[{"href":"https:\/\/frvape.com\/pl\/wp-json\/wp\/v2\/types\/product"}],"replies":[{"embeddable":true,"href":"https:\/\/frvape.com\/pl\/wp-json\/wp\/v2\/comments?post=2544"}],"wp:featuredmedia":[{"embeddable":true,"href":"https:\/\/frvape.com\/pl\/wp-json\/wp\/v2\/media\/2538"}],"wp:attachment":[{"href":"https:\/\/frvape.com\/pl\/wp-json\/wp\/v2\/media?parent=2544"}],"wp:term":[{"taxonomy":"product_brand","embeddable":true,"href":"https:\/\/frvape.com\/pl\/wp-json\/wp\/v2\/product_brand?post=2544"},{"taxonomy":"product_cat","embeddable":true,"href":"https:\/\/frvape.com\/pl\/wp-json\/wp\/v2\/product_cat?post=2544"},{"taxonomy":"product_tag","embeddable":true,"href":"https:\/\/frvape.com\/pl\/wp-json\/wp\/v2\/product_tag?post=2544"}],"curies":[{"name":"wp","href":"https:\/\/api.w.org\/{rel}","templated":true}]}}