{"id":2813,"date":"2025-10-12T04:03:18","date_gmt":"2025-10-12T04:03:18","guid":{"rendered":"https:\/\/frvape.com\/product\/mrvi-winning-30000-puffs-disposable-vape-touch-screen-dual-coil-technology\/"},"modified":"2026-02-06T03:27:03","modified_gmt":"2026-02-06T03:27:03","slug":"mrvi-winning-30000-puffs-jednorazowy-vape-ekran-dotykowy-technologia-podwojnej-cewki","status":"publish","type":"product","link":"https:\/\/frvape.com\/pl\/product\/mrvi-winning-30000-puffs-jednorazowy-vape-ekran-dotykowy-technologia-podwojnej-cewki\/","title":{"rendered":"Mrvi Winning 30000 Puffs jednorazowe Vape - ekran dotykowy i technologia podw\u00f3jnej cewki"},"content":{"rendered":"<h3>Rewolucyjne do\u015bwiadczenie waporyzacji<\/h3>\n<p>Przedstawiamy prze\u0142omowe <strong>Mrvi Winning 30000<\/strong> - szczyt jednorazowej technologii vape. To najnowocze\u015bniejsze urz\u0105dzenie spe\u0142nia oczekiwania dzi\u0119ki wiod\u0105cym w bran\u017cy <strong>30000 zaci\u0105gni\u0119\u0107<\/strong> pojemno\u015b\u0107 i ogromna <strong>35 ml e-liquidu<\/strong> zbiornik, zapewniaj\u0105c d\u0142u\u017csz\u0105 satysfakcj\u0119 bez konieczno\u015bci cz\u0119stej wymiany. Zaprojektowany z my\u015bl\u0105 o doros\u0142ych konsumentach, zawiera funkcje premium, takie jak wyrafinowane <strong>ekran dotykowy<\/strong> i solidny <strong>blokada przed dzie\u0107mi<\/strong> technologia.<\/p>\n<h3>Zaawansowane specyfikacje techniczne<\/h3>\n<p>Do\u015bwiadcz bezprecedensowej wydajno\u015bci z pot\u0119\u017cnym Winning 30000 <strong>Akumulator o pojemno\u015bci 800 mAh<\/strong> w po\u0142\u0105czeniu z ultrawydajnym <strong>Szybkie \u0142adowanie przez USB-C<\/strong> mo\u017cliwo\u015bci. Innowacyjny <strong>Podw\u00f3jna cewka siatkowa<\/strong> System zwi\u0119ksza czysto\u015b\u0107 smaku, oferuj\u0105c jednocze\u015bnie wszechstronno\u015b\u0107 <strong>cztery tryby ogrzewania<\/strong> - Dostosuj g\u0119sto\u015b\u0107 i temperatur\u0119 pary za pomoc\u0105 jednego dotkni\u0119cia.<\/p>\n<h3>Inteligentny system sterowania<\/h3>\n<p>Opanuj swoje doznania z waporyzacji dzi\u0119ki responsywnemu interfejsowi dotykowemu: Aktywacja przez naci\u015bni\u0119cie przycisku przez 5 sekund, prze\u0142\u0105czanie mi\u0119dzy <strong>ECO\/PRO\/PLUS\/MAX<\/strong> tryby jednym dotkni\u0119ciem lub trzykrotnym dotkni\u0119ciem, aby w\u0142\u0105czy\u0107 kluczowe tryby <strong>blokada przed dzie\u0107mi<\/strong>. Panoramiczny <strong>wy\u015bwietlacz pe\u0142noekranowy<\/strong> wyra\u017anie wskazuje \u017cywotno\u015b\u0107 baterii i poziom e-liquidu, podczas gdy <strong>regulowany przep\u0142yw powietrza<\/strong> System umo\u017cliwia idealne dostosowanie oporu rysowania.<\/p>\n<h3>Funkcje bezpiecze\u0144stwa i wygody klasy premium<\/h3>\n<p>Bezpiecze\u0144stwo \u0142\u0105czy si\u0119 z innowacyjno\u015bci\u0105 dzi\u0119ki kompleksowym systemom ochrony: Inteligentne zarz\u0105dzanie bateri\u0105 miga ostrze\u017ceniami przy niskim poziomie mocy, podczas gdy monitor e-juice ostrzega o niskim poziomie p\u0142ynu. Energooszcz\u0119dny <strong>tryb oszcz\u0119dzania energii<\/strong> (aktywowany przez 5 naci\u015bni\u0119\u0107 ekranu) wyd\u0142u\u017ca czas u\u017cytkowania, idealny w podr\u00f3\u017cy. Ka\u017cde urz\u0105dzenie jest indywidualnie pakowane z wyra\u017anie oznaczon\u0105 moc\u0105 nikotyny do wyboru <strong>2%<\/strong> lub <strong>5%<\/strong> dla kontrolowanej satysfakcji.<\/p>\n<h3>Wy\u015bmienity wyb\u00f3r smak\u00f3w<\/h3>\n<p>Rozkoszuj si\u0119 nasz\u0105 lini\u0105 smak\u00f3w premium stworzon\u0105 dla wymagaj\u0105cych podniebie\u0144:<\/p>\n<ul>\n<li>Watermelon Ice - sch\u0142odzone letnie orze\u017awienie<\/li>\n<li>Blue Razz Ice - pikantna jagodowa eksplozja<\/li>\n<li>Cherry Lemon - S\u0142odko-cierpkie po\u0142\u0105czenie<\/li>\n<li>Grape Ice - fioletowe podniebienie pokryte szronem<\/li>\n<li>Arbuz z jagodami - podw\u00f3jna owocowa rozkosz<\/li>\n<li>Soczysta brzoskwinia - s\u0142odycz dojrza\u0142ego sadu<\/li>\n<li>Strawberry Ice - klasyczny jagodowy nap\u00f3j ch\u0142odz\u0105cy<\/li>\n<li>Mixed Berries - Z\u0142o\u017cona mieszanka jag\u00f3d<\/li>\n<li>Kwa\u015bne jab\u0142ko - Chrupi\u0105cy, cierpko-zielony k\u0119s<\/li>\n<li>Ananas Mango - napar o tropikalnym zachodzie s\u0142o\u0144ca<\/li>\n<\/ul>\n<h3>Zaprojektowany z my\u015bl\u0105 o wydajno\u015bci<\/h3>\n<p>Wyrafinowany sprz\u0119t Winning 30000 zapewnia niezr\u00f3wnan\u0105 konsystencj\u0119: Konfiguracja z podw\u00f3jn\u0105 cewk\u0105 utrzymuje integralno\u015b\u0107 smaku w ca\u0142ej pojemno\u015bci 35 ml, a precyzyjnie zaprojektowane \u015bcie\u017cki pary zapewniaj\u0105 p\u0142ynne dostarczanie. Dzi\u0119ki <strong>szybkie \u0142adowanie<\/strong> USB-C, sp\u0119dzisz wi\u0119cej czasu na wapowaniu, a mniej na czekaniu. Zoptymalizowany system zarz\u0105dzania energi\u0105 inteligentnie oszcz\u0119dza bateri\u0119 w trybie gotowo\u015bci, maksymalizuj\u0105c wydajno\u015b\u0107 800 mAh.<\/p>\n<h3>Przyjazna dla u\u017cytkownika instrukcja obs\u0142ugi<\/h3>\n<p>\u0141atwa nawigacja po wszystkich funkcjach:<\/p>\n<p><strong>1.<\/strong> W\u0142\u0105czanie\/wy\u0142\u0105czanie za pomoc\u0105 d\u0142ugiego naci\u015bni\u0119cia przycisku<br \/><strong>2.<\/strong> Prze\u0142\u0105czanie tryb\u00f3w waporyzacji (ECO\/PRO\/PLUS\/MAX) za pomoc\u0105 jednego dotkni\u0119cia<br \/><strong>3.<\/strong> Blokowanie\/odblokowywanie za pomoc\u0105 potr\u00f3jnego ekranu dotykowego<br \/><strong>4.<\/strong> Dostosuj przep\u0142yw powietrza do w\u0142asnych potrzeb<br \/><strong>5.<\/strong> Pi\u0119ciokrotne naci\u015bni\u0119cie prze\u0142\u0105cza tryb znacznika<br \/><strong>6.<\/strong> Migaj\u0105ce wska\u017aniki baterii sygnalizuj\u0105 czas \u0142adowania<br \/><strong>7.<\/strong> Kontrolka e-liquidu ostrzega, gdy sok jest bliski wyczerpania<br \/><strong>8.<\/strong> \u0141adowanie aktywuje migaj\u0105cy wska\u017anik zasilania<\/p>\n<h3>Opakowanie i specyfikacja<\/h3>\n<p>Konfiguracja opakowania gotowego do ekspozycji: <br \/><strong>Jednostka indywidualna:<\/strong> 1 urz\u0105dzenie w opakowaniu detalicznym<br \/><strong>Pakiet wy\u015bwietlacza:<\/strong> 10 sztuk w pude\u0142ku z licznikiem<br \/><strong>Karton wysy\u0142kowy:<\/strong> 150 sztuk w opakowaniu zbiorczym<\/p>\n<p>Pe\u0142na specyfikacja techniczna:<br \/>- Puffy: <strong>30,000<\/strong><br \/>- Pojemno\u015b\u0107 E-Liquid: <strong>35 ml<\/strong><br \/>- Bateria: <strong>Akumulator o pojemno\u015bci 800 mAh<\/strong><br \/>- Nikotyna: <strong>2% lub 5%<\/strong><br \/>- \u0141adowanie: <strong>Szybkie \u0142adowanie przez USB-C<\/strong><br \/>- Technologia cewki: <strong>Cewka z podw\u00f3jn\u0105 siatk\u0105<\/strong><br \/>- Blokada bezpiecze\u0144stwa: <strong>System ochrony przed dzie\u0107mi<\/strong><br \/>- Wy\u015bwietlacz: <strong>Pe\u0142noekranowy interfejs dotykowy<\/strong><\/p>","protected":false},"excerpt":{"rendered":"<p>Do\u015bwiadcz rewolucyjnego <strong>Mrvi Winning 30000<\/strong> jednorazowe vape z zaawansowanym <strong>sterowanie za pomoc\u0105 ekranu dotykowego<\/strong> oraz <strong>30000 zaci\u0105gni\u0119\u0107<\/strong> pojemno\u015b\u0107. Wyposa\u017cenie <strong>cztery tryby ogrzewania<\/strong>, <strong>Bateria 800 mAh<\/strong>, <strong>Szybkie \u0142adowanie przez USB-C<\/strong>oraz <strong>blokada przed dzie\u0107mi<\/strong> dla najwy\u017cszego bezpiecze\u0144stwa.<\/p>","protected":false},"featured_media":2807,"comment_status":"open","ping_status":"closed","template":"","meta":[],"product_brand":[174],"product_cat":[175],"product_tag":[374,112,244,373,375,376],"class_list":{"0":"post-2813","1":"product","2":"type-product","3":"status-publish","4":"has-post-thumbnail","6":"product_brand-mrvi","7":"product_cat-mrvi-vape","8":"product_tag-30000-puffs-vape","9":"product_tag-disposable-vape","10":"product_tag-dual-mesh-coil","11":"product_tag-mrvi-winning-30000","12":"product_tag-touch-screen-e-cigarette","13":"product_tag-usb-c-vape","15":"first","16":"outofstock","17":"sale","18":"shipping-taxable","19":"purchasable","20":"product-type-variable"},"jetpack_sharing_enabled":true,"tiered_pricing_type":"fixed","tiered_pricing_fixed_rules":[],"tiered_pricing_product_settings":{"layout":"default","base_unit_name":{"singular":null,"plural":null},"default_variation":null},"tiered_pricing_minimum_quantity":null,"tiered_pricing_roles_data":[],"tiered_pricing_percentage_rules":[],"tiered_pricing_maximum_quantity":null,"tiered_pricing_quantity_step":null,"_links":{"self":[{"href":"https:\/\/frvape.com\/pl\/wp-json\/wp\/v2\/product\/2813","targetHints":{"allow":["GET"]}}],"collection":[{"href":"https:\/\/frvape.com\/pl\/wp-json\/wp\/v2\/product"}],"about":[{"href":"https:\/\/frvape.com\/pl\/wp-json\/wp\/v2\/types\/product"}],"replies":[{"embeddable":true,"href":"https:\/\/frvape.com\/pl\/wp-json\/wp\/v2\/comments?post=2813"}],"wp:featuredmedia":[{"embeddable":true,"href":"https:\/\/frvape.com\/pl\/wp-json\/wp\/v2\/media\/2807"}],"wp:attachment":[{"href":"https:\/\/frvape.com\/pl\/wp-json\/wp\/v2\/media?parent=2813"}],"wp:term":[{"taxonomy":"product_brand","embeddable":true,"href":"https:\/\/frvape.com\/pl\/wp-json\/wp\/v2\/product_brand?post=2813"},{"taxonomy":"product_cat","embeddable":true,"href":"https:\/\/frvape.com\/pl\/wp-json\/wp\/v2\/product_cat?post=2813"},{"taxonomy":"product_tag","embeddable":true,"href":"https:\/\/frvape.com\/pl\/wp-json\/wp\/v2\/product_tag?post=2813"}],"curies":[{"name":"wp","href":"https:\/\/api.w.org\/{rel}","templated":true}]}}