{"id":3082,"date":"2025-10-12T04:30:40","date_gmt":"2025-10-12T04:30:40","guid":{"rendered":"https:\/\/frvape.com\/product\/uwin-crystal-twins-40000-disposable-vape-long-lasting-rechargeable\/"},"modified":"2025-11-04T01:53:24","modified_gmt":"2025-11-04T01:53:24","slug":"uwin-crystal-twins-40000-jednorazowy-vape-o-dlugiej-zywotnosci-z-mozliwoscia-ladowania","status":"publish","type":"product","link":"https:\/\/frvape.com\/pl\/product\/uwin-crystal-twins-40000-jednorazowy-vape-o-dlugiej-zywotnosci-z-mozliwoscia-ladowania\/","title":{"rendered":"Uwin Crystal Twins 40000 Jednorazowy Vape | D\u0142ugotrwa\u0142y i \u0142adowalny"},"content":{"rendered":"<h3>Przedstawiamy jednorazowy zestaw vape Uwin Crystal Twins 40000<\/h3>\n<p>Wkrocz do \u015bwiata waporyzacji premium dzi\u0119ki <strong>Uwin Crystal Twins 40000<\/strong>zaprojektowany, aby dostarcza\u0107 <strong>40 000 zaci\u0105gni\u0119\u0107<\/strong> czystej przyjemno\u015bci. To innowacyjne urz\u0105dzenie zapewnia rozszerzone, bogate doznania smakowe przy ka\u017cdym wdechu, \u0142\u0105cz\u0105c wizualnie uderzaj\u0105cy metaliczny po\u0142ysk i g\u0142adkie akrylowe wyko\u0144czenie dla prawdziwie wyrafinowanej podr\u00f3\u017cy sensorycznej. Jego <strong>akumulator<\/strong> przez port typu C zapewnia d\u0142ugotrwa\u0142\u0105 wydajno\u015b\u0107, dzi\u0119ki czemu jest idealny dla entuzjast\u00f3w codziennego waporyzowania szukaj\u0105cych satysfakcji.<\/p>\n<h3>Niezr\u00f3wnana wydajno\u015b\u0107 i specyfikacje<\/h3>\n<p>The <strong>Uwin Crystal Twins 40000<\/strong> zosta\u0142 zaprojektowany z wykorzystaniem najnowocze\u015bniejszej technologii, aby zwi\u0119kszy\u0107 przyjemno\u015b\u0107 z waporyzacji. Kluczowe specyfikacje obejmuj\u0105 ogromn\u0105 liczb\u0119 zaci\u0105gni\u0119\u0107 wynosz\u0105c\u0105 <strong>40,000<\/strong>zapewniaj\u0105c tygodnie przyjemno\u015bci bez konieczno\u015bci ci\u0105g\u0142ej wymiany. Urz\u0105dzenie posiada znaczn\u0105 pojemno\u015b\u0107 <strong>32 ml<\/strong> Pojemno\u015b\u0107 e-liquidu i oferuje pot\u0119\u017cne <strong>Akumulator 850 mAh<\/strong> z optymalizacj\u0105 kobaltu dla wydajnego i szybkiego \u0142adowania. Z zaawansowanym <strong>cewka siatkowa<\/strong> System ten zapewnia intensywny smak i konsystencj\u0119 ka\u017cdego puffa, a tak\u017ce wygod\u0119 u\u017cytkowania. <strong>wska\u017anik mocy oleju<\/strong> aby zapobiec wyczerpaniu. Idealny zar\u00f3wno dla nowych u\u017cytkownik\u00f3w, jak i vaper\u00f3w, obs\u0142uguje wiele mocy nikotyny, zapewniaj\u0105c indywidualne wra\u017cenia.<\/p>\n<h3>Wszechstronne smaki na ka\u017cd\u0105 okazj\u0119 do waporyzacji<\/h3>\n<p><p>Ulepsz swoje chwile z waporyzacj\u0105 dzi\u0119ki naszej r\u00f3\u017cnorodnej ofercie <strong>20 kusz\u0105cych smak\u00f3w<\/strong>Zapakowany w opakowanie o dw\u00f3ch smakach, aby bez wysi\u0142ku dopasowa\u0107 si\u0119 do Twojego nastroju. Ka\u017cdy smak oferuje unikaln\u0105 mieszank\u0119 bogactwa i g\u0142adko\u015bci, niezale\u017cnie od tego, czy pragniesz owocowych rozkoszy, czy lodowatych dozna\u0144. Zapoznaj si\u0119 z nasz\u0105 wszechstronn\u0105 ofert\u0105 <strong>linia smak\u00f3w<\/strong>:<\/p>\n<p><strong>Jagoda na lodzie<\/strong><br \/><strong>Kiwi Passion Fruit Guava<\/strong><br \/><strong>L\u00f3d winogronowy<\/strong><br \/><strong>Truskawka Malina Wi\u015bnia<\/strong><br \/><strong>Truskawka Kiwi<\/strong><br \/><strong>Mr Blue<\/strong><br \/><strong>Brzoskwinia Mango Ananas<\/strong><br \/><strong>Cherry Ice<\/strong><br \/><strong>Lemon Lime<\/strong><br \/><strong>Love 66 (Passion Fruit Melon Ice)<\/strong><br \/><strong>Banan truskawkowy<\/strong><br \/><strong>Dwa jab\u0142ka<\/strong><br \/><strong>Kiwi Passion Fruit Guava<\/strong><br \/><strong>Arbuzowy l\u00f3d<\/strong><br \/><strong>Bor\u00f3wka Malina<\/strong><br \/><strong>Red Bull<\/strong><br \/><strong>Arbuz truskawkowy<\/strong><br \/><strong>Jagody mieszane<\/strong><br \/><strong>Bor\u00f3wka Malina<\/strong><br \/><strong>Letni l\u00f3d brzoskwiniowy<\/strong><\/p>\n<p>Dzi\u0119ki tym <strong>ekskluzywne opcje<\/strong>Mo\u017cesz prze\u0142\u0105cza\u0107 si\u0119 mi\u0119dzy \u015bwie\u017cymi naparami owocowymi, pikantnymi nutami i ch\u0142odz\u0105cymi efektami lodowymi, aby cieszy\u0107 si\u0119 nieko\u0144cz\u0105c\u0105 si\u0119 przyjemno\u015bci\u0105.<\/p>\n<\/p>\n<h3>Wygodne opakowanie i integracja stylu \u017cycia<\/h3>\n<p>Zaprojektowany z my\u015bl\u0105 o praktyczno\u015bci i \u0142atwo\u015bci u\u017cytkowania <strong>Uwin Crystal Twins 40000<\/strong> jest dost\u0119pny w r\u00f3\u017cnych opcjach pakowania: ka\u017cde pude\u0142ko zawiera 10 urz\u0105dze\u0144, a ka\u017cdy karton mie\u015bci 200 sztuk. To <strong>jednorazowe vape<\/strong> Wa\u017cy 22,5 kg na karton, a zoptymalizowane wymiary kartonu w CM zapewniaj\u0105 wydajne przechowywanie i transport. Jego <strong>akumulator<\/strong> Funkcja ta wyr\u00f3\u017cnia go na tle innych, umo\u017cliwiaj\u0105c utrzymanie <strong>40 000 puff<\/strong> potencja\u0142 dzi\u0119ki sta\u0142emu \u0142adowaniu typu C. Ciesz si\u0119 bezproblemowym wapowaniem, kt\u00f3re idealnie pasuje do ka\u017cdego stylu \u017cycia, od spokojnych wieczor\u00f3w po aktywne przygody.<\/p>\n<h3>Dlaczego warto wybra\u0107 Uwin Crystal Twins?<\/h3>\n<p>To wyj\u0105tkowe urz\u0105dzenie \u0142\u0105czy w sobie styl i tre\u015b\u0107, oferuj\u0105c trwa\u0142o\u015b\u0107, <strong>cewka siatkowa<\/strong>-Zwi\u0119kszona wydajno\u015b\u0107 dla nieskazitelnej jako\u015bci pary. U\u017cytkownicy zg\u0142aszaj\u0105 zwi\u0119kszon\u0105 satysfakcj\u0119 z <strong>wyb\u00f3r nikotyny<\/strong> od 0% do 5%, zaspokajaj\u0105c zar\u00f3wno preferencje beznikotynowe, jak i poszukiwaczy mocnych wra\u017ce\u0144. The <strong>wska\u017anik mocy oleju<\/strong> zapewnia, \u017ce nigdy nie zgadniesz, kiedy nadejdzie czas na wymian\u0119. Ponadto, szeroka gama smak\u00f3w i d\u0142ugi <strong>puff life<\/strong> gwarantuj\u0105 warto\u015b\u0107 i emocje przy ka\u017cdym u\u017cyciu.<\/p>\n<p>Zmie\u0144 swoj\u0105 rutyn\u0119 waporyzacji dzi\u0119ki <strong>Uwin Crystal Twins 40000<\/strong> - gdzie zaawansowana technologia \u0142\u0105czy si\u0119 z elegancj\u0105. Odkryj, dlaczego jest to najlepszy wyb\u00f3r w\u015br\u00f3d <strong>jednorazowe vape<\/strong> entuzjast\u00f3w dzisiaj.<\/p>","protected":false},"excerpt":{"rendered":"<p>Do\u015bwiadczenie <strong>40 000 zaci\u0105gni\u0119\u0107<\/strong> czystej przyjemno\u015bci z <strong>Uwin Crystal Twins 40000<\/strong>Charakteryzuje si\u0119 eleganckim metalicznym po\u0142yskiem i g\u0142adkim akrylowym dotykiem.<\/p>\n<p>Korzystaj z wszechstronnego podw\u00f3jnego <strong>smaki<\/strong> dla ka\u017cdego nastroju, wybory nikotyny 0%\/2%\/3%\/5% i <strong>akumulator<\/strong> projekt.<\/p>","protected":false},"featured_media":3076,"comment_status":"open","ping_status":"closed","template":"","meta":[],"product_brand":[404],"product_cat":[1017,850],"product_tag":[389,112,372,229,407,155],"class_list":{"0":"post-3082","1":"product","2":"type-product","3":"status-publish","4":"has-post-thumbnail","6":"product_brand-uwin","7":"product_cat-crystal-vapes","8":"product_cat-uwin","9":"product_tag-40000-puffs-vape","10":"product_tag-disposable-vape","11":"product_tag-mesh-coil","12":"product_tag-rechargeable-electronic-cigarette","13":"product_tag-uwin-crystal-twins","14":"product_tag-vape-flavors","16":"first","17":"instock","18":"sale","19":"shipping-taxable","20":"purchasable","21":"product-type-variable"},"jetpack_sharing_enabled":true,"tiered_pricing_type":"fixed","tiered_pricing_fixed_rules":[],"tiered_pricing_product_settings":{"layout":"default","base_unit_name":{"singular":null,"plural":null},"default_variation":null},"tiered_pricing_minimum_quantity":null,"tiered_pricing_roles_data":[],"tiered_pricing_percentage_rules":[],"tiered_pricing_maximum_quantity":null,"tiered_pricing_quantity_step":null,"_links":{"self":[{"href":"https:\/\/frvape.com\/pl\/wp-json\/wp\/v2\/product\/3082","targetHints":{"allow":["GET"]}}],"collection":[{"href":"https:\/\/frvape.com\/pl\/wp-json\/wp\/v2\/product"}],"about":[{"href":"https:\/\/frvape.com\/pl\/wp-json\/wp\/v2\/types\/product"}],"replies":[{"embeddable":true,"href":"https:\/\/frvape.com\/pl\/wp-json\/wp\/v2\/comments?post=3082"}],"wp:featuredmedia":[{"embeddable":true,"href":"https:\/\/frvape.com\/pl\/wp-json\/wp\/v2\/media\/3076"}],"wp:attachment":[{"href":"https:\/\/frvape.com\/pl\/wp-json\/wp\/v2\/media?parent=3082"}],"wp:term":[{"taxonomy":"product_brand","embeddable":true,"href":"https:\/\/frvape.com\/pl\/wp-json\/wp\/v2\/product_brand?post=3082"},{"taxonomy":"product_cat","embeddable":true,"href":"https:\/\/frvape.com\/pl\/wp-json\/wp\/v2\/product_cat?post=3082"},{"taxonomy":"product_tag","embeddable":true,"href":"https:\/\/frvape.com\/pl\/wp-json\/wp\/v2\/product_tag?post=3082"}],"curies":[{"name":"wp","href":"https:\/\/api.w.org\/{rel}","templated":true}]}}