{"id":3739,"date":"2025-10-12T05:17:56","date_gmt":"2025-10-12T05:17:56","guid":{"rendered":"https:\/\/frvape.com\/product\/heybar-25000-puffs-dual-use-hookah-vape-with-5-nicotine\/"},"modified":"2026-02-06T03:25:09","modified_gmt":"2026-02-06T03:25:09","slug":"heybar-25000-puffow-podwojnego-zastosowania-fajka-wodna-vape-z-5-nikotynami","status":"publish","type":"product","link":"https:\/\/frvape.com\/pl\/product\/heybar-25000-puffow-podwojnego-zastosowania-fajka-wodna-vape-z-5-nikotynami\/","title":{"rendered":"Heybar 25000 Puffs Szisza i Vape podw\u00f3jnego zastosowania z nikotyn\u0105 5%"},"content":{"rendered":"<h3>Przedstawiamy rewolucyjny HEYBAR E-HOOKAH HEAD<\/h3>\n<p>Do\u015bwiadcz prze\u0142omowego po\u0142\u0105czenia tradycyjnej kultury fajki wodnej i nowoczesnej wygody waporyzacji dzi\u0119ki <strong>HEYBAR E-HOOKAH HEAD<\/strong>. To <strong>urz\u0105dzenie wielofunkcyjne<\/strong> zosta\u0142 zaprojektowany, aby s\u0142u\u017cy\u0107 jako <strong>g\u0142\u00f3wka fajki wodnej<\/strong> lub samodzielny <strong>vape<\/strong>, zaspokajaj\u0105c potrzeby zar\u00f3wno mi\u0142o\u015bnik\u00f3w bogatych smak\u00f3w, jak i u\u017cytkownik\u00f3w pragn\u0105cych przeno\u015bno\u015bci. Jego solidna konstrukcja zapewnia d\u0142ugotrwa\u0142\u0105 wytrzyma\u0142o\u015b\u0107, podczas gdy zaawansowany <strong>Technologia podw\u00f3jnej cewki<\/strong> Gwarantuje sta\u0142\u0105 produkcj\u0119 pary dla najwy\u017cszej jako\u015bci sesji za ka\u017cdym razem.<\/p>\n<h3>Niezr\u00f3wnana wydajno\u015b\u0107 i kluczowe zalety<\/h3>\n<p>The <strong>Urz\u0105dzenie HEYBAR<\/strong> wyr\u00f3\u017cnia si\u0119 imponuj\u0105c\u0105 trwa\u0142o\u015bci\u0105, oferuj\u0105c niezwyk\u0142e <strong>25 000 zaci\u0105gni\u0119\u0107<\/strong> aby zminimalizowa\u0107 liczb\u0119 wymian i zwi\u0119kszy\u0107 efektywno\u015b\u0107 kosztow\u0105. Dzi\u0119ki temu idealnie nadaje si\u0119 do d\u0142u\u017cszych spotka\u0144 lub codziennego u\u017cytkowania bez przerw. Ka\u017cde zaci\u0105gni\u0119cie zapewnia satysfakcjonuj\u0105ce uderzenie dzi\u0119ki optymalizacji <strong>Zawarto\u015b\u0107 nikotyny 5%<\/strong>-Odpowiednia intensywno\u015b\u0107, aby zaspokoi\u0107 swoje pragnienia, przy jednoczesnym zachowaniu p\u0142ynnego, pozbawionego podra\u017cnie\u0144 wdechu. Dzi\u0119ki niewielkim rozmiarom stanowi pomost mi\u0119dzy skomplikowanymi <strong>konfiguracje fajki wodnej<\/strong> i r\u0119czny <strong>urz\u0105dzenia do wapowania<\/strong>zapewniaj\u0105c wszechstronno\u015b\u0107, kt\u00f3ra pasuje do ka\u017cdego stylu \u017cycia.<\/p>\n<h3>Najnowocze\u015bniejsze specyfikacje techniczne dla lepszej zabawy<\/h3>\n<p>Zanurz si\u0119 w doskona\u0142o\u015bci technicznej: The <strong>Podw\u00f3jna cewka siatkowa 0,8ohm<\/strong> zapewnia r\u00f3wnomierne ogrzewanie i szybk\u0105 waporyzacj\u0119 dla g\u0119stych, aromatycznych chmur. Ta konfiguracja z podw\u00f3jn\u0105 cewk\u0105 eliminuje gor\u0105ce punkty, podczas gdy <strong>Pojemno\u015b\u0107 e-liquidu 2 ml<\/strong> Przechowuje wysokiej jako\u015bci sok na d\u0142ugie sesje bez utraty smaku. \u0141adowanie jest szybkie i bezproblemowe za po\u015brednictwem do\u0142\u0105czonej \u0142adowarki. <strong>Port typu C<\/strong>, a ka\u017cdy pakiet zawiera <strong>10 sztuk w opakowaniu<\/strong> dla wygody. Pe\u0142na specyfikacja obejmuje: <strong>Nikotyna: 5%<\/strong>, <strong>Puffy: 25,000<\/strong>, <strong>Pojemno\u015b\u0107: 2 ml<\/strong>, <strong>Cewka: 0,8ohm Dual Mesh<\/strong>, <strong>Smaki: 13<\/strong>, <strong>\u0141adowanie: Typ-C<\/strong>oraz <strong>Opakowanie: 10 sztuk\/pude\u0142ko<\/strong>.<\/p>\n<h3>Wy\u015bmienita kolekcja smak\u00f3w, aby podnie\u015b\u0107 poziom podr\u00f3\u017cy<\/h3>\n<p>Wybieraj spo\u015br\u00f3d imponuj\u0105cej oferty <strong>13 r\u00f3\u017cnych smak\u00f3w<\/strong>Ka\u017cda z nich zosta\u0142a stworzona z najwy\u017cszej jako\u015bci sk\u0142adnik\u00f3w, aby zapewni\u0107 niezapomniany smak:<\/p>\n<p>&#8211; <strong>Niebieska malina<\/strong>: Pikantne doznanie jagodowe.<br \/>&#8211; <strong>Heybaf<\/strong>: Charakterystyczna mieszanka o wyj\u0105tkowej g\u0142\u0119bi.<br \/>&#8211; <strong>Lemoniada Blue Razz<\/strong>: S\u0142odki niebieski razz zmieszany z cytrusow\u0105 lemoniad\u0105.<br \/>&#8211; <strong>Doubieapple<\/strong>: Pyszna podw\u00f3jna rozkosz jab\u0142kowa.<br \/>&#8211; <strong>Arbuz z mi\u0119t\u0105<\/strong>: Soczysty arbuz orze\u017awiony ch\u0142odn\u0105 mi\u0119t\u0105.<br \/>&#8211; <strong>Moja mi\u0142o\u015b\u0107<\/strong>: Ukochana s\u0142odka i romantyczna mikstura.<br \/>&#8211; <strong>Mi\u0119ta<\/strong>: Czyste i wyra\u017ane ch\u0142odzenie.<br \/>&#8211; <strong>Mango Ice<\/strong>: Tropikalne mango z lodowymi nutami.<br \/>&#8211; <strong>\u015awiadomy sen<\/strong>: Egzotyczny, inspirowany marzeniami smak.<br \/>&#8211; <strong>Sexy Lady<\/strong>: Uwodzicielska i g\u0142adka esencja.<br \/>&#8211; <strong>Mi\u0119ta winogronowa<\/strong>: Soczyste winogrona wzmocnione mi\u0119tow\u0105 \u015bwie\u017co\u015bci\u0105.<br \/>&#8211; <strong>Mi\u0119ta cytrynowa<\/strong>: Pikantna cytryna zmieszana z orze\u017awiaj\u0105c\u0105 mi\u0119t\u0105.<br \/>&#8211; <strong>L\u00f3d brzoskwiniowy<\/strong>: S\u0142odkie aromaty brzoskwini z ch\u0142odnym finiszem.<\/p>\n<p>Ta r\u00f3\u017cnorodno\u015b\u0107 <strong>r\u00f3\u017cnorodno\u015b\u0107 smak\u00f3w<\/strong> zaspokaja wszystkie preferencje, zapewniaj\u0105c ekscytuj\u0105ce, konfigurowalne wra\u017cenia, niezale\u017cnie od tego, czy jest u\u017cywana jako fajka wodna, czy vape.<\/p>\n<h3>Praktyczne korzy\u015bci i idealne scenariusze u\u017cytkowania<\/h3>\n<p>The <strong>HEYBAR E-HOOKAH HEAD<\/strong> wyr\u00f3\u017cnia si\u0119 \u0142atwo\u015bci\u0105 u\u017cytkowania: Wystarczy przymocowa\u0107 go do podstawy sziszy, aby uzyska\u0107 tradycyjne sesje, lub u\u017cy\u0107 go jako przeno\u015bnego waporyzatora w podr\u00f3\u017cy. Jego <strong>Konstrukcja podw\u00f3jnego zastosowania<\/strong> Oszcz\u0119dno\u015b\u0107 miejsca i pieni\u0119dzy w por\u00f3wnaniu do zakupu oddzielnych urz\u0105dze\u0144. D\u0142ugotrwa\u0142y <strong>\u017cywotno\u015b\u0107 baterii<\/strong>W po\u0142\u0105czeniu z \u0142adowaniem typu C zapewnia minimalny czas przestoju, a szczelna konstrukcja gwarantuje dzia\u0142anie bez ba\u0142aganu. Idealny na imprezy towarzyskie, relaks w pojedynk\u0119 lub w podr\u00f3\u017cy, oferuje p\u0142ynne przej\u015bcie mi\u0119dzy <strong>bogactwo sziszy<\/strong> oraz <strong>prostota wapowania<\/strong>. Przyjazny dla u\u017cytkownika i wszechstronny, przemawia zar\u00f3wno do pocz\u0105tkuj\u0105cych, jak i do\u015bwiadczonych palaczy, zapewniaj\u0105c wyj\u0105tkow\u0105 warto\u015b\u0107 dzi\u0119ki swojej trwa\u0142o\u015bci i wierno\u015bci smaku.<\/p>\n<h3>Najwy\u017csza jako\u015b\u0107 i pewno\u015b\u0107 dla u\u017cytkownika ko\u0144cowego<\/h3>\n<p>Rygorystyczne testy potwierdzaj\u0105 bezpiecze\u0144stwo i niezawodno\u015b\u0107 HEYBAR, a ka\u017cda jednostka spe\u0142nia standardy bran\u017cowe w zakresie produkcji pary i jako\u015bci materia\u0142\u00f3w. Wysoka<strong>pojemno\u015b\u0107 e-soku<\/strong> zapewnia czysty smak bez ostrych chemikali\u00f3w, a ergonomiczna konstrukcja zapewnia wygodn\u0105 obs\u0142ug\u0119. Idealny dla tych, kt\u00f3rzy szukaj\u0105 etycznej i satysfakcjonuj\u0105cej opcji, zmniejsza ilo\u015b\u0107 odpad\u00f3w dzi\u0119ki komponentom wielokrotnego u\u017cytku, zgodnie z ekologicznymi trendami.<\/p>\n<p>Przekszta\u0142\u0107 sw\u00f3j rytua\u0142 palenia w doskona\u0142\u0105 przygod\u0119 ju\u017c dzi\u015b - skorzystaj z HEYBAR E-HOOKAH HEAD, aby poczu\u0107 innowacje, kt\u00f3rych mo\u017cesz posmakowa\u0107.<\/p>","protected":false},"excerpt":{"rendered":"<p>Odkryj wszechstronno\u015b\u0107 <strong>HEYBAR E-HOOKAH HEAD<\/strong>wielofunkcyjne urz\u0105dzenie, kt\u00f3re bezproblemowo dzia\u0142a zar\u00f3wno jako <strong>g\u0142\u00f3wka fajki wodnej<\/strong> oraz <strong>jednostka vaping<\/strong>.<br \/>Wyposa\u017cenie <strong>25 000 zaci\u0105gni\u0119\u0107<\/strong>, <strong>Moc nikotyny 5%<\/strong>i 13 r\u00f3\u017cnorodnych smak\u00f3w zapewnia niezr\u00f3wnane podw\u00f3jne doznania.<\/p>","protected":false},"featured_media":3734,"comment_status":"open","ping_status":"closed","template":"","meta":[],"product_brand":[265],"product_cat":[266],"product_tag":[450,446,449,448,447,451],"class_list":{"0":"post-3739","1":"product","2":"type-product","3":"status-publish","4":"has-post-thumbnail","6":"product_brand-heybar","7":"product_cat-heybar-vape","8":"product_tag-25k-puffs-vape","9":"product_tag-5-nicotine","10":"product_tag-dual-use-vape","11":"product_tag-electronic-hookah-device","12":"product_tag-heybar-25000","13":"product_tag-hookah-vape-head","15":"first","16":"outofstock","17":"sale","18":"shipping-taxable","19":"purchasable","20":"product-type-variable"},"jetpack_sharing_enabled":true,"tiered_pricing_type":"fixed","tiered_pricing_fixed_rules":[],"tiered_pricing_product_settings":{"layout":"default","base_unit_name":{"singular":null,"plural":null},"default_variation":null},"tiered_pricing_minimum_quantity":null,"tiered_pricing_roles_data":[],"tiered_pricing_percentage_rules":[],"tiered_pricing_maximum_quantity":null,"tiered_pricing_quantity_step":null,"_links":{"self":[{"href":"https:\/\/frvape.com\/pl\/wp-json\/wp\/v2\/product\/3739","targetHints":{"allow":["GET"]}}],"collection":[{"href":"https:\/\/frvape.com\/pl\/wp-json\/wp\/v2\/product"}],"about":[{"href":"https:\/\/frvape.com\/pl\/wp-json\/wp\/v2\/types\/product"}],"replies":[{"embeddable":true,"href":"https:\/\/frvape.com\/pl\/wp-json\/wp\/v2\/comments?post=3739"}],"wp:featuredmedia":[{"embeddable":true,"href":"https:\/\/frvape.com\/pl\/wp-json\/wp\/v2\/media\/3734"}],"wp:attachment":[{"href":"https:\/\/frvape.com\/pl\/wp-json\/wp\/v2\/media?parent=3739"}],"wp:term":[{"taxonomy":"product_brand","embeddable":true,"href":"https:\/\/frvape.com\/pl\/wp-json\/wp\/v2\/product_brand?post=3739"},{"taxonomy":"product_cat","embeddable":true,"href":"https:\/\/frvape.com\/pl\/wp-json\/wp\/v2\/product_cat?post=3739"},{"taxonomy":"product_tag","embeddable":true,"href":"https:\/\/frvape.com\/pl\/wp-json\/wp\/v2\/product_tag?post=3739"}],"curies":[{"name":"wp","href":"https:\/\/api.w.org\/{rel}","templated":true}]}}