{"id":4678,"date":"2025-10-12T06:29:45","date_gmt":"2025-10-12T06:29:45","guid":{"rendered":"https:\/\/frvape.com\/product\/razz-bar-15000-puffs-disposable-vape-high-capacity-rechargeable-e-cig-with-mesh-coil\/"},"modified":"2026-01-26T05:21:45","modified_gmt":"2026-01-26T05:21:45","slug":"razz-bar-15000-zaciagniec-jednorazowe-e-cygaro-vape-o-duzej-pojemnosci-z-cewka-siatkowa","status":"publish","type":"product","link":"https:\/\/frvape.com\/pl\/product\/razz-bar-15000-zaciagniec-jednorazowe-e-cygaro-vape-o-duzej-pojemnosci-z-cewka-siatkowa\/","title":{"rendered":"Razz Bar 15000 Puffs Jednorazowy Vape - E-Cig o du\u017cej pojemno\u015bci z cewk\u0105 siatkow\u0105"},"content":{"rendered":"<h3>Przedstawiamy Razz Bar 15000 Vape jednorazowego u\u017cytku<\/h3>\n<p>Zrewolucjonizuj swoj\u0105 podr\u00f3\u017c z waporyzatorem <strong>Razz Bar 15000 Puffs jednorazowy Vape<\/strong>najnowocze\u015bniejszy <strong>e-papieros<\/strong> zaprojektowany z my\u015bl\u0105 o najwy\u017cszej wygodzie i satysfakcji. To <strong>jednorazowe vape<\/strong> \u0142\u0105czy wysok\u0105 wydajno\u015b\u0107 z przyjaznymi dla u\u017cytkownika funkcjami, zapewniaj\u0105c p\u0142ynne dzia\u0142anie. Jako lider bran\u017cy od 2017 roku, Razz Bar zapewnia <strong>najwy\u017csza jako\u015b\u0107<\/strong> poparte rygorystycznymi testami i certyfikatami. Odkryj \u015bwiat smak\u00f3w dzi\u0119ki <strong>razz bar vape<\/strong>. Idealny dla doros\u0142ych vaper\u00f3w poszukuj\u0105cych niezawodnego i innowacyjnego urz\u0105dzenia. <strong>jednorazowy e-papieros<\/strong> rozwi\u0105zanie.<\/p>\n<h3>Specyfikacja produktu<\/h3>\n<p>Razz Bar 15000 mo\u017ce pochwali\u0107 si\u0119 imponuj\u0105c\u0105 specyfikacj\u0105 dostosowan\u0105 do codziennego u\u017cytku. Najwa\u017cniejsze z nich to <strong>Wyd\u0142u\u017cona \u017cywotno\u015b\u0107 15000 zaci\u0105gni\u0119\u0107<\/strong>zmniejszaj\u0105c potrzeb\u0119 ci\u0105g\u0142ego \u0142adowania. W przypadku <strong>Pojemno\u015b\u0107 e-liquidu 28 ml<\/strong> zapewnia d\u0142u\u017csze korzystanie z urz\u0105dzenia pomi\u0119dzy kolejnymi nape\u0142nieniami. Pakowane dla wygody sprzeda\u017cy hurtowej, ka\u017cdy <strong>karton zawiera 200 sztuk<\/strong>co czyni go idealnym rozwi\u0105zaniem dla sprzedawc\u00f3w detalicznych i hurtowych. Urz\u0105dzenie jest zasilane przez <strong>Akumulator o pojemno\u015bci 650 mAh<\/strong>wyposa\u017cony w nowoczesny <strong>Port \u0142adowania typu C<\/strong> do szybkiego i wydajnego zwi\u0119kszania mocy. Ulepszony smak jest gwarantowany dzi\u0119ki zaawansowanemu <strong>Technologia cewek siatkowych<\/strong>kt\u00f3ry zapewnia g\u0142adkie i bogate chmury pary. Dost\u0119pne z <strong>moc nikotyny 2% lub 5%<\/strong>nasz <strong>jednorazowe vape<\/strong> zaspokaja r\u00f3\u017cne preferencje, zapewniaj\u0105c dopasowane doznania nikotynowe.<\/p>\n<h3>Niezwyk\u0142a paleta smak\u00f3w<\/h3>\n<p>Zanurz si\u0119 w r\u00f3\u017cnorodnej gamie smak\u00f3w premium z Razz Bar 15000. Ka\u017cda opcja jest starannie opracowana, aby zapewni\u0107 wyj\u0105tkowy smak i satysfakcj\u0119, wykorzystuj\u0105c <strong>Technologia cewek siatkowych<\/strong> dla lepszej jako\u015bci pary. Nasze smaki obejmuj\u0105 opcje premium, takie jak:<\/p>\n<p>Arbuzowa guma balonowa<br \/>L\u00f3d truskawkowy<br \/>Truskawka Kiwi<br \/>Red Bull Ice<br \/>Jagoda Malina Cytryna<br \/>Jagoda na lodzie<br \/>Kr\u00f3wka malinowa<br \/>Jagody mieszane<br \/>Lemon Lime<br \/>Arbuzowy l\u00f3d<br \/>L\u00f3d brzoskwiniowy<br \/>Brzoskwinia Mango Ananas<br \/>Mamba<br \/>Cola Ice<br \/>Podw\u00f3jne jab\u0142ko<br \/>Kiwi Passion Fruit Guava<\/p>\n<p>Z <strong>16 r\u00f3\u017cnych opcji<\/strong>Nasze portfolio smak\u00f3w oferuje co\u015b dla ka\u017cdego, od s\u0142odkich mieszanek owocowych po lodowate doznania mentolowe.<\/p>\n<h3>Dlaczego Razz Bar si\u0119 wyr\u00f3\u017cnia<\/h3>\n<p>Od uruchomienia w 2017 r, <strong>Razz Bar<\/strong> sta\u0142a si\u0119 zaufan\u0105 mark\u0105 na rynku <strong>e-papieros<\/strong> przemys\u0142. Szczycimy si\u0119 innowacyjno\u015bci\u0105, produkuj\u0105c we w\u0142asnej fabryce, aby zapewni\u0107 kontrol\u0119 jako\u015bci na najwy\u017cszym poziomie. Nasz do\u015bwiadczony zesp\u00f3\u0142 in\u017cynier\u00f3w wykorzystuje procesy takie jak IQC, IPQC i FQC do kompleksowych kontroli bezpiecze\u0144stwa, gwarantuj\u0105c, \u017ce ka\u017cda jednostka spe\u0142nia mi\u0119dzynarodowe standardy. Certyfikaty takie jak <strong>CE<\/strong> oraz <strong>RoHS<\/strong> potwierdzaj\u0105 nasze zaanga\u017cowanie w zgodno\u015b\u0107 i niezawodno\u015b\u0107. Opr\u00f3cz oferty naszych marek, zapewniamy r\u00f3wnie\u017c ekspertyz\u0119 <strong>Us\u0142ugi OEM i ODM<\/strong>pomagaj\u0105c klientom dostosowa\u0107 <strong>produkty vape<\/strong> do ich unikalnych potrzeb. W rezultacie nasze <strong>jednorazowe vape<\/strong> zyska\u0142a globaln\u0105 popularno\u015b\u0107 dzi\u0119ki lojalno\u015bci klient\u00f3w i doskona\u0142ej reputacji.<\/p>\n<h3>P\u0142ynna przyjemno\u015b\u0107 z waporyzacji<\/h3>\n<p>Nasz <strong>Razz Bar 15000<\/strong> k\u0142adzie nacisk na wygod\u0119 u\u017cytkownika i dost\u0119pno\u015b\u0107. Zaprojektowany z my\u015bl\u0105 o przeno\u015bno\u015bci, ma lekk\u0105 konstrukcj\u0119, kt\u00f3ra idealnie mie\u015bci si\u0119 w kieszeniach lub torbach. Obudowa <strong>\u0141adowanie typu C<\/strong> zapewnia szybkie \u0142adowanie, umo\u017cliwiaj\u0105c waporyzacj\u0119 w podr\u00f3\u017cy bez przerw. Ponadto, prosty mechanizm plug-and-play nie wymaga konserwacji, dzi\u0119ki czemu jest idealny zar\u00f3wno dla pocz\u0105tkuj\u0105cych, jak i do\u015bwiadczonych waper\u00f3w. Z ponad <strong>15000 zaci\u0105gni\u0119\u0107<\/strong>Zapewnia wyj\u0105tkow\u0105 warto\u015b\u0107, przewy\u017cszaj\u0105c wielu konkurent\u00f3w i zapewniaj\u0105c sta\u0142y smak. Ten bezproblemowy <strong>e-papieros<\/strong> zapewnia satysfakcjonuj\u0105c\u0105 alternatyw\u0119 dla os\u00f3b odchodz\u0105cych od tradycyjnego palenia.<\/p>\n<h3>Zaanga\u017cowanie w jako\u015b\u0107 i satysfakcj\u0119<\/h3>\n<p>W Razz Bar priorytetowo traktujemy zaufanie klient\u00f3w, koncentruj\u0105c si\u0119 na zr\u00f3wnowa\u017conej produkcji i etycznych praktykach. Nasze dedykowane zespo\u0142y ds. marketingu, projektowania i sprzeda\u017cy wsp\u00f3\u0142pracuj\u0105 ze sob\u0105, aby wyprzedza\u0107 trendy rynkowe. Rygorystyczne testy na ka\u017cdym etapie eliminuj\u0105 wady, zapewniaj\u0105c bezpieczne i wydajne dzia\u0142anie urz\u0105dze\u0144. Oferuj\u0105c podw\u00f3jne <strong>opcje nikotynowe<\/strong> i szeroki wachlarz smak\u00f3w <strong>razz bar vape<\/strong> zaspokaja r\u00f3\u017cnorodne preferencje doros\u0142ych na ca\u0142ym \u015bwiecie. Poznaj przysz\u0142o\u015b\u0107 waporyzacji dzi\u0119ki naszym niezawodnym i przyjemnym urz\u0105dzeniom. <strong>jednorazowy e-papieros<\/strong>. W przypadku spersonalizowanych zam\u00f3wie\u0144 <strong>Mo\u017cliwo\u015bci OEM i ODM<\/strong> pozwalaj\u0105 na dopasowane rozwi\u0105zania - skontaktuj si\u0119 z nami ju\u017c dzi\u015b, aby podnie\u015b\u0107 poziom swojej przygody z waporyzacj\u0105.<\/p>","protected":false},"excerpt":{"rendered":"<p>Do\u015bwiadcz wysokiej jako\u015bci waporyzacji z <strong>Razz Bar 15000 Puffs jednorazowy Vape<\/strong>. Wyposa\u017cony w masywny <strong>Pojemno\u015b\u0107 28 ml<\/strong>, <strong>Akumulator 650 mAh<\/strong>, <strong>Technologia cewek siatkowych<\/strong>oraz <strong>opcje nikotynowe 2% lub 5%<\/strong>. Ciesz si\u0119 d\u0142ugotrwa\u0142ym smakiem w kompaktowym, \u0142atwym w u\u017cyciu urz\u0105dzeniu.<\/p>","protected":false},"featured_media":4672,"comment_status":"open","ping_status":"closed","template":"","meta":[],"product_brand":[70],"product_cat":[893],"product_tag":[280,112,153,223,522,115],"class_list":{"0":"post-4678","1":"product","2":"type-product","3":"status-publish","4":"has-post-thumbnail","6":"product_brand-razzbar","7":"product_cat-razzbar","8":"product_tag-15000-puffs","9":"product_tag-disposable-vape","10":"product_tag-e-cigarette","11":"product_tag-nicotine-vape","12":"product_tag-razz-bar-vape","13":"product_tag-rechargeable-vape","15":"first","16":"instock","17":"sale","18":"shipping-taxable","19":"purchasable","20":"product-type-variable"},"jetpack_sharing_enabled":true,"tiered_pricing_type":"fixed","tiered_pricing_fixed_rules":[],"tiered_pricing_product_settings":{"layout":"default","base_unit_name":{"singular":null,"plural":null},"default_variation":null},"tiered_pricing_minimum_quantity":null,"tiered_pricing_roles_data":[],"tiered_pricing_percentage_rules":[],"tiered_pricing_maximum_quantity":null,"tiered_pricing_quantity_step":null,"_links":{"self":[{"href":"https:\/\/frvape.com\/pl\/wp-json\/wp\/v2\/product\/4678","targetHints":{"allow":["GET"]}}],"collection":[{"href":"https:\/\/frvape.com\/pl\/wp-json\/wp\/v2\/product"}],"about":[{"href":"https:\/\/frvape.com\/pl\/wp-json\/wp\/v2\/types\/product"}],"replies":[{"embeddable":true,"href":"https:\/\/frvape.com\/pl\/wp-json\/wp\/v2\/comments?post=4678"}],"wp:featuredmedia":[{"embeddable":true,"href":"https:\/\/frvape.com\/pl\/wp-json\/wp\/v2\/media\/4672"}],"wp:attachment":[{"href":"https:\/\/frvape.com\/pl\/wp-json\/wp\/v2\/media?parent=4678"}],"wp:term":[{"taxonomy":"product_brand","embeddable":true,"href":"https:\/\/frvape.com\/pl\/wp-json\/wp\/v2\/product_brand?post=4678"},{"taxonomy":"product_cat","embeddable":true,"href":"https:\/\/frvape.com\/pl\/wp-json\/wp\/v2\/product_cat?post=4678"},{"taxonomy":"product_tag","embeddable":true,"href":"https:\/\/frvape.com\/pl\/wp-json\/wp\/v2\/product_tag?post=4678"}],"curies":[{"name":"wp","href":"https:\/\/api.w.org\/{rel}","templated":true}]}}