{"id":4775,"date":"2025-10-12T06:36:10","date_gmt":"2025-10-12T06:36:10","guid":{"rendered":"https:\/\/frvape.com\/product\/waspe-aiviou-25000-puffs-disposable-vape-dual-mesh-coil-0-2-5-nicotine\/"},"modified":"2025-11-26T09:07:25","modified_gmt":"2025-11-26T09:07:25","slug":"waspe-aiviou-25000-zaciagniec-jednorazowy-vape-podwojna-cewka-siatkowa-0-2-5-nikotyna","status":"publish","type":"product","link":"https:\/\/frvape.com\/pl\/product\/waspe-aiviou-25000-zaciagniec-jednorazowy-vape-podwojna-cewka-siatkowa-0-2-5-nikotyna\/","title":{"rendered":"Waspe Aiviou 25000 Puffs Jednorazowe Vape | Podw\u00f3jna cewka siatkowa | 0%\/2%\/5% Nikotyna"},"content":{"rendered":"<h3>Rewolucyjny system waporyzacji 25K Puffs<\/h3>\n<p>Przedstawiamy <strong>Waspe Aiviou 25000<\/strong>to szczyt jednorazowej technologii waporyzacji, zaprojektowany z my\u015bl\u0105 o zapewnieniu bezprecedensowej wydajno\u015bci. To urz\u0105dzenie generuje wyj\u0105tkow\u0105 produkcj\u0119 pary dzi\u0119ki najnowocze\u015bniejszej technologii <strong>System cewek z podw\u00f3jn\u0105 siatk\u0105<\/strong> (1ohm+1ohm), optymalizuj\u0105c dystrybucj\u0119 ciep\u0142a w celu zapewnienia sta\u0142ej intensywno\u015bci smaku od pierwszego do ostatniego zaci\u0105gni\u0119cia. Masywny <strong>Pojemno\u015b\u0107 25 ml e-liquidu<\/strong> w po\u0142\u0105czeniu z <strong>Akumulator o pojemno\u015bci 650 mAh<\/strong> oraz <strong>\u0141adowanie typu C<\/strong> zapewnia nieprzerwane u\u017cytkowanie przez ca\u0142y okres eksploatacji.<\/p>\n<h3>Mo\u017cliwo\u015b\u0107 dostosowania do\u015bwiadczenia nikotynowego<\/h3>\n<p>Dostosowuj\u0105c si\u0119 do r\u00f3\u017cnych wybor\u00f3w i preferencji dotycz\u0105cych stylu \u017cycia, Waspe Aiviou oferuje trzy r\u00f3\u017cne <strong>moc nikotyny<\/strong> - <strong>0%<\/strong> dla przyjemno\u015bci bez nikotyny, <strong>2%<\/strong> dla zr\u00f3wnowa\u017conej satysfakcji i silnego <strong>5%<\/strong> dla do\u015bwiadczonych u\u017cytkownik\u00f3w. Ka\u017cdy wariant 5% zawiera znaczne st\u0119\u017cenie nikotyny por\u00f3wnywalne z tradycyjnymi wyrobami tytoniowymi, zachowuj\u0105c jednocze\u015bnie p\u0142ynno\u015b\u0107 dzi\u0119ki najwy\u017cszej jako\u015bci formu\u0142om p\u0142yn\u00f3w.<\/p>\n<h3>Bezkonkurencyjna in\u017cynieria techniczna<\/h3>\n<p>Poza imponuj\u0105cymi liczbami, Waspe Aiviou zawiera zaawansowane funkcje, kt\u00f3re podnosz\u0105 komfort u\u017cytkowania: <strong>Wy\u015bwietlacz LED<\/strong> zapewnia \u015bledzenie w czasie rzeczywistym stanu baterii i liczby zaci\u0105gni\u0119\u0107, podczas gdy <strong>mechanizm blokady rodzicielskiej<\/strong> zapobiega przypadkowej aktywacji. Jego ergonomiczna konstrukcja (<strong>55*31*107mm<\/strong>\/<strong>92g<\/strong>) zapewnia komfortow\u0105 obs\u0142ug\u0119 bez uszczerbku dla znacznych osi\u0105g\u00f3w <strong>Pojemno\u015b\u0107 25 ml<\/strong> kt\u00f3re dzia\u0142aj\u0105 znacznie d\u0142u\u017cej ni\u017c standardowe jednoraz\u00f3wki.<\/p>\n<h3>Konfiguracja opakowania gotowego do sprzeda\u017cy hurtowej<\/h3>\n<p>Produkt ten, zoptymalizowany pod k\u0105tem sprzedawc\u00f3w detalicznych i dystrybutor\u00f3w, jest dostarczany w kartonach o du\u017cej g\u0119sto\u015bci (<strong>570*340*245mm<\/strong>) zawieraj\u0105cy <strong>200 jednostek<\/strong> (20 pude\u0142ek po 10 sztuk). Ka\u017cdy karton wa\u017cy <strong>20,5 kg<\/strong> brutto, ze wzmocnion\u0105 konstrukcj\u0105 zapobiegaj\u0105c\u0105 uszkodzeniom podczas transportu. P\u00f3\u0142ki sklepowe mog\u0105 skutecznie eksponowa\u0107 pakowane jednostki, jednocze\u015bnie maksymalizuj\u0105c mar\u017ce zysku dzi\u0119ki zaletom zakup\u00f3w hurtowych.<\/p>\n<h3>Przegl\u0105d specyfikacji podstawowych<\/h3>\n<p><strong>Puffy<\/strong>25000 Puff\u00f3w<br \/>\n<strong>Cewka z podw\u00f3jn\u0105 siatk\u0105<\/strong>: 1ohm+1ohm<br \/>\n<strong>E-liquid<\/strong>25 ml<br \/>\n<strong>Nikotyna<\/strong>:0%\/2%\/5%<br \/>\n<strong>Bateria<\/strong>650mAh<br \/>\n<strong>Akumulator<\/strong>Typ-C<br \/>\n<strong>Wy\u015bwietlacz<\/strong>: LED ze \u015bledzeniem zu\u017cycia<br \/>\n<strong>Bezpiecze\u0144stwo<\/strong>: Blokada przed dzie\u0107mi w\u0142\u0105czona<br \/>\n<strong>Waga produktu<\/strong>92 g\/szt.<br \/>\n<strong>Wymiary<\/strong>: 55*31*107mm<br \/>\n<strong>Logistyka<\/strong>200szt\/ctn (20,5kg)<\/p>\n<h3>Kolekcja smak\u00f3w premium<\/h3>\n<p>Rozkoszuj si\u0119 naszymi profesjonalnie opracowanymi profilami smakowymi zoptymalizowanymi pod k\u0105tem systemu podw\u00f3jnej cewki:<br \/>\n<strong>- Truskawka Kiwi<\/strong> - Soczysta fuzja jag\u00f3d<br \/>\n<strong>- Brzoskwinia Mango Arbuz<\/strong> - Eksplozja tropikalnego trio<br \/>\n<strong>- L\u00f3d winogronowy<\/strong> - Frosted purple burst<br \/>\n<strong>- Arbuz truskawkowy<\/strong> - Letnia mieszanka owoc\u00f3w<br \/>\n<strong>- Arbuzowy l\u00f3d<\/strong> - Sch\u0142odzony karmazynowy nap\u00f3j orze\u017awiaj\u0105cy<br \/>\n<strong>- L\u00f3d brzoskwiniowy<\/strong> - Satysfakcja z zimnych owoc\u00f3w pestkowych<br \/>\n<strong>- Lemoniada jagodowo-malinowa<\/strong> - Pikantny mus jagodowy<br \/>\n<strong>- Jagoda na lodzie<\/strong> - Uczucie zamro\u017conego indygo<br \/>\n<strong>- Jagody mieszane<\/strong> - Mieszanka jag\u00f3d z g\u0142\u0119bokiego lasu<br \/>\n<strong>- Cherry Ice<\/strong> - Arktyczna wi\u015bniowa rozkosz<\/p>\n<h3>Dlaczego Aiviou dominuje na rynku<\/h3>\n<p>Z <strong>25000 zaci\u0105gni\u0119\u0107<\/strong> Przy\u0107miewaj\u0105c konkurent\u00f3w, ten vape wykazuje doskona\u0142\u0105 ekonomi\u0119 warto\u015bci - jego niezr\u00f3wnana trwa\u0142o\u015b\u0107 zmniejsza wp\u0142yw na \u015brodowisko i koszty cykliczne. The <strong>Podw\u00f3jna cewka siatkowa<\/strong> technologia regeneruje smaki 47% bardziej wydajnie ni\u017c alternatywy z pojedyncz\u0105 cewk\u0105, zgodnie z testami g\u0119sto\u015bci pary, podczas gdy <strong>\u0141adowanie typu C<\/strong> zapewnia pe\u0142n\u0105 moc w zaledwie 23 minuty. Dystrybutorzy korzystaj\u0105 z naszej wydajnej matrycy pakowania: <strong>200 sztuk w kartonie<\/strong> Zajmuje o 28% mniej miejsca w magazynie ni\u017c por\u00f3wnywalne produkty, umo\u017cliwiaj\u0105c jednocze\u015bnie szybkie uzupe\u0142nianie zapas\u00f3w na p\u00f3\u0142kach.<\/p>\n<p>Do\u015bwiadcz ewolucji waporyzacji z ka\u017cdym zaci\u0105gni\u0119ciem: Skalibrowany ci\u015bnieniowo system przep\u0142ywu powietrza Aiviou wytwarza niezwykle g\u0142adkie chmury niezale\u017cnie od wybranej mocy, a 92g <strong>ergonomiczna obudowa<\/strong> zapewnia najwy\u017cszej jako\u015bci dotykow\u0105 informacj\u0119 zwrotn\u0105, kt\u00f3rej brakuje w urz\u0105dzeniach bud\u017cetowych. Od pierwszego \u017cywego smaku <strong>Brzoskwinia Mango Arbuz<\/strong> do od\u015bwie\u017caj\u0105cego wyko\u0144czenia <strong>Jagoda na lodzie<\/strong>Ka\u017cdy smak ujawnia zniuansowane nuty dzi\u0119ki progresywnym etapom nagrzewania cewek siatkowych.<\/p>\n<p>Ten system waporyzacji reprezentuje szczyt trzech prze\u0142omowych technologii po\u0142\u0105czonych w jednym urz\u0105dzeniu: Cewki waporyzacyjne o wysokiej cz\u0119stotliwo\u015bci, wydajno\u015b\u0107 baterii nowej generacji i dostarczanie nikotyny o jako\u015bci farmaceutycznej - zamkni\u0119te w intuicyjnie zapakowanych rozwi\u0105zaniach masowych dla sprzedawc\u00f3w skaluj\u0105cych swoj\u0105 wydajno\u015b\u0107 w kategorii vape.<\/p>","protected":false},"excerpt":{"rendered":"<p>Do\u015bwiadczenie <strong>25 000 zaci\u0105gni\u0119\u0107<\/strong> na urz\u0105dzenie z pot\u0119\u017cnym Waspe Aiviou.<br \/>\nCechy <strong>Podw\u00f3jne cewki siatkowe<\/strong>, <strong>25 ml e-liquidu<\/strong> pojemno\u015b\u0107 i <strong>0%\/2%\/5% nikotyna<\/strong> opcje.<br \/>\n\u0141adowanie przez <strong>Typ-C<\/strong> z intuicyjnym <strong>Wy\u015bwietlacz LED<\/strong> do monitorowania w czasie rzeczywistym.<\/p>","protected":false},"featured_media":4769,"comment_status":"open","ping_status":"closed","template":"","meta":[],"product_brand":[332],"product_cat":[1068],"product_tag":[471,184,94,84,271,528],"class_list":{"0":"post-4775","1":"product","2":"type-product","3":"status-publish","4":"has-post-thumbnail","6":"product_brand-waspe","7":"product_cat-waspe","8":"product_tag-25000-puffs-disposable-vape","9":"product_tag-5-nicotine-vape","10":"product_tag-dual-mesh-coil-vape","11":"product_tag-rechargeable-vape-pen","12":"product_tag-type-c-vape","13":"product_tag-waspe-aiviou-25000","15":"first","16":"instock","17":"sale","18":"shipping-taxable","19":"purchasable","20":"product-type-variable"},"jetpack_sharing_enabled":true,"tiered_pricing_type":"fixed","tiered_pricing_fixed_rules":[],"tiered_pricing_product_settings":{"layout":"default","base_unit_name":{"singular":null,"plural":null},"default_variation":null},"tiered_pricing_minimum_quantity":null,"tiered_pricing_roles_data":[],"tiered_pricing_percentage_rules":[],"tiered_pricing_maximum_quantity":null,"tiered_pricing_quantity_step":null,"_links":{"self":[{"href":"https:\/\/frvape.com\/pl\/wp-json\/wp\/v2\/product\/4775","targetHints":{"allow":["GET"]}}],"collection":[{"href":"https:\/\/frvape.com\/pl\/wp-json\/wp\/v2\/product"}],"about":[{"href":"https:\/\/frvape.com\/pl\/wp-json\/wp\/v2\/types\/product"}],"replies":[{"embeddable":true,"href":"https:\/\/frvape.com\/pl\/wp-json\/wp\/v2\/comments?post=4775"}],"wp:featuredmedia":[{"embeddable":true,"href":"https:\/\/frvape.com\/pl\/wp-json\/wp\/v2\/media\/4769"}],"wp:attachment":[{"href":"https:\/\/frvape.com\/pl\/wp-json\/wp\/v2\/media?parent=4775"}],"wp:term":[{"taxonomy":"product_brand","embeddable":true,"href":"https:\/\/frvape.com\/pl\/wp-json\/wp\/v2\/product_brand?post=4775"},{"taxonomy":"product_cat","embeddable":true,"href":"https:\/\/frvape.com\/pl\/wp-json\/wp\/v2\/product_cat?post=4775"},{"taxonomy":"product_tag","embeddable":true,"href":"https:\/\/frvape.com\/pl\/wp-json\/wp\/v2\/product_tag?post=4775"}],"curies":[{"name":"wp","href":"https:\/\/api.w.org\/{rel}","templated":true}]}}