{"id":5046,"date":"2025-10-12T06:52:34","date_gmt":"2025-10-12T06:52:34","guid":{"rendered":"https:\/\/frvape.com\/product\/waspe-20000-disposable-vape-with-dual-mesh-coil-and-rechargeable-battery\/"},"modified":"2025-11-26T08:59:47","modified_gmt":"2025-11-26T08:59:47","slug":"jednorazowy-vape-waspe-20000-z-podwojna-cewka-siatkowa-i-akumulatorem","status":"publish","type":"product","link":"https:\/\/frvape.com\/pl\/product\/jednorazowy-vape-waspe-20000-z-podwojna-cewka-siatkowa-i-akumulatorem\/","title":{"rendered":"Jednorazowy Vape WASPE 20000 z podw\u00f3jn\u0105 cewk\u0105 siatkow\u0105 i akumulatorem"},"content":{"rendered":"<h3>Przegl\u0105d<\/h3>\n<p>The <strong>WASPE 20000 PUFFS Dual Mesh Box<\/strong> na nowo definiuje jednorazowe waporyzatory klasy premium, oferuj\u0105c niezr\u00f3wnane do\u015bwiadczenie w zakresie luksusu i wydajno\u015bci. Jako najnowocze\u015bniejszy <strong>jednorazowe vape<\/strong>\u0142\u0105czy w sobie elegancki wygl\u0105d z zaawansowanymi <strong>Technologia podw\u00f3jnej cewki siatkowej<\/strong> aby zapewni\u0107 optymaln\u0105 produkcj\u0119 pary i bogaty smak. Wyposa\u017cony w intuicyjny <strong>Wy\u015bwietlacz LED<\/strong> do monitorowania w czasie rzeczywistym, urz\u0105dzenie to jest przeznaczone dla vaper\u00f3w poszukuj\u0105cych zar\u00f3wno stylu, jak i tre\u015bci. Dzi\u0119ki du\u017cej pojemno\u015bci 20000 zaci\u0105gni\u0119\u0107 i wszechstronno\u015bci <strong>opcje nikotynowe<\/strong> Od 0% do 5%, WASPE 20000 pasuje do r\u00f3\u017cnych preferencji, niezale\u017cnie od tego, czy jeste\u015b pocz\u0105tkuj\u0105cym, czy entuzjast\u0105 d\u0105\u017c\u0105cym do d\u0142ugotrwa\u0142ej, bezproblemowej podr\u00f3\u017cy waporyzacyjnej.<\/p>\n<h3>Specyfikacja produktu<\/h3>\n<p>1. Puffy: <strong>20000 Puff\u00f3w<\/strong><br \/>\n2. Podw\u00f3jna cewka siatkowa: <strong>1ohm<\/strong> + <strong>1ohm<\/strong><br \/>\n3. E-liquid: <strong>24 ml<\/strong><br \/>\n4. Nikotyna: <strong>0%<\/strong>\/<strong>2%<\/strong>\/<strong>3%<\/strong>\/<strong>5%<\/strong><br \/>\n5. Bateria: <strong>900mAh<\/strong> <strong>akumulator<\/strong><br \/>\n6. Akumulator: <strong>Typ-C<\/strong> port do szybkiego i wygodnego \u0142adowania<br \/>\n7. Wy\u015bwietlacz LED: Wbudowany dla \u0142atwego \u015bledzenia zu\u017cycia i stanu baterii<br \/>\n8. Waga produktu: <strong>98g<\/strong> za sztuk\u0119<br \/>\n9. Rozmiar produktu: <strong>52 mm<\/strong> \u00d7 <strong>33 mm<\/strong> \u00d7 <strong>107 mm<\/strong><br \/>\n10. Rozmiar kartonu: <strong>545 mm<\/strong> \u00d7 <strong>335 mm<\/strong> \u00d7 <strong>235 mm<\/strong><br \/>\n11. ILO\u015a\u0106: <strong>200 sztuk w kartonie<\/strong>spakowany jako <strong>10 sztuk w opakowaniu<\/strong><br \/>\n12. G.W.: Ok. <strong>21 kg<\/strong> za karton<\/p>\n<h3>Kluczowe cechy i korzy\u015bci<\/h3>\n<p>Do\u015bwiadcz p\u0142ynnej waporyzacji dzi\u0119ki <strong>WASPE 20000<\/strong> dzi\u0119ki swojej innowacyjno\u015bci <strong>Podw\u00f3jna cewka siatkowa<\/strong> konstrukcja, kt\u00f3ra poprawia dystrybucj\u0119 ciep\u0142a i intensywno\u015b\u0107 smaku przy ka\u017cdym wdechu. Model <strong>wytrzyma\u0142a bateria 900 mAh<\/strong> zapewnia d\u0142u\u017csze u\u017cytkowanie i jest wydajnie \u0142adowany przez zintegrowany akumulator. <strong>Typ-C<\/strong> port, zapewniaj\u0105c, \u017ce nigdy nie zostaniesz z\u0142apany bez zasilania. To <strong>jednorazowe vape<\/strong> jest idealny do zakup\u00f3w hurtowych, a ka\u017cdy karton zawiera 200 sztuk idealnych do u\u017cytku osobistego lub dystrybucji komercyjnej. W zestawie <strong>Pojemno\u015b\u0107 e-liquidu 24 ml<\/strong> gwarantuje d\u0142u\u017csz\u0105 sesj\u0119 waporyzacji, zmniejszaj\u0105c potrzeb\u0119 cz\u0119stej wymiany, a lekka i ergonomiczna konstrukcja urz\u0105dzenia sprawia, \u017ce jest ono wysoce przeno\u015bne. Zaprojektowany z my\u015bl\u0105 o niezawodno\u015bci, podnosi rutyn\u0119 dzi\u0119ki po\u0142\u0105czeniu trwa\u0142o\u015bci, wygody i zaawansowanej technologii.<\/p>\n<h3>Opcje smakowe<\/h3>\n<p>Rozkoszuj si\u0119 r\u00f3\u017cnorodn\u0105 gam\u0105 <strong>pyszne smaki<\/strong> dostosowane do ka\u017cdego podniebienia. Ka\u017cda opcja zapewnia unikalny profil smakowy, opracowany w celu zwi\u0119kszenia satysfakcji z waporyzacji. Ciesz si\u0119 tymi najwy\u017cszej jako\u015bci e-liquidami <strong>smaki<\/strong>: Truskawka Malina Wi\u015bnia<br \/>\nPodw\u00f3jny l\u00f3d jab\u0142kowy<br \/>\nL\u00f3d jagodowy<br \/>\nLemoniada jagodowo-malinowa<br \/>\nArbuz truskawkowy<br \/>\nArbuz Bubblegum<br \/>\nLush Ice<br \/>\nTruskawka Kiwi<br \/>\nJagody mieszane<br \/>\nL\u00f3d winogronowy<br \/>\nKiwi Passion Fruit Guava<br \/>\nL\u00f3d brzoskwiniowy<\/p>\n<h3>Szczeg\u00f3\u0142owa wydajno\u015b\u0107<\/h3>\n<p>The <strong>WASPE 20000<\/strong> wyr\u00f3\u017cnia si\u0119 wysok\u0105 wydajno\u015bci\u0105 <strong>liczba zaci\u0105gni\u0119\u0107<\/strong>dzi\u0119ki czemu jest to op\u0142acalny wyb\u00f3r, kt\u00f3ry maksymalizuje warto\u015b\u0107 dla vaper\u00f3w. Konfiguracja podw\u00f3jnej siatki, dzia\u0142aj\u0105ca przy <strong>1ohm + 1ohm<\/strong>Zapewnia sta\u0142\u0105 kontrol\u0119 temperatury i g\u0119ste chmury pary bez ryzyka suchych uderze\u0144. Niezale\u017cnie od tego, czy wolisz nikotyn\u0119 do uderzenia w gard\u0142o, czy g\u0142adkie doznania bez nikotyny, to urz\u0105dzenie zapewnia satysfakcj\u0119, kt\u00f3r\u0105 mo\u017cna dostosowa\u0107. Wentylator <strong>Wy\u015bwietlacz LED<\/strong> informuje u\u017cytkownika w czasie rzeczywistym o \u017cywotno\u015bci baterii i zu\u017cyciu energii, dodaj\u0105c odrobin\u0119 nowoczesnego wyrafinowania. U\u017cytkownicy dbaj\u0105cy o \u015brodowisko doceniaj\u0105 <strong>akumulator<\/strong> zmniejszaj\u0105c ilo\u015b\u0107 odpad\u00f3w w por\u00f3wnaniu z alternatywami jednorazowego u\u017cytku. WASPE 20000 PUFFS Dual Mesh Box to najlepszy wyb\u00f3r, je\u015bli chodzi o waporyzator klasy premium, kt\u00f3ry \u0142\u0105czy w sobie wydajno\u015b\u0107, r\u00f3\u017cnorodno\u015b\u0107 i przyjazn\u0105 dla u\u017cytkownika konstrukcj\u0119.<\/p>\n<h3>Dlaczego warto wybra\u0107 WASPE 20000?<\/h3>\n<p>Ten wyj\u0105tkowy <strong>jednorazowe vape<\/strong> oferuje d\u0142ugotrwa\u0142e rozwi\u0105zanie dzi\u0119ki <strong>ogromne 20000 zaci\u0105gni\u0119\u0107<\/strong> \u017cywotno\u015b\u0107, idealna na d\u0142u\u017csze podr\u00f3\u017ce lub do codziennego u\u017cytku. Jego kompaktowy rozmiar i <strong>waga 98 g<\/strong> Konstrukcja sprawia, \u017ce jest \u0142atwy do przenoszenia, ale ma mocny cios z <strong>Silna moc pary<\/strong> z podw\u00f3jnych cewek. Dla sprzedawc\u00f3w detalicznych wygoda pakowania z <strong>200 sztuk w kartonie<\/strong> upraszcza zarz\u0105dzanie zapasami i sprzeda\u017c. Vaperzy mog\u0105 odkrywa\u0107 <strong>Bogata mieszanka smak\u00f3w<\/strong>Od owocowych po lodowe, dzi\u0119ki czemu ka\u017cdy znajdzie co\u015b dla siebie. Niezawodno\u015b\u0107 <strong>Bateria 900 mAh<\/strong> oznacza mniej przerw, a szybkie <strong>Typ-C<\/strong> System \u0142adowania zapewnia, \u017ce zawsze jeste\u015b gotowy do waporyzacji. Uaktualnij do WASPE 20000, aby uzyska\u0107 ulepszon\u0105 podr\u00f3\u017c zdefiniowan\u0105 przez luksus, innowacje i czyst\u0105 przyjemno\u015b\u0107.<\/p>","protected":false},"excerpt":{"rendered":"<p>Przedstawiamy <strong>WASPE 20000<\/strong> jednorazowy vape, wyposa\u017cony w <strong>Imponuj\u0105ca pojemno\u015b\u0107 20000 puff\u00f3w<\/strong> oraz <strong>Najnowocze\u015bniejsza technologia podw\u00f3jnej cewki siatkowej<\/strong> dla doskona\u0142ego smaku i pary. Wyb\u00f3r spo\u015br\u00f3d wielu <strong>moc nikotyny<\/strong> (0% do 5%) i cieszy\u0107 si\u0119 eleganckim wygl\u0105dem z <strong>Wy\u015bwietlacz LCD czasu rzeczywistego<\/strong>. Zasilany przez <strong>akumulator<\/strong> Dzi\u0119ki portowi typu C zapewnia d\u0142ugotrwa\u0142\u0105 wydajno\u015b\u0107 i wygod\u0119 podczas luksusowej waporyzacji.<\/p>","protected":false},"featured_media":5040,"comment_status":"open","ping_status":"closed","template":"","meta":[],"product_brand":[332],"product_cat":[1016,1068],"product_tag":[512,112,244,541,342,540],"class_list":{"0":"post-5046","1":"product","2":"type-product","3":"status-publish","4":"has-post-thumbnail","6":"product_brand-waspe","7":"product_cat-big-puffs-vapes","8":"product_cat-waspe","9":"product_tag-20000-puffs","10":"product_tag-disposable-vape","11":"product_tag-dual-mesh-coil","12":"product_tag-flavored-e-cig","13":"product_tag-rechargeable-battery","14":"product_tag-waspe-20000","16":"first","17":"instock","18":"sale","19":"shipping-taxable","20":"purchasable","21":"product-type-variable"},"jetpack_sharing_enabled":true,"tiered_pricing_type":"fixed","tiered_pricing_fixed_rules":[],"tiered_pricing_product_settings":{"layout":"default","base_unit_name":{"singular":null,"plural":null},"default_variation":null},"tiered_pricing_minimum_quantity":null,"tiered_pricing_roles_data":[],"tiered_pricing_percentage_rules":[],"tiered_pricing_maximum_quantity":null,"tiered_pricing_quantity_step":null,"_links":{"self":[{"href":"https:\/\/frvape.com\/pl\/wp-json\/wp\/v2\/product\/5046","targetHints":{"allow":["GET"]}}],"collection":[{"href":"https:\/\/frvape.com\/pl\/wp-json\/wp\/v2\/product"}],"about":[{"href":"https:\/\/frvape.com\/pl\/wp-json\/wp\/v2\/types\/product"}],"replies":[{"embeddable":true,"href":"https:\/\/frvape.com\/pl\/wp-json\/wp\/v2\/comments?post=5046"}],"wp:featuredmedia":[{"embeddable":true,"href":"https:\/\/frvape.com\/pl\/wp-json\/wp\/v2\/media\/5040"}],"wp:attachment":[{"href":"https:\/\/frvape.com\/pl\/wp-json\/wp\/v2\/media?parent=5046"}],"wp:term":[{"taxonomy":"product_brand","embeddable":true,"href":"https:\/\/frvape.com\/pl\/wp-json\/wp\/v2\/product_brand?post=5046"},{"taxonomy":"product_cat","embeddable":true,"href":"https:\/\/frvape.com\/pl\/wp-json\/wp\/v2\/product_cat?post=5046"},{"taxonomy":"product_tag","embeddable":true,"href":"https:\/\/frvape.com\/pl\/wp-json\/wp\/v2\/product_tag?post=5046"}],"curies":[{"name":"wp","href":"https:\/\/api.w.org\/{rel}","templated":true}]}}