{"id":5423,"date":"2025-10-12T07:34:55","date_gmt":"2025-10-12T07:34:55","guid":{"rendered":"https:\/\/frvape.com\/product\/uzy-bang-digital-15000-puffs-disposable-vape-high-performance-long-lasting\/"},"modified":"2025-11-04T01:54:06","modified_gmt":"2025-11-04T01:54:06","slug":"uzy-bang-digital-15000-puff-jednorazowy-vape-wysoka-wydajnosc-dlugotrwale-dzialanie","status":"publish","type":"product","link":"https:\/\/frvape.com\/pl\/product\/uzy-bang-digital-15000-puff-jednorazowy-vape-wysoka-wydajnosc-dlugotrwale-dzialanie\/","title":{"rendered":"UZY Bang Digital 15000 Puffs jednorazowe Vape - wysoka wydajno\u015b\u0107 i d\u0142uga \u017cywotno\u015b\u0107"},"content":{"rendered":"<h3>Przedstawiamy UZY Bang Digital 15000 Puffs Vape<\/h3>\n<p>Do\u015bwiadczenie najwy\u017cszej jako\u015bci <strong>Wygoda i wydajno\u015b\u0107<\/strong> z <strong>UZY Bang Digital 15000 puff\u00f3w Vape<\/strong>to wysokiej klasy urz\u0105dzenie zaprojektowane dla wymagaj\u0105cych u\u017cytkownik\u00f3w, kt\u00f3rzy oczekuj\u0105 najlepszej technologii waporyzacji. Stworzony, aby by\u0107 <strong>lekki<\/strong>, <strong>pot\u0119\u017cny<\/strong>oraz <strong>zaawansowany<\/strong>Ten waporyzator oferuje niezr\u00f3wnane doznania dostosowane do Twoich preferencji.<\/p>\n<h3>Zaawansowana bateria i technologia rdzenia<\/h3>\n<p>Wyposa\u017cony w zintegrowany <strong>Akumulator o pojemno\u015bci 850 mAh<\/strong> oraz <strong>Port wej\u015bciowy typu C<\/strong>Urz\u0105dzenie to zapewnia <strong>d\u0142ugotrwa\u0142e u\u017cytkowanie<\/strong>zapewniaj\u0105c do <strong>15000 zaci\u0105gni\u0119\u0107<\/strong> przed \u0142adowaniem. Po\u017cegnaj si\u0119 z cz\u0119stymi przerwami w zasilaniu i ciesz si\u0119 p\u0142ynnymi sesjami waporyzacji w podr\u00f3\u017cy.<\/p>\n<h3>Wydajne i sp\u00f3jne zasilanie<\/h3>\n<p>Z <strong>wydajne i sp\u00f3jne dostarczanie mocy<\/strong>UZY Bang Digital gwarantuje niezawodn\u0105 produkcj\u0119 pary i bogaty smak przy ka\u017cdym zaci\u0105gni\u0119ciu. Zapewnia to satysfakcjonuj\u0105ce i przyjemne wra\u017cenia, idealne zar\u00f3wno dla nowych, jak i do\u015bwiadczonych vaper\u00f3w.<\/p>\n<h3>Du\u017ca pojemno\u015b\u0107 E-Liquid<\/h3>\n<p>Szczyc\u0105cy si\u0119 hojnym <strong>Pojemno\u015b\u0107 wst\u0119pnie nape\u0142nionego e-soku 20 ml<\/strong>ten vape <strong>eliminuje potrzeb\u0119<\/strong> do cz\u0119stego uzupe\u0142niania. Delektuj si\u0119 ulubionymi smakami przez d\u0142u\u017cszy czas, dzi\u0119ki czemu idealnie nadaje si\u0119 do codziennego u\u017cytku bez kompromis\u00f3w.<\/p>\n<h3>Konfigurowalne poziomy nikotyny<\/h3>\n<p>Zaprojektowany z my\u015bl\u0105 o personalizacji <strong>UZY Bang Digital oferuje regulowan\u0105 moc nikotyny<\/strong> w tym <strong>0%<\/strong>, <strong>2%<\/strong>, <strong>3%<\/strong>oraz <strong>5% opcje soli nikotynowej<\/strong>. Niezale\u017cnie od tego, czy wolisz p\u0142ynne, beznikotynowe doznania, czy mocniejsze uderzenie, to urz\u0105dzenie dostosowuje si\u0119 do Twoich unikalnych potrzeb.<\/p>\n<h3>Funkcja wy\u015bwietlacza LED<\/h3>\n<p>Zintegrowany <strong>Wy\u015bwietlacz LED<\/strong> informuje o istotnych wska\u017anikach, takich jak <strong>\u017cywotno\u015b\u0107 baterii<\/strong> oraz <strong>Poziomy e-soku<\/strong>zapewniaj\u0105c kontrol\u0119 nad swoj\u0105 podr\u00f3\u017c\u0105 z waporyzacj\u0105.<\/p>\n<h3>Ekscytuj\u0105ce opcje smakowe<\/h3>\n<p>Zanurz si\u0119 w \u015bwiecie smaku dzi\u0119ki naszej r\u00f3\u017cnorodnej ofercie <strong>Smaki e-soku<\/strong>stworzone z my\u015bl\u0105 o wyj\u0105tkowej satysfakcji:<br \/>MR Blue<br \/>Bor\u00f3wka Malina<br \/>Jagoda na lodzie<br \/>L\u00f3d winogronowy<br \/>Red Energy Ice<br \/>L\u00f3d brzoskwiniowy<br \/>Kiwi Passion Fruit<br \/>Potr\u00f3jny l\u00f3d z mango<br \/>Brzoskwinia Mango Ananas<br \/>Arbuz truskawkowy<br \/>Truskawka Kiwi<br \/>Arbuzowy l\u00f3d<br \/>Ka\u017cdy smak zapewnia orze\u017awiaj\u0105co g\u0142adkie i przyjemne doznania podczas waporyzacji.<\/p>\n<h3>Wnioski<\/h3>\n<p>Podnie\u015b poziom swojej podr\u00f3\u017cy z waporyzatorem <strong>UZY Bang Digital 15000 puff\u00f3w Vape<\/strong>. To urz\u0105dzenie \u0142\u0105czy w sobie <strong>Najnowocze\u015bniejsza technologia<\/strong>, <strong>Personalizacja przyjazna dla u\u017cytkownika<\/strong>i doskona\u0142\u0105 wydajno\u015b\u0107 zapewniaj\u0105c\u0105 najwy\u017cszej jako\u015bci doznania. Zanurz si\u0119 w ka\u017cdym zaci\u0105gni\u0119ciu, wiedz\u0105c, \u017ce zosta\u0142 zaprojektowany tak, aby przekracza\u0107 oczekiwania i zapewnia\u0107 bezproblemowe sesje.<\/p>","protected":false},"excerpt":{"rendered":"<p>Do\u015bwiadczenie <strong>vaping o wysokiej wydajno\u015bci<\/strong> z urz\u0105dzeniem UZY Bang Digital 15000. Cechy <strong>d\u0142ugotrwa\u0142a bateria 850 mAh<\/strong>, <strong>15000 zaci\u0105gni\u0119\u0107<\/strong>oraz <strong>Wst\u0119pnie nape\u0142niony p\u0142yn o pojemno\u015bci 20 ml<\/strong>.<br \/>Ciesz si\u0119 <strong>wiele poziom\u00f3w nikotyny<\/strong> w tym 0%, 2%, 3%, 5% oraz r\u00f3\u017cne \u015bwie\u017ce smaki e-sok\u00f3w.<\/p>","protected":false},"featured_media":5417,"comment_status":"open","ping_status":"closed","template":"","meta":[],"product_brand":[237],"product_cat":[846],"product_tag":[564,112,350,562,563,561],"class_list":{"0":"post-5423","1":"product","2":"type-product","3":"status-publish","4":"has-post-thumbnail","6":"product_brand-uzy","7":"product_cat-uzy","8":"product_tag-custom-nicotine","9":"product_tag-disposable-vape","10":"product_tag-electronic-cigarette","11":"product_tag-long-lasting-battery","12":"product_tag-pre-filled-pod","13":"product_tag-uzy-bang-digital-15000-puffs","15":"first","16":"instock","17":"sale","18":"shipping-taxable","19":"purchasable","20":"product-type-variable"},"jetpack_sharing_enabled":true,"tiered_pricing_type":"fixed","tiered_pricing_fixed_rules":[],"tiered_pricing_product_settings":{"layout":"default","base_unit_name":{"singular":null,"plural":null},"default_variation":null},"tiered_pricing_minimum_quantity":null,"tiered_pricing_roles_data":[],"tiered_pricing_percentage_rules":[],"tiered_pricing_maximum_quantity":null,"tiered_pricing_quantity_step":null,"_links":{"self":[{"href":"https:\/\/frvape.com\/pl\/wp-json\/wp\/v2\/product\/5423","targetHints":{"allow":["GET"]}}],"collection":[{"href":"https:\/\/frvape.com\/pl\/wp-json\/wp\/v2\/product"}],"about":[{"href":"https:\/\/frvape.com\/pl\/wp-json\/wp\/v2\/types\/product"}],"replies":[{"embeddable":true,"href":"https:\/\/frvape.com\/pl\/wp-json\/wp\/v2\/comments?post=5423"}],"wp:featuredmedia":[{"embeddable":true,"href":"https:\/\/frvape.com\/pl\/wp-json\/wp\/v2\/media\/5417"}],"wp:attachment":[{"href":"https:\/\/frvape.com\/pl\/wp-json\/wp\/v2\/media?parent=5423"}],"wp:term":[{"taxonomy":"product_brand","embeddable":true,"href":"https:\/\/frvape.com\/pl\/wp-json\/wp\/v2\/product_brand?post=5423"},{"taxonomy":"product_cat","embeddable":true,"href":"https:\/\/frvape.com\/pl\/wp-json\/wp\/v2\/product_cat?post=5423"},{"taxonomy":"product_tag","embeddable":true,"href":"https:\/\/frvape.com\/pl\/wp-json\/wp\/v2\/product_tag?post=5423"}],"curies":[{"name":"wp","href":"https:\/\/api.w.org\/{rel}","templated":true}]}}