{"id":5941,"date":"2025-10-12T08:47:58","date_gmt":"2025-10-12T08:47:58","guid":{"rendered":"https:\/\/frvape.com\/product\/zooy-blaze-25000-disposable-vape-25k-puffs-full-screen-design-adjustable\/"},"modified":"2025-11-04T01:57:07","modified_gmt":"2025-11-04T01:57:07","slug":"zooy-blaze-25000-jednorazowy-vape-25k-zaciagniec-pelnoekranowy-design-regulowany","status":"publish","type":"product","link":"https:\/\/frvape.com\/pl\/product\/zooy-blaze-25000-jednorazowy-vape-25k-zaciagniec-pelnoekranowy-design-regulowany\/","title":{"rendered":"Zooy Blaze 25000 Jednorazowy Vape - 25 tys. zaci\u0105gni\u0119\u0107 Pe\u0142noekranowa konstrukcja i regulacja"},"content":{"rendered":"<h3>Przegl\u0105d<\/h3>\n<p>The <strong>Zooy Blaze 25000<\/strong> jest wiod\u0105cym na rynku jednorazowym e-papierosem, \u0142\u0105cz\u0105cym najnowocze\u015bniejsz\u0105 technologi\u0119 z niesamowit\u0105 warto\u015bci\u0105 dzi\u0119ki swoim <strong>Projekt pe\u0142noekranowy<\/strong> i rozbudowany zestaw funkcji.<br \/>Zaprojektowany z my\u015bl\u0105 o doskona\u0142ej wydajno\u015bci i satysfakcji u\u017cytkownika, obs\u0142uguje r\u00f3\u017cnorodne style waporyzacji, dzi\u0119ki czemu jest idealny zar\u00f3wno dla pocz\u0105tkuj\u0105cych, jak i entuzjast\u00f3w.<\/p>\n<h3>Innowacyjna konstrukcja i funkcje<\/h3>\n<p>Wkrocz w przysz\u0142o\u015b\u0107 waporyzacji z tym wyr\u00f3\u017cniaj\u0105cym si\u0119 urz\u0105dzeniem <strong>wy\u015bwietlacz pe\u0142noekranowy<\/strong>kt\u00f3ry nie tylko poprawia estetyk\u0119, ale tak\u017ce oferuje wi\u0119kszy, intuicyjny interfejs u\u0142atwiaj\u0105cy obs\u0142ug\u0119.<br \/>Monitorowanie w czasie rzeczywistym poziomu e-cieczy i stanu baterii zapewnia kontrolowane i bezpieczne do\u015bwiadczenie, zmniejszaj\u0105c niepewno\u015b\u0107 podczas u\u017cytkowania.<br \/>Dodanie <strong>regulowany przep\u0142yw powietrza<\/strong> pozwala u\u017cytkownikom dostosowa\u0107 op\u00f3r zaci\u0105gania do ich preferencji, tworz\u0105c p\u0142ynny i satysfakcjonuj\u0105cy wdech za ka\u017cdym razem.<br \/>Bezpiecze\u0144stwo jest priorytetem dzi\u0119ki zintegrowanemu <strong>blokada przed dzie\u0107mi<\/strong> aby zapobiec niezamierzonej aktywacji, zapewniaj\u0105c spok\u00f3j ducha i innowacyjno\u015b\u0107.<\/p>\n<h3>Specyfikacja wysokiej wydajno\u015bci<\/h3>\n<p>Imponuj\u0105cy <strong>25000 zaci\u0105gni\u0119\u0107<\/strong> na urz\u0105dzenie, Zooy Blaze 25000 eliminuje k\u0142opoty zwi\u0105zane z ci\u0105g\u0142\u0105 wymian\u0105 dzi\u0119ki du\u017cemu rozmiarowi. <strong>Pojemno\u015b\u0107 kapsu\u0142ki 32 ml<\/strong>.<br \/>Zasilany przez niezawodny <strong>Akumulator o pojemno\u015bci 650 mAh<\/strong>Obs\u0142uguje szybkie \u0142adowanie USB typu C, zapewniaj\u0105c szybkie i wydajne zasilanie w podr\u00f3\u017cy.<br \/>Aby zapewni\u0107 sta\u0142\u0105 produkcj\u0119 pary <strong>cewki z podw\u00f3jn\u0105 siatk\u0105<\/strong> Skutecznie ogrzewa, aby zachowa\u0107 bogate profile smakowe przy ka\u017cdym wdechu.<br \/>U\u017cytkownicy mog\u0105 wybiera\u0107 spo\u015br\u00f3d wielu mocy nikotyny.<strong>2% (20 mg), 3% (30 mg) lub 5% (50 mg) opcje soli niklowej<\/strong>-Dostosowuj\u0105c si\u0119 do r\u00f3\u017cnych preferencji.<br \/>Kompaktowe wymiary 25*48*101 mm i waga zaledwie 120 g sprawiaj\u0105, \u017ce jest on przeno\u015bny, a jednocze\u015bnie wydajny, co pozwala cieszy\u0107 si\u0119 nim przez ca\u0142y dzie\u0144.<\/p>\n<h3>Wy\u015bmienita r\u00f3\u017cnorodno\u015b\u0107 smak\u00f3w<\/h3>\n<p>Zanurz si\u0119 w przepysznym wyborze dziesi\u0119ciu wyrafinowanych <strong>aromaty owocowe<\/strong>Ka\u017cda z nich zosta\u0142a stworzona z my\u015bl\u0105 o zapewnieniu intensywnych dozna\u0144 smakowych i wyj\u0105tkowej przygody z waporyzacj\u0105.<br \/>Skrupulatnie opracowana oferta obejmuje:<\/p>\n<p>jagoda mieszana<br \/>arbuz truskawkowy<br \/>cytryna winogronowa<br \/>l\u00f3d jagodowy<br \/>truskawka kiwi<br \/>jab\u0142ko brzoskwinia<br \/>l\u00f3d arbuzowy<br \/>lemoniada blue razz<br \/>mi\u0119ta niebieska (mi\u0119ta jagodowa)<br \/>je\u017cyna wi\u015bnia cytryna<\/p>\n<p>Ta r\u00f3\u017cnorodna gama - od klasycznych ulubionych po unikalne lodowe twisty - zapewnia ka\u017cdemu u\u017cytkownikowi znalezienie idealnego dopasowania, jednocze\u015bnie dodaj\u0105c nowo\u015bci i ekscytacji do codziennych czynno\u015bci.<\/p>\n<h3>Wnioski<\/h3>\n<p>Zasadniczo Zooy Blaze 25000 na nowo definiuje wygod\u0119 dzi\u0119ki solidnej \u017cywotno\u015bci 25 000 zaci\u0105gni\u0119\u0107, inteligentnemu wy\u015bwietlaczowi w czasie rzeczywistym i wszechstronno\u015bci smaku.<br \/>Niezale\u017cnie od tego, czy szukasz element\u00f3w nastawionych na wydajno\u015b\u0107, takich jak <strong>cewki z podw\u00f3jn\u0105 siatk\u0105<\/strong> lub personalizacja poprzez <strong>regulowane ustawienia<\/strong>Ten e-papieros zapewnia najwy\u017cszej jako\u015bci doznania, kt\u00f3re stawiaj\u0105 na pierwszym miejscu zdrowie, wydajno\u015b\u0107 i przyjemno\u015b\u0107.<br \/>Wspierany przez zaawansowan\u0105 technologi\u0119 \u0142adowania i praktyczne funkcje bezpiecze\u0144stwa, wyznacza nowy standard w nowoczesnych rozwi\u0105zaniach waporyzacyjnych.<\/p>","protected":false},"excerpt":{"rendered":"<p>Do\u015bwiadczenie <strong>Zooy Blaze 25000<\/strong> jednorazowe vape, zawieraj\u0105ce <strong>25 000 zaci\u0105gni\u0119\u0107<\/strong>, a <strong>wy\u015bwietlacz pe\u0142noekranowy<\/strong>i dziesi\u0119\u0107 egzotycznych <strong>aromaty owocowe<\/strong>.<br \/>Mo\u017cliwo\u015b\u0107 \u0142adowania przez USB-C z <strong>regulowany przep\u0142yw powietrza<\/strong> do spersonalizowanego wapowania.<\/p>","protected":false},"featured_media":5935,"comment_status":"open","ping_status":"closed","template":"","meta":[],"product_brand":[97],"product_cat":[860],"product_tag":[603,163,112,605,604,602],"class_list":{"0":"post-5941","1":"product","2":"type-product","3":"status-publish","4":"has-post-thumbnail","6":"product_brand-zooy","7":"product_cat-zooy","8":"product_tag-25000-puff-e-cig","9":"product_tag-adjustable-airflow","10":"product_tag-disposable-vape","11":"product_tag-fruit-flavors","12":"product_tag-full-screen-display","13":"product_tag-zooy-blaze-25000","15":"first","16":"instock","17":"sale","18":"shipping-taxable","19":"purchasable","20":"product-type-variable"},"jetpack_sharing_enabled":true,"tiered_pricing_type":"fixed","tiered_pricing_fixed_rules":[],"tiered_pricing_product_settings":{"layout":"default","base_unit_name":{"singular":null,"plural":null},"default_variation":null},"tiered_pricing_minimum_quantity":null,"tiered_pricing_roles_data":[],"tiered_pricing_percentage_rules":[],"tiered_pricing_maximum_quantity":null,"tiered_pricing_quantity_step":null,"_links":{"self":[{"href":"https:\/\/frvape.com\/pl\/wp-json\/wp\/v2\/product\/5941","targetHints":{"allow":["GET"]}}],"collection":[{"href":"https:\/\/frvape.com\/pl\/wp-json\/wp\/v2\/product"}],"about":[{"href":"https:\/\/frvape.com\/pl\/wp-json\/wp\/v2\/types\/product"}],"replies":[{"embeddable":true,"href":"https:\/\/frvape.com\/pl\/wp-json\/wp\/v2\/comments?post=5941"}],"wp:featuredmedia":[{"embeddable":true,"href":"https:\/\/frvape.com\/pl\/wp-json\/wp\/v2\/media\/5935"}],"wp:attachment":[{"href":"https:\/\/frvape.com\/pl\/wp-json\/wp\/v2\/media?parent=5941"}],"wp:term":[{"taxonomy":"product_brand","embeddable":true,"href":"https:\/\/frvape.com\/pl\/wp-json\/wp\/v2\/product_brand?post=5941"},{"taxonomy":"product_cat","embeddable":true,"href":"https:\/\/frvape.com\/pl\/wp-json\/wp\/v2\/product_cat?post=5941"},{"taxonomy":"product_tag","embeddable":true,"href":"https:\/\/frvape.com\/pl\/wp-json\/wp\/v2\/product_tag?post=5941"}],"curies":[{"name":"wp","href":"https:\/\/api.w.org\/{rel}","templated":true}]}}