{"id":620,"date":"2025-10-11T15:33:07","date_gmt":"2025-10-11T15:33:07","guid":{"rendered":"https:\/\/frvape.com\/product\/bang-king-15000-disposable-vape-15k-puffs-multiple-nicotine-strengths\/"},"modified":"2025-11-04T01:45:08","modified_gmt":"2025-11-04T01:45:08","slug":"bang-king-15000-jednorazowy-vape-15k-zaciagniec-wiele-mocy-nikotyny","status":"publish","type":"product","link":"https:\/\/frvape.com\/pl\/product\/bang-king-15000-jednorazowy-vape-15k-zaciagniec-wiele-mocy-nikotyny\/","title":{"rendered":"Bang King 15000 Jednorazowe Vape | 15 tys. zaci\u0105gni\u0119\u0107, wiele mocy nikotyny"},"content":{"rendered":"<h3>Rewolucyjne do\u015bwiadczenie waporyzacji<\/h3>\n<p>Przedstawiamy <strong>Bang King 15000 Vape jednorazowego u\u017cytku<\/strong> - to najlepsze rozwi\u0105zanie zar\u00f3wno dla zwyk\u0142ych vaper\u00f3w, jak i dystrybutor\u00f3w hurtowych w Holandii, Niemczech, Belgii i Hiszpanii. To urz\u0105dzenie klasy premium \u0142\u0105czy w sobie bezprecedensow\u0105 pojemno\u015b\u0107 z innowacyjn\u0105 technologi\u0105, zapewniaj\u0105c wyj\u0105tkow\u0105 wydajno\u015b\u0107. <strong>15 000 puff<\/strong> \u017cywotno\u015b\u0107 poprzez jego masywny <strong>25 ml zintegrowanego e-liquidu<\/strong> zbiornik.<\/p>\n<h3>Zaawansowane specyfikacje techniczne<\/h3>\n<p>Zaprojektowany z wykorzystaniem najnowocze\u015bniejszych komponent\u00f3w:<\/p>\n<p>&#8211; <strong>15,000 Puffs<\/strong> na urz\u0105dzenie<br \/>&#8211; <strong>Pojemno\u015b\u0107 25 ml e-liquidu<\/strong> (wiod\u0105cy w bran\u017cy wolumen)<br \/>&#8211; <strong>Akumulator Pure Cobalt o pojemno\u015bci 650 mAh<\/strong> z roz\u0142adowaniem 5A<br \/>- Zaawansowany <strong>Op\u00f3r 1,0ohm<\/strong> system cewek siatkowych<br \/>- Szybki <strong>\u0141adowanie typu C<\/strong> port<br \/>&#8211; <strong>Cztery opcje nikotyny<\/strong>: 0%, 2%, 3%, 5%<\/p>\n<h3>Spektrum smak\u00f3w<\/h3>\n<p>Poznaj nasz\u0105 r\u00f3\u017cnorodno\u015b\u0107 <strong>elektroniczne smaki vape<\/strong> kolekcja:<\/p>\n<p>R\u00f3\u017cowa lemoniada<br \/>Aloe Grape<br \/>Owoce tropikalne<br \/>Brzoskwinia Mango<br \/>Wata cukrowa<br \/>Kwa\u015bne jab\u0142ko malina<br \/>Jogurt truskawkowy<br \/>arbuz guma balonowa<br \/>Blue Razzice<br \/>Kiwi, marakuja, guawa<br \/>truskawka-arbuz<br \/>Potr\u00f3jny l\u00f3d jagodowy<br \/>Peachice<br \/>cherry pop<br \/>Truskawka Kiwi<br \/>czarny smoczy l\u00f3d<br \/>LUSHICE<br \/>DLUBLE APPLE<br \/>Banan truskawkowy<br \/>Cool Mint<\/p>\n<h3>Doskona\u0142o\u015b\u0107 wynik\u00f3w<\/h3>\n<p>The <strong>Bang King 15000<\/strong> wyznacza nowe standardy dla jednorazowych waporyzator\u00f3w dzi\u0119ki zaawansowanym <strong>Technologia cewek siatkowych<\/strong>. Ten rewolucyjny system zapewnia niezr\u00f3wnan\u0105 czysto\u015b\u0107 smaku i sta\u0142\u0105 produkcj\u0119 pary od pierwszego do ostatniego zaci\u0105gni\u0119cia. W przeciwie\u0144stwie do tradycyjnych urz\u0105dze\u0144 jednorazowych, nasza opatentowana konstrukcja cewki zapobiega suchym uderzeniom, jednocze\u015bnie maksymalizuj\u0105c wydajno\u015b\u0107 e-liquidu.<\/p>\n<h3>Zalety akumulator\u00f3w<\/h3>\n<p>Nigdy wi\u0119cej nie marnuj e-liquidu! Zintegrowany <strong>system akumulatorowy<\/strong> zmienia jednorazowe do\u015bwiadczenie waporyzacji. Najwy\u017cszej jako\u015bci <strong>Akumulator 650 mAh<\/strong> podpory <strong>szybkie \u0142adowanie typu C<\/strong> - zaledwie 30 minut zapewnia pojemno\u015b\u0107 80%. To innowacyjne podej\u015bcie sprawia, \u017ce Bang King jest najbardziej <strong>op\u0142acalne jednorazowe vape<\/strong> rozwi\u0105zanie na rynku, szczeg\u00f3lnie dla nabywc\u00f3w hurtowych.<\/p>\n<h3>Wszechstronno\u015b\u0107 nikotyny<\/h3>\n<p>Zaspokajaj\u0105c wszystkie preferencje dotycz\u0105ce waporyzacji, Bang King oferuje niezr\u00f3wnan\u0105 elastyczno\u015b\u0107 dzi\u0119ki czterem <strong>Opcje mocy nikotyny<\/strong>. Wybieraj spo\u015br\u00f3d zerowej zawarto\u015bci nikotyny (0%) dla puryst\u00f3w smakowych, \u0142agodnych opcji (2%-3%) dla zwyk\u0142ych u\u017cytkownik\u00f3w lub intensywno\u015bci zbli\u017conej do tytoniu (5%) dla na\u0142ogowych palaczy przechodz\u0105cych na waporyzacj\u0119.<\/p>\n<h3>Zalety sprzeda\u017cy hurtowej<\/h3>\n<p>Jako oryginalny produkt fabryczny <strong>Bang King 15000<\/strong> zapewnia wyj\u0105tkow\u0105 kontrol\u0119 jako\u015bci i korzy\u015bci cenowe dla dystrybutor\u00f3w. The <strong>Konstrukcja niewymagaj\u0105ca konserwacji<\/strong> i wysokiej jako\u015bci prezentacja sprawiaj\u0105, \u017ce idealnie nadaje si\u0119 do sprzeda\u017cy detalicznej, podczas gdy rozszerzona <strong>\u017bywotno\u015b\u0107 15 000 puff\u00f3w<\/strong> zapewnia wi\u0119ksz\u0105 satysfakcj\u0119 klienta i powtarzalno\u015b\u0107 transakcji.<\/p>\n<h3>Prze\u0142omy w in\u017cynierii<\/h3>\n<p>P\u0142ynna integracja <strong>Zdolno\u015b\u0107 roz\u0142adowania 5A<\/strong> z <strong>czysta bateria kobaltowa<\/strong> zapewnia niespotykan\u0105 dot\u0105d wydajno\u015b\u0107 urz\u0105dzenia jednorazowego u\u017cytku. W po\u0142\u0105czeniu z zaawansowanym <strong>Cewka siatkowa 1,0ohm<\/strong>Ta techniczna synergia zapewnia zar\u00f3wno pot\u0119\u017cn\u0105 produkcj\u0119 chmury, jak i wyj\u0105tkow\u0105 wyrazisto\u015b\u0107 smaku, kt\u00f3ra utrzymuje si\u0119 przez wszystkie 15 000 zaci\u0105gni\u0119\u0107 - to prawdziwa innowacja na rynku.<\/p>\n<h3>Optymalne wra\u017cenia z u\u017cytkowania<\/h3>\n<p>Czerpi\u0105c inspiracj\u0119 z system\u00f3w mod\u00f3w premium, ale z najwy\u017csz\u0105 prostot\u0105 <strong>Pi\u00f3ro vape Bang King<\/strong> nie wymaga konserwacji, uzupe\u0142niania ani wymiany cewki. Idealnie skalibrowany przep\u0142yw powietrza i ergonomiczny ustnik zapewniaj\u0105 p\u0142ynne zaci\u0105ganie si\u0119 przy jednoczesnym utrzymaniu solidnej produkcji pary. Z <strong>Pojemno\u015b\u0107 25 ml<\/strong> oraz <strong>mo\u017cliwo\u015bci \u0142adowania<\/strong>przewy\u017csza konkurent\u00f3w o 300-500% \u017cywotno\u015bci.<\/p>\n<h3>Koncentracja na rynku europejskim<\/h3>\n<p>Specjalnie dostosowany do europejskich preferencji waporyzacji ze zoptymalizowan\u0105 moc\u0105 nikotyny i r\u00f3\u017cnorodno\u015bci\u0105 <strong>profile smakowe<\/strong>. Zgodno\u015b\u0107 z normami UE w zakresie jako\u015bci i bezpiecze\u0144stwa. . <strong>Bang King factory-direct<\/strong> Model ten zapewnia najlepsze ceny dla firm w Holandii, Niemczech, Belgii i Hiszpanii.<\/p>","protected":false},"excerpt":{"rendered":"<p>Do\u015bwiadczenie <strong>Bang King 15000 Vape jednorazowego u\u017cytku<\/strong> z masywnym <strong>Pojemno\u015b\u0107 25 ml e-liquidu<\/strong> oraz <strong>15 000 zaci\u0105gni\u0119\u0107<\/strong>. Cechy <strong>Akumulator 650 mAh<\/strong>, <strong>r\u00f3\u017cne st\u0119\u017cenia nikotyny<\/strong> (0%, 2%, 3%, 5%) i <strong>20 smak\u00f3w premium<\/strong>.<br \/>Idealny do u\u017cytku hurtowego i osobistego w ca\u0142ej Europie.<\/p>","protected":false},"featured_media":614,"comment_status":"open","ping_status":"closed","template":"","meta":[],"product_brand":[133],"product_cat":[856],"product_tag":[139,137,136,140,138,75],"class_list":{"0":"post-620","1":"product","2":"type-product","3":"status-publish","4":"has-post-thumbnail","6":"product_brand-bangking","7":"product_cat-bangking","8":"product_tag-25ml-e-liquid-vape","9":"product_tag-650mah-type-c-vape","10":"product_tag-bang-king-15000-puffs","11":"product_tag-bulk-disposable-vapes","12":"product_tag-low-nicotine-vape-pen","13":"product_tag-rechargeable-disposable-vape","15":"first","16":"instock","17":"sale","18":"shipping-taxable","19":"purchasable","20":"product-type-variable"},"jetpack_sharing_enabled":true,"tiered_pricing_type":"fixed","tiered_pricing_fixed_rules":[],"tiered_pricing_product_settings":{"layout":"default","base_unit_name":{"singular":null,"plural":null},"default_variation":null},"tiered_pricing_minimum_quantity":null,"tiered_pricing_roles_data":[],"tiered_pricing_percentage_rules":[],"tiered_pricing_maximum_quantity":null,"tiered_pricing_quantity_step":null,"_links":{"self":[{"href":"https:\/\/frvape.com\/pl\/wp-json\/wp\/v2\/product\/620","targetHints":{"allow":["GET"]}}],"collection":[{"href":"https:\/\/frvape.com\/pl\/wp-json\/wp\/v2\/product"}],"about":[{"href":"https:\/\/frvape.com\/pl\/wp-json\/wp\/v2\/types\/product"}],"replies":[{"embeddable":true,"href":"https:\/\/frvape.com\/pl\/wp-json\/wp\/v2\/comments?post=620"}],"wp:featuredmedia":[{"embeddable":true,"href":"https:\/\/frvape.com\/pl\/wp-json\/wp\/v2\/media\/614"}],"wp:attachment":[{"href":"https:\/\/frvape.com\/pl\/wp-json\/wp\/v2\/media?parent=620"}],"wp:term":[{"taxonomy":"product_brand","embeddable":true,"href":"https:\/\/frvape.com\/pl\/wp-json\/wp\/v2\/product_brand?post=620"},{"taxonomy":"product_cat","embeddable":true,"href":"https:\/\/frvape.com\/pl\/wp-json\/wp\/v2\/product_cat?post=620"},{"taxonomy":"product_tag","embeddable":true,"href":"https:\/\/frvape.com\/pl\/wp-json\/wp\/v2\/product_tag?post=620"}],"curies":[{"name":"wp","href":"https:\/\/api.w.org\/{rel}","templated":true}]}}