{"id":6288,"date":"2025-10-12T09:22:09","date_gmt":"2025-10-12T09:22:09","guid":{"rendered":"https:\/\/frvape.com\/product\/bang-king-36000-disposable-vape-long-lasting-features-diverse-flavors\/"},"modified":"2025-11-04T01:45:05","modified_gmt":"2025-11-04T01:45:05","slug":"bang-king-36000-jednorazowy-vape-o-dlugiej-zywotnosci-oferuje-roznorodne-smaki","status":"publish","type":"product","link":"https:\/\/frvape.com\/pl\/product\/bang-king-36000-jednorazowy-vape-o-dlugiej-zywotnosci-oferuje-roznorodne-smaki\/","title":{"rendered":"Bang King 36000 Jednorazowe Vape | D\u0142ugotrwa\u0142e funkcje i r\u00f3\u017cnorodne smaki"},"content":{"rendered":"<h3>Wprowadzenie<\/h3>\n<p>Witamy w najlepszym <strong>Bang King 36000<\/strong> <strong>jednorazowe vape<\/strong>to najnowocze\u015bniejsze urz\u0105dzenie zaprojektowane z my\u015bl\u0105 o wyj\u0105tkowej wydajno\u015bci i wygodzie. Dzi\u0119ki imponuj\u0105cej liczbie 36000 zaci\u0105gni\u0119\u0107 i eleganckiemu designowi na nowo definiuje podr\u00f3\u017c waporyzacyjn\u0105, oferuj\u0105c niezr\u00f3wnan\u0105 p\u0142ynno\u015b\u0107 i niezawodno\u015b\u0107.<\/p>\n<h3>Kluczowe cechy<\/h3>\n<p>The <strong>Bang King 36000<\/strong> oferuje zaawansowane innowacje, kt\u00f3re pozwalaj\u0105 dostosowa\u0107 waporyzator do w\u0142asnych potrzeb. The <strong>podw\u00f3jny ekran<\/strong> Wy\u015bwietlacz zapewnia przejrzyst\u0105 widoczno\u015b\u0107 pojemno\u015bci baterii i poziomu e-liquidu, dzi\u0119ki czemu nigdy nie zabraknie Ci go niespodziewanie. <strong>Regulowana moc<\/strong> Ustawienia umo\u017cliwiaj\u0105 precyzyjne dostrojenie wra\u017ce\u0144, znalezienie idealnej r\u00f3wnowagi mi\u0119dzy intensywno\u015bci\u0105 smaku a moc\u0105 pary. Ta elastyczno\u015b\u0107 sprawia, \u017ce ka\u017cde zaci\u0105gni\u0119cie jest dostosowane do preferencji u\u017cytkownika.<\/p>\n<h3>Technologia zwi\u0119kszonej wydajno\u015bci<\/h3>\n<p>Do\u015bwiadcz doskona\u0142ego smaku i produkcji w chmurze dzi\u0119ki zintegrowanemu <strong>podw\u00f3jna cewka<\/strong> system, wyposa\u017cony w 0,6ohm <strong>Podw\u00f3jna cewka siatkowa<\/strong>. Technologia ta zapewnia bogaty, sp\u00f3jny smak przy jednoczesnej maksymalizacji grubo\u015bci pary. W po\u0142\u0105czeniu z <strong>regulowany przep\u0142yw powietrza<\/strong>W zale\u017cno\u015bci od nastroju mo\u017cna \u0142atwo dostosowa\u0107 op\u00f3r zaci\u0105gania, aby uzyska\u0107 mocniejsze lub lu\u017aniejsze uderzenie. Op\u00f3r <strong>Tryb podw\u00f3jny<\/strong> Funkcja ta zwi\u0119ksza wszechstronno\u015b\u0107, umo\u017cliwiaj\u0105c prze\u0142\u0105czanie funkcji bez wysi\u0142ku - wybierz wi\u0119cej zaci\u0105gni\u0119\u0107 w trybie Eco lub g\u0119stsze chmury w trybie Power.<\/p>\n<h3>Orze\u017awiaj\u0105ca r\u00f3\u017cnorodno\u015b\u0107 smak\u00f3w<\/h3>\n<p>Rozkoszuj si\u0119 szerokim wyborem 12 pysznych da\u0144 <strong>wiele smak\u00f3w<\/strong>Ka\u017cdy z nich zosta\u0142 starannie opracowany, aby zaspokoi\u0107 Twoje podniebienie. Nasze portfolio e-liquid\u00f3w obejmuje:<br \/>Soczysty l\u00f3d brzoskwiniowy<br \/>Kiwi Passion Fruit Guava<br \/>Banan truskawkowy<br \/>Mr. Blue<br \/>Potr\u00f3jny l\u00f3d jagodowy<br \/>Jab\u0142ko winogronowe<br \/>Truskawka Kiwi<br \/>Owoce tropikalne<br \/>Niebieski l\u00f3d Razz<br \/>Arbuz truskawkowy<br \/>L\u00f3d arbuzowy<br \/>Brzoskwinia Mango Arbuz<\/p>\n<p>Niezale\u017cnie od tego, czy pragniesz owocowych nut, czy lodowatej \u015bwie\u017co\u015bci, te smaki zapewniaj\u0105, \u017ce ka\u017cde zaci\u0105gni\u0119cie si\u0119 b\u0119dzie satysfakcjonuj\u0105ce i niezapomniane.<\/p>\n<h3>Kompleksowa specyfikacja<\/h3>\n<p>Zbudowany z my\u015bl\u0105 o wytrzyma\u0142o\u015bci i \u0142atwo\u015bci obs\u0142ugi <strong>Bang King 36000<\/strong> zawiera wytrzyma\u0142\u0105 bateri\u0119 650 mAh dla d\u0142u\u017cszych sesji. Ciesz si\u0119 pojemno\u015bci\u0105 30 ml e-liquidu w kompaktowej obudowie. <strong>jednorazowe vape<\/strong> dla bezproblemowego u\u017cytkowania. Inne kluczowe specyfikacje to:<br \/>Nikotyna: 0%\/2%\/3%\/5% opcje dopasowane do preferencji u\u017cytkownika<br \/>Puffy: Do 36000 za sztuk\u0119<br \/>Cewka: Zaawansowana cewka Dual Mesh 0,6ohm dla zoptymalizowanej wydajno\u015bci<br \/>Sterowanie dotykowe: Przyjazny dla u\u017cytkownika interfejs z regulowanymi ustawieniami i ekranem blokady dla bezpiecze\u0144stwa<br \/>\u0141\u0105czno\u015b\u0107: \u0141adowanie typu C dla szybkiego ponownego u\u017cycia<br \/>Opakowanie: Wygodne 10 sztuk w pude\u0142ku, z kartonami zbiorczymi dost\u0119pnymi w cenie 200 sztuk w kartonie<\/p>\n<h3>Dlaczego warto wybra\u0107 Bang King 36000<\/h3>\n<p>Idealne zar\u00f3wno dla pocz\u0105tkuj\u0105cych, jak i entuzjast\u00f3w, urz\u0105dzenie to \u0142\u0105czy w sobie innowacyjno\u015b\u0107 z niezawodno\u015bci\u0105. Jego ergonomiczna regulacja przep\u0142ywu powietrza i <strong>Tryb podw\u00f3jny<\/strong> mo\u017cliwo\u015bci sprawiaj\u0105, \u017ce mo\u017cna go dostosowa\u0107 do ka\u017cdego \u015brodowiska. Do\u015bwiadcz d\u0142ugotrwa\u0142ej satysfakcji i odkryj \u015bwiat smak\u00f3w - zam\u00f3w <strong>Bang King 36000<\/strong> ju\u017c dzi\u015b, aby uzyska\u0107 vape, kt\u00f3ry przekracza oczekiwania.<\/p>","protected":false},"excerpt":{"rendered":"<p>Odkryj <strong>Bang King 36000<\/strong> jednorazowe vape z <strong>36000 zaci\u0105gni\u0119\u0107<\/strong> i konfigurowalne funkcje, takie jak <strong>podw\u00f3jny ekran<\/strong> oraz <strong>regulowany przep\u0142yw powietrza<\/strong>.<br \/>Ciesz si\u0119 12 orze\u017awiaj\u0105cymi smakami, kt\u00f3re zapewniaj\u0105 najwy\u017cszej jako\u015bci doznania podczas waporyzacji.<\/p>","protected":false},"featured_media":6282,"comment_status":"open","ping_status":"closed","template":"","meta":[],"product_brand":[133],"product_cat":[856],"product_tag":[221,624,488,112,622,623],"class_list":{"0":"post-6288","1":"product","2":"type-product","3":"status-publish","4":"has-post-thumbnail","6":"product_brand-bangking","7":"product_cat-bangking","8":"product_tag-36000-puffs","9":"product_tag-adjustable-power","10":"product_tag-bang-king-36000","11":"product_tag-disposable-vape","12":"product_tag-dual-coil","13":"product_tag-multiple-flavors","15":"first","16":"instock","17":"sale","18":"shipping-taxable","19":"purchasable","20":"product-type-variable"},"jetpack_sharing_enabled":true,"tiered_pricing_type":"fixed","tiered_pricing_fixed_rules":[],"tiered_pricing_product_settings":{"layout":"default","base_unit_name":{"singular":null,"plural":null},"default_variation":null},"tiered_pricing_minimum_quantity":null,"tiered_pricing_roles_data":[],"tiered_pricing_percentage_rules":[],"tiered_pricing_maximum_quantity":null,"tiered_pricing_quantity_step":null,"_links":{"self":[{"href":"https:\/\/frvape.com\/pl\/wp-json\/wp\/v2\/product\/6288","targetHints":{"allow":["GET"]}}],"collection":[{"href":"https:\/\/frvape.com\/pl\/wp-json\/wp\/v2\/product"}],"about":[{"href":"https:\/\/frvape.com\/pl\/wp-json\/wp\/v2\/types\/product"}],"replies":[{"embeddable":true,"href":"https:\/\/frvape.com\/pl\/wp-json\/wp\/v2\/comments?post=6288"}],"wp:featuredmedia":[{"embeddable":true,"href":"https:\/\/frvape.com\/pl\/wp-json\/wp\/v2\/media\/6282"}],"wp:attachment":[{"href":"https:\/\/frvape.com\/pl\/wp-json\/wp\/v2\/media?parent=6288"}],"wp:term":[{"taxonomy":"product_brand","embeddable":true,"href":"https:\/\/frvape.com\/pl\/wp-json\/wp\/v2\/product_brand?post=6288"},{"taxonomy":"product_cat","embeddable":true,"href":"https:\/\/frvape.com\/pl\/wp-json\/wp\/v2\/product_cat?post=6288"},{"taxonomy":"product_tag","embeddable":true,"href":"https:\/\/frvape.com\/pl\/wp-json\/wp\/v2\/product_tag?post=6288"}],"curies":[{"name":"wp","href":"https:\/\/api.w.org\/{rel}","templated":true}]}}